{"id":33820,"date":"2018-09-24T14:08:46","date_gmt":"2018-09-24T12:08:46","guid":{"rendered":"https:\/\/alzira.es\/valencianizacion-del-nombre\/"},"modified":"2021-08-31T16:49:59","modified_gmt":"2021-08-31T14:49:59","slug":"valencianizacion-del-nombre","status":"publish","type":"page","link":"https:\/\/alzira.es\/es\/servicios-municipales\/serval\/tramites\/valencianizacion-del-nombre\/","title":{"rendered":"Valencianizaci\u00f3n del nombre"},"content":{"rendered":"\n<div class=\"wp-block-image\"><figure class=\"alignleft\"><img fetchpriority=\"high\" decoding=\"async\" width=\"266\" height=\"2100\" src=\"https:\/\/alzira.es\/wp-content\/uploads\/2018\/09\/logo_serval-05-05_x10.jpg\" alt=\"logo serval-05-05 x10\" class=\"wp-image-33811\"\/><\/figure><\/div>\n\n\n\n<p>\u00a0Seg\u00fan la legislaci\u00f3n vigente tenemos derecho al uso de forma correcta, normativamente, en valenciano de nuestros nombres y apellidos. Solamente tenemos que solicitarlo en el Registro Civil o, si no hay, en el Juzgado de Paz o en el Ayuntamiento en que estamos inscritos.<\/p>\n\n\n\n<p><strong>Legislaci\u00f3n.<\/strong><\/p>\n\n\n\n<p>&#8211; Ley 40\/1999 de 5 de noviembre, sobre nombres y apellidos y su orden.<\/p>\n\n\n\n<p>&#8211; Real decreto 193\/2000, de 11 de febrero, de modificaci\u00f3n de determinados art\u00edculos del Reglamento del Registro Civil en materia relativa al nombre y los apellidos y al orden de los apellidos.<\/p>\n\n\n\n<p>&nbsp;<\/p>\n\n\n\n<p><span style=\"text-decoration: underline;\"><strong>PARA VALENCIANIZAR EL NOMBRE<\/strong><\/span><\/p>\n\n\n\n<p>Por ejemplo, <em>Neus<\/em> en vez de <em>Nieves,&nbsp;<\/em><em>Enric<\/em> en vez de <em>Enrique<\/em> o de <em>Henry<\/em>.&nbsp;<\/p>\n\n\n\n<p>Hay que solicitarlo en el Registro Civil en el cual estemos inscritos.<\/p>\n\n\n\n<p><a href=\"https:\/\/alzira.es\/wp-content\/uploads\/2018\/09\/1_impres-de-valencianitzacio-del-nom.pdf\" target=\"_blank\" rel=\"noopener\"><strong><img decoding=\"async\" width=\"18\" height=\"15\" class=\"size-full wp-image-33543 lazyload\" title=\"documento PDF\" data-src=\"https:\/\/alzira.es\/wp-content\/uploads\/2018\/09\/pdf_rojo.gif\" alt=\"pdf rojo\" src=\"data:image\/svg+xml;base64,PHN2ZyB3aWR0aD0iMSIgaGVpZ2h0PSIxIiB4bWxucz0iaHR0cDovL3d3dy53My5vcmcvMjAwMC9zdmciPjwvc3ZnPg==\" style=\"--smush-placeholder-width: 18px; --smush-placeholder-aspect-ratio: 18\/15;\">&nbsp;Impreso de valencianizaci\u00f3n del nombre<\/strong><\/a><a href=\"http:\/\/www.silla.es\/rs\/2922\/d112d6ad-54ec-438b-9358-4483f9e98868\/e29\/filename\/impres-de-valencianitzacio-del-nom.pdf\"><br><\/a><\/p>\n\n\n\n<p>En este sentido, el <img decoding=\"async\" width=\"18\" height=\"15\" class=\"size-full wp-image-33543 lazyload\" title=\"documento PDF\" data-src=\"https:\/\/alzira.es\/wp-content\/uploads\/2018\/09\/pdf_rojo.gif\" alt=\"pdf rojo\" src=\"data:image\/svg+xml;base64,PHN2ZyB3aWR0aD0iMSIgaGVpZ2h0PSIxIiB4bWxucz0iaHR0cDovL3d3dy53My5vcmcvMjAwMC9zdmciPjwvc3ZnPg==\" style=\"--smush-placeholder-width: 18px; --smush-placeholder-aspect-ratio: 18\/15;\">&nbsp;<strong><a href=\"https:\/\/alzira.es\/wp-content\/uploads\/2018\/09\/2_Vocabulari_noms_2017.pdf\" target=\"_blank\" rel=\"noopener\">Vocabulario de nombres de persona<\/a>&nbsp;<\/strong>publicado por el AVL el a\u00f1o 2006 tiene car\u00e1cter normativo y oficial. Por tanto, los nombres valencianos que aparecen y si equivalencia en castellano han de ser considerados plenamente correctos al efecto de hacer la inscripci\u00f3n en el Registro Civil.&nbsp;<a href=\"http:\/\/www.avl.gva.es\/documents\/31987\/64529\/Vocabulari_noms_2017.pdf\"><br><\/a><\/p>\n\n\n\n<p>&nbsp;<\/p>\n\n\n\n<p><span style=\"text-decoration: underline;\"><strong>PARA VALENCIANIZAR LOS APELLIDOS<\/strong><\/span><\/p>\n\n\n\n<p><span style=\"text-decoration: underline;\"><strong><br><\/strong><\/span>Por ejemplo, <em>Mots\u00f3<\/em> en vez de <em>Monz\u00f3<\/em>, <em>Pujades<\/em> en vez de <em>Puchades<\/em>.<\/p>\n\n\n\n<p>Solo hay que solicitarlo en el Registro Civil en el que estamos inscritos y presentar un informe onom\u00e1stico en que se acredite la correcci\u00f3n ling\u00fc\u00edstica del apellido (que podemos pedir a la Academia Valenciana de la Lengua).<\/p>\n\n\n\n<p><a href=\"https:\/\/alzira.es\/wp-content\/uploads\/2018\/09\/3_impres-de-valencianitzacio-del-cognom.pdf\" target=\"_blank\" rel=\"noopener\"><strong><img decoding=\"async\" width=\"18\" height=\"15\" class=\"size-full wp-image-33543 lazyload\" title=\"documento PDF\" data-src=\"https:\/\/alzira.es\/wp-content\/uploads\/2018\/09\/pdf_rojo.gif\" alt=\"pdf rojo\" src=\"data:image\/svg+xml;base64,PHN2ZyB3aWR0aD0iMSIgaGVpZ2h0PSIxIiB4bWxucz0iaHR0cDovL3d3dy53My5vcmcvMjAwMC9zdmciPjwvc3ZnPg==\" style=\"--smush-placeholder-width: 18px; --smush-placeholder-aspect-ratio: 18\/15;\">&nbsp;Impreso de valencianizaci\u00f3n del apellido<\/strong><\/a><\/p>\n\n\n\n<p>La Academia Valenciana de la Lengua, como entidad normativa competente en materia de onom\u00e1stica, facilita a las personas interesadas un informe sobre la correcci\u00f3n de la forma propuesta del apellido. Lo podeis solicitar a trav\u00e9s de la <img decoding=\"async\" width=\"15\" height=\"15\" class=\"size-full wp-image-33554 lazyload\" title=\"ir a la p\u00e1gina web\" data-src=\"https:\/\/alzira.es\/wp-content\/uploads\/2018\/09\/lupa_1.png\" alt=\"lupa 1\" src=\"data:image\/svg+xml;base64,PHN2ZyB3aWR0aD0iMSIgaGVpZ2h0PSIxIiB4bWxucz0iaHR0cDovL3d3dy53My5vcmcvMjAwMC9zdmciPjwvc3ZnPg==\" style=\"--smush-placeholder-width: 15px; --smush-placeholder-aspect-ratio: 15\/15;\">&nbsp;<a href=\"http:\/\/www.avl.gva.es\/\" target=\"_blank\" rel=\"noopener\"><strong>web de la AVL<\/strong><\/a>.&nbsp;<\/p>\n\n\n\n<p>La correcci\u00f3n de la graf\u00eda de los apellidos incorrecta normativamente se extiende a los hijos menores de edad. Los hijos mayores de edad pueden adherirse al expediente promovido por los padres o bien tramitar uno por su cuenta (art\u00edculo 217 del Reglamento del Registro Civil).<\/p>\n\n\n\n<p>Para insertar la <em>i&nbsp;<\/em>entre los apellidos solo hay que solicitarlo al Registro Civil. No es necesario ning\u00fan informe.&nbsp;<\/p>\n\n\n\n<p>&nbsp;<\/p>\n\n\n\n<p><span style=\"text-decoration: underline;\"><strong>CAMBIAR EL NOMBRE POR OTRO DISTINTO<\/strong><\/span><\/p>\n\n\n\n<p>Por ejemplo <em>Empar<\/em> en vez de Mar\u00eda de los <em>Desamparados.<\/em><\/p>\n\n\n\n<p>Hay que solicitarlo en el Registro Civil y aportar:<\/p>\n\n\n\n<p>&#8211; Documentos que acrediten el uso normal del nombre que quieres adquirir (n\u00f3minas, recibos, inscripciones a cursos, subscripciones&#8230;)<\/p>\n\n\n\n<p>&#8211; Certificado de empadronamiento<\/p>\n\n\n\n<p>Adem\u00e1s hay que ir acompa\u00f1ado de dos testimonios provistos de DNI o equivalente.<\/p>\n\n\n\n<p>&nbsp;<\/p>\n\n\n\n<p><span style=\"text-decoration: underline;\"><strong>INVERTIR EL ORDEN DE LOS APELLIDOS<\/strong><\/span><\/p>\n\n\n\n<p>Por ejemplo, <em>Ram\u00f3n Monjo Martines&nbsp;<\/em>en vez de <em>Ram\u00f3n Martines Monjo.<\/em><\/p>\n\n\n\n<p>Hay que solicitarlo en el Registro Civil y aportar:<\/p>\n\n\n\n<p>&#8211; Fotocopia y original del DNI o equivalente<\/p>\n\n\n\n<p>&#8211; Certificado de empadronamiento<\/p>\n\n\n\n<p>&#8211; Certificado de nacimiento literal<\/p>\n\n\n\n<p>&nbsp;<\/p>\n\n\n\n<p><span style=\"text-decoration: underline;\"><strong>AHORA BIEN, SI LO QUE QUEREMOS ES&#8230;<\/strong><\/span><\/p>\n\n\n\n<p>&#8211; Traducir los apellidos de otras lenguas al valenciano<\/p>\n\n\n\n<p>&#8211; Adaptar los apellidos de otras lenguas al valenciano<\/p>\n\n\n\n<p>&#8211; Cambiar un apellido no valenciano por uno valenciano<\/p>\n\n\n\n<p>Hay que pedirlo a la Direcci\u00f3n General de los Registros y del Notariado. Conseg\u00fcentemente el procedimiento es m\u00e1s largo ya que seg\u00fan el Real decreto 191\/1986 de 29 de agosto de modificaci\u00f3n de determinados art\u00edculos del Reglamento del Registro Civil, art\u00edculos 205, 206 y 209 del Reglamento del Registro Civil, requiere la instrucci\u00f3n de un expediente.<\/p>\n\n\n\n<p>En estos casos la persona interesada puede pedir a la Academia Valenciana de la Lengua, a trav\u00e9s de la <img decoding=\"async\" width=\"15\" height=\"15\" class=\"size-full wp-image-33554 lazyload\" title=\"ir a la p\u00e1gina web\" data-src=\"https:\/\/alzira.es\/wp-content\/uploads\/2018\/09\/lupa_1.png\" alt=\"lupa 1\" src=\"data:image\/svg+xml;base64,PHN2ZyB3aWR0aD0iMSIgaGVpZ2h0PSIxIiB4bWxucz0iaHR0cDovL3d3dy53My5vcmcvMjAwMC9zdmciPjwvc3ZnPg==\" style=\"--smush-placeholder-width: 15px; --smush-placeholder-aspect-ratio: 15\/15;\">&nbsp;<a href=\"http:\/\/www.avl.gva.es\/\" target=\"_blank\" rel=\"noopener\"><strong>web de la AVL<\/strong><\/a>&nbsp;un informe sobre la adecuaci\u00f3n del apellido valenciano seg\u00fan el caso.&nbsp;<\/p>\n","protected":false},"excerpt":{"rendered":"<p>\u00a0Seg\u00fan la legislaci\u00f3n vigente tenemos derecho al uso de forma correcta, normativamente, en valenciano de nuestros nombres y apellidos. Solamente tenemos que solicitarlo en el Registro Civil o, si no hay, en el Juzgado de Paz o en el Ayuntamiento en que estamos inscritos. Legislaci\u00f3n. &#8211; Ley 40\/1999 de 5 de noviembre, sobre nombres y &hellip; <\/p>\n<p class=\"link-more\"><a href=\"https:\/\/alzira.es\/es\/servicios-municipales\/serval\/tramites\/valencianizacion-del-nombre\/\" class=\"more-link\">Continuar leyendo<span class=\"screen-reader-text\"> \u00abValencianizaci\u00f3n del nombre\u00bb<\/span><\/a><\/p>\n","protected":false},"author":12,"featured_media":0,"parent":36523,"menu_order":15,"comment_status":"closed","ping_status":"closed","template":"","meta":{"_acf_changed":false,"footnotes":""},"class_list":["post-33820","page","type-page","status-publish","hentry"],"acf":[],"_links":{"self":[{"href":"https:\/\/alzira.es\/es\/wp-json\/wp\/v2\/pages\/33820","targetHints":{"allow":["GET"]}}],"collection":[{"href":"https:\/\/alzira.es\/es\/wp-json\/wp\/v2\/pages"}],"about":[{"href":"https:\/\/alzira.es\/es\/wp-json\/wp\/v2\/types\/page"}],"author":[{"embeddable":true,"href":"https:\/\/alzira.es\/es\/wp-json\/wp\/v2\/users\/12"}],"replies":[{"embeddable":true,"href":"https:\/\/alzira.es\/es\/wp-json\/wp\/v2\/comments?post=33820"}],"version-history":[{"count":2,"href":"https:\/\/alzira.es\/es\/wp-json\/wp\/v2\/pages\/33820\/revisions"}],"predecessor-version":[{"id":87370,"href":"https:\/\/alzira.es\/es\/wp-json\/wp\/v2\/pages\/33820\/revisions\/87370"}],"up":[{"embeddable":true,"href":"https:\/\/alzira.es\/es\/wp-json\/wp\/v2\/pages\/36523"}],"wp:attachment":[{"href":"https:\/\/alzira.es\/es\/wp-json\/wp\/v2\/media?parent=33820"}],"curies":[{"name":"wp","href":"https:\/\/api.w.org\/{rel}","templated":true}]}}