{"id":33779,"date":"2018-09-21T14:31:36","date_gmt":"2018-09-21T12:31:36","guid":{"rendered":"https:\/\/alzira.es\/campanas\/"},"modified":"2025-10-01T12:19:00","modified_gmt":"2025-10-01T10:19:00","slug":"campanas","status":"publish","type":"page","link":"https:\/\/alzira.es\/es\/servicios-municipales\/serval\/campanas\/","title":{"rendered":"Campa\u00f1as\u00a0de promoci\u00f3n del valenciano"},"content":{"rendered":"<p><img fetchpriority=\"high\" decoding=\"async\" class=\"alignleft size-full wp-image-34253\" src=\"https:\/\/alzira.es\/wp-content\/uploads\/2018\/10\/logo_serval-05-05.jpg\" alt=\"SERVAL\" width=\"266\" height=\"210\" \/>El <strong>Servicio Alcire\u00f1o de Promoci\u00f3n del Valenciano (Serval)<\/strong> ha programado, desplegado y, en algunos casos, dise\u00f1ado y elaborado, campa\u00f1as de promoci\u00f3n del valenciano en Alzira con la ayuda y organizaci\u00f3n conjunta de la red AVIVA.<\/p>\n<p>Estas campa\u00f1as han estado encaminadas a la divulgaci\u00f3n y promoci\u00f3n del uso del valenciano en los diferentes \u00e1mbitos de la vida social, cultural, educativa, laboral y familiar; en los diversos colectivos y segmentos de edad, en formatos variados y con el objetivo de llegar a la m\u00e1xima eficacia divulgadora y educativa.<\/p>\n<p><strong>Campa\u00f1as llevadas a cabo por el Serval:<\/strong><\/p>\n<hr \/>\n<ul>\n<li><a href=\"https:\/\/alzira.es\/es\/servicios-municipales\/serval\/campanas\/campanya-bon-profit\/\">Campanya Bon Profit<\/a><\/li>\n<li><a href=\"https:\/\/alzira.es\/serveis-municipals\/serval\/promocio\/campanyes\/campanya-del-sucre-2023\">Campanya del Sucre<\/a><\/li>\n<li><a href=\"https:\/\/alzira.es\/es\/servicios-municipales\/serval\/promocion\/campanas\/campana-vi-concurso-de-redaccion-juvenil-en-valenciano\/\">Campa\u00f1a VI Concurso de Redacci\u00f3n Juvenil en Valenciano<\/a><\/li>\n<li><a href=\"https:\/\/alzira.es\/es\/servicios-municipales\/serval\/promocion\/campanas\/carteles-y-etiquetas-de-rebajas\/\">Carteles y etiquetas de rebajas<\/a><\/li>\n<li><a href=\"https:\/\/alzira.es\/es\/servicios-municipales\/serval\/promocion\/campanas\/calendario-escolar-en-valenciano\/\">Calendario escolar en valenciano<\/a><\/li>\n<li><a href=\"https:\/\/alzira.es\/es\/servicios-municipales\/serval\/promocion\/campanas\/cartas-a-los-reyes-magos\/\">Cartas a los Reyes de Oriente<\/a><\/li>\n<li><a href=\"https:\/\/alzira.es\/es\/servicios-municipales\/serval\/promocion\/campanas\/calendario-laboral-gobelet\/\">Calendario laboral (Gobelet)<\/a><\/li>\n<li><a href=\"https:\/\/alzira.es\/es\/servicios-municipales\/serval\/promocion\/campanas\/campana-de-fomento-del-valenciano-en-el-atletismo\/\">Campa\u00f1a de fomento del valenciano en el atletismo<\/a><\/li>\n<li><a href=\"https:\/\/alzira.es\/es\/servicios-municipales\/serval\/promocion\/campanas\/campana-de-fomento-del-valenciano-en-la-clausura-de-les-escoles-esportives-de-baloncesto-y-futbol-sala-en-el-fontana-mogort\/\">Campa\u00f1a de fomento del valenciano en la clausura de escuelas deportivas de baloncesto y f\u00fatbol sala en el Fontana Mogort<\/a><\/li>\n<li><a href=\"https:\/\/alzira.es\/es\/servicios-municipales\/serval\/promocion\/campanas\/campana-de-azucar\/\">Campa\u00f1a de az\u00facar<\/a><\/li>\n<li><a href=\"https:\/\/alzira.es\/es\/servicios-municipales\/serval\/promocion\/campanas\/campana-de-fallas-encesa-per-tu-ences-per-tu\/\">Campa\u00f1a de Fallas \u00abEncesa per tu, enc\u00e9s per tu\u00bb 2018<\/a><\/li>\n<li><a href=\"https:\/\/alzira.es\/es\/servicios-municipales\/serval\/promocion\/campanas\/catalogo-de-juegos-y-juguetes-en-valenciano\/\">Cat\u00e1logo de juegos y juguetes en valenciano<\/a><\/li>\n<li><a href=\"https:\/\/alzira.es\/es\/servicios-municipales\/serval\/promocion\/campanas\/campana-dona-li-a-la-llengua\/\">Campa\u00f1a \u201cDona-li a la Llengua\u201d<\/a><\/li>\n<li><a href=\"https:\/\/alzira.es\/es\/servicios-municipales\/serval\/promocion\/campanas\/campana-el-bus-de-la-llengua\/\">Campa\u00f1a \u201cEl bus de la Llengua\u201d<\/a><\/li>\n<li><a href=\"https:\/\/alzira.es\/es\/servicios-municipales\/serval\/promocion\/campanas\/campana-del-photocall-en-fallas-2019\/\">Campa\u00f1a de Fallas \u201cEncesa per tu, enc\u00e9s per tu\u201d 2019<\/a><\/li>\n<li><a href=\"https:\/\/alzira.es\/es\/servicios-municipales\/serval\/promocion\/campanas\/otras-campanas\/\">Otras campa\u00f1as<\/a><\/li>\n<\/ul>\n\n\n<p><\/p>\n","protected":false},"excerpt":{"rendered":"<p>El Servicio Alcire\u00f1o de Promoci\u00f3n del Valenciano (Serval) ha programado, desplegado y, en algunos casos, dise\u00f1ado y elaborado, campa\u00f1as de promoci\u00f3n del valenciano en Alzira con la ayuda y organizaci\u00f3n conjunta de la red AVIVA. Estas campa\u00f1as han estado encaminadas a la divulgaci\u00f3n y promoci\u00f3n del uso del valenciano en los diferentes \u00e1mbitos de la &hellip; <\/p>\n<p class=\"link-more\"><a href=\"https:\/\/alzira.es\/es\/servicios-municipales\/serval\/campanas\/\" class=\"more-link\">Continuar leyendo<span class=\"screen-reader-text\"> \u00abCampa\u00f1as\u00a0de promoci\u00f3n del valenciano\u00bb<\/span><\/a><\/p>\n","protected":false},"author":12,"featured_media":0,"parent":34278,"menu_order":16,"comment_status":"closed","ping_status":"closed","template":"","meta":{"_acf_changed":false,"footnotes":""},"class_list":["post-33779","page","type-page","status-publish","hentry"],"acf":[],"_links":{"self":[{"href":"https:\/\/alzira.es\/es\/wp-json\/wp\/v2\/pages\/33779","targetHints":{"allow":["GET"]}}],"collection":[{"href":"https:\/\/alzira.es\/es\/wp-json\/wp\/v2\/pages"}],"about":[{"href":"https:\/\/alzira.es\/es\/wp-json\/wp\/v2\/types\/page"}],"author":[{"embeddable":true,"href":"https:\/\/alzira.es\/es\/wp-json\/wp\/v2\/users\/12"}],"replies":[{"embeddable":true,"href":"https:\/\/alzira.es\/es\/wp-json\/wp\/v2\/comments?post=33779"}],"version-history":[{"count":1,"href":"https:\/\/alzira.es\/es\/wp-json\/wp\/v2\/pages\/33779\/revisions"}],"predecessor-version":[{"id":164379,"href":"https:\/\/alzira.es\/es\/wp-json\/wp\/v2\/pages\/33779\/revisions\/164379"}],"up":[{"embeddable":true,"href":"https:\/\/alzira.es\/es\/wp-json\/wp\/v2\/pages\/34278"}],"wp:attachment":[{"href":"https:\/\/alzira.es\/es\/wp-json\/wp\/v2\/media?parent=33779"}],"curies":[{"name":"wp","href":"https:\/\/api.w.org\/{rel}","templated":true}]}}