{"id":33772,"date":"2018-09-21T13:51:06","date_gmt":"2018-09-21T11:51:06","guid":{"rendered":"https:\/\/alzira.es\/el-refranero-tematico\/"},"modified":"2022-03-22T13:42:35","modified_gmt":"2022-03-22T12:42:35","slug":"el-refranero-tematico","status":"publish","type":"page","link":"https:\/\/alzira.es\/es\/servicios-municipales\/serval\/aprendizaje\/el-refranero-tematico\/","title":{"rendered":"El refranero tem\u00e1tico"},"content":{"rendered":"<p style=\"text-align: justify;\"><em><img fetchpriority=\"high\" decoding=\"async\" width=\"266\" height=\"525\" class=\" alignleft size-full wp-image-33770\" style=\"margin-left: 50px; margin-right: 10px; float: left;\" src=\"https:\/\/alzira.es\/wp-content\/uploads\/2018\/09\/logo_serval-05-05_x25.jpg\" alt=\"logo serval-05-05 x25\" srcset=\"https:\/\/alzira.es\/wp-content\/uploads\/2018\/09\/logo_serval-05-05_x25.jpg 266w, https:\/\/alzira.es\/wp-content\/uploads\/2018\/09\/logo_serval-05-05_x25-258x510.jpg 258w\" sizes=\"(max-width: 266px) 100vw, 266px\" \/><\/em><\/p>\n<p style=\"text-align: justify;\">\n<p style=\"text-align: justify;\"><em>\u00abLos refranes son breves oraciones completas que contienen alguna ense\u00f1anza fruto de la experiencia o alguna moralidad, o hacen iron\u00eda del comportamiento de las personas. Son sentencias cortas nacidas de la experiencia de generaciones sucesivas que pueden ser v\u00e1lidas en muchos casos, aunque no siempre\u00bb<\/em><\/p>\n<p style=\"text-align: justify;\"><em><br \/>\n<\/em>Aqu\u00ed podeis encontrar <img decoding=\"async\" width=\"15\" height=\"15\" class=\"size-full wp-image-33554 lazyload\" title=\"ir a la p\u00e1gina web\" data-src=\"https:\/\/alzira.es\/wp-content\/uploads\/2018\/09\/lupa_1.png\" alt=\"lupa 1\" src=\"data:image\/svg+xml;base64,PHN2ZyB3aWR0aD0iMSIgaGVpZ2h0PSIxIiB4bWxucz0iaHR0cDovL3d3dy53My5vcmcvMjAwMC9zdmciPjwvc3ZnPg==\" style=\"--smush-placeholder-width: 15px; --smush-placeholder-aspect-ratio: 15\/15;\" \/>\u00a0<a href=\"http:\/\/tallerhistoriagodella.org\/wp-content\/uploads\/2014\/12\/refranyer-tematic.pdf\" target=\"_blank\" rel=\"noopener\"><strong>El Refranero tem\u00e1tico de<\/strong>\u00a0<strong>Adolf Gisbert<\/strong><\/a><strong>\u00a0<\/strong>que es\u00a0un recopilatorio de refranes con una breve explicaci\u00f3n de significado y l\u00e9xico, referencia a equivalentes, similares y contrarios en castellano.<span style=\"font-size: 14.4px; text-align: justify;\"><br \/>\n<\/span><\/p>\n<p style=\"text-align: justify;\">Adolf Gisbert ha sido durante muchos a\u00f1os t\u00e9cnico ling\u00fc\u00edstico del Ayuntamiento de Godella y es una persona que ha dedicado gran parte de su vida a amar y estudiar nuestra lengua, adem\u00e1s de difundir su sabidur\u00eda sin \u00e1nimo de lucro. \u00c9l mismo nos ha dado permiso para difundir la obra de su vida a trav\u00e9s de esta p\u00e1gina web para que cualquier persona pueda conocerla.<\/p>\n<p style=\"text-align: justify;\">De acuerdo con sus palabras, el refranero\u00a0<em>\u00abes un trabajo abierto, constantemente ampliado y revisado y siempre enriquible, nacido de la voluntad de prestar servicio a la comunidad, que es la verdadera autora de este patrimonio ling\u00fc\u00edstico\u00bb<\/em>.<\/p>\n<p style=\"text-align: justify;\">No obstante, si alguien utiliza todo o parte de este refranero ha de citar al autor de acuerdo con las leyes sobre la propiedad intelectual.<\/p>\n","protected":false},"excerpt":{"rendered":"<p>\u00abLos refranes son breves oraciones completas que contienen alguna ense\u00f1anza fruto de la experiencia o alguna moralidad, o hacen iron\u00eda del comportamiento de las personas. Son sentencias cortas nacidas de la experiencia de generaciones sucesivas que pueden ser v\u00e1lidas en muchos casos, aunque no siempre\u00bb Aqu\u00ed podeis encontrar \u00a0El Refranero tem\u00e1tico de\u00a0Adolf Gisbert\u00a0que es\u00a0un recopilatorio &hellip; <\/p>\n<p class=\"link-more\"><a href=\"https:\/\/alzira.es\/es\/servicios-municipales\/serval\/aprendizaje\/el-refranero-tematico\/\" class=\"more-link\">Continuar leyendo<span class=\"screen-reader-text\"> \u00abEl refranero tem\u00e1tico\u00bb<\/span><\/a><\/p>\n","protected":false},"author":12,"featured_media":0,"parent":36519,"menu_order":17,"comment_status":"closed","ping_status":"closed","template":"","meta":{"_acf_changed":false,"footnotes":""},"class_list":["post-33772","page","type-page","status-publish","hentry"],"acf":[],"_links":{"self":[{"href":"https:\/\/alzira.es\/es\/wp-json\/wp\/v2\/pages\/33772","targetHints":{"allow":["GET"]}}],"collection":[{"href":"https:\/\/alzira.es\/es\/wp-json\/wp\/v2\/pages"}],"about":[{"href":"https:\/\/alzira.es\/es\/wp-json\/wp\/v2\/types\/page"}],"author":[{"embeddable":true,"href":"https:\/\/alzira.es\/es\/wp-json\/wp\/v2\/users\/12"}],"replies":[{"embeddable":true,"href":"https:\/\/alzira.es\/es\/wp-json\/wp\/v2\/comments?post=33772"}],"version-history":[{"count":2,"href":"https:\/\/alzira.es\/es\/wp-json\/wp\/v2\/pages\/33772\/revisions"}],"predecessor-version":[{"id":117801,"href":"https:\/\/alzira.es\/es\/wp-json\/wp\/v2\/pages\/33772\/revisions\/117801"}],"up":[{"embeddable":true,"href":"https:\/\/alzira.es\/es\/wp-json\/wp\/v2\/pages\/36519"}],"wp:attachment":[{"href":"https:\/\/alzira.es\/es\/wp-json\/wp\/v2\/media?parent=33772"}],"curies":[{"name":"wp","href":"https:\/\/api.w.org\/{rel}","templated":true}]}}