{"id":33729,"date":"2018-09-20T14:57:42","date_gmt":"2018-09-20T12:57:42","guid":{"rendered":"https:\/\/alzira.es\/diccionarios-gramaticas-y-criterios-lingueisticos\/"},"modified":"2021-08-31T14:32:53","modified_gmt":"2021-08-31T12:32:53","slug":"diccionarios-gramaticas-y-criterios-linguisticos","status":"publish","type":"page","link":"https:\/\/alzira.es\/es\/servicios-municipales\/serval\/aprendizaje\/diccionarios-gramaticas-y-criterios-linguisticos\/","title":{"rendered":"Diccionarios, gram\u00e1ticas y criterios ling\u00fc\u00edsticos"},"content":{"rendered":"<p style=\"text-align: justify;\"><strong><img fetchpriority=\"high\" decoding=\"async\" width=\"266\" height=\"1218\" class=\" alignleft size-full wp-image-33717\" style=\"margin-left: 50px; margin-right: 10px; float: left;\" src=\"https:\/\/alzira.es\/wp-content\/uploads\/2018\/09\/diccionarios_x58.jpg\" alt=\"diccionarios x58\" srcset=\"https:\/\/alzira.es\/wp-content\/uploads\/2018\/09\/diccionarios_x58.jpg 266w, https:\/\/alzira.es\/wp-content\/uploads\/2018\/09\/diccionarios_x58-234x1072.jpg 234w\" sizes=\"(max-width: 266px) 100vw, 266px\" \/><\/strong><\/p>\n<p style=\"text-align: justify;\">&nbsp;<\/p>\n<p style=\"text-align: justify;\"><strong><a href=\"http:\/\/www.avl.gva.es\/lexicval\/\" target=\"_blank\" rel=\"noopener\"><img decoding=\"async\" width=\"15\" height=\"15\" class=\"size-full wp-image-33554 lazyload\" title=\"ir a la p\u00e1gina web\" data-src=\"https:\/\/alzira.es\/wp-content\/uploads\/2018\/09\/lupa_1.png\" alt=\"lupa 1\" src=\"data:image\/svg+xml;base64,PHN2ZyB3aWR0aD0iMSIgaGVpZ2h0PSIxIiB4bWxucz0iaHR0cDovL3d3dy53My5vcmcvMjAwMC9zdmciPjwvc3ZnPg==\" style=\"--smush-placeholder-width: 15px; --smush-placeholder-aspect-ratio: 15\/15;\">&nbsp;Diccionari Normatiu Valenci\u00e0 (DNV).<\/a>&nbsp;<\/strong>El <em>Diccionari Normatiu Valenci\u00e0&nbsp;<\/em>es la obra de referencia lexicogr\u00e1fica de la Academia Valenciana de la Lengua. La presente edici\u00f3n contiene m\u00e1s de noventa mil entradas e incorpora, adem\u00e1s, toda una serie de informaciones complementarias de gran utilidad para el usuario como son la transcripci\u00f3n&nbsp;fon\u00e9tica de todas las palabras, la conjugaci\u00f3n completa de todos los verbos o diversas marcas de uso para orientar el lector sobre la correcta utilizaci\u00f3n de las palabras seg\u00fan los diferentes \u00e1mbitos ling\u00fc\u00edsticos.<\/p>\n<p style=\"text-align: justify;\"><strong><a href=\"http:\/\/www.avl.gva.es\/web\/documents-normatius\/diccionari-ortografic-i-de-pronunciacio-del-valencia-dopv-\" target=\"_blank\" rel=\"noopener\"><img decoding=\"async\" width=\"15\" height=\"15\" class=\"size-full wp-image-33554 lazyload\" title=\"ir a la p\u00e1gina web\" data-src=\"https:\/\/alzira.es\/wp-content\/uploads\/2018\/09\/lupa_1.png\" alt=\"lupa 1\" src=\"data:image\/svg+xml;base64,PHN2ZyB3aWR0aD0iMSIgaGVpZ2h0PSIxIiB4bWxucz0iaHR0cDovL3d3dy53My5vcmcvMjAwMC9zdmciPjwvc3ZnPg==\" style=\"--smush-placeholder-width: 15px; --smush-placeholder-aspect-ratio: 15\/15;\">&nbsp;Diccionari Ortogr\u00e0fic i de Pronunciaci\u00f3 del Valenci\u00e0 (DOPV).<\/a>&nbsp;<\/strong>Se trata de una obra que, sin pretensiones de exhaustividad, incorpora un extenso cabal l\u00e9xico de m\u00e1s de 75.000 palabras con informaci\u00f3n relativa a su variaci\u00f3n morfol\u00f3gica de g\u00e9nero y n\u00famero, especificando la pronunciaci\u00f3n en aquellos casos en que la ortograf\u00eda no es transparente.<\/p>\n<p style=\"text-align: justify;\"><strong><a href=\"http:\/\/aplicacions.llengua.gencat.cat\/llc\/AppJava\/index.html%20\" target=\"_blank\" rel=\"noopener\"><img decoding=\"async\" width=\"15\" height=\"15\" class=\"size-full wp-image-33554 lazyload\" title=\"ir a la p\u00e1gina web\" data-src=\"https:\/\/alzira.es\/wp-content\/uploads\/2018\/09\/lupa_1.png\" alt=\"lupa 1\" src=\"data:image\/svg+xml;base64,PHN2ZyB3aWR0aD0iMSIgaGVpZ2h0PSIxIiB4bWxucz0iaHR0cDovL3d3dy53My5vcmcvMjAwMC9zdmciPjwvc3ZnPg==\" style=\"--smush-placeholder-width: 15px; --smush-placeholder-aspect-ratio: 15\/15;\">&nbsp;Optimot.<\/a>&nbsp;<\/strong>Es un buscador que ayuda a resolver casi todas las dudas ling\u00fc\u00edsticas ya que consulta diferentes fuentes de forma simult\u00e1nea (diccionarios generales, diccionarios multiling\u00fces, diccionarios terminol\u00f3gicos, flexiones verbales, fichas ling\u00fc\u00edsticas, criterios ling\u00fc\u00edsticos, nomencl\u00e1tor, topon\u00edmicos&#8230;).<\/p>\n<p style=\"text-align: justify;\">Si no se ha podido resolver la duda ling\u00fc\u00edstica con el buscador se puede hacer la consulta en el servicio de atencion pesonalizada.<\/p>\n<p style=\"text-align: justify;\"><a href=\"http:\/\/enciclopedia.cat\/obra\/diccionaris\/gran-diccionari-de-la-llengua-catalana\" target=\"_blank\" rel=\"noopener\"><strong><img decoding=\"async\" width=\"15\" height=\"15\" class=\"size-full wp-image-33554 lazyload\" title=\"ir a la p\u00e1gina web\" data-src=\"https:\/\/alzira.es\/wp-content\/uploads\/2018\/09\/lupa_1.png\" alt=\"lupa 1\" src=\"data:image\/svg+xml;base64,PHN2ZyB3aWR0aD0iMSIgaGVpZ2h0PSIxIiB4bWxucz0iaHR0cDovL3d3dy53My5vcmcvMjAwMC9zdmciPjwvc3ZnPg==\" style=\"--smush-placeholder-width: 15px; --smush-placeholder-aspect-ratio: 15\/15;\">&nbsp;Gran Diccionari de la Llengua Catalana (GDLC).<\/strong><\/a>&nbsp;El <em>Gran Diccionari de la Llengua Catalana&nbsp;<\/em>en l\u00ednea, el m\u00e1s extenso y completo de la lengua valenciano-catalana presenta el contenido actualizado del&nbsp;<em>Gran Diccionario de la Llengua Catalana&nbsp;<\/em>publicado en papel el 1998 y reimpreso con revisiones en diversas ocasiones.&nbsp;<\/p>\n<p style=\"text-align: justify;\">Adem\u00e1s de toda la informaci\u00f3n morfol\u00f3gica, sem\u00e1ntica y de uso, el <em>Gran Diccionario<\/em>&nbsp;incluye la etimolog\u00eda, prefijos y sufijos, plurales irregulares, neologismos, abreviaciones, estrangerismos, terminolog\u00eda&#8230;).<a href=\"http:\/\/enciclopedia.cat\/obra\/diccionaris\/gran-diccionari-de-la-llengua-catalana\"><\/a><\/p>\n<p style=\"text-align: justify;\"><a href=\"https:\/\/www.enciclopedia.cat\/obra\/Diccionaris-enciclopedics-lEnciclopedia\/Gran-enciclopedia-catalana\" target=\"_blank\" rel=\"noopener\"><strong><img decoding=\"async\" width=\"15\" height=\"15\" class=\"size-full wp-image-33554 lazyload\" title=\"ir a la p\u00e1gina web\" data-src=\"https:\/\/alzira.es\/wp-content\/uploads\/2018\/09\/lupa_1.png\" alt=\"lupa 1\" src=\"data:image\/svg+xml;base64,PHN2ZyB3aWR0aD0iMSIgaGVpZ2h0PSIxIiB4bWxucz0iaHR0cDovL3d3dy53My5vcmcvMjAwMC9zdmciPjwvc3ZnPg==\" style=\"--smush-placeholder-width: 15px; --smush-placeholder-aspect-ratio: 15\/15;\">&nbsp;Gran Enciclop\u00e8dia Catalana (GEC).<\/strong><\/a>&nbsp;La Gran Enciclop\u00e8dia Catalana es un diccionario enciclop\u00e9dico universal que tiene como precedente inmediato la obra hom\u00f3nima en papel. Actualmente la GECdigital tiene m\u00e1s de 320.000 art\u00edculos (aproximadamente el doble que la <em>Gran Enciclop\u00e9dia Catalana<\/em> en papel) y m\u00e1s de 100.000 ilustraciones (fotografias, mapas, dibujos, etc.) adem\u00e1s de algunos audios y v\u00eddeos. Recoge alfab\u00e9ticamente toda clase de entradas hist\u00f3ricas, geogr\u00e1ficas, culturales, etc. de todo el mundo y contiene un amplio diccionario de l\u00e9xico com\u00fan.<a href=\"https:\/\/www.enciclopedia.cat\/obra\/Diccionaris-enciclopedics-lEnciclopedia\/Gran-enciclopedia-catalana\"><\/a><\/p>\n<p style=\"text-align: justify;\"><a href=\"https:\/\/www.softcatala.org\/diccionari-de-sinonims\/\" target=\"_blank\" rel=\"noopener\"><strong><img decoding=\"async\" width=\"15\" height=\"15\" class=\"size-full wp-image-33554 lazyload\" title=\"ir a la p\u00e1gina web\" data-src=\"https:\/\/alzira.es\/wp-content\/uploads\/2018\/09\/lupa_1.png\" alt=\"lupa 1\" src=\"data:image\/svg+xml;base64,PHN2ZyB3aWR0aD0iMSIgaGVpZ2h0PSIxIiB4bWxucz0iaHR0cDovL3d3dy53My5vcmcvMjAwMC9zdmciPjwvc3ZnPg==\" style=\"--smush-placeholder-width: 15px; --smush-placeholder-aspect-ratio: 15\/15;\">&nbsp;Diccionari de sin\u00f2nims de Softcatal\u00e0<\/strong><\/a><\/p>\n<p style=\"text-align: justify;\"><a href=\"https:\/\/sinonims.iec.cat\/\" target=\"_blank\" rel=\"noopener\"><strong><img decoding=\"async\" width=\"15\" height=\"15\" class=\"size-full wp-image-33554 lazyload\" title=\"ir a la p\u00e1gina web\" data-src=\"https:\/\/alzira.es\/wp-content\/uploads\/2018\/09\/lupa_1.png\" alt=\"lupa 1\" src=\"data:image\/svg+xml;base64,PHN2ZyB3aWR0aD0iMSIgaGVpZ2h0PSIxIiB4bWxucz0iaHR0cDovL3d3dy53My5vcmcvMjAwMC9zdmciPjwvc3ZnPg==\" style=\"--smush-placeholder-width: 15px; --smush-placeholder-aspect-ratio: 15\/15;\">&nbsp;Diccionari de sin\u00f2nims d&#8217;Albert Jan\u00e9<\/strong><\/a><\/p>\n<p style=\"text-align: justify;\"><a href=\"https:\/\/alzira.es\/wp-content\/uploads\/2018\/09\/5_Gramatica_normativa_valenciana.pdf\" target=\"_blank\" rel=\"noopener\"><strong><img decoding=\"async\" width=\"18\" height=\"15\" class=\"size-full wp-image-33543 lazyload\" title=\"documento PDF\" data-src=\"https:\/\/alzira.es\/wp-content\/uploads\/2018\/09\/pdf_rojo.gif\" alt=\"pdf rojo\" src=\"data:image\/svg+xml;base64,PHN2ZyB3aWR0aD0iMSIgaGVpZ2h0PSIxIiB4bWxucz0iaHR0cDovL3d3dy53My5vcmcvMjAwMC9zdmciPjwvc3ZnPg==\" style=\"--smush-placeholder-width: 18px; --smush-placeholder-aspect-ratio: 18\/15;\">&nbsp;Gram\u00e0tica normativa valenciana de l&#8217;AVL<\/strong><\/a><a href=\"https:\/\/www.avl.gva.es\/documents\/31595\/32337\/Gram%C3%A0tica+normativa+valenciana\/825a1c69-34c9-43b6-83f9-7a527a2833e3\"><br \/>\n<\/a><a href=\"https:\/\/www.avl.gva.es\/documents\/31595\/32337\/Gram%C3%A0tica+normativa+valenciana\/825a1c69-34c9-43b6-83f9-7a527a2833e3\"><\/a><\/p>\n<p style=\"text-align: justify;\"><strong><a href=\"https:\/\/alzira.es\/wp-content\/uploads\/2018\/09\/4_GVB.pdf\" target=\"_blank\" rel=\"noopener\"><img decoding=\"async\" width=\"18\" height=\"15\" class=\"size-full wp-image-33543 lazyload\" title=\"documento PDF\" data-src=\"https:\/\/alzira.es\/wp-content\/uploads\/2018\/09\/pdf_rojo.gif\" alt=\"pdf rojo\" src=\"data:image\/svg+xml;base64,PHN2ZyB3aWR0aD0iMSIgaGVpZ2h0PSIxIiB4bWxucz0iaHR0cDovL3d3dy53My5vcmcvMjAwMC9zdmciPjwvc3ZnPg==\" style=\"--smush-placeholder-width: 18px; --smush-placeholder-aspect-ratio: 18\/15;\">&nbsp;Gram\u00e0tica valenciana b\u00e0sica de l&#8217;AVL<\/a><\/strong><a href=\"https:\/\/www.avl.gva.es\/documents\/35882\/40728\/GVB.pdf\/5f11842c-9b6c-4909-8a91-cfc115aec30f\"><br \/>\n<\/a><\/p>\n<p style=\"text-align: justify;\"><strong><a href=\"https:\/\/alzira.es\/wp-content\/uploads\/2018\/09\/1_Guiausos.pdf\" target=\"_blank\" rel=\"noopener\"><img decoding=\"async\" width=\"18\" height=\"15\" class=\"size-full wp-image-33543 lazyload\" title=\"documento PDF\" data-src=\"https:\/\/alzira.es\/wp-content\/uploads\/2018\/09\/pdf_rojo.gif\" alt=\"pdf rojo\" src=\"data:image\/svg+xml;base64,PHN2ZyB3aWR0aD0iMSIgaGVpZ2h0PSIxIiB4bWxucz0iaHR0cDovL3d3dy53My5vcmcvMjAwMC9zdmciPjwvc3ZnPg==\" style=\"--smush-placeholder-width: 18px; --smush-placeholder-aspect-ratio: 18\/15;\">&nbsp;Guia d&#8217;usos ling\u00fc\u00edstics. Aspectes gramaticals (IIFV)<\/a><br \/>\n<\/strong><\/p>\n<p style=\"text-align: justify;\"><strong><a href=\"https:\/\/alzira.es\/wp-content\/uploads\/2018\/09\/2_criteris-linguistics.pdf\" target=\"_blank\" rel=\"noopener\"><img decoding=\"async\" width=\"18\" height=\"15\" class=\"size-full wp-image-33543 lazyload\" title=\"documento PDF\" data-src=\"https:\/\/alzira.es\/wp-content\/uploads\/2018\/09\/pdf_rojo.gif\" alt=\"pdf rojo\" src=\"data:image\/svg+xml;base64,PHN2ZyB3aWR0aD0iMSIgaGVpZ2h0PSIxIiB4bWxucz0iaHR0cDovL3d3dy53My5vcmcvMjAwMC9zdmciPjwvc3ZnPg==\" style=\"--smush-placeholder-width: 18px; --smush-placeholder-aspect-ratio: 18\/15;\">&nbsp;Criteris ling\u00fc\u00edstics de les universitats valencianes<\/a><br \/>\n<\/strong><\/p>\n<p style=\"text-align: left;\"><strong><a href=\"https:\/\/alzira.es\/wp-content\/uploads\/2018\/09\/3_Criteris_Linguistics_web.pdf\" target=\"_blank\" rel=\"noopener\"><img decoding=\"async\" width=\"18\" height=\"15\" class=\"size-full wp-image-33543 lazyload\" title=\"documento PDF\" data-src=\"https:\/\/alzira.es\/wp-content\/uploads\/2018\/09\/pdf_rojo.gif\" alt=\"pdf rojo\" src=\"data:image\/svg+xml;base64,PHN2ZyB3aWR0aD0iMSIgaGVpZ2h0PSIxIiB4bWxucz0iaHR0cDovL3d3dy53My5vcmcvMjAwMC9zdmciPjwvc3ZnPg==\" style=\"--smush-placeholder-width: 18px; --smush-placeholder-aspect-ratio: 18\/15;\">&nbsp;Criteris ling\u00fc\u00edstics de l&#8217;Administraci\u00f3 de la Generalitat<\/a><br \/>\n<\/strong><\/p>\n<p style=\"text-align: justify;\">&nbsp;<\/p>\n<p style=\"text-align: justify;\"><span style=\"text-decoration: underline;\"><strong>TRADUCTOR Y CORRECTOR SALT<\/strong><\/span><\/p>\n<p style=\"text-align: justify;\"><strong><a href=\"http:\/\/www.salt.gva.es\/ca\/ajuda\" target=\"_blank\" rel=\"noopener\"><img decoding=\"async\" width=\"15\" height=\"15\" class=\"size-full wp-image-33554 lazyload\" title=\"ir a la p\u00e1gina web\" data-src=\"https:\/\/alzira.es\/wp-content\/uploads\/2018\/09\/lupa_1.png\" alt=\"lupa 1\" src=\"data:image\/svg+xml;base64,PHN2ZyB3aWR0aD0iMSIgaGVpZ2h0PSIxIiB4bWxucz0iaHR0cDovL3d3dy53My5vcmcvMjAwMC9zdmciPjwvc3ZnPg==\" style=\"--smush-placeholder-width: 15px; --smush-placeholder-aspect-ratio: 15\/15;\">&nbsp;\u00bfQue es Salt.usu?<\/a>&nbsp;<\/strong>Salt.usu es una herramienta de traducci\u00f3n de valenciano a castellano y de castellano a valenciano, y de correcci\u00f3n de textos en valenciano. Se basa en un programa libre adaptado por la Generalitat Valenciana.&nbsp;<\/p>\n<p style=\"text-align: justify;\">&nbsp;<\/p>\n","protected":false},"excerpt":{"rendered":"<p>&nbsp; &nbsp;Diccionari Normatiu Valenci\u00e0 (DNV).&nbsp;El Diccionari Normatiu Valenci\u00e0&nbsp;es la obra de referencia lexicogr\u00e1fica de la Academia Valenciana de la Lengua. La presente edici\u00f3n contiene m\u00e1s de noventa mil entradas e incorpora, adem\u00e1s, toda una serie de informaciones complementarias de gran utilidad para el usuario como son la transcripci\u00f3n&nbsp;fon\u00e9tica de todas las palabras, la conjugaci\u00f3n completa &hellip; <\/p>\n<p class=\"link-more\"><a href=\"https:\/\/alzira.es\/es\/servicios-municipales\/serval\/aprendizaje\/diccionarios-gramaticas-y-criterios-linguisticos\/\" class=\"more-link\">Continuar leyendo<span class=\"screen-reader-text\"> \u00abDiccionarios, gram\u00e1ticas y criterios ling\u00fc\u00edsticos\u00bb<\/span><\/a><\/p>\n","protected":false},"author":12,"featured_media":0,"parent":36519,"menu_order":19,"comment_status":"closed","ping_status":"closed","template":"","meta":{"_acf_changed":false,"footnotes":""},"class_list":["post-33729","page","type-page","status-publish","hentry"],"acf":[],"_links":{"self":[{"href":"https:\/\/alzira.es\/es\/wp-json\/wp\/v2\/pages\/33729","targetHints":{"allow":["GET"]}}],"collection":[{"href":"https:\/\/alzira.es\/es\/wp-json\/wp\/v2\/pages"}],"about":[{"href":"https:\/\/alzira.es\/es\/wp-json\/wp\/v2\/types\/page"}],"author":[{"embeddable":true,"href":"https:\/\/alzira.es\/es\/wp-json\/wp\/v2\/users\/12"}],"replies":[{"embeddable":true,"href":"https:\/\/alzira.es\/es\/wp-json\/wp\/v2\/comments?post=33729"}],"version-history":[{"count":1,"href":"https:\/\/alzira.es\/es\/wp-json\/wp\/v2\/pages\/33729\/revisions"}],"predecessor-version":[{"id":87049,"href":"https:\/\/alzira.es\/es\/wp-json\/wp\/v2\/pages\/33729\/revisions\/87049"}],"up":[{"embeddable":true,"href":"https:\/\/alzira.es\/es\/wp-json\/wp\/v2\/pages\/36519"}],"wp:attachment":[{"href":"https:\/\/alzira.es\/es\/wp-json\/wp\/v2\/media?parent=33729"}],"curies":[{"name":"wp","href":"https:\/\/api.w.org\/{rel}","templated":true}]}}