{"id":33571,"date":"2018-09-19T14:59:52","date_gmt":"2018-09-19T12:59:52","guid":{"rendered":"https:\/\/alzira.es\/ejercicios-para-practicar\/"},"modified":"2021-08-31T14:37:29","modified_gmt":"2021-08-31T12:37:29","slug":"ejercicios-para-practicar","status":"publish","type":"page","link":"https:\/\/alzira.es\/es\/servicios-municipales\/serval\/aprendizaje\/ejercicios-para-practicar\/","title":{"rendered":"Ejercicios para practicar"},"content":{"rendered":"<p style=\"text-align: left;\"><span style=\"text-decoration: underline;\"><strong><img fetchpriority=\"high\" decoding=\"async\" width=\"266\" height=\"966\" class=\" alignleft size-full wp-image-33566\" style=\"margin-left: 50px; margin-right: 10px; float: left;\" src=\"https:\/\/alzira.es\/wp-content\/uploads\/2018\/09\/logo_serval-05-05_x46.jpg\" alt=\"logo serval-05-05 x46\"><\/strong><\/span><\/p>\n<p style=\"text-align: left;\">&nbsp;<\/p>\n<p style=\"text-align: left;\"><span style=\"text-decoration: underline;\"><strong>EJERCICIOS<\/strong><\/span><\/p>\n<p style=\"text-align: left;\"><a href=\"http:\/\/www.upv.es\/cav\/exercicis_mitja.htm\" target=\"_blank\" rel=\"noopener\"><strong><img decoding=\"async\" width=\"15\" height=\"15\" class=\"size-full wp-image-33554 lazyload\" title=\"ir a la p\u00e1gina web\" data-src=\"https:\/\/alzira.es\/wp-content\/uploads\/2018\/09\/lupa_1.png\" alt=\"lupa 1\" src=\"data:image\/svg+xml;base64,PHN2ZyB3aWR0aD0iMSIgaGVpZ2h0PSIxIiB4bWxucz0iaHR0cDovL3d3dy53My5vcmcvMjAwMC9zdmciPjwvc3ZnPg==\" style=\"--smush-placeholder-width: 15px; --smush-placeholder-aspect-ratio: 15\/15;\">&nbsp;Ejercicios de grau mitj\u00e0 UPV<\/strong><\/a><\/p>\n<p style=\"text-align: left;\"><a href=\"http:\/\/www.upv.es\/cav\/exercicis_superior.htm\" target=\"_blank\" rel=\"noopener\"><strong><img decoding=\"async\" width=\"15\" height=\"15\" class=\"size-full wp-image-33554 lazyload\" title=\"ir a la p\u00e1gina web\" data-src=\"https:\/\/alzira.es\/wp-content\/uploads\/2018\/09\/lupa_1.png\" alt=\"lupa 1\" src=\"data:image\/svg+xml;base64,PHN2ZyB3aWR0aD0iMSIgaGVpZ2h0PSIxIiB4bWxucz0iaHR0cDovL3d3dy53My5vcmcvMjAwMC9zdmciPjwvc3ZnPg==\" style=\"--smush-placeholder-width: 15px; --smush-placeholder-aspect-ratio: 15\/15;\">&nbsp;Ejercicios de grau superior UPV<\/strong><\/a><\/p>\n<p style=\"text-align: left;\"><a href=\"http:\/\/web01.dival.es\/normalitzacio\/\" target=\"_blank\" rel=\"noopener\"><strong><img decoding=\"async\" width=\"15\" height=\"15\" class=\"size-full wp-image-33554 lazyload\" title=\"ir a la p\u00e1gina web\" data-src=\"https:\/\/alzira.es\/wp-content\/uploads\/2018\/09\/lupa_1.png\" alt=\"lupa 1\" src=\"data:image\/svg+xml;base64,PHN2ZyB3aWR0aD0iMSIgaGVpZ2h0PSIxIiB4bWxucz0iaHR0cDovL3d3dy53My5vcmcvMjAwMC9zdmciPjwvc3ZnPg==\" style=\"--smush-placeholder-width: 15px; --smush-placeholder-aspect-ratio: 15\/15;\">&nbsp;Nivel superior (C2). Diputaci\u00f3n de Valencia<\/strong><\/a><br \/>\n<a href=\"http:\/\/web01.dival.es\/normalitzacio\/\"><\/a><\/p>\n<p style=\"text-align: left;\">&nbsp;<\/p>\n<p style=\"text-align: left;\"><span style=\"text-decoration: underline;\"><strong>LECTURAS Y DICTADOS<\/strong><\/span><\/p>\n<p style=\"text-align: left;\"><a href=\"http:\/\/web01.dival.es\/normalitzacio\/dictatsilectures\/default.html\" target=\"_blank\" rel=\"noopener\"><strong><img decoding=\"async\" width=\"15\" height=\"15\" class=\"size-full wp-image-33554 lazyload\" title=\"ir a la p\u00e1gina web\" data-src=\"https:\/\/alzira.es\/wp-content\/uploads\/2018\/09\/lupa_1.png\" alt=\"lupa 1\" src=\"data:image\/svg+xml;base64,PHN2ZyB3aWR0aD0iMSIgaGVpZ2h0PSIxIiB4bWxucz0iaHR0cDovL3d3dy53My5vcmcvMjAwMC9zdmciPjwvc3ZnPg==\" style=\"--smush-placeholder-width: 15px; --smush-placeholder-aspect-ratio: 15\/15;\">&nbsp;Pr\u00e1cticas de lecturas y dictados. Diputaci\u00f3n de Valencia<\/strong><\/a><\/p>\n<p style=\"text-align: left;\"><a href=\"http:\/\/www.upv.es\/cav\/dictats_mitja.htm\" target=\"_blank\" rel=\"noopener\"><strong><img decoding=\"async\" width=\"15\" height=\"15\" class=\"size-full wp-image-33554 lazyload\" title=\"ir a la p\u00e1gina web\" data-src=\"https:\/\/alzira.es\/wp-content\/uploads\/2018\/09\/lupa_1.png\" alt=\"lupa 1\" src=\"data:image\/svg+xml;base64,PHN2ZyB3aWR0aD0iMSIgaGVpZ2h0PSIxIiB4bWxucz0iaHR0cDovL3d3dy53My5vcmcvMjAwMC9zdmciPjwvc3ZnPg==\" style=\"--smush-placeholder-width: 15px; --smush-placeholder-aspect-ratio: 15\/15;\">&nbsp;Pr\u00e1cticas de lecturas y dictados. Universitat Polit\u00e9cnica de Valencia<\/strong><\/a><\/p>\n<p style=\"text-align: left;\"><a href=\"https:\/\/www.uv.es\/spl\/v\/aprendre\/dictats\/%20\" target=\"_blank\" rel=\"noopener\"><strong><img decoding=\"async\" width=\"15\" height=\"15\" class=\"size-full wp-image-33554 lazyload\" title=\"ir a la p\u00e1gina web\" data-src=\"https:\/\/alzira.es\/wp-content\/uploads\/2018\/09\/lupa_1.png\" alt=\"lupa 1\" src=\"data:image\/svg+xml;base64,PHN2ZyB3aWR0aD0iMSIgaGVpZ2h0PSIxIiB4bWxucz0iaHR0cDovL3d3dy53My5vcmcvMjAwMC9zdmciPjwvc3ZnPg==\" style=\"--smush-placeholder-width: 15px; --smush-placeholder-aspect-ratio: 15\/15;\">&nbsp;Pr\u00e1cticas de lecturas y dictados. Universidad de Valencia(elemental, mitj\u00e0 y superior)<\/strong><\/a><\/p>\n<p style=\"text-align: left;\">&nbsp;<\/p>\n<p style=\"text-align: left;\"><span style=\"text-decoration: underline;\"><strong>FON\u00c9TICA ORAL<\/strong><\/span><\/p>\n<p style=\"text-align: left;\"><strong><a href=\"http:\/\/sao.dlsi.ua.es\/\" target=\"_blank\" rel=\"noopener\"><img decoding=\"async\" width=\"15\" height=\"15\" class=\"size-full wp-image-33554 lazyload\" title=\"ir a la p\u00e1gina web\" data-src=\"https:\/\/alzira.es\/wp-content\/uploads\/2018\/09\/lupa_1.png\" alt=\"lupa 1\" src=\"data:image\/svg+xml;base64,PHN2ZyB3aWR0aD0iMSIgaGVpZ2h0PSIxIiB4bWxucz0iaHR0cDovL3d3dy53My5vcmcvMjAwMC9zdmciPjwvc3ZnPg==\" style=\"--smush-placeholder-width: 15px; --smush-placeholder-aspect-ratio: 15\/15;\">&nbsp;Sa\u00f3: sistema d&#8217;ajuda a la lectura en veu alta del valenci\u00e0.<\/a>&nbsp;<\/strong>Se trata de un anotador orto\u00e9pico, es decir, un programa que anota textos para indicar la pronunciaci\u00f3n de palabras conflictivas llevado a cabo por la Universidad de Alicante.<\/p>\n<p style=\"text-align: left;\"><strong><a href=\"http:\/\/www.iifv.ua.es\/web_uem\/contingut_ind.php?id=84#.W6M4biQzbct\" target=\"_blank\" rel=\"noopener\"><img decoding=\"async\" width=\"15\" height=\"15\" class=\"size-full wp-image-33554 lazyload\" title=\"ir a la p\u00e1gina web\" data-src=\"https:\/\/alzira.es\/wp-content\/uploads\/2018\/09\/lupa_1.png\" alt=\"lupa 1\" src=\"data:image\/svg+xml;base64,PHN2ZyB3aWR0aD0iMSIgaGVpZ2h0PSIxIiB4bWxucz0iaHR0cDovL3d3dy53My5vcmcvMjAwMC9zdmciPjwvc3ZnPg==\" style=\"--smush-placeholder-width: 15px; --smush-placeholder-aspect-ratio: 15\/15;\">&nbsp;Fonet: pr\u00e1cticas de fon\u00e9tica.<\/a>&nbsp;<\/strong>Para todos los que quieran perfeccionar la fon\u00e9tica en valenciano o mejorar los conocimientos sobre el vocalismo y el consonantismo (sobre todo sonoro o sordo).<a href=\"http:\/\/www.iifv.ua.es\/web_uem\/contingut_ind.php?id=84#.W6M4biQzbct\"><\/a><\/p>\n<p style=\"text-align: left;\">&nbsp;<\/p>\n<p style=\"text-align: left;\"><span style=\"text-decoration: underline;\"><strong>LENGUAJE JUR\u00cdDICO Y ADMINISTRATIVO<\/strong><\/span><\/p>\n<p style=\"text-align: left;\"><a href=\"https:\/\/alzira.es\/wp-content\/uploads\/2018\/09\/1_MANUALS_01_AVL_5a-ed.pdf\" target=\"_blank\" rel=\"noopener\"><strong><img decoding=\"async\" width=\"18\" height=\"15\" class=\"size-full wp-image-33543 lazyload\" title=\"documento PDF\" data-src=\"https:\/\/alzira.es\/wp-content\/uploads\/2018\/09\/pdf_rojo.gif\" alt=\"pdf rojo\" src=\"data:image\/svg+xml;base64,PHN2ZyB3aWR0aD0iMSIgaGVpZ2h0PSIxIiB4bWxucz0iaHR0cDovL3d3dy53My5vcmcvMjAwMC9zdmciPjwvc3ZnPg==\" style=\"--smush-placeholder-width: 18px; --smush-placeholder-aspect-ratio: 18\/15;\">&nbsp;Manual de documentaci\u00f3n administrativa (AVL)<\/strong><\/a><a href=\"http:\/\/www.avl.gva.es\/documents\/31987\/58581\/MANUALS_01_AVL_5a-ed.pdf\/708d8b68-560c-4cf8-b1d8-bdd2faeac1b9\"><\/a><\/p>\n<p style=\"text-align: left;\"><a href=\"https:\/\/www.uv.es\/splweb\/Documentos\/manual_documents_administratius.pdf\" target=\"_blank\" rel=\"noopener\"><strong><img decoding=\"async\" width=\"18\" height=\"15\" class=\"size-full wp-image-33543 lazyload\" title=\"documento PDF\" data-src=\"https:\/\/alzira.es\/wp-content\/uploads\/2018\/09\/pdf_rojo.gif\" alt=\"pdf rojo\" src=\"data:image\/svg+xml;base64,PHN2ZyB3aWR0aD0iMSIgaGVpZ2h0PSIxIiB4bWxucz0iaHR0cDovL3d3dy53My5vcmcvMjAwMC9zdmciPjwvc3ZnPg==\" style=\"--smush-placeholder-width: 18px; --smush-placeholder-aspect-ratio: 18\/15;\">&nbsp;Manual de documentos y lenguaje administrativo de las universidades valencianas<\/strong><\/a><a href=\"https:\/\/www.uv.es\/splweb\/Documentos\/manual_documents_administratius.pdf\"><br \/>\n<\/a><a href=\"https:\/\/www.uv.es\/splweb\/Documentos\/manual_documents_administratius.pdf\"><\/a><\/p>\n<p style=\"text-align: left;\"><a href=\"https:\/\/web.ua.es\/va\/cau\/curs-de-llenguatge-administratiu-valencia\/llenguatge-administratiu.html\" target=\"_blank\" rel=\"noopener\"><strong><img decoding=\"async\" width=\"15\" height=\"15\" class=\"size-full wp-image-33554 lazyload\" title=\"ir a la p\u00e1gina web\" data-src=\"https:\/\/alzira.es\/wp-content\/uploads\/2018\/09\/lupa_1.png\" alt=\"lupa 1\" src=\"data:image\/svg+xml;base64,PHN2ZyB3aWR0aD0iMSIgaGVpZ2h0PSIxIiB4bWxucz0iaHR0cDovL3d3dy53My5vcmcvMjAwMC9zdmciPjwvc3ZnPg==\" style=\"--smush-placeholder-width: 15px; --smush-placeholder-aspect-ratio: 15\/15;\">&nbsp;Curso de lenguaje administrativo en valenciano<\/strong><\/a><\/p>\n<p>&nbsp;<\/p>\n","protected":false},"excerpt":{"rendered":"<p>&nbsp; EJERCICIOS &nbsp;Ejercicios de grau mitj\u00e0 UPV &nbsp;Ejercicios de grau superior UPV &nbsp;Nivel superior (C2). Diputaci\u00f3n de Valencia &nbsp; LECTURAS Y DICTADOS &nbsp;Pr\u00e1cticas de lecturas y dictados. Diputaci\u00f3n de Valencia &nbsp;Pr\u00e1cticas de lecturas y dictados. Universitat Polit\u00e9cnica de Valencia &nbsp;Pr\u00e1cticas de lecturas y dictados. Universidad de Valencia(elemental, mitj\u00e0 y superior) &nbsp; FON\u00c9TICA ORAL &nbsp;Sa\u00f3: sistema &hellip; <\/p>\n<p class=\"link-more\"><a href=\"https:\/\/alzira.es\/es\/servicios-municipales\/serval\/aprendizaje\/ejercicios-para-practicar\/\" class=\"more-link\">Continuar leyendo<span class=\"screen-reader-text\"> \u00abEjercicios para practicar\u00bb<\/span><\/a><\/p>\n","protected":false},"author":12,"featured_media":0,"parent":36519,"menu_order":21,"comment_status":"closed","ping_status":"closed","template":"","meta":{"_acf_changed":false,"footnotes":""},"class_list":["post-33571","page","type-page","status-publish","hentry"],"acf":[],"_links":{"self":[{"href":"https:\/\/alzira.es\/es\/wp-json\/wp\/v2\/pages\/33571","targetHints":{"allow":["GET"]}}],"collection":[{"href":"https:\/\/alzira.es\/es\/wp-json\/wp\/v2\/pages"}],"about":[{"href":"https:\/\/alzira.es\/es\/wp-json\/wp\/v2\/types\/page"}],"author":[{"embeddable":true,"href":"https:\/\/alzira.es\/es\/wp-json\/wp\/v2\/users\/12"}],"replies":[{"embeddable":true,"href":"https:\/\/alzira.es\/es\/wp-json\/wp\/v2\/comments?post=33571"}],"version-history":[{"count":1,"href":"https:\/\/alzira.es\/es\/wp-json\/wp\/v2\/pages\/33571\/revisions"}],"predecessor-version":[{"id":87050,"href":"https:\/\/alzira.es\/es\/wp-json\/wp\/v2\/pages\/33571\/revisions\/87050"}],"up":[{"embeddable":true,"href":"https:\/\/alzira.es\/es\/wp-json\/wp\/v2\/pages\/36519"}],"wp:attachment":[{"href":"https:\/\/alzira.es\/es\/wp-json\/wp\/v2\/media?parent=33571"}],"curies":[{"name":"wp","href":"https:\/\/api.w.org\/{rel}","templated":true}]}}