{"id":33562,"date":"2018-09-19T14:19:07","date_gmt":"2018-09-19T12:19:07","guid":{"rendered":"https:\/\/alzira.es\/jqcv\/"},"modified":"2021-08-31T14:45:30","modified_gmt":"2021-08-31T12:45:30","slug":"jqcv","status":"publish","type":"page","link":"https:\/\/alzira.es\/es\/servicios-municipales\/serval\/aprendizaje\/jqcv\/","title":{"rendered":"JQCV"},"content":{"rendered":"<p><span style=\"text-decoration: underline;\"><strong><img fetchpriority=\"high\" decoding=\"async\" width=\"266\" height=\"1365\" class=\" alignleft size-full wp-image-33560\" style=\"margin-left: 50px; margin-right: 10px; float: left;\" src=\"https:\/\/alzira.es\/wp-content\/uploads\/2018\/09\/logo_serval-05-05_x65.jpg\" alt=\"logo serval-05-05 x65\" srcset=\"https:\/\/alzira.es\/wp-content\/uploads\/2018\/09\/logo_serval-05-05_x65.jpg 266w, https:\/\/alzira.es\/wp-content\/uploads\/2018\/09\/logo_serval-05-05_x65-209x1072.jpg 209w\" sizes=\"(max-width: 266px) 100vw, 266px\" \/><\/strong><\/span><\/p>\n<p><span style=\"text-decoration: underline;\"><strong>LAS PRUEBAS<\/strong><\/span><\/p>\n<p>La JQCV expide dos tipos de certificados: los de conocimientos generales de la lengua y los de conocimientos espec\u00edficos.<\/p>\n<p><strong>CERTIFICADOS DE CONOCIMIENTOS GENERALES<\/strong><\/p>\n<p><span style=\"color: #000080;\"><a href=\"http:\/\/www.jqcv.gva.es\/ca\/nivell-a2\" target=\"_blank\" rel=\"noopener\"><span style=\"color: #000080;\"><strong><strong><img decoding=\"async\" width=\"15\" height=\"15\" class=\"size-full wp-image-33554 lazyload\" title=\"ir a la p\u00e1gina web\" data-src=\"https:\/\/alzira.es\/wp-content\/uploads\/2018\/09\/lupa_1.png\" alt=\"lupa 1\" src=\"data:image\/svg+xml;base64,PHN2ZyB3aWR0aD0iMSIgaGVpZ2h0PSIxIiB4bWxucz0iaHR0cDovL3d3dy53My5vcmcvMjAwMC9zdmciPjwvc3ZnPg==\" style=\"--smush-placeholder-width: 15px; --smush-placeholder-aspect-ratio: 15\/15;\" \/>\u00a0Nivel A2<\/strong><\/strong><\/span><\/a><\/span><\/p>\n<p><span style=\"color: #000080;\"><a href=\"http:\/\/www.jqcv.gva.es\/ca\/nivell-b1\" target=\"_blank\" rel=\"noopener\"><span style=\"color: #000080;\"><strong><img decoding=\"async\" width=\"15\" height=\"15\" class=\"size-full wp-image-33554 lazyload\" title=\"ir a la p\u00e1gina web\" data-src=\"https:\/\/alzira.es\/wp-content\/uploads\/2018\/09\/lupa_1.png\" alt=\"lupa 1\" src=\"data:image\/svg+xml;base64,PHN2ZyB3aWR0aD0iMSIgaGVpZ2h0PSIxIiB4bWxucz0iaHR0cDovL3d3dy53My5vcmcvMjAwMC9zdmciPjwvc3ZnPg==\" style=\"--smush-placeholder-width: 15px; --smush-placeholder-aspect-ratio: 15\/15;\" \/>\u00a0Nivel B1<\/strong><\/span><\/a><\/span><\/p>\n<p><span style=\"color: #000080;\"><a href=\"http:\/\/www.jqcv.gva.es\/ca\/nivell-b2\" target=\"_blank\" rel=\"noopener\"><span style=\"color: #000080;\"><strong><img decoding=\"async\" width=\"15\" height=\"15\" class=\"size-full wp-image-33554 lazyload\" title=\"ir a la p\u00e1gina web\" data-src=\"https:\/\/alzira.es\/wp-content\/uploads\/2018\/09\/lupa_1.png\" alt=\"lupa 1\" src=\"data:image\/svg+xml;base64,PHN2ZyB3aWR0aD0iMSIgaGVpZ2h0PSIxIiB4bWxucz0iaHR0cDovL3d3dy53My5vcmcvMjAwMC9zdmciPjwvc3ZnPg==\" style=\"--smush-placeholder-width: 15px; --smush-placeholder-aspect-ratio: 15\/15;\" \/>\u00a0Nivel B2<\/strong><\/span><\/a><\/span><\/p>\n<p><span style=\"color: #000080;\"><a href=\"http:\/\/www.jqcv.gva.es\/ca\/nivell-c1\" target=\"_blank\" rel=\"noopener\"><span style=\"color: #000080;\"><strong><img decoding=\"async\" width=\"15\" height=\"15\" class=\"size-full wp-image-33554 lazyload\" title=\"ir a la p\u00e1gina web\" data-src=\"https:\/\/alzira.es\/wp-content\/uploads\/2018\/09\/lupa_1.png\" alt=\"lupa 1\" src=\"data:image\/svg+xml;base64,PHN2ZyB3aWR0aD0iMSIgaGVpZ2h0PSIxIiB4bWxucz0iaHR0cDovL3d3dy53My5vcmcvMjAwMC9zdmciPjwvc3ZnPg==\" style=\"--smush-placeholder-width: 15px; --smush-placeholder-aspect-ratio: 15\/15;\" \/>\u00a0Nivel C1<\/strong><\/span><\/a><\/span><\/p>\n<p><span style=\"color: #000080;\"><a href=\"http:\/\/www.jqcv.gva.es\/ca\/nivell-c2%20\" target=\"_blank\" rel=\"noopener\"><span style=\"color: #000080;\"><strong><img decoding=\"async\" width=\"15\" height=\"15\" class=\"size-full wp-image-33554 lazyload\" title=\"ir a la p\u00e1gina web\" data-src=\"https:\/\/alzira.es\/wp-content\/uploads\/2018\/09\/lupa_1.png\" alt=\"lupa 1\" src=\"data:image\/svg+xml;base64,PHN2ZyB3aWR0aD0iMSIgaGVpZ2h0PSIxIiB4bWxucz0iaHR0cDovL3d3dy53My5vcmcvMjAwMC9zdmciPjwvc3ZnPg==\" style=\"--smush-placeholder-width: 15px; --smush-placeholder-aspect-ratio: 15\/15;\" \/>\u00a0Nivel C2<\/strong><\/span><\/a><\/span><\/p>\n<p><strong>CERTIFICADOS DE CAPACITACI\u00d3N T\u00c9CNICA<\/strong><\/p>\n<p><span style=\"color: #000080;\"><a href=\"http:\/\/www.jqcv.gva.es\/ca\/lenguatge-administratiu\" target=\"_blank\" rel=\"noopener\"><span style=\"color: #000080;\"><strong><img decoding=\"async\" width=\"15\" height=\"15\" class=\"size-full wp-image-33554 lazyload\" title=\"ir a la p\u00e1gina web\" data-src=\"https:\/\/alzira.es\/wp-content\/uploads\/2018\/09\/lupa_1.png\" alt=\"lupa 1\" src=\"data:image\/svg+xml;base64,PHN2ZyB3aWR0aD0iMSIgaGVpZ2h0PSIxIiB4bWxucz0iaHR0cDovL3d3dy53My5vcmcvMjAwMC9zdmciPjwvc3ZnPg==\" style=\"--smush-placeholder-width: 15px; --smush-placeholder-aspect-ratio: 15\/15;\" \/>\u00a0Lenguaje administrativo<\/strong><\/span><\/a><\/span><\/p>\n<p><span style=\"color: #000080;\"><a href=\"http:\/\/www.jqcv.gva.es\/ca\/correccio-textos\" target=\"_blank\" rel=\"noopener\"><span style=\"color: #000080;\"><strong><img decoding=\"async\" width=\"15\" height=\"15\" class=\"size-full wp-image-33554 lazyload\" title=\"ir a la p\u00e1gina web\" data-src=\"https:\/\/alzira.es\/wp-content\/uploads\/2018\/09\/lupa_1.png\" alt=\"lupa 1\" src=\"data:image\/svg+xml;base64,PHN2ZyB3aWR0aD0iMSIgaGVpZ2h0PSIxIiB4bWxucz0iaHR0cDovL3d3dy53My5vcmcvMjAwMC9zdmciPjwvc3ZnPg==\" style=\"--smush-placeholder-width: 15px; --smush-placeholder-aspect-ratio: 15\/15;\" \/>\u00a0Correcci\u00f3n de textos<\/strong><\/span><\/a><\/span><\/p>\n<p><span style=\"color: #000080;\"><a href=\"http:\/\/www.jqcv.gva.es\/ca\/llenguatge-mitjans-comunicacio\" target=\"_blank\" rel=\"noopener\"><span style=\"color: #000080;\"><strong><img decoding=\"async\" width=\"15\" height=\"15\" class=\"size-full wp-image-33554 lazyload\" title=\"ir a la p\u00e1gina web\" data-src=\"https:\/\/alzira.es\/wp-content\/uploads\/2018\/09\/lupa_1.png\" alt=\"lupa 1\" src=\"data:image\/svg+xml;base64,PHN2ZyB3aWR0aD0iMSIgaGVpZ2h0PSIxIiB4bWxucz0iaHR0cDovL3d3dy53My5vcmcvMjAwMC9zdmciPjwvc3ZnPg==\" style=\"--smush-placeholder-width: 15px; --smush-placeholder-aspect-ratio: 15\/15;\" \/>\u00a0Lenguaje en los medios de comunicaci\u00f3n<\/strong><\/span><\/a><\/span><\/p>\n<p><strong>______________<\/strong><\/p>\n<p><a href=\"http:\/\/www.jqcv.gva.es\/ca\/models-sol-licituds\" target=\"_blank\" rel=\"noopener\"><strong><img decoding=\"async\" width=\"15\" height=\"15\" class=\"size-full wp-image-33554 lazyload\" title=\"ir a la p\u00e1gina web\" data-src=\"https:\/\/alzira.es\/wp-content\/uploads\/2018\/09\/lupa_1.png\" alt=\"lupa 1\" src=\"data:image\/svg+xml;base64,PHN2ZyB3aWR0aD0iMSIgaGVpZ2h0PSIxIiB4bWxucz0iaHR0cDovL3d3dy53My5vcmcvMjAwMC9zdmciPjwvc3ZnPg==\" style=\"--smush-placeholder-width: 15px; --smush-placeholder-aspect-ratio: 15\/15;\" \/>\u00a0Impreso de solicitud de revisi\u00f3n de la prueba<\/strong><\/a><\/p>\n<p><a href=\"http:\/\/www.jqcv.gva.es\/ca\/models-sol-licituds\" target=\"_blank\" rel=\"noopener\"><strong><img decoding=\"async\" width=\"15\" height=\"15\" class=\"size-full wp-image-33554 lazyload\" title=\"ir a la p\u00e1gina web\" data-src=\"https:\/\/alzira.es\/wp-content\/uploads\/2018\/09\/lupa_1.png\" alt=\"lupa 1\" src=\"data:image\/svg+xml;base64,PHN2ZyB3aWR0aD0iMSIgaGVpZ2h0PSIxIiB4bWxucz0iaHR0cDovL3d3dy53My5vcmcvMjAwMC9zdmciPjwvc3ZnPg==\" style=\"--smush-placeholder-width: 15px; --smush-placeholder-aspect-ratio: 15\/15;\" \/>\u00a0Impreso de certificado provisional<\/strong><\/a><\/p>\n<p><a href=\"http:\/\/www.jqcv.gva.es\/ca\/models-sol-licituds\" target=\"_blank\" rel=\"noopener\"><strong><img decoding=\"async\" width=\"15\" height=\"15\" class=\"size-full wp-image-33554 lazyload\" title=\"ir a la p\u00e1gina web\" data-src=\"https:\/\/alzira.es\/wp-content\/uploads\/2018\/09\/lupa_1.png\" alt=\"lupa 1\" src=\"data:image\/svg+xml;base64,PHN2ZyB3aWR0aD0iMSIgaGVpZ2h0PSIxIiB4bWxucz0iaHR0cDovL3d3dy53My5vcmcvMjAwMC9zdmciPjwvc3ZnPg==\" style=\"--smush-placeholder-width: 15px; --smush-placeholder-aspect-ratio: 15\/15;\" \/>\u00a0Impreso de solicitud de duplicado del certificado de la JQCV<\/strong><\/a><\/p>\n<p><a href=\"https:\/\/alzira.es\/wp-content\/uploads\/2018\/09\/Solicitud_grado_elemental.pdf\" target=\"_blank\" rel=\"noopener\"><strong><img decoding=\"async\" width=\"18\" height=\"15\" class=\"size-full wp-image-33543 lazyload\" title=\"documento PDF\" data-src=\"https:\/\/alzira.es\/wp-content\/uploads\/2018\/09\/pdf_rojo.gif\" alt=\"pdf rojo\" src=\"data:image\/svg+xml;base64,PHN2ZyB3aWR0aD0iMSIgaGVpZ2h0PSIxIiB4bWxucz0iaHR0cDovL3d3dy53My5vcmcvMjAwMC9zdmciPjwvc3ZnPg==\" style=\"--smush-placeholder-width: 18px; --smush-placeholder-aspect-ratio: 18\/15;\" \/>\u00a0Impreso de solicitud de convalidaci\u00f3n del certificado de B1 (antiguo elemental) de la JQCV<\/strong><\/a><a href=\"http:\/\/www.ceice.gva.es\/documents\/161863132\/164859523\/Solicitud+grado+elemental.pdf\/6339de8d-6a3e-4bac-b058-00dbf17b5ff8\"><br \/>\n<\/a><\/p>\n<p><span style=\"text-decoration: underline;\"><strong>PER\u00cdODO DE MATRICULACI\u00d3N<\/strong><\/span><\/p>\n<p><strong>Primer per\u00edodo:<\/strong> del 23 de marzo al 9 de abril de 2018 (A2, B1, C1)<\/p>\n<p><strong>Segundo per\u00edodo:<\/strong> del 1 al 15 de septiembre de 2018 (B2, C2)<\/p>\n<p><span style=\"text-decoration: underline;\"><strong style=\"font-size: 14.4px;\"><strong style=\"font-size: 14.4px;\">CALENDARIO DE PRUEBAS<\/strong><span style=\"font-size: 14.4px; font-weight: normal;\">\u00a0<\/span><\/strong><\/span><\/p>\n<p><strong style=\"font-size: 14.4px;\"><a style=\"font-size: 14.4px; font-weight: normal;\" href=\"http:\/\/www.jqcv.gva.es\/ca\/calendari-proves\">http:\/\/www.jqcv.gva.es\/ca\/calendari-proves<\/a><\/strong><\/p>\n<p><span style=\"text-decoration: underline;\"><strong>\u00bfQUIEN PUEDE PRESENTARSE A LAS PRUEBAS?<\/strong><\/span><\/p>\n<p>Para poder participar en las pruebas hay que tener como m\u00ednimo diecisiete a\u00f1os.<\/p>\n<p>Las personas aspirantes a los certificados de capacitaci\u00f3n t\u00e9cnica de Lenguaje administrativo y de Lenguaje en los medios de comunicaci\u00f3n han de estar en posesi\u00f3n del certificado de Grau Mitj\u00e0.<\/p>\n<p>Las personas aspirantes al certificado de capacitaci\u00f3n t\u00e9cnica de Correcci\u00f3n de textos han de estar en posesi\u00f3n del certificado de Grau Superior.<\/p>\n","protected":false},"excerpt":{"rendered":"<p>LAS PRUEBAS La JQCV expide dos tipos de certificados: los de conocimientos generales de la lengua y los de conocimientos espec\u00edficos. CERTIFICADOS DE CONOCIMIENTOS GENERALES \u00a0Nivel A2 \u00a0Nivel B1 \u00a0Nivel B2 \u00a0Nivel C1 \u00a0Nivel C2 CERTIFICADOS DE CAPACITACI\u00d3N T\u00c9CNICA \u00a0Lenguaje administrativo \u00a0Correcci\u00f3n de textos \u00a0Lenguaje en los medios de comunicaci\u00f3n ______________ \u00a0Impreso de solicitud de &hellip; <\/p>\n<p class=\"link-more\"><a href=\"https:\/\/alzira.es\/es\/servicios-municipales\/serval\/aprendizaje\/jqcv\/\" class=\"more-link\">Continuar leyendo<span class=\"screen-reader-text\"> \u00abJQCV\u00bb<\/span><\/a><\/p>\n","protected":false},"author":12,"featured_media":0,"parent":36519,"menu_order":22,"comment_status":"closed","ping_status":"closed","template":"","meta":{"_acf_changed":false,"footnotes":""},"class_list":["post-33562","page","type-page","status-publish","hentry"],"acf":[],"_links":{"self":[{"href":"https:\/\/alzira.es\/es\/wp-json\/wp\/v2\/pages\/33562","targetHints":{"allow":["GET"]}}],"collection":[{"href":"https:\/\/alzira.es\/es\/wp-json\/wp\/v2\/pages"}],"about":[{"href":"https:\/\/alzira.es\/es\/wp-json\/wp\/v2\/types\/page"}],"author":[{"embeddable":true,"href":"https:\/\/alzira.es\/es\/wp-json\/wp\/v2\/users\/12"}],"replies":[{"embeddable":true,"href":"https:\/\/alzira.es\/es\/wp-json\/wp\/v2\/comments?post=33562"}],"version-history":[{"count":2,"href":"https:\/\/alzira.es\/es\/wp-json\/wp\/v2\/pages\/33562\/revisions"}],"predecessor-version":[{"id":87058,"href":"https:\/\/alzira.es\/es\/wp-json\/wp\/v2\/pages\/33562\/revisions\/87058"}],"up":[{"embeddable":true,"href":"https:\/\/alzira.es\/es\/wp-json\/wp\/v2\/pages\/36519"}],"wp:attachment":[{"href":"https:\/\/alzira.es\/es\/wp-json\/wp\/v2\/media?parent=33562"}],"curies":[{"name":"wp","href":"https:\/\/api.w.org\/{rel}","templated":true}]}}