{"id":33556,"date":"2018-09-19T13:29:13","date_gmt":"2018-09-19T11:29:13","guid":{"rendered":"https:\/\/alzira.es\/ayudas-y-subvenciones\/"},"modified":"2021-08-31T16:30:23","modified_gmt":"2021-08-31T14:30:23","slug":"ayudas-y-subvenciones","status":"publish","type":"page","link":"https:\/\/alzira.es\/es\/servicios-municipales\/serval\/tramites\/ayudas-y-subvenciones\/","title":{"rendered":"Ayudas y subvenciones"},"content":{"rendered":"\n<div class=\"wp-block-image\"><figure class=\"alignleft\"><img fetchpriority=\"high\" decoding=\"async\" width=\"266\" height=\"420\" src=\"https:\/\/alzira.es\/wp-content\/uploads\/2018\/09\/logo_serval-05-05_x2.jpg\" alt=\"logo serval-05-05 x2\" class=\"wp-image-33550\"\/><\/figure><\/div>\n\n\n\n<p>&nbsp;<strong><a href=\"http:\/\/www.ceice.gva.es\/web\/dgplgm\/ajuntaments\" target=\"_blank\" rel=\"noopener\"><img decoding=\"async\" width=\"15\" height=\"15\" title=\"ir a la p\u00e1gina web\" class=\"size-full wp-image-33554 lazyload\" data-src=\"https:\/\/alzira.es\/wp-content\/uploads\/2018\/09\/lupa_1.png\" alt=\"lupa 1\" src=\"data:image\/svg+xml;base64,PHN2ZyB3aWR0aD0iMSIgaGVpZ2h0PSIxIiB4bWxucz0iaHR0cDovL3d3dy53My5vcmcvMjAwMC9zdmciPjwvc3ZnPg==\" style=\"--smush-placeholder-width: 15px; --smush-placeholder-aspect-ratio: 15\/15;\">&nbsp;Ayuntamientos<\/a><\/strong><\/p>\n\n\n\n<p><a href=\"http:\/\/www.ceice.gva.es\/web\/dgplgm\/ambit-musical\" target=\"_blank\" rel=\"noopener\"><strong><img decoding=\"async\" width=\"15\" height=\"15\" class=\"size-full wp-image-33554 lazyload\" title=\"ir a la p\u00e1gina web\" data-src=\"https:\/\/alzira.es\/wp-content\/uploads\/2018\/09\/lupa_1.png\" alt=\"lupa 1\" src=\"data:image\/svg+xml;base64,PHN2ZyB3aWR0aD0iMSIgaGVpZ2h0PSIxIiB4bWxucz0iaHR0cDovL3d3dy53My5vcmcvMjAwMC9zdmciPjwvc3ZnPg==\" style=\"--smush-placeholder-width: 15px; --smush-placeholder-aspect-ratio: 15\/15;\">&nbsp;\u00c1mbito musical<\/strong><\/a><\/p>\n\n\n\n<p><a href=\"http:\/\/www.ceice.gva.es\/web\/dgplgm\/associacions\" target=\"_blank\" rel=\"noopener\"><strong><img decoding=\"async\" width=\"15\" height=\"15\" class=\"size-full wp-image-33554 lazyload\" title=\"ir a la p\u00e1gina web\" data-src=\"https:\/\/alzira.es\/wp-content\/uploads\/2018\/09\/lupa_1.png\" alt=\"lupa 1\" src=\"data:image\/svg+xml;base64,PHN2ZyB3aWR0aD0iMSIgaGVpZ2h0PSIxIiB4bWxucz0iaHR0cDovL3d3dy53My5vcmcvMjAwMC9zdmciPjwvc3ZnPg==\" style=\"--smush-placeholder-width: 15px; --smush-placeholder-aspect-ratio: 15\/15;\">&nbsp;Asociaciones y entidades sin finalidad lucrativa<\/strong><\/a><\/p>\n\n\n\n<p><a href=\"http:\/\/www.ceice.gva.es\/web\/dgplgm\/cinema\" target=\"_blank\" rel=\"noopener\"><strong><img decoding=\"async\" width=\"15\" height=\"15\" class=\"size-full wp-image-33554 lazyload\" title=\"ir a la p\u00e1gina web\" data-src=\"https:\/\/alzira.es\/wp-content\/uploads\/2018\/09\/lupa_1.png\" alt=\"lupa 1\" src=\"data:image\/svg+xml;base64,PHN2ZyB3aWR0aD0iMSIgaGVpZ2h0PSIxIiB4bWxucz0iaHR0cDovL3d3dy53My5vcmcvMjAwMC9zdmciPjwvc3ZnPg==\" style=\"--smush-placeholder-width: 15px; --smush-placeholder-aspect-ratio: 15\/15;\">&nbsp;Cine, teatro, librerias y publicidad<\/strong><\/a><\/p>\n\n\n\n<p><a href=\"http:\/\/www.ceice.gva.es\/web\/dgplgm\/empreses\" target=\"_blank\" rel=\"noopener\"><strong><img decoding=\"async\" width=\"15\" height=\"15\" class=\"size-full wp-image-33554 lazyload\" title=\"ir a la p\u00e1gina web\" data-src=\"https:\/\/alzira.es\/wp-content\/uploads\/2018\/09\/lupa_1.png\" alt=\"lupa 1\" src=\"data:image\/svg+xml;base64,PHN2ZyB3aWR0aD0iMSIgaGVpZ2h0PSIxIiB4bWxucz0iaHR0cDovL3d3dy53My5vcmcvMjAwMC9zdmciPjwvc3ZnPg==\" style=\"--smush-placeholder-width: 15px; --smush-placeholder-aspect-ratio: 15\/15;\">&nbsp;Empresas, comercios e industria<\/strong><\/a><\/p>\n\n\n\n<p><a href=\"http:\/\/www.ceice.gva.es\/web\/dgplgm\/mitjans-de-comunicacio\" target=\"_blank\" rel=\"noopener\"><strong><img decoding=\"async\" width=\"15\" height=\"15\" class=\"size-full wp-image-33554 lazyload\" title=\"ir a la p\u00e1gina web\" data-src=\"https:\/\/alzira.es\/wp-content\/uploads\/2018\/09\/lupa_1.png\" alt=\"lupa 1\" src=\"data:image\/svg+xml;base64,PHN2ZyB3aWR0aD0iMSIgaGVpZ2h0PSIxIiB4bWxucz0iaHR0cDovL3d3dy53My5vcmcvMjAwMC9zdmciPjwvc3ZnPg==\" style=\"--smush-placeholder-width: 15px; --smush-placeholder-aspect-ratio: 15\/15;\">&nbsp;Medios de comunicaci\u00f3n social<\/strong><\/a><\/p>\n\n\n\n<p><a href=\"http:\/\/www.ceice.gva.es\/web\/dgplgm\/literaria\" target=\"_blank\" rel=\"noopener\"><strong><img decoding=\"async\" width=\"15\" height=\"15\" class=\"size-full wp-image-33554 lazyload\" title=\"ir a la p\u00e1gina web\" data-src=\"https:\/\/alzira.es\/wp-content\/uploads\/2018\/09\/lupa_1.png\" alt=\"lupa 1\" src=\"data:image\/svg+xml;base64,PHN2ZyB3aWR0aD0iMSIgaGVpZ2h0PSIxIiB4bWxucz0iaHR0cDovL3d3dy53My5vcmcvMjAwMC9zdmciPjwvc3ZnPg==\" style=\"--smush-placeholder-width: 15px; --smush-placeholder-aspect-ratio: 15\/15;\">&nbsp;Traducci\u00f3n literaria<\/strong><\/a><\/p>\n\n\n\n<p><a href=\"http:\/\/www.ceice.gva.es\/web\/dgplgm\/treballs-d-investigacio\" target=\"_blank\" rel=\"noopener\"><strong><img decoding=\"async\" width=\"15\" height=\"15\" class=\"size-full wp-image-33554 lazyload\" title=\"ir a la p\u00e1gina web\" data-src=\"https:\/\/alzira.es\/wp-content\/uploads\/2018\/09\/lupa_1.png\" alt=\"lupa 1\" src=\"data:image\/svg+xml;base64,PHN2ZyB3aWR0aD0iMSIgaGVpZ2h0PSIxIiB4bWxucz0iaHR0cDovL3d3dy53My5vcmcvMjAwMC9zdmciPjwvc3ZnPg==\" style=\"--smush-placeholder-width: 15px; --smush-placeholder-aspect-ratio: 15\/15;\">&nbsp;Trabajos de investigaci\u00f3n<\/strong><\/a><\/p>\n","protected":false},"excerpt":{"rendered":"<p>&nbsp;&nbsp;Ayuntamientos &nbsp;\u00c1mbito musical &nbsp;Asociaciones y entidades sin finalidad lucrativa &nbsp;Cine, teatro, librerias y publicidad &nbsp;Empresas, comercios e industria &nbsp;Medios de comunicaci\u00f3n social &nbsp;Traducci\u00f3n literaria &nbsp;Trabajos de investigaci\u00f3n<\/p>\n","protected":false},"author":12,"featured_media":0,"parent":36523,"menu_order":23,"comment_status":"closed","ping_status":"closed","template":"","meta":{"_acf_changed":false,"footnotes":""},"class_list":["post-33556","page","type-page","status-publish","hentry"],"acf":[],"_links":{"self":[{"href":"https:\/\/alzira.es\/es\/wp-json\/wp\/v2\/pages\/33556","targetHints":{"allow":["GET"]}}],"collection":[{"href":"https:\/\/alzira.es\/es\/wp-json\/wp\/v2\/pages"}],"about":[{"href":"https:\/\/alzira.es\/es\/wp-json\/wp\/v2\/types\/page"}],"author":[{"embeddable":true,"href":"https:\/\/alzira.es\/es\/wp-json\/wp\/v2\/users\/12"}],"replies":[{"embeddable":true,"href":"https:\/\/alzira.es\/es\/wp-json\/wp\/v2\/comments?post=33556"}],"version-history":[{"count":2,"href":"https:\/\/alzira.es\/es\/wp-json\/wp\/v2\/pages\/33556\/revisions"}],"predecessor-version":[{"id":87342,"href":"https:\/\/alzira.es\/es\/wp-json\/wp\/v2\/pages\/33556\/revisions\/87342"}],"up":[{"embeddable":true,"href":"https:\/\/alzira.es\/es\/wp-json\/wp\/v2\/pages\/36523"}],"wp:attachment":[{"href":"https:\/\/alzira.es\/es\/wp-json\/wp\/v2\/media?parent=33556"}],"curies":[{"name":"wp","href":"https:\/\/api.w.org\/{rel}","templated":true}]}}