{"id":33547,"date":"2018-09-19T13:20:33","date_gmt":"2018-09-19T11:20:33","guid":{"rendered":"https:\/\/alzira.es\/solicitudes\/"},"modified":"2021-08-31T16:49:56","modified_gmt":"2021-08-31T14:49:56","slug":"solicitudes","status":"publish","type":"page","link":"https:\/\/alzira.es\/es\/servicios-municipales\/serval\/tramites\/solicitudes\/","title":{"rendered":"Solicitudes de convalidaci\u00f3n"},"content":{"rendered":"\n<div class=\"wp-block-image\"><figure class=\"alignleft\"><img fetchpriority=\"high\" decoding=\"async\" width=\"266\" height=\"483\" src=\"https:\/\/alzira.es\/wp-content\/uploads\/2018\/09\/logo_serval-05-05_x23.jpg\" alt=\"logo serval-05-05 x23\" class=\"wp-image-33538\"\/><\/figure><\/div>\n\n\n\n<p>\u00a0El certificado de <strong>B1<\/strong> de la<strong> JQCV<\/strong> (antiguo elemental) se homologa por haber cursado y aprobado la asignatura de valenciano en los siguientes cursos y etapas educativas:<\/p>\n\n\n\n<p>\u2022 En todos los cursos de Educaci\u00f3n Primaria y de Educaci\u00f3n Secundaria Obligatoria (Orden del 16 de agosto de 1994, de la Conselleria de Educaci\u00f3n y Ciencia, DOGV de 24.08.1994)<\/p>\n\n\n\n<p>\u2022 En todos los cursos de Educaci\u00f3n General B\u00e1sica (Orden del 16 de agosto de 1994, de la Conselleria de Educaci\u00f3n i Ciencia, DOGV de 24.08.1994)<\/p>\n\n\n\n<p>\u2022 En al menos 3 cursos de entre los 3 de BUP y COU. A estos efectos consideramos equiparables a estos cursos 3ro y 4to de ESO y 1ro y 2n de Bachillerato. (Orden del 24 de junio de 1999, de la Conselleria de Cultura, Educaci\u00f3n y Ciencia, DOGV de 22.07.1999).<\/p>\n\n\n\n<p>\u2022 En los dos cursos del primer grado y en los dos primeros cursos del segundo grado de Formaci\u00f3n Profesional (Orden de 24 de junio de 1999, de la Conselleria de Cultura, Educaci\u00f3n y Ciencia. DOGV de 22.07.1999).<\/p>\n\n\n\n<p><a href=\"https:\/\/alzira.es\/wp-content\/uploads\/2018\/09\/Solicitud_grado_elemental.pdf\" target=\"_blank\" rel=\"noopener\"><strong><img decoding=\"async\" width=\"18\" height=\"15\" class=\"size-full wp-image-33543 lazyload\" title=\"documento PDF\" data-src=\"https:\/\/alzira.es\/wp-content\/uploads\/2018\/09\/pdf_rojo.gif\" alt=\"pdf rojo\" src=\"data:image\/svg+xml;base64,PHN2ZyB3aWR0aD0iMSIgaGVpZ2h0PSIxIiB4bWxucz0iaHR0cDovL3d3dy53My5vcmcvMjAwMC9zdmciPjwvc3ZnPg==\" style=\"--smush-placeholder-width: 18px; --smush-placeholder-aspect-ratio: 18\/15;\">&nbsp;Archivo de convalidaci\u00f3n del grado elemental<\/strong><\/a><\/p>\n\n\n\n<p><span style=\"color: #0000ff;\">&nbsp;<\/span><\/p>\n","protected":false},"excerpt":{"rendered":"<p>\u00a0El certificado de B1 de la JQCV (antiguo elemental) se homologa por haber cursado y aprobado la asignatura de valenciano en los siguientes cursos y etapas educativas: \u2022 En todos los cursos de Educaci\u00f3n Primaria y de Educaci\u00f3n Secundaria Obligatoria (Orden del 16 de agosto de 1994, de la Conselleria de Educaci\u00f3n y Ciencia, DOGV &hellip; <\/p>\n<p class=\"link-more\"><a href=\"https:\/\/alzira.es\/es\/servicios-municipales\/serval\/tramites\/solicitudes\/\" class=\"more-link\">Continuar leyendo<span class=\"screen-reader-text\"> \u00abSolicitudes de convalidaci\u00f3n\u00bb<\/span><\/a><\/p>\n","protected":false},"author":12,"featured_media":0,"parent":36523,"menu_order":24,"comment_status":"closed","ping_status":"closed","template":"","meta":{"_acf_changed":false,"footnotes":""},"class_list":["post-33547","page","type-page","status-publish","hentry"],"acf":[],"_links":{"self":[{"href":"https:\/\/alzira.es\/es\/wp-json\/wp\/v2\/pages\/33547","targetHints":{"allow":["GET"]}}],"collection":[{"href":"https:\/\/alzira.es\/es\/wp-json\/wp\/v2\/pages"}],"about":[{"href":"https:\/\/alzira.es\/es\/wp-json\/wp\/v2\/types\/page"}],"author":[{"embeddable":true,"href":"https:\/\/alzira.es\/es\/wp-json\/wp\/v2\/users\/12"}],"replies":[{"embeddable":true,"href":"https:\/\/alzira.es\/es\/wp-json\/wp\/v2\/comments?post=33547"}],"version-history":[{"count":2,"href":"https:\/\/alzira.es\/es\/wp-json\/wp\/v2\/pages\/33547\/revisions"}],"predecessor-version":[{"id":87369,"href":"https:\/\/alzira.es\/es\/wp-json\/wp\/v2\/pages\/33547\/revisions\/87369"}],"up":[{"embeddable":true,"href":"https:\/\/alzira.es\/es\/wp-json\/wp\/v2\/pages\/36523"}],"wp:attachment":[{"href":"https:\/\/alzira.es\/es\/wp-json\/wp\/v2\/media?parent=33547"}],"curies":[{"name":"wp","href":"https:\/\/api.w.org\/{rel}","templated":true}]}}