{"id":33350,"date":"2018-09-13T12:14:40","date_gmt":"2018-09-13T10:14:40","guid":{"rendered":"https:\/\/alzira.es\/xxx-premio-de-novela-ciutat-d-alzira\/"},"modified":"2021-07-26T19:09:54","modified_gmt":"2021-07-26T17:09:54","slug":"premios-edicion-actual","status":"publish","type":"page","link":"https:\/\/alzira.es\/es\/la-ciudad\/premios-literarios-ciutat-dalzira\/premios-edicion-actual\/","title":{"rendered":"Premios Edici\u00f3n Actual"},"content":{"rendered":"<p><span style=\"color: #9932cc;\"><strong>XXXI Premio de Novela Ciutat d&#8217;Alzira<\/strong><\/span><strong><img decoding=\"async\" class=\"alignleft size-full wp-image-33347 lazyload\" style=\"--smush-placeholder-width: 333px; --smush-placeholder-aspect-ratio: 333\/1201;margin-left: 100px; margin-top: 20px; float: left;\" title=\"premis literaris\" data-src=\"https:\/\/alzira.es\/wp-content\/uploads\/2018\/09\/titol_MORAT-01_3.4.jpg\" alt=\"titol MORAT-01 3.4\" src=\"data:image\/svg+xml;base64,PHN2ZyB3aWR0aD0iMSIgaGVpZ2h0PSIxIiB4bWxucz0iaHR0cDovL3d3dy53My5vcmcvMjAwMC9zdmciPjwvc3ZnPg==\"><\/strong><\/p>\n<p style=\"text-align: justify;\"><span style=\"color: #cc99ff;\"><span style=\"color: #9932cc;\">DISPOSICIONES<\/span> <span style=\"color: #9932cc;\">ESPEC\u00cdFICAS<\/span><\/span><\/p>\n<p style=\"text-align: justify;\"><span style=\"color: #9932cc;\"><strong>1.<\/strong><\/span> Pueden optar a este premio las novelas escritas en valenciano, o en cualquier otra variedad de la lengua, con una extensi\u00f3n comprendida entre los 150.000 y&nbsp;los 450.000 caracteres, espacios incluidos. Las obras se presentar\u00e1n exclusivamente por correo&nbsp;electr\u00f3nico como se indica en las disposiciones particulares de estas bases.<\/p>\n<p style=\"text-align: justify;\"><span style=\"color: #9932cc;\"><strong>2.<\/strong><\/span> El importe del premio convocado es de 16.000 \u20ac, que se entender\u00e1n como pago&nbsp;los derechos de autor de los 4.000 primeros ejemplares que se vendan.<\/p>\n<p style=\"text-align: justify;\"><span style=\"color: #9932cc;\"><strong>3.<\/strong><\/span> El jurado estar\u00e1 formado por Carol Borr\u00e0s, N\u00faria Cadenes, Ver\u00f2nica Cant\u00f3, Margarida Castellano i Anna Moner.<\/p>\n<p style=\"text-align: justify;\"><span style=\"color: #9932cc;\"><strong>4.<\/strong><\/span> El t\u00edtulo de la obra ganadora se har\u00e1 p\u00fablico el d\u00eda 8 de noviembre de 2019.<\/p>\n<p style=\"text-align: justify;\"><span style=\"color: #9932cc;\"><strong>5.<\/strong><\/span> El libro galardonado ser\u00e1 publicado en la colecci\u00f3n \u00abL&#8217;Ecl\u00e8ctica\u00bb de Ediciones&nbsp;Bromera.<\/p>\n<p style=\"text-align: justify;\"><span style=\"color: #9932cc;\"><strong>6.<\/strong><\/span> El resto de aspectos que rigen el certamen est\u00e1n recogidos en las disposiciones&nbsp;generales y particulares de estas bases.<\/p>\n<p style=\"text-align: justify;\"><span style=\"color: #9932cc;\">DISPOSICIONES PARTICULARES<\/span><\/p>\n<p style=\"text-align: justify;\"><span style=\"color: #9932cc;\"><strong>1.<\/strong><\/span> Las obras que optan al premio de novela se tendr\u00e1n que presentar en formato electr\u00f3nico a <a href=\"mailto:premisliteraris.novel-la@alzira.es\">premisliteraris.novel-la@alzira.es<\/a>&nbsp;e indicar en el asunto el t\u00edtulo de la obra.<\/p>\n<p style=\"text-align: justify;\"><span style=\"color: #9932cc;\"><strong>2.<\/strong><\/span> Este correo electr\u00f3nico es exclusivo para la recepci\u00f3n de las obras que optan a los premios junto con la documentaci\u00f3n adjunta. Para cualquier consulta se tiene que escribir a: <a href=\"mailto:serval@alzira.es\">serval@alzira.es<\/a><\/p>\n<p style=\"text-align: justify;\"><span style=\"color: #9932cc;\"><strong>3.<\/strong><\/span> Las obras se tienen que presentar por correo electr\u00f3nico dentro del&nbsp;plazo reglamentario en formato PDF y el documento tiene que llevar el t\u00edtulo de la obra, la tipograf\u00eda Arial o similar, cuerpo 12, a doble espacio y, en portada, es necesario especificar la leyenda \u00abOpta al Premi de Novel\u00b7la Ciutat d&#8217;Alzira 2019\u00bb. En el cuerpo del correo estar\u00e1n los datos del autor\/a (direcci\u00f3n postal, direcci\u00f3n electr\u00f3nica, n\u00famero de tel\u00e9fono y copia digitalizada del DNI). Adem\u00e1s, seg\u00fan la nueva Ley de Protecci\u00f3n de Datos, se debe adjuntar el consentimiento firmado para la gesti\u00f3n de estos datos personales (modelo disponible en www.bromera.com\/datos). Los funcionarios del Ayuntamiento preservar\u00e1n la identidad de los autores y autoras y s\u00f3lo ser\u00e1 desvelada al jurado despu\u00e9s de la elecci\u00f3n de la obra ganadora.<\/p>\n<p style=\"text-align: justify;\"><span style=\"color: #ff9900;\"><strong><a href=\"index.php?option=com_content&amp;view=article&amp;id=9737;xxiv-premio-europeo-de-divulgacion-cientifica-estudi-general&amp;catid=428;plca-2018\" target=\"_self\" rel=\"noopener\">XXV Premio Europeo de Divulgaci\u00f3n Cient\u00edfica Estudi General<\/a><\/strong><\/span><\/p>\n<p><span style=\"color: #ff9900;\"><strong><a href=\"index.php?option=com_content&amp;view=article&amp;id=9738;xxiii-premio-fundacion-bancaja-de-narrativa-juvenil&amp;catid=428;plca-2018\" target=\"_self\" rel=\"noopener\">XXIV Premio<\/a>&nbsp;<a href=\"index.php?option=com_content&amp;view=article&amp;id=9738;xxiii-premio-fundacion-bancaja-de-narrativa-juvenil&amp;catid=428;plca-2018\" target=\"_self\" rel=\"noopener\">Fundaci\u00f3n Bancaja<\/a>&nbsp;<a href=\"index.php?option=com_content&amp;view=article&amp;id=9738;xxiii-premio-fundacion-bancaja-de-narrativa-juvenil&amp;catid=428;plca-2018\" target=\"_self\" rel=\"noopener\">de Narrativa Juvenil<\/a><\/strong><\/span><\/p>\n<p><strong style=\"color: #ff9900; font-size: 14.4px;\"><span><span><\/span><\/span><a href=\"index.php?option=com_content&amp;view=article&amp;id=9739;xxiii-premio-de-narrativa-infantil-vicent-silvestre&amp;catid=428;plca-2018\" target=\"_self\" rel=\"noopener\">XXIV Premio de Narrativa Infantil Vicent Silvestre<\/a><\/strong><\/p>\n<p><strong style=\"color: #ff9900; font-size: 14.4px;\"><span><\/span><a href=\"index.php?option=com_content&amp;view=article&amp;id=9740;xx-premio-de-ensayo-mancomunitat-de-la-ribera-alta&amp;catid=428;plca-2018\" target=\"_self\" rel=\"noopener\">XXI Premio de Ensayo Mancomunitat de la Ribera Alta<\/a><\/strong><\/p>\n<p><span style=\"color: #ff9900;\"><strong><a href=\"index.php?option=com_content&amp;view=article&amp;id=9741;xiii-premio-de-poesia-ibn-afaja&amp;catid=428;plca-2018\" target=\"_self\" rel=\"noopener\">XIV Premio de Poes\u00eda Ibn Hafaja<\/a><\/strong><\/span><\/p>\n<p><span style=\"color: #ff9900;\"><strong><a href=\"index.php?option=com_content&amp;view=article&amp;id=9742;xiii-premio-de-teatro-ciutat-d-alzira-palanca-i-roca&amp;catid=428;plca-2018\" target=\"_self\" rel=\"noopener\">XIV Premio<\/a>&nbsp;<a href=\"index.php?option=com_content&amp;view=article&amp;id=9742;xiii-premio-de-teatro-ciutat-d-alzira-palanca-i-roca&amp;catid=428;plca-2018\" target=\"_self\" rel=\"noopener\">de Teatro<\/a>&nbsp;<a href=\"index.php?option=com_content&amp;view=article&amp;id=9742;xiii-premio-de-teatro-ciutat-d-alzira-palanca-i-roca&amp;catid=428;plca-2018\" target=\"_self\" rel=\"noopener\">Ciutat d&#8217;Alzira<\/a>&nbsp;<a href=\"index.php?option=com_content&amp;view=article&amp;id=9742;xiii-premio-de-teatro-ciutat-d-alzira-palanca-i-roca&amp;catid=428;plca-2018\" target=\"_self\" rel=\"noopener\">Palanca i Roca<\/a><\/strong><\/span><\/p>\n<p><strong style=\"color: #ff9900; font-size: 14.4px;\"><a href=\"index.php?option=com_content&amp;view=article&amp;id=9743;iii-premio-internacional-enric-solbes-de-album-ilustrado-consorci-ribera-valldigna&amp;catid=428;plca-2018\" target=\"_self\" rel=\"noopener\"><span><span><span><\/span><\/span>IV Premio Internacional Enric Solbes de \u00c1lbum Ilustrado Consorci Ribera-Valldigna<\/span><br \/>\n<\/a><\/strong><\/p>\n","protected":false},"excerpt":{"rendered":"<p>XXXI Premio de Novela Ciutat d&#8217;Alzira DISPOSICIONES ESPEC\u00cdFICAS 1. Pueden optar a este premio las novelas escritas en valenciano, o en cualquier otra variedad de la lengua, con una extensi\u00f3n comprendida entre los 150.000 y&nbsp;los 450.000 caracteres, espacios incluidos. Las obras se presentar\u00e1n exclusivamente por correo&nbsp;electr\u00f3nico como se indica en las disposiciones particulares de estas &hellip; <\/p>\n<p class=\"link-more\"><a href=\"https:\/\/alzira.es\/es\/la-ciudad\/premios-literarios-ciutat-dalzira\/premios-edicion-actual\/\" class=\"more-link\">Continuar leyendo<span class=\"screen-reader-text\"> \u00abPremios Edici\u00f3n Actual\u00bb<\/span><\/a><\/p>\n","protected":false},"author":12,"featured_media":0,"parent":32796,"menu_order":10,"comment_status":"closed","ping_status":"closed","template":"","meta":{"_acf_changed":false,"footnotes":""},"class_list":["post-33350","page","type-page","status-publish","hentry"],"acf":[],"_links":{"self":[{"href":"https:\/\/alzira.es\/es\/wp-json\/wp\/v2\/pages\/33350","targetHints":{"allow":["GET"]}}],"collection":[{"href":"https:\/\/alzira.es\/es\/wp-json\/wp\/v2\/pages"}],"about":[{"href":"https:\/\/alzira.es\/es\/wp-json\/wp\/v2\/types\/page"}],"author":[{"embeddable":true,"href":"https:\/\/alzira.es\/es\/wp-json\/wp\/v2\/users\/12"}],"replies":[{"embeddable":true,"href":"https:\/\/alzira.es\/es\/wp-json\/wp\/v2\/comments?post=33350"}],"version-history":[{"count":2,"href":"https:\/\/alzira.es\/es\/wp-json\/wp\/v2\/pages\/33350\/revisions"}],"predecessor-version":[{"id":83649,"href":"https:\/\/alzira.es\/es\/wp-json\/wp\/v2\/pages\/33350\/revisions\/83649"}],"up":[{"embeddable":true,"href":"https:\/\/alzira.es\/es\/wp-json\/wp\/v2\/pages\/32796"}],"wp:attachment":[{"href":"https:\/\/alzira.es\/es\/wp-json\/wp\/v2\/media?parent=33350"}],"curies":[{"name":"wp","href":"https:\/\/api.w.org\/{rel}","templated":true}]}}