{"id":32869,"date":"2018-08-06T08:34:27","date_gmt":"2018-08-06T06:34:27","guid":{"rendered":"https:\/\/alzira.es\/cena-premios\/"},"modified":"2025-06-30T14:07:37","modified_gmt":"2025-06-30T12:07:37","slug":"cena-premios","status":"publish","type":"page","link":"https:\/\/alzira.es\/es\/la-ciudad\/premios-literarios-ciutat-dalzira\/cena-premios\/","title":{"rendered":"GALA"},"content":{"rendered":"\t\t<div data-elementor-type=\"wp-page\" data-elementor-id=\"32869\" class=\"elementor elementor-32869\">\n\t\t\t\t\t\t<section class=\"elementor-section elementor-top-section elementor-element elementor-element-42e308fb elementor-section-boxed elementor-section-height-default elementor-section-height-default\" data-id=\"42e308fb\" data-element_type=\"section\">\n\t\t\t\t\t\t<div class=\"elementor-container elementor-column-gap-default\">\n\t\t\t\t\t<div class=\"elementor-column elementor-col-100 elementor-top-column elementor-element elementor-element-71b9a855\" data-id=\"71b9a855\" data-element_type=\"column\">\n\t\t\t<div class=\"elementor-widget-wrap elementor-element-populated\">\n\t\t\t\t\t\t<div class=\"elementor-element elementor-element-1cd534a9 elementor-widget elementor-widget-text-editor\" data-id=\"1cd534a9\" data-element_type=\"widget\" data-widget_type=\"text-editor.default\">\n\t\t\t\t<div class=\"elementor-widget-container\">\n\t\t\t\t\t\t\t\t\t<div class=\"x_elementToProof\"><strong>Gala dels Premis Literaris Ciutat d\u2019Alzira 2025<\/strong><\/div><div class=\"x_elementToProof\">\ud83d\udcc6 Divendres 7 de novembre \u23f0 a les 20 hores \ud83d\udccd al Gran Teatre d\u2019Alzira.<\/div><div class=\"x_elementToProof\">19 h: Fotoreclam.<\/div><div class=\"x_elementToProof\">20 h: Gala liter\u00e0ria condu\u00efda per la presentadora Maria Juan.<\/div><div class=\"x_elementToProof\">21.30 h: Sopar. Consulteu el men\u00fa ac\u00ed.<\/div><div class=\"x_elementToProof\">\ud83c\udf9f\ufe0f Entrades a la venda en la Casa de la Cultura fins al 4 de novembre de 17 a 20 h.<\/div>\t\t\t\t\t\t\t\t<\/div>\n\t\t\t\t<\/div>\n\t\t\t\t\t<\/div>\n\t\t<\/div>\n\t\t\t\t\t<\/div>\n\t\t<\/section>\n\t\t\t\t<\/div>\n\t\t","protected":false},"excerpt":{"rendered":"<p>Gala dels Premis Literaris Ciutat d\u2019Alzira 2025\ud83d\udcc6 Divendres 7 de novembre \u23f0 a les 20 hores \ud83d\udccd al Gran Teatre d\u2019Alzira.19 h: Fotoreclam.20 h: Gala liter\u00e0ria condu\u00efda per la presentadora Maria Juan.21.30 h: Sopar. Consulteu el men\u00fa ac\u00ed.\ud83c\udf9f\ufe0f Entrades a la venda en la Casa de la Cultura fins al 4 de novembre de 17 &hellip; <\/p>\n<p class=\"link-more\"><a href=\"https:\/\/alzira.es\/es\/la-ciudad\/premios-literarios-ciutat-dalzira\/cena-premios\/\" class=\"more-link\">Continuar leyendo<span class=\"screen-reader-text\"> \u00abGALA\u00bb<\/span><\/a><\/p>\n","protected":false},"author":12,"featured_media":32784,"parent":32796,"menu_order":19,"comment_status":"closed","ping_status":"closed","template":"","meta":{"_acf_changed":false,"footnotes":""},"class_list":["post-32869","page","type-page","status-publish","has-post-thumbnail","hentry"],"acf":[],"_links":{"self":[{"href":"https:\/\/alzira.es\/es\/wp-json\/wp\/v2\/pages\/32869","targetHints":{"allow":["GET"]}}],"collection":[{"href":"https:\/\/alzira.es\/es\/wp-json\/wp\/v2\/pages"}],"about":[{"href":"https:\/\/alzira.es\/es\/wp-json\/wp\/v2\/types\/page"}],"author":[{"embeddable":true,"href":"https:\/\/alzira.es\/es\/wp-json\/wp\/v2\/users\/12"}],"replies":[{"embeddable":true,"href":"https:\/\/alzira.es\/es\/wp-json\/wp\/v2\/comments?post=32869"}],"version-history":[{"count":2,"href":"https:\/\/alzira.es\/es\/wp-json\/wp\/v2\/pages\/32869\/revisions"}],"predecessor-version":[{"id":162122,"href":"https:\/\/alzira.es\/es\/wp-json\/wp\/v2\/pages\/32869\/revisions\/162122"}],"up":[{"embeddable":true,"href":"https:\/\/alzira.es\/es\/wp-json\/wp\/v2\/pages\/32796"}],"wp:featuredmedia":[{"embeddable":true,"href":"https:\/\/alzira.es\/es\/wp-json\/wp\/v2\/media\/32784"}],"wp:attachment":[{"href":"https:\/\/alzira.es\/es\/wp-json\/wp\/v2\/media?parent=32869"}],"curies":[{"name":"wp","href":"https:\/\/api.w.org\/{rel}","templated":true}]}}