{"id":32796,"date":"2018-08-02T13:30:32","date_gmt":"2018-08-02T11:30:32","guid":{"rendered":"https:\/\/alzira.es\/que-son\/"},"modified":"2024-07-15T11:38:19","modified_gmt":"2024-07-15T09:38:19","slug":"premios-literarios-ciutat-dalzira","status":"publish","type":"page","link":"https:\/\/alzira.es\/es\/la-ciudad\/premios-literarios-ciutat-dalzira\/","title":{"rendered":"Premios Literarios Ciutat d&#8217;Alzira"},"content":{"rendered":"\t\t<div data-elementor-type=\"wp-page\" data-elementor-id=\"32796\" class=\"elementor elementor-32796\">\n\t\t\t\t\t\t<section class=\"elementor-section elementor-top-section elementor-element elementor-element-a77cb08 elementor-section-boxed elementor-section-height-default elementor-section-height-default\" data-id=\"a77cb08\" data-element_type=\"section\">\n\t\t\t\t\t\t<div class=\"elementor-container elementor-column-gap-default\">\n\t\t\t\t\t<div class=\"elementor-column elementor-col-50 elementor-top-column elementor-element elementor-element-1fac7ab\" data-id=\"1fac7ab\" data-element_type=\"column\">\n\t\t\t<div class=\"elementor-widget-wrap elementor-element-populated\">\n\t\t\t\t\t\t<div class=\"elementor-element elementor-element-100c68e elementor-widget elementor-widget-image\" data-id=\"100c68e\" data-element_type=\"widget\" data-widget_type=\"image.default\">\n\t\t\t\t<div class=\"elementor-widget-container\">\n\t\t\t\t\t\t\t\t\t\t\t\t\t\t\t<img fetchpriority=\"high\" decoding=\"async\" width=\"333\" height=\"273\" src=\"https:\/\/alzira.es\/wp-content\/uploads\/2018\/08\/titol_gris-01.png\" class=\"attachment-medium size-medium wp-image-32786\" alt=\"titol gris-01\" sizes=\"100vw\" \/>\t\t\t\t\t\t\t\t\t\t\t\t\t\t\t<\/div>\n\t\t\t\t<\/div>\n\t\t\t\t\t<\/div>\n\t\t<\/div>\n\t\t\t\t<div class=\"elementor-column elementor-col-50 elementor-top-column elementor-element elementor-element-7c756d8\" data-id=\"7c756d8\" data-element_type=\"column\">\n\t\t\t<div class=\"elementor-widget-wrap elementor-element-populated\">\n\t\t\t\t\t\t<div class=\"elementor-element elementor-element-156b365 elementor-widget elementor-widget-text-editor\" data-id=\"156b365\" data-element_type=\"widget\" data-widget_type=\"text-editor.default\">\n\t\t\t\t<div class=\"elementor-widget-container\">\n\t\t\t\t\t\t\t\t\t<p>Los Premios Literarios Ciutat d&#8217;Alzira tienen como objetivo el fomento de la cultura en valenciano a trav\u00e9s de la literatura contempor\u00e1nea. Desde sus inicios en el a\u00f1o 1989 con el premio de Novela Ciutat d&#8217;Alzira hasta llegar a las ocho modalidades que lo componen en la actualidad, se ha consolidado como uno de los referentes m\u00e1s importantes dentro de los cert\u00e1menes literarios en nuestra lengua.<\/p><p>Este certamen no es solamente la entrega de premios literarios en sus distintas modalidades, sino que es toda una manifestaci\u00f3n cultural que abastece desde conferencias hasta talleres, cursos y representaciones teatrales. Por tanto todo esto compone el certamen: los Premios Literarios, el ciclo de conferencias y las jornadas culturales.<\/p>\t\t\t\t\t\t\t\t<\/div>\n\t\t\t\t<\/div>\n\t\t\t\t<div class=\"elementor-element elementor-element-7e59469 elementor-widget elementor-widget-text-editor\" data-id=\"7e59469\" data-element_type=\"widget\" data-widget_type=\"text-editor.default\">\n\t\t\t\t<div class=\"elementor-widget-container\">\n\t\t\t\t\t\t\t\t\t<p><b>Colaboran:<\/b><\/p>\t\t\t\t\t\t\t\t<\/div>\n\t\t\t\t<\/div>\n\t\t\t\t<div class=\"elementor-element elementor-element-a219955 elementor-widget elementor-widget-text-editor\" data-id=\"a219955\" data-element_type=\"widget\" data-widget_type=\"text-editor.default\">\n\t\t\t\t<div class=\"elementor-widget-container\">\n\t\t\t\t\t\t\t\t\t<p><img decoding=\"async\" class=\"size-full wp-image-32789 alignnone lazyload\" title=\"Diputaci\u00f3n de Valencia\" data-src=\"https:\/\/alzira.es\/wp-content\/uploads\/2018\/08\/DipuSarc_color_BLANC.jpg\" alt=\"DipuSarc color BLANC\" width=\"200\" height=\"100\" data-srcset=\"https:\/\/alzira.es\/wp-content\/uploads\/2018\/08\/DipuSarc_color_BLANC.jpg 2362w, https:\/\/alzira.es\/wp-content\/uploads\/2018\/08\/DipuSarc_color_BLANC-680x340.jpg 680w, https:\/\/alzira.es\/wp-content\/uploads\/2018\/08\/DipuSarc_color_BLANC-1430x715.jpg 1430w, https:\/\/alzira.es\/wp-content\/uploads\/2018\/08\/DipuSarc_color_BLANC-768x384.jpg 768w, https:\/\/alzira.es\/wp-content\/uploads\/2018\/08\/DipuSarc_color_BLANC-1536x768.jpg 1536w, https:\/\/alzira.es\/wp-content\/uploads\/2018\/08\/DipuSarc_color_BLANC-2048x1024.jpg 2048w\" data-sizes=\"(max-width: 200px) 100vw, 200px\" src=\"data:image\/svg+xml;base64,PHN2ZyB3aWR0aD0iMSIgaGVpZ2h0PSIxIiB4bWxucz0iaHR0cDovL3d3dy53My5vcmcvMjAwMC9zdmciPjwvc3ZnPg==\" style=\"--smush-placeholder-width: 200px; --smush-placeholder-aspect-ratio: 200\/100;\" \/>\u00a0<img decoding=\"async\" class=\"size-full wp-image-32791 alignnone lazyload\" title=\"Generalitat Valenciana\" data-src=\"https:\/\/alzira.es\/wp-content\/uploads\/2018\/08\/gv_distintiu_horitzontal_rgb_val.jpg\" alt=\"gv distintiu horitzontal rgb val\" width=\"171\" height=\"100\" src=\"data:image\/svg+xml;base64,PHN2ZyB3aWR0aD0iMSIgaGVpZ2h0PSIxIiB4bWxucz0iaHR0cDovL3d3dy53My5vcmcvMjAwMC9zdmciPjwvc3ZnPg==\" style=\"--smush-placeholder-width: 171px; --smush-placeholder-aspect-ratio: 171\/100;\" \/><\/p>\t\t\t\t\t\t\t\t<\/div>\n\t\t\t\t<\/div>\n\t\t\t\t\t<\/div>\n\t\t<\/div>\n\t\t\t\t\t<\/div>\n\t\t<\/section>\n\t\t\t\t<section class=\"elementor-section elementor-top-section elementor-element elementor-element-1c122bc elementor-section-full_width iconosportadasec ajuntament elementor-section-height-default elementor-section-height-default\" data-id=\"1c122bc\" data-element_type=\"section\">\n\t\t\t\t\t\t<div class=\"elementor-container elementor-column-gap-narrow\">\n\t\t\t\t\t<div class=\"elementor-column elementor-col-16 elementor-top-column elementor-element elementor-element-b81924f\" data-id=\"b81924f\" data-element_type=\"column\">\n\t\t\t<div class=\"elementor-widget-wrap elementor-element-populated\">\n\t\t\t\t\t\t<div class=\"elementor-element elementor-element-a0b9fa0 elementor-widget elementor-widget-image\" data-id=\"a0b9fa0\" data-element_type=\"widget\" data-widget_type=\"image.default\">\n\t\t\t\t<div class=\"elementor-widget-container\">\n\t\t\t\t\t\t\t\t\t\t\t\t\t\t\t\t<a href=\"https:\/\/alzira.es\/ciutat\/premis-literaris-ciutat-dalzira\/presentats\/\">\n\t\t\t\t\t\t\t<img decoding=\"async\" width=\"605\" height=\"533\" data-src=\"https:\/\/alzira.es\/wp-content\/uploads\/2022\/02\/Recurso-44.png\" class=\"attachment-full size-full wp-image-114761 lazyload\" alt=\"\" data-srcset=\"https:\/\/alzira.es\/wp-content\/uploads\/2022\/02\/Recurso-44.png 605w, https:\/\/alzira.es\/wp-content\/uploads\/2022\/02\/Recurso-44-579x510.png 579w\" data-sizes=\"100vw\" src=\"data:image\/svg+xml;base64,PHN2ZyB3aWR0aD0iMSIgaGVpZ2h0PSIxIiB4bWxucz0iaHR0cDovL3d3dy53My5vcmcvMjAwMC9zdmciPjwvc3ZnPg==\" style=\"--smush-placeholder-width: 605px; --smush-placeholder-aspect-ratio: 605\/533;\" \/>\t\t\t\t\t\t\t\t<\/a>\n\t\t\t\t\t\t\t\t\t\t\t\t\t\t\t<\/div>\n\t\t\t\t<\/div>\n\t\t\t\t<div class=\"elementor-element elementor-element-8c82b52 elementor-widget elementor-widget-heading\" data-id=\"8c82b52\" data-element_type=\"widget\" data-widget_type=\"heading.default\">\n\t\t\t\t<div class=\"elementor-widget-container\">\n\t\t\t\t\t<h5 class=\"elementor-heading-title elementor-size-default\"><a href=\"https:\/\/alzira.es\/ciutat\/premis-literaris-ciutat-dalzira\/presentats\/\">Presentados<\/a><\/h5>\t\t\t\t<\/div>\n\t\t\t\t<\/div>\n\t\t\t\t\t<\/div>\n\t\t<\/div>\n\t\t\t\t<div class=\"elementor-column elementor-col-16 elementor-top-column elementor-element elementor-element-592c88e\" data-id=\"592c88e\" data-element_type=\"column\">\n\t\t\t<div class=\"elementor-widget-wrap elementor-element-populated\">\n\t\t\t\t\t\t<div class=\"elementor-element elementor-element-9455b08 elementor-widget elementor-widget-image\" data-id=\"9455b08\" data-element_type=\"widget\" data-widget_type=\"image.default\">\n\t\t\t\t<div class=\"elementor-widget-container\">\n\t\t\t\t\t\t\t\t\t\t\t\t\t\t\t\t<a href=\"https:\/\/alzira.es\/ciutat\/premis-literaris-ciutat-dalzira\/jornades-culturals\/\">\n\t\t\t\t\t\t\t<img decoding=\"async\" width=\"605\" height=\"533\" data-src=\"https:\/\/alzira.es\/wp-content\/uploads\/2022\/02\/Recurso-42.png\" class=\"attachment-full size-full wp-image-114759 lazyload\" alt=\"\" data-srcset=\"https:\/\/alzira.es\/wp-content\/uploads\/2022\/02\/Recurso-42.png 605w, https:\/\/alzira.es\/wp-content\/uploads\/2022\/02\/Recurso-42-579x510.png 579w\" data-sizes=\"100vw\" src=\"data:image\/svg+xml;base64,PHN2ZyB3aWR0aD0iMSIgaGVpZ2h0PSIxIiB4bWxucz0iaHR0cDovL3d3dy53My5vcmcvMjAwMC9zdmciPjwvc3ZnPg==\" style=\"--smush-placeholder-width: 605px; --smush-placeholder-aspect-ratio: 605\/533;\" \/>\t\t\t\t\t\t\t\t<\/a>\n\t\t\t\t\t\t\t\t\t\t\t\t\t\t\t<\/div>\n\t\t\t\t<\/div>\n\t\t\t\t<div class=\"elementor-element elementor-element-8b87228 elementor-widget elementor-widget-heading\" data-id=\"8b87228\" data-element_type=\"widget\" data-widget_type=\"heading.default\">\n\t\t\t\t<div class=\"elementor-widget-container\">\n\t\t\t\t\t<h5 class=\"elementor-heading-title elementor-size-default\"><a href=\"https:\/\/alzira.es\/ciutat\/premis-literaris-ciutat-dalzira\/jornades-culturals\/\">Jornadas Culturales<\/a><\/h5>\t\t\t\t<\/div>\n\t\t\t\t<\/div>\n\t\t\t\t\t<\/div>\n\t\t<\/div>\n\t\t\t\t<div class=\"elementor-column elementor-col-16 elementor-top-column elementor-element elementor-element-9fed930\" data-id=\"9fed930\" data-element_type=\"column\">\n\t\t\t<div class=\"elementor-widget-wrap elementor-element-populated\">\n\t\t\t\t\t\t<div class=\"elementor-element elementor-element-5354dc8 elementor-widget elementor-widget-image\" data-id=\"5354dc8\" data-element_type=\"widget\" data-widget_type=\"image.default\">\n\t\t\t\t<div class=\"elementor-widget-container\">\n\t\t\t\t\t\t\t\t\t\t\t\t\t\t\t\t<a href=\"https:\/\/alzira.es\/ciutat\/premis-literaris-ciutat-dalzira\/bases-actuales\/\">\n\t\t\t\t\t\t\t<img decoding=\"async\" width=\"605\" height=\"534\" data-src=\"https:\/\/alzira.es\/wp-content\/uploads\/2022\/02\/Recurso-43.png\" class=\"attachment-full size-full wp-image-114763 lazyload\" alt=\"\" data-srcset=\"https:\/\/alzira.es\/wp-content\/uploads\/2022\/02\/Recurso-43.png 605w, https:\/\/alzira.es\/wp-content\/uploads\/2022\/02\/Recurso-43-578x510.png 578w\" data-sizes=\"100vw\" src=\"data:image\/svg+xml;base64,PHN2ZyB3aWR0aD0iMSIgaGVpZ2h0PSIxIiB4bWxucz0iaHR0cDovL3d3dy53My5vcmcvMjAwMC9zdmciPjwvc3ZnPg==\" style=\"--smush-placeholder-width: 605px; --smush-placeholder-aspect-ratio: 605\/534;\" \/>\t\t\t\t\t\t\t\t<\/a>\n\t\t\t\t\t\t\t\t\t\t\t\t\t\t\t<\/div>\n\t\t\t\t<\/div>\n\t\t\t\t<div class=\"elementor-element elementor-element-c55eea1 elementor-widget elementor-widget-heading\" data-id=\"c55eea1\" data-element_type=\"widget\" data-widget_type=\"heading.default\">\n\t\t\t\t<div class=\"elementor-widget-container\">\n\t\t\t\t\t<h5 class=\"elementor-heading-title elementor-size-default\"><a href=\"https:\/\/alzira.es\/ciutat\/premis-literaris-ciutat-dalzira\/bases-actuales\/\">Bases<\/a><\/h5>\t\t\t\t<\/div>\n\t\t\t\t<\/div>\n\t\t\t\t\t<\/div>\n\t\t<\/div>\n\t\t\t\t<div class=\"elementor-column elementor-col-16 elementor-top-column elementor-element elementor-element-baf56e5\" data-id=\"baf56e5\" data-element_type=\"column\">\n\t\t\t<div class=\"elementor-widget-wrap elementor-element-populated\">\n\t\t\t\t\t\t<div class=\"elementor-element elementor-element-7a6cea0 elementor-widget elementor-widget-image\" data-id=\"7a6cea0\" data-element_type=\"widget\" data-widget_type=\"image.default\">\n\t\t\t\t<div class=\"elementor-widget-container\">\n\t\t\t\t\t\t\t\t\t\t\t\t\t\t\t\t<a href=\"https:\/\/alzira.es\/es\/la-ciudad\/premios-literarios-ciutat-dalzira\/categorias\/\">\n\t\t\t\t\t\t\t<img decoding=\"async\" width=\"605\" height=\"533\" data-src=\"https:\/\/alzira.es\/wp-content\/uploads\/2022\/02\/Recurso-45.png\" class=\"attachment-full size-full wp-image-114765 lazyload\" alt=\"\" data-srcset=\"https:\/\/alzira.es\/wp-content\/uploads\/2022\/02\/Recurso-45.png 605w, https:\/\/alzira.es\/wp-content\/uploads\/2022\/02\/Recurso-45-579x510.png 579w\" data-sizes=\"100vw\" src=\"data:image\/svg+xml;base64,PHN2ZyB3aWR0aD0iMSIgaGVpZ2h0PSIxIiB4bWxucz0iaHR0cDovL3d3dy53My5vcmcvMjAwMC9zdmciPjwvc3ZnPg==\" style=\"--smush-placeholder-width: 605px; --smush-placeholder-aspect-ratio: 605\/533;\" \/>\t\t\t\t\t\t\t\t<\/a>\n\t\t\t\t\t\t\t\t\t\t\t\t\t\t\t<\/div>\n\t\t\t\t<\/div>\n\t\t\t\t<div class=\"elementor-element elementor-element-4667fb0 elementor-widget elementor-widget-heading\" data-id=\"4667fb0\" data-element_type=\"widget\" data-widget_type=\"heading.default\">\n\t\t\t\t<div class=\"elementor-widget-container\">\n\t\t\t\t\t<h5 class=\"elementor-heading-title elementor-size-default\"><a href=\"https:\/\/alzira.es\/es\/la-ciudad\/premios-literarios-ciutat-dalzira\/categorias\/\">Categor\u00edas<\/a><\/h5>\t\t\t\t<\/div>\n\t\t\t\t<\/div>\n\t\t\t\t\t<\/div>\n\t\t<\/div>\n\t\t\t\t<div class=\"elementor-column elementor-col-16 elementor-top-column elementor-element elementor-element-13e2fa5\" data-id=\"13e2fa5\" data-element_type=\"column\">\n\t\t\t<div class=\"elementor-widget-wrap elementor-element-populated\">\n\t\t\t\t\t\t<div class=\"elementor-element elementor-element-92203b8 elementor-widget elementor-widget-image\" data-id=\"92203b8\" data-element_type=\"widget\" data-widget_type=\"image.default\">\n\t\t\t\t<div class=\"elementor-widget-container\">\n\t\t\t\t\t\t\t\t\t\t\t\t\t\t\t\t<a href=\"https:\/\/alzira.es\/ciutat\/premis-literaris-ciutat-dalzira\/veredictes-plca\/\">\n\t\t\t\t\t\t\t<img decoding=\"async\" width=\"605\" height=\"533\" data-src=\"https:\/\/alzira.es\/wp-content\/uploads\/2021\/12\/Recurso-12.png\" class=\"attachment-full size-full wp-image-108632 lazyload\" alt=\"\" data-srcset=\"https:\/\/alzira.es\/wp-content\/uploads\/2021\/12\/Recurso-12.png 605w, https:\/\/alzira.es\/wp-content\/uploads\/2021\/12\/Recurso-12-579x510.png 579w\" data-sizes=\"100vw\" src=\"data:image\/svg+xml;base64,PHN2ZyB3aWR0aD0iMSIgaGVpZ2h0PSIxIiB4bWxucz0iaHR0cDovL3d3dy53My5vcmcvMjAwMC9zdmciPjwvc3ZnPg==\" style=\"--smush-placeholder-width: 605px; --smush-placeholder-aspect-ratio: 605\/533;\" \/>\t\t\t\t\t\t\t\t<\/a>\n\t\t\t\t\t\t\t\t\t\t\t\t\t\t\t<\/div>\n\t\t\t\t<\/div>\n\t\t\t\t<div class=\"elementor-element elementor-element-b2eca66 elementor-widget elementor-widget-heading\" data-id=\"b2eca66\" data-element_type=\"widget\" data-widget_type=\"heading.default\">\n\t\t\t\t<div class=\"elementor-widget-container\">\n\t\t\t\t\t<h5 class=\"elementor-heading-title elementor-size-default\"><a href=\"https:\/\/alzira.es\/ciutat\/premis-literaris-ciutat-dalzira\/veredictes-plca\/\">Veredictos<\/a><\/h5>\t\t\t\t<\/div>\n\t\t\t\t<\/div>\n\t\t\t\t\t<\/div>\n\t\t<\/div>\n\t\t\t\t<div class=\"elementor-column elementor-col-16 elementor-top-column elementor-element elementor-element-5e2c86f\" data-id=\"5e2c86f\" data-element_type=\"column\">\n\t\t\t<div class=\"elementor-widget-wrap elementor-element-populated\">\n\t\t\t\t\t\t<div class=\"elementor-element elementor-element-6410d11 elementor-widget elementor-widget-image\" data-id=\"6410d11\" data-element_type=\"widget\" data-widget_type=\"image.default\">\n\t\t\t\t<div class=\"elementor-widget-container\">\n\t\t\t\t\t\t\t\t\t\t\t\t\t\t\t\t<a href=\"https:\/\/alzira.es\/ciutat\/premis-literaris-ciutat-dalzira\/sopar-premis\/\">\n\t\t\t\t\t\t\t<img decoding=\"async\" width=\"605\" height=\"533\" data-src=\"https:\/\/alzira.es\/wp-content\/uploads\/2022\/02\/Recurso-46.png\" class=\"attachment-full size-full wp-image-114790 lazyload\" alt=\"\" data-srcset=\"https:\/\/alzira.es\/wp-content\/uploads\/2022\/02\/Recurso-46.png 605w, https:\/\/alzira.es\/wp-content\/uploads\/2022\/02\/Recurso-46-579x510.png 579w\" data-sizes=\"100vw\" src=\"data:image\/svg+xml;base64,PHN2ZyB3aWR0aD0iMSIgaGVpZ2h0PSIxIiB4bWxucz0iaHR0cDovL3d3dy53My5vcmcvMjAwMC9zdmciPjwvc3ZnPg==\" style=\"--smush-placeholder-width: 605px; --smush-placeholder-aspect-ratio: 605\/533;\" \/>\t\t\t\t\t\t\t\t<\/a>\n\t\t\t\t\t\t\t\t\t\t\t\t\t\t\t<\/div>\n\t\t\t\t<\/div>\n\t\t\t\t<div class=\"elementor-element elementor-element-675626b elementor-widget elementor-widget-heading\" data-id=\"675626b\" data-element_type=\"widget\" data-widget_type=\"heading.default\">\n\t\t\t\t<div class=\"elementor-widget-container\">\n\t\t\t\t\t<h5 class=\"elementor-heading-title elementor-size-default\"><a href=\"https:\/\/alzira.es\/ciutat\/premis-literaris-ciutat-dalzira\/sopar-premis\/\">Gala<\/a><\/h5>\t\t\t\t<\/div>\n\t\t\t\t<\/div>\n\t\t\t\t\t<\/div>\n\t\t<\/div>\n\t\t\t\t\t<\/div>\n\t\t<\/section>\n\t\t\t\t<\/div>\n\t\t","protected":false},"excerpt":{"rendered":"<p>Los Premios Literarios Ciutat d&#8217;Alzira tienen como objetivo el fomento de la cultura en valenciano a trav\u00e9s de la literatura contempor\u00e1nea. Desde sus inicios en el a\u00f1o 1989 con el premio de Novela Ciutat d&#8217;Alzira hasta llegar a las ocho modalidades que lo componen en la actualidad, se ha consolidado como uno de los referentes &hellip; <\/p>\n<p class=\"link-more\"><a href=\"https:\/\/alzira.es\/es\/la-ciudad\/premios-literarios-ciutat-dalzira\/\" class=\"more-link\">Continuar leyendo<span class=\"screen-reader-text\"> \u00abPremios Literarios Ciutat d&#8217;Alzira\u00bb<\/span><\/a><\/p>\n","protected":false},"author":12,"featured_media":0,"parent":60850,"menu_order":23,"comment_status":"closed","ping_status":"closed","template":"","meta":{"_acf_changed":false,"footnotes":""},"class_list":["post-32796","page","type-page","status-publish","hentry"],"acf":[],"_links":{"self":[{"href":"https:\/\/alzira.es\/es\/wp-json\/wp\/v2\/pages\/32796","targetHints":{"allow":["GET"]}}],"collection":[{"href":"https:\/\/alzira.es\/es\/wp-json\/wp\/v2\/pages"}],"about":[{"href":"https:\/\/alzira.es\/es\/wp-json\/wp\/v2\/types\/page"}],"author":[{"embeddable":true,"href":"https:\/\/alzira.es\/es\/wp-json\/wp\/v2\/users\/12"}],"replies":[{"embeddable":true,"href":"https:\/\/alzira.es\/es\/wp-json\/wp\/v2\/comments?post=32796"}],"version-history":[{"count":2,"href":"https:\/\/alzira.es\/es\/wp-json\/wp\/v2\/pages\/32796\/revisions"}],"predecessor-version":[{"id":151802,"href":"https:\/\/alzira.es\/es\/wp-json\/wp\/v2\/pages\/32796\/revisions\/151802"}],"up":[{"embeddable":true,"href":"https:\/\/alzira.es\/es\/wp-json\/wp\/v2\/pages\/60850"}],"wp:attachment":[{"href":"https:\/\/alzira.es\/es\/wp-json\/wp\/v2\/media?parent=32796"}],"curies":[{"name":"wp","href":"https:\/\/api.w.org\/{rel}","templated":true}]}}