{"id":3211,"date":"2009-07-17T11:27:11","date_gmt":"2009-07-17T09:27:11","guid":{"rendered":"https:\/\/alzira.es\/plan-de-igualdad-entre-mujeres-y-hombres\/"},"modified":"2023-09-12T14:44:29","modified_gmt":"2023-09-12T12:44:29","slug":"politicas-de-igualdad","status":"publish","type":"page","link":"https:\/\/alzira.es\/es\/servicios-municipales\/politicas-de-igualdad\/","title":{"rendered":"Pol\u00edticas de Igualdad"},"content":{"rendered":"\t\t<div data-elementor-type=\"wp-page\" data-elementor-id=\"3211\" class=\"elementor elementor-3211\">\n\t\t\t\t\t\t<section class=\"elementor-section elementor-top-section elementor-element elementor-element-47416117 elementor-section-full_width iconosportadasec ajuntament elementor-section-height-default elementor-section-height-default\" data-id=\"47416117\" data-element_type=\"section\">\n\t\t\t\t\t\t<div class=\"elementor-container elementor-column-gap-narrow\">\n\t\t\t\t\t<div class=\"elementor-column elementor-col-16 elementor-top-column elementor-element elementor-element-692e71d2\" data-id=\"692e71d2\" data-element_type=\"column\">\n\t\t\t<div class=\"elementor-widget-wrap elementor-element-populated\">\n\t\t\t\t\t\t<div class=\"elementor-element elementor-element-40adcc6d elementor-widget elementor-widget-image\" data-id=\"40adcc6d\" data-element_type=\"widget\" data-widget_type=\"image.default\">\n\t\t\t\t<div class=\"elementor-widget-container\">\n\t\t\t\t\t\t\t\t\t\t\t\t\t\t\t\t<a href=\"https:\/\/alzira.es\/es\/servicios-municipales\/politicas-de-igualdad\/plan-de-igualdad\/\">\n\t\t\t\t\t\t\t<img fetchpriority=\"high\" decoding=\"async\" width=\"3509\" height=\"2939\" src=\"https:\/\/alzira.es\/wp-content\/uploads\/2021\/11\/POLITIQUES-IGUALTAT_PLA-DIGUALTAT.png\" class=\"attachment-full size-full wp-image-105669\" alt=\"\" srcset=\"https:\/\/alzira.es\/wp-content\/uploads\/2021\/11\/POLITIQUES-IGUALTAT_PLA-DIGUALTAT.png 3509w, https:\/\/alzira.es\/wp-content\/uploads\/2021\/11\/POLITIQUES-IGUALTAT_PLA-DIGUALTAT-609x510.png 609w, https:\/\/alzira.es\/wp-content\/uploads\/2021\/11\/POLITIQUES-IGUALTAT_PLA-DIGUALTAT-1280x1072.png 1280w, https:\/\/alzira.es\/wp-content\/uploads\/2021\/11\/POLITIQUES-IGUALTAT_PLA-DIGUALTAT-768x643.png 768w, https:\/\/alzira.es\/wp-content\/uploads\/2021\/11\/POLITIQUES-IGUALTAT_PLA-DIGUALTAT-1536x1286.png 1536w, https:\/\/alzira.es\/wp-content\/uploads\/2021\/11\/POLITIQUES-IGUALTAT_PLA-DIGUALTAT-2048x1715.png 2048w\" sizes=\"100vw\" \/>\t\t\t\t\t\t\t\t<\/a>\n\t\t\t\t\t\t\t\t\t\t\t\t\t\t\t<\/div>\n\t\t\t\t<\/div>\n\t\t\t\t<div class=\"elementor-element elementor-element-2ae74fec elementor-widget elementor-widget-heading\" data-id=\"2ae74fec\" data-element_type=\"widget\" data-widget_type=\"heading.default\">\n\t\t\t\t<div class=\"elementor-widget-container\">\n\t\t\t\t\t<h5 class=\"elementor-heading-title elementor-size-default\"><a href=\"https:\/\/alzira.es\/es\/servicios-municipales\/politicas-de-igualdad\/plan-de-igualdad\/\">Plan de Igualdad<\/a><\/h5>\t\t\t\t<\/div>\n\t\t\t\t<\/div>\n\t\t\t\t\t<\/div>\n\t\t<\/div>\n\t\t\t\t<div class=\"elementor-column elementor-col-16 elementor-top-column elementor-element elementor-element-460107e4\" data-id=\"460107e4\" data-element_type=\"column\">\n\t\t\t<div class=\"elementor-widget-wrap elementor-element-populated\">\n\t\t\t\t\t\t<div class=\"elementor-element elementor-element-24824887 elementor-widget elementor-widget-image\" data-id=\"24824887\" data-element_type=\"widget\" data-widget_type=\"image.default\">\n\t\t\t\t<div class=\"elementor-widget-container\">\n\t\t\t\t\t\t\t\t\t\t\t\t\t\t\t\t<a href=\"https:\/\/alzira.es\/es\/ayuntamiento\/buzon-de-la-ciudadania\/\">\n\t\t\t\t\t\t\t<img decoding=\"async\" width=\"3509\" height=\"2939\" data-src=\"https:\/\/alzira.es\/wp-content\/uploads\/2021\/11\/POLITIQUES-IGUALTAT_BUSTIA-DE-SUGGERIMMENTS.png\" class=\"attachment-full size-full wp-image-105660 lazyload\" alt=\"\" data-srcset=\"https:\/\/alzira.es\/wp-content\/uploads\/2021\/11\/POLITIQUES-IGUALTAT_BUSTIA-DE-SUGGERIMMENTS.png 3509w, https:\/\/alzira.es\/wp-content\/uploads\/2021\/11\/POLITIQUES-IGUALTAT_BUSTIA-DE-SUGGERIMMENTS-609x510.png 609w, https:\/\/alzira.es\/wp-content\/uploads\/2021\/11\/POLITIQUES-IGUALTAT_BUSTIA-DE-SUGGERIMMENTS-1280x1072.png 1280w, https:\/\/alzira.es\/wp-content\/uploads\/2021\/11\/POLITIQUES-IGUALTAT_BUSTIA-DE-SUGGERIMMENTS-768x643.png 768w, https:\/\/alzira.es\/wp-content\/uploads\/2021\/11\/POLITIQUES-IGUALTAT_BUSTIA-DE-SUGGERIMMENTS-1536x1286.png 1536w, https:\/\/alzira.es\/wp-content\/uploads\/2021\/11\/POLITIQUES-IGUALTAT_BUSTIA-DE-SUGGERIMMENTS-2048x1715.png 2048w\" data-sizes=\"100vw\" src=\"data:image\/svg+xml;base64,PHN2ZyB3aWR0aD0iMSIgaGVpZ2h0PSIxIiB4bWxucz0iaHR0cDovL3d3dy53My5vcmcvMjAwMC9zdmciPjwvc3ZnPg==\" style=\"--smush-placeholder-width: 3509px; --smush-placeholder-aspect-ratio: 3509\/2939;\" \/>\t\t\t\t\t\t\t\t<\/a>\n\t\t\t\t\t\t\t\t\t\t\t\t\t\t\t<\/div>\n\t\t\t\t<\/div>\n\t\t\t\t<div class=\"elementor-element elementor-element-202214e2 elementor-widget elementor-widget-heading\" data-id=\"202214e2\" data-element_type=\"widget\" data-widget_type=\"heading.default\">\n\t\t\t\t<div class=\"elementor-widget-container\">\n\t\t\t\t\t<h5 class=\"elementor-heading-title elementor-size-default\"><a href=\"https:\/\/alzira.es\/es\/ayuntamiento\/buzon-de-la-ciudadania\/\">Buz\u00f3n de sugerencias<\/a><\/h5>\t\t\t\t<\/div>\n\t\t\t\t<\/div>\n\t\t\t\t\t<\/div>\n\t\t<\/div>\n\t\t\t\t<div class=\"elementor-column elementor-col-16 elementor-top-column elementor-element elementor-element-64d04bb2\" data-id=\"64d04bb2\" data-element_type=\"column\">\n\t\t\t<div class=\"elementor-widget-wrap elementor-element-populated\">\n\t\t\t\t\t\t<div class=\"elementor-element elementor-element-71a9121c elementor-widget elementor-widget-image\" data-id=\"71a9121c\" data-element_type=\"widget\" data-widget_type=\"image.default\">\n\t\t\t\t<div class=\"elementor-widget-container\">\n\t\t\t\t\t\t\t\t\t\t\t\t\t\t\t\t<a href=\"https:\/\/alzira.es\/es\/servicios-municipales\/politicas-de-igualdad\/lecturas-recomendadas\/\">\n\t\t\t\t\t\t\t<img decoding=\"async\" width=\"3509\" height=\"2938\" data-src=\"https:\/\/alzira.es\/wp-content\/uploads\/2021\/11\/POLITIQUES-IGUALTAT_LECTURES-RECOMANADES.png\" class=\"attachment-full size-full wp-image-105667 lazyload\" alt=\"\" data-srcset=\"https:\/\/alzira.es\/wp-content\/uploads\/2021\/11\/POLITIQUES-IGUALTAT_LECTURES-RECOMANADES.png 3509w, https:\/\/alzira.es\/wp-content\/uploads\/2021\/11\/POLITIQUES-IGUALTAT_LECTURES-RECOMANADES-609x510.png 609w, https:\/\/alzira.es\/wp-content\/uploads\/2021\/11\/POLITIQUES-IGUALTAT_LECTURES-RECOMANADES-1280x1072.png 1280w, https:\/\/alzira.es\/wp-content\/uploads\/2021\/11\/POLITIQUES-IGUALTAT_LECTURES-RECOMANADES-768x643.png 768w, https:\/\/alzira.es\/wp-content\/uploads\/2021\/11\/POLITIQUES-IGUALTAT_LECTURES-RECOMANADES-1536x1286.png 1536w, https:\/\/alzira.es\/wp-content\/uploads\/2021\/11\/POLITIQUES-IGUALTAT_LECTURES-RECOMANADES-2048x1715.png 2048w\" data-sizes=\"100vw\" src=\"data:image\/svg+xml;base64,PHN2ZyB3aWR0aD0iMSIgaGVpZ2h0PSIxIiB4bWxucz0iaHR0cDovL3d3dy53My5vcmcvMjAwMC9zdmciPjwvc3ZnPg==\" style=\"--smush-placeholder-width: 3509px; --smush-placeholder-aspect-ratio: 3509\/2938;\" \/>\t\t\t\t\t\t\t\t<\/a>\n\t\t\t\t\t\t\t\t\t\t\t\t\t\t\t<\/div>\n\t\t\t\t<\/div>\n\t\t\t\t<div class=\"elementor-element elementor-element-23b6ef33 elementor-widget elementor-widget-heading\" data-id=\"23b6ef33\" data-element_type=\"widget\" data-widget_type=\"heading.default\">\n\t\t\t\t<div class=\"elementor-widget-container\">\n\t\t\t\t\t<h5 class=\"elementor-heading-title elementor-size-default\"><a href=\"https:\/\/alzira.es\/es\/servicios-municipales\/politicas-de-igualdad\/lecturas-recomendadas\/\">Lecturas Recomendadas<\/a><\/h5>\t\t\t\t<\/div>\n\t\t\t\t<\/div>\n\t\t\t\t\t<\/div>\n\t\t<\/div>\n\t\t\t\t<div class=\"elementor-column elementor-col-16 elementor-top-column elementor-element elementor-element-456e0a68\" data-id=\"456e0a68\" data-element_type=\"column\">\n\t\t\t<div class=\"elementor-widget-wrap elementor-element-populated\">\n\t\t\t\t\t\t<div class=\"elementor-element elementor-element-38363680 elementor-widget elementor-widget-image\" data-id=\"38363680\" data-element_type=\"widget\" data-widget_type=\"image.default\">\n\t\t\t\t<div class=\"elementor-widget-container\">\n\t\t\t\t\t\t\t\t\t\t\t\t\t\t\t\t<a href=\"https:\/\/alzira.es\/es\/servicios-municipales\/politicas-de-igualdad\/agenda-de-actividades\/\">\n\t\t\t\t\t\t\t<img decoding=\"async\" width=\"3509\" height=\"2939\" data-src=\"https:\/\/alzira.es\/wp-content\/uploads\/2021\/11\/POLITIQUES-IGUALTAT_AGENDA-DACTIVITATS.png\" class=\"attachment-full size-full wp-image-105658 lazyload\" alt=\"\" data-srcset=\"https:\/\/alzira.es\/wp-content\/uploads\/2021\/11\/POLITIQUES-IGUALTAT_AGENDA-DACTIVITATS.png 3509w, https:\/\/alzira.es\/wp-content\/uploads\/2021\/11\/POLITIQUES-IGUALTAT_AGENDA-DACTIVITATS-609x510.png 609w, https:\/\/alzira.es\/wp-content\/uploads\/2021\/11\/POLITIQUES-IGUALTAT_AGENDA-DACTIVITATS-1280x1072.png 1280w, https:\/\/alzira.es\/wp-content\/uploads\/2021\/11\/POLITIQUES-IGUALTAT_AGENDA-DACTIVITATS-768x643.png 768w, https:\/\/alzira.es\/wp-content\/uploads\/2021\/11\/POLITIQUES-IGUALTAT_AGENDA-DACTIVITATS-1536x1286.png 1536w, https:\/\/alzira.es\/wp-content\/uploads\/2021\/11\/POLITIQUES-IGUALTAT_AGENDA-DACTIVITATS-2048x1715.png 2048w\" data-sizes=\"100vw\" src=\"data:image\/svg+xml;base64,PHN2ZyB3aWR0aD0iMSIgaGVpZ2h0PSIxIiB4bWxucz0iaHR0cDovL3d3dy53My5vcmcvMjAwMC9zdmciPjwvc3ZnPg==\" style=\"--smush-placeholder-width: 3509px; --smush-placeholder-aspect-ratio: 3509\/2939;\" \/>\t\t\t\t\t\t\t\t<\/a>\n\t\t\t\t\t\t\t\t\t\t\t\t\t\t\t<\/div>\n\t\t\t\t<\/div>\n\t\t\t\t<div class=\"elementor-element elementor-element-19ed0815 elementor-widget elementor-widget-heading\" data-id=\"19ed0815\" data-element_type=\"widget\" data-widget_type=\"heading.default\">\n\t\t\t\t<div class=\"elementor-widget-container\">\n\t\t\t\t\t<h5 class=\"elementor-heading-title elementor-size-default\"><a href=\"https:\/\/alzira.es\/es\/servicios-municipales\/politicas-de-igualdad\/agenda-de-actividades\/\">Agenda de Actividades<\/a><\/h5>\t\t\t\t<\/div>\n\t\t\t\t<\/div>\n\t\t\t\t\t<\/div>\n\t\t<\/div>\n\t\t\t\t<div class=\"elementor-column elementor-col-16 elementor-top-column elementor-element elementor-element-cf86e86\" data-id=\"cf86e86\" data-element_type=\"column\">\n\t\t\t<div class=\"elementor-widget-wrap elementor-element-populated\">\n\t\t\t\t\t\t<div class=\"elementor-element elementor-element-70adfedf elementor-widget elementor-widget-image\" data-id=\"70adfedf\" data-element_type=\"widget\" data-widget_type=\"image.default\">\n\t\t\t\t<div class=\"elementor-widget-container\">\n\t\t\t\t\t\t\t\t\t\t\t\t\t\t\t\t<a href=\"https:\/\/alzira.es\/es\/servicios-municipales\/politicas-de-igualdad\/enlaces-de-interes-igualdad\/\">\n\t\t\t\t\t\t\t<img decoding=\"async\" width=\"3509\" height=\"2939\" data-src=\"https:\/\/alzira.es\/wp-content\/uploads\/2021\/11\/POLITIQUES-IGUALTAT_ENLLACOS-DINTERES.png\" class=\"attachment-full size-full wp-image-105664 lazyload\" alt=\"\" data-srcset=\"https:\/\/alzira.es\/wp-content\/uploads\/2021\/11\/POLITIQUES-IGUALTAT_ENLLACOS-DINTERES.png 3509w, https:\/\/alzira.es\/wp-content\/uploads\/2021\/11\/POLITIQUES-IGUALTAT_ENLLACOS-DINTERES-609x510.png 609w, https:\/\/alzira.es\/wp-content\/uploads\/2021\/11\/POLITIQUES-IGUALTAT_ENLLACOS-DINTERES-1280x1072.png 1280w, https:\/\/alzira.es\/wp-content\/uploads\/2021\/11\/POLITIQUES-IGUALTAT_ENLLACOS-DINTERES-768x643.png 768w, https:\/\/alzira.es\/wp-content\/uploads\/2021\/11\/POLITIQUES-IGUALTAT_ENLLACOS-DINTERES-1536x1286.png 1536w, https:\/\/alzira.es\/wp-content\/uploads\/2021\/11\/POLITIQUES-IGUALTAT_ENLLACOS-DINTERES-2048x1715.png 2048w\" data-sizes=\"100vw\" src=\"data:image\/svg+xml;base64,PHN2ZyB3aWR0aD0iMSIgaGVpZ2h0PSIxIiB4bWxucz0iaHR0cDovL3d3dy53My5vcmcvMjAwMC9zdmciPjwvc3ZnPg==\" style=\"--smush-placeholder-width: 3509px; --smush-placeholder-aspect-ratio: 3509\/2939;\" \/>\t\t\t\t\t\t\t\t<\/a>\n\t\t\t\t\t\t\t\t\t\t\t\t\t\t\t<\/div>\n\t\t\t\t<\/div>\n\t\t\t\t<div class=\"elementor-element elementor-element-6cd3320a elementor-widget elementor-widget-heading\" data-id=\"6cd3320a\" data-element_type=\"widget\" data-widget_type=\"heading.default\">\n\t\t\t\t<div class=\"elementor-widget-container\">\n\t\t\t\t\t<h5 class=\"elementor-heading-title elementor-size-default\"><a href=\"https:\/\/alzira.es\/es\/servicios-municipales\/politicas-de-igualdad\/enlaces-de-interes-igualdad\/\">Enlaces de inter\u00e9s<\/a><\/h5>\t\t\t\t<\/div>\n\t\t\t\t<\/div>\n\t\t\t\t\t<\/div>\n\t\t<\/div>\n\t\t\t\t<div class=\"elementor-column elementor-col-16 elementor-top-column elementor-element elementor-element-1195ea56\" data-id=\"1195ea56\" data-element_type=\"column\">\n\t\t\t<div class=\"elementor-widget-wrap elementor-element-populated\">\n\t\t\t\t\t\t<div class=\"elementor-element elementor-element-2d56ff08 elementor-widget elementor-widget-image\" data-id=\"2d56ff08\" data-element_type=\"widget\" data-widget_type=\"image.default\">\n\t\t\t\t<div class=\"elementor-widget-container\">\n\t\t\t\t\t\t\t\t\t\t\t\t\t\t\t\t<a href=\"https:\/\/alzira.es\/es\/servicios-municipales\/politicas-de-igualdad\/documentacion\/\">\n\t\t\t\t\t\t\t<img decoding=\"async\" width=\"3509\" height=\"2939\" data-src=\"https:\/\/alzira.es\/wp-content\/uploads\/2021\/11\/POLITIQUES-IGUALTAT_DOCUMENTACIO.png\" class=\"attachment-full size-full wp-image-105662 lazyload\" alt=\"\" data-srcset=\"https:\/\/alzira.es\/wp-content\/uploads\/2021\/11\/POLITIQUES-IGUALTAT_DOCUMENTACIO.png 3509w, https:\/\/alzira.es\/wp-content\/uploads\/2021\/11\/POLITIQUES-IGUALTAT_DOCUMENTACIO-609x510.png 609w, https:\/\/alzira.es\/wp-content\/uploads\/2021\/11\/POLITIQUES-IGUALTAT_DOCUMENTACIO-1280x1072.png 1280w, https:\/\/alzira.es\/wp-content\/uploads\/2021\/11\/POLITIQUES-IGUALTAT_DOCUMENTACIO-768x643.png 768w, https:\/\/alzira.es\/wp-content\/uploads\/2021\/11\/POLITIQUES-IGUALTAT_DOCUMENTACIO-1536x1286.png 1536w, https:\/\/alzira.es\/wp-content\/uploads\/2021\/11\/POLITIQUES-IGUALTAT_DOCUMENTACIO-2048x1715.png 2048w\" data-sizes=\"100vw\" src=\"data:image\/svg+xml;base64,PHN2ZyB3aWR0aD0iMSIgaGVpZ2h0PSIxIiB4bWxucz0iaHR0cDovL3d3dy53My5vcmcvMjAwMC9zdmciPjwvc3ZnPg==\" style=\"--smush-placeholder-width: 3509px; --smush-placeholder-aspect-ratio: 3509\/2939;\" \/>\t\t\t\t\t\t\t\t<\/a>\n\t\t\t\t\t\t\t\t\t\t\t\t\t\t\t<\/div>\n\t\t\t\t<\/div>\n\t\t\t\t<div class=\"elementor-element elementor-element-2ba0b41b elementor-widget elementor-widget-heading\" data-id=\"2ba0b41b\" data-element_type=\"widget\" data-widget_type=\"heading.default\">\n\t\t\t\t<div class=\"elementor-widget-container\">\n\t\t\t\t\t<h5 class=\"elementor-heading-title elementor-size-default\"><a href=\"https:\/\/alzira.es\/es\/servicios-municipales\/politicas-de-igualdad\/documentacion\/\">Documentaci\u00f3n<\/a><\/h5>\t\t\t\t<\/div>\n\t\t\t\t<\/div>\n\t\t\t\t\t<\/div>\n\t\t<\/div>\n\t\t\t\t\t<\/div>\n\t\t<\/section>\n\t\t\t\t<\/div>\n\t\t","protected":false},"excerpt":{"rendered":"<p>Plan de Igualdad Buz\u00f3n de sugerencias Lecturas Recomendadas Agenda de Actividades Enlaces de inter\u00e9s Documentaci\u00f3n<\/p>\n","protected":false},"author":29,"featured_media":3203,"parent":60847,"menu_order":0,"comment_status":"closed","ping_status":"closed","template":"","meta":{"_acf_changed":false,"footnotes":""},"class_list":["post-3211","page","type-page","status-publish","has-post-thumbnail","hentry"],"acf":[],"_links":{"self":[{"href":"https:\/\/alzira.es\/es\/wp-json\/wp\/v2\/pages\/3211","targetHints":{"allow":["GET"]}}],"collection":[{"href":"https:\/\/alzira.es\/es\/wp-json\/wp\/v2\/pages"}],"about":[{"href":"https:\/\/alzira.es\/es\/wp-json\/wp\/v2\/types\/page"}],"author":[{"embeddable":true,"href":"https:\/\/alzira.es\/es\/wp-json\/wp\/v2\/users\/29"}],"replies":[{"embeddable":true,"href":"https:\/\/alzira.es\/es\/wp-json\/wp\/v2\/comments?post=3211"}],"version-history":[{"count":2,"href":"https:\/\/alzira.es\/es\/wp-json\/wp\/v2\/pages\/3211\/revisions"}],"predecessor-version":[{"id":141850,"href":"https:\/\/alzira.es\/es\/wp-json\/wp\/v2\/pages\/3211\/revisions\/141850"}],"up":[{"embeddable":true,"href":"https:\/\/alzira.es\/es\/wp-json\/wp\/v2\/pages\/60847"}],"wp:featuredmedia":[{"embeddable":true,"href":"https:\/\/alzira.es\/es\/wp-json\/wp\/v2\/media\/3203"}],"wp:attachment":[{"href":"https:\/\/alzira.es\/es\/wp-json\/wp\/v2\/media?parent=3211"}],"curies":[{"name":"wp","href":"https:\/\/api.w.org\/{rel}","templated":true}]}}