{"id":31632,"date":"2015-06-12T11:17:21","date_gmt":"2015-06-12T09:17:21","guid":{"rendered":"https:\/\/alzira.es\/cuenta-general-2017\/"},"modified":"2022-01-17T12:30:14","modified_gmt":"2022-01-17T11:30:14","slug":"cuenta-general-2017-cas-no","status":"publish","type":"page","link":"https:\/\/alzira.es\/es\/servicios-municipales\/economia-y-recaudacion\/intervencion-cas-no\/cuenta-general-cas-no\/historicos-cuentas-generales\/cuenta-general-2017-cas-no\/","title":{"rendered":"Cuenta general 2017-cas-no"},"content":{"rendered":"<p>&nbsp;<\/p>\n<table style=\"margin-left: -3.6pt; border-collapse: collapse; width: 600px;\" border=\"1\" cellspacing=\"0\" cellpadding=\"0\">\n<tbody>\n<tr>\n<td style=\"border: 1pt solid windowtext; padding: 0cm 3.5pt;\">\n<p style=\"text-align: left;\" align=\"left\"><strong><span style=\"font-size: 10pt;\">A)<\/span><\/strong><\/p>\n<\/td>\n<td style=\"border-width: 1pt 1pt 1pt medium; border-style: solid solid solid none; border-color: windowtext windowtext windowtext -moz-use-text-color; padding: 0cm 3.5pt;\">\n<p style=\"text-align: left;\" align=\"left\"><strong><span style=\"font-size: 10pt;\">Cuenta general. Tramitaci\u00f3n y aprobaci\u00f3n<\/span><\/strong><\/p>\n<\/td>\n<\/tr>\n<tr>\n<td style=\"border-width: medium 1pt 1pt; border-style: none solid solid; border-color: -moz-use-text-color windowtext windowtext; padding: 0cm 3.5pt;\" rowspan=\"12\">&nbsp;<\/td>\n<td style=\"border-width: medium 1pt 1pt medium; border-style: none solid solid none; border-color: -moz-use-text-color windowtext windowtext -moz-use-text-color; padding: 0cm 3.5pt;\">&nbsp;<\/td>\n<\/tr>\n<tr>\n<td style=\"border-width: medium 1pt 1pt medium; border-style: none solid solid none; border-color: -moz-use-text-color windowtext windowtext -moz-use-text-color; padding: 0cm 3.5pt;\">\n<p style=\"text-align: left;\" align=\"left\"><a href=\"https:\/\/alzira.es\/wp-content\/uploads\/2015\/06\/A_formacio_compte_general.pdf\" target=\"_blank\" rel=\"noopener\"><span style=\"font-size: 10pt;\">Formaci\u00f3n Cuenta general<\/span><\/a><\/p>\n<\/td>\n<\/tr>\n<tr>\n<td style=\"border-width: medium 1pt 1pt medium; border-style: none solid solid none; border-color: -moz-use-text-color windowtext windowtext -moz-use-text-color; padding: 0cm 3.5pt;\">\n<p style=\"text-align: left;\" align=\"left\"><a href=\"https:\/\/alzira.es\/wp-content\/uploads\/2015\/06\/A_Decret_compte_general.pdf\" target=\"_blank\" rel=\"noopener\"><span style=\"font-size: 10pt;\">Decreto Alcald\u00eda n\u00famero 1459\/18 rendici\u00f3n cuentas<\/span><\/a><\/p>\n<\/td>\n<\/tr>\n<tr>\n<td style=\"border-width: medium 1pt 1pt medium; border-style: none solid solid none; border-color: -moz-use-text-color windowtext windowtext -moz-use-text-color; padding: 0cm 3.5pt;\">\n<p style=\"text-align: left;\" align=\"left\"><a href=\"https:\/\/alzira.es\/wp-content\/uploads\/2015\/06\/A_Dictamen_comissio_especial_comptes.pdf\" target=\"_blank\" rel=\"noopener\"><span style=\"font-size: 10pt;\">Dictamen Comisi\u00f3n Especial de Cuentas<\/span><\/a><\/p>\n<\/td>\n<\/tr>\n<tr>\n<td style=\"border-width: medium 1pt 1pt medium; border-style: none solid solid none; border-color: -moz-use-text-color windowtext windowtext -moz-use-text-color; padding: 0cm 3.5pt;\">\n<p style=\"text-align: left;\" align=\"left\"><a href=\"https:\/\/alzira.es\/wp-content\/uploads\/2015\/06\/A_Edicte_compte_general_2017.pdf\" target=\"_blank\" rel=\"noopener\"><span style=\"font-size: 10pt;\">Edicto Cuenta general<\/span><\/a><\/p>\n<\/td>\n<\/tr>\n<tr>\n<td style=\"border-width: medium 1pt 1pt medium; border-style: none solid solid none; border-color: -moz-use-text-color windowtext windowtext -moz-use-text-color; padding: 0cm 3.5pt;\">\n<p style=\"text-align: left;\" align=\"left\"><a href=\"https:\/\/alzira.es\/wp-content\/uploads\/2015\/06\/A_Exposicio_publica_BOP.pdf\" target=\"_blank\" rel=\"noopener\"><span style=\"font-size: 10pt;\">Exposici\u00f3n p\u00fablica Cuenta general<\/span><\/a><\/p>\n<\/td>\n<\/tr>\n<tr>\n<td style=\"border-width: medium 1pt 1pt medium; border-style: none solid solid none; border-color: -moz-use-text-color windowtext windowtext -moz-use-text-color; padding: 0cm 3.5pt;\">\n<p style=\"text-align: left;\" align=\"left\"><a href=\"https:\/\/alzira.es\/wp-content\/uploads\/2015\/06\/A_Faig_constar_no_reclamacions.pdf\" target=\"_blank\" rel=\"noopener\"><span style=\"font-size: 10pt;\">Hago constar no reclamaciones<\/span><\/a><\/p>\n<\/td>\n<\/tr>\n<tr>\n<td style=\"border-width: medium 1pt 1pt medium; border-style: none solid solid none; border-color: -moz-use-text-color windowtext windowtext -moz-use-text-color; padding: 0cm 3.5pt;\">\n<p style=\"text-align: left;\" align=\"left\"><a href=\"https:\/\/alzira.es\/wp-content\/uploads\/2015\/06\/A_Acord_Ple.pdf\" target=\"_blank\" rel=\"noopener\"><span style=\"font-size: 10pt;\">Acuerdo Pleno aprobaci\u00f3n Cuenta general<\/span><\/a><\/p>\n<\/td>\n<\/tr>\n<tr>\n<td style=\"border-width: medium 1pt 1pt medium; border-style: none solid solid none; border-color: -moz-use-text-color windowtext windowtext -moz-use-text-color; padding: 0cm 3.5pt;\">\n<p style=\"text-align: left;\" align=\"left\"><span style=\"font-size: 10pt;\"><a href=\"https:\/\/alzira.es\/wp-content\/uploads\/2015\/06\/A_Enviament_Conselleria_hisenda.pdf\" target=\"_blank\" rel=\"noopener\"><span style=\"font-size: 10pt;\">R<\/span><span style=\"font-size: 10pt;\">emisi\u00f3n Conselleria de Hacienda y Modelo Econ\u00f3mico<\/span><\/a><\/span><a href=\"https:\/\/alzira.es\/wp-content\/uploads\/2015\/06\/A_Acord_Ple.pdf\" target=\"_blank\" rel=\"noopener\"><span style=\"font-size: 10pt;\"><\/span><\/a><\/p>\n<\/td>\n<\/tr>\n<tr>\n<td style=\"border-width: medium 1pt 1pt medium; border-style: none solid solid none; border-color: -moz-use-text-color windowtext windowtext -moz-use-text-color; padding: 0cm 3.5pt;\">\n<p style=\"text-align: left;\" align=\"left\"><a href=\"https:\/\/alzira.es\/wp-content\/uploads\/2015\/06\/A_Enviament_Delegacio_Economia.pdf\" target=\"_blank\" rel=\"noopener\"><span style=\"font-size: 10pt;\">Remisi\u00f3n Delegaci\u00f3n de Econom\u00eda y Hacienda<\/span><\/a><\/p>\n<\/td>\n<\/tr>\n<tr>\n<td style=\"border-width: medium 1pt 1pt medium; border-style: none solid solid none; border-color: -moz-use-text-color windowtext windowtext -moz-use-text-color; padding: 0cm 3.5pt;\">\n<p style=\"text-align: left;\" align=\"left\"><a href=\"https:\/\/alzira.es\/wp-content\/uploads\/2015\/06\/A_Justificant_enviament.pdf\" target=\"_blank\" rel=\"noopener\"><span style=\"font-size: 10pt;\">Rendici\u00f3n cuenta general Sindicatura de Comptes<\/span><\/a><\/p>\n<\/td>\n<\/tr>\n<tr>\n<td style=\"border-width: medium 1pt 1pt medium; border-style: none solid solid none; border-color: -moz-use-text-color windowtext windowtext -moz-use-text-color; padding: 0cm 3.5pt;\">&nbsp;<\/td>\n<\/tr>\n<tr>\n<td style=\"border-width: medium 1pt 1pt; border-style: none solid solid; border-color: -moz-use-text-color windowtext windowtext; padding: 0cm 3.5pt;\">\n<p style=\"text-align: left;\" align=\"left\"><strong><span style=\"font-size: 10pt;\">B)<\/span><\/strong><\/p>\n<\/td>\n<td style=\"border-width: medium 1pt 1pt medium; border-style: none solid solid none; border-color: -moz-use-text-color windowtext windowtext -moz-use-text-color; padding: 0cm 3.5pt;\">\n<p style=\"text-align: left;\" align=\"left\"><strong><span style=\"font-size: 10pt;\">Cuenta general. Estados contables y presupuestarios<\/span><\/strong><\/p>\n<\/td>\n<\/tr>\n<tr>\n<td style=\"border-width: medium 1pt 1pt; border-style: none solid solid; border-color: -moz-use-text-color windowtext windowtext; padding: 0cm 3.5pt;\" rowspan=\"27\">&nbsp;<\/td>\n<td style=\"border-width: medium 1pt 1pt medium; border-style: none solid solid none; border-color: -moz-use-text-color windowtext windowtext -moz-use-text-color; padding: 0cm 3.5pt;\">&nbsp;<\/td>\n<\/tr>\n<tr>\n<td style=\"border-width: medium 1pt 1pt medium; border-style: none solid solid none; border-color: -moz-use-text-color windowtext windowtext -moz-use-text-color; padding: 0cm 3.5pt;\">\n<p style=\"text-align: left;\" align=\"left\"><a href=\"https:\/\/alzira.es\/wp-content\/uploads\/2015\/06\/B_1_balanc_situacio.PDF\" target=\"_blank\" rel=\"noopener\"><span style=\"font-size: 10pt;\">Balance de situaci\u00f3n final<\/span><\/a><\/p>\n<\/td>\n<\/tr>\n<tr>\n<td style=\"border-width: medium 1pt 1pt medium; border-style: none solid solid none; border-color: -moz-use-text-color windowtext windowtext -moz-use-text-color; padding: 0cm 3.5pt;\">\n<p style=\"text-align: left;\" align=\"left\"><a href=\"https:\/\/alzira.es\/wp-content\/uploads\/2015\/06\/B_2_Compte_resultat_economic_patrimonial.PDF\" target=\"_blank\" rel=\"noopener\"><span style=\"font-size: 10pt;\">Cuenta de resultados ejercicio<\/span><\/a><\/p>\n<\/td>\n<\/tr>\n<tr>\n<td style=\"border-width: medium 1pt 1pt medium; border-style: none solid solid none; border-color: -moz-use-text-color windowtext windowtext -moz-use-text-color; padding: 0cm 3.5pt;\">\n<p style=\"text-align: left;\" align=\"left\"><span style=\"font-size: 10pt;\">Liquidaci\u00f3n presupuesto gastos &#8211; <a href=\"https:\/\/alzira.es\/wp-content\/uploads\/2015\/06\/B_3_Liquidacio_gastos_detall_areas_gasto.PDF\" target=\"_blank\" rel=\"noopener\">detalle<\/a><br \/>\n<\/span><\/p>\n<\/td>\n<\/tr>\n<tr>\n<td style=\"border-width: medium 1pt 1pt medium; border-style: none solid solid none; border-color: -moz-use-text-color windowtext windowtext -moz-use-text-color; padding: 0cm 3.5pt;\">\n<p style=\"text-align: left;\" align=\"left\"><span style=\"font-size: 10pt;\">Liquidaci\u00f3n presupuesto gastos \u2013 <a href=\"https:\/\/alzira.es\/wp-content\/uploads\/2015\/06\/B_4_Liquidacio_gastos_resum_arees_gasto.PDF\" target=\"_blank\" rel=\"noopener\">resumen \u00e1reas de gasto<\/a><\/span><\/p>\n<\/td>\n<\/tr>\n<tr>\n<td style=\"border-width: medium 1pt 1pt medium; border-style: none solid solid none; border-color: -moz-use-text-color windowtext windowtext -moz-use-text-color; padding: 0cm 3.5pt;\">\n<p style=\"text-align: left;\" align=\"left\"><span style=\"font-size: 10pt;\">Liquidaci\u00f3n presupuesto gastos \u2013 <a href=\"https:\/\/alzira.es\/wp-content\/uploads\/2015\/06\/B_5_Liquidacio_gastos_resum_economica.PDF\" target=\"_blank\" rel=\"noopener\">resumen cap\u00edtulos<\/a><\/span><\/p>\n<\/td>\n<\/tr>\n<tr>\n<td style=\"border-width: medium 1pt 1pt medium; border-style: none solid solid none; border-color: -moz-use-text-color windowtext windowtext -moz-use-text-color; padding: 0cm 3.5pt;\">\n<p style=\"text-align: left;\" align=\"left\"><span style=\"font-size: 10pt;\">Liquidaci\u00f3n presupuesto ingresos \u2013 <a href=\"https:\/\/alzira.es\/wp-content\/uploads\/2015\/06\/B_6_Liquidacio_ingressos_resum.PDF\" target=\"_blank\" rel=\"noopener\">resumen<\/a><\/span><\/p>\n<\/td>\n<\/tr>\n<tr>\n<td style=\"border-width: medium 1pt 1pt medium; border-style: none solid solid none; border-color: -moz-use-text-color windowtext windowtext -moz-use-text-color; padding: 0cm 3.5pt;\">\n<p style=\"text-align: left;\" align=\"left\"><span style=\"font-size: 10pt;\">Liquidaci\u00f3n presupuesto ingresos \u2013 <a href=\"https:\/\/alzira.es\/wp-content\/uploads\/2015\/06\/B_7_Liquidacio_ingressos_detall.PDF\" target=\"_blank\" rel=\"noopener\">detalle<\/a><\/span><\/p>\n<\/td>\n<\/tr>\n<tr>\n<td style=\"border-width: medium 1pt 1pt medium; border-style: none solid solid none; border-color: -moz-use-text-color windowtext windowtext -moz-use-text-color; padding: 0cm 3.5pt;\">\n<p style=\"text-align: left;\" align=\"left\"><a href=\"https:\/\/alzira.es\/wp-content\/uploads\/2015\/06\/B_8_Estat_tresoreria.PDF\" target=\"_blank\" rel=\"noopener\"><span style=\"font-size: 10pt;\">Tesorer\u00eda<\/span><\/a><\/p>\n<\/td>\n<\/tr>\n<tr>\n<td style=\"border-width: medium 1pt 1pt medium; border-style: none solid solid none; border-color: -moz-use-text-color windowtext windowtext -moz-use-text-color; padding: 0cm 3.5pt;\">\n<p style=\"text-align: left;\" align=\"left\"><span style=\"font-size: 10pt;\"><a href=\"https:\/\/alzira.es\/wp-content\/uploads\/2015\/06\/B_9_Situacio_moviment_deute.PDF\" target=\"_blank\" rel=\"noopener\">Situaci\u00f3n y movimiento de la deuda<\/a><br \/>\n<\/span><\/p>\n<\/td>\n<\/tr>\n<tr>\n<td style=\"border-width: medium 1pt 1pt medium; border-style: none solid solid none; border-color: -moz-use-text-color windowtext windowtext -moz-use-text-color; padding: 0cm 3.5pt;\">\n<p style=\"text-align: left;\" align=\"left\"><span style=\"font-size: 10pt;\">Operaciones no presupuestarias Tesorer\u00eda \u2013 <a href=\"https:\/\/alzira.es\/wp-content\/uploads\/2015\/06\/B_10_Operacions_no_pressupostaries_deutors.PDF\" target=\"_blank\" rel=\"noopener\">deudores<\/a><\/span><\/p>\n<\/td>\n<\/tr>\n<tr>\n<td style=\"border-width: medium 1pt 1pt medium; border-style: none solid solid none; border-color: -moz-use-text-color windowtext windowtext -moz-use-text-color; padding: 0cm 3.5pt;\">\n<p style=\"text-align: left;\" align=\"left\"><span style=\"font-size: 10pt;\">Operaciones no presupuestarias Tesorer\u00eda \u2013 <a href=\"https:\/\/alzira.es\/wp-content\/uploads\/2015\/06\/B_11_Operacions_no_pressupostaries_creditors.PDF\" target=\"_blank\" rel=\"noopener\">acreedores<\/a><\/span><\/p>\n<\/td>\n<\/tr>\n<tr>\n<td style=\"border-width: medium 1pt 1pt medium; border-style: none solid solid none; border-color: -moz-use-text-color windowtext windowtext -moz-use-text-color; padding: 0cm 3.5pt;\">\n<p style=\"text-align: left;\" align=\"left\"><span style=\"font-size: 10pt;\">Operaciones no presupuestarias Tesorer\u00eda \u2013 <a href=\"https:\/\/alzira.es\/wp-content\/uploads\/2015\/06\/B_12_Operacions_no_pressupostaries_cobraments_pendents_aplicacio.PDF\" target=\"_blank\" rel=\"noopener\">pendiente aplicar ingresos<\/a><a href=\"contenidos\/Area_Economica\/13%20Cuenta%20general\/b12_np_pendientes_de_aplicacion_ingreso.pdf\" target=\"_blank\" rel=\"noopener\"> <\/a><\/span><\/p>\n<\/td>\n<\/tr>\n<tr>\n<td style=\"border-width: medium 1pt 1pt medium; border-style: none solid solid none; border-color: -moz-use-text-color windowtext windowtext -moz-use-text-color; padding: 0cm 3.5pt;\">\n<p style=\"text-align: left;\" align=\"left\"><span style=\"font-size: 10pt;\">Operaciones no presupuestarias Tesorer\u00eda \u2013 <a href=\"https:\/\/alzira.es\/wp-content\/uploads\/2015\/06\/B_13_Operacions_no_pressupostaries_pagaments_pendents_aplicacio.PDF\" target=\"_blank\" rel=\"noopener\">pendiente aplicar pagos<\/a><\/span><\/p>\n<\/td>\n<\/tr>\n<tr>\n<td style=\"border-width: medium 1pt 1pt medium; border-style: none solid solid none; border-color: -moz-use-text-color windowtext windowtext -moz-use-text-color; padding: 0cm 3.5pt;\">\n<p style=\"text-align: left;\" align=\"left\"><a href=\"https:\/\/alzira.es\/wp-content\/uploads\/2015\/06\/B_14_Estat_valors_rebuts_diposit.PDF\" target=\"_blank\" rel=\"noopener\"><span style=\"font-size: 10pt;\">Valores recibidos en dep\u00f3sito<\/span><\/a><a href=\"https:\/\/alzira.es\/wp-content\/uploads\/2014\/07\/b14_valores_recibidos_en_deposito.pdf\" target=\"_blank\" rel=\"noopener\"><span style=\"font-size: 10pt;\"> <\/span><\/a><\/p>\n<\/td>\n<\/tr>\n<tr>\n<td style=\"border-width: medium 1pt 1pt medium; border-style: none solid solid none; border-color: -moz-use-text-color windowtext windowtext -moz-use-text-color; padding: 0cm 3.5pt;\">\n<p style=\"text-align: left;\" align=\"left\"><span style=\"font-size: 10pt;\"><a href=\"https:\/\/alzira.es\/wp-content\/uploads\/2015\/06\/B_15_EOAF.PDF\" target=\"_blank\" rel=\"noopener\">EOAF<\/a> y cuadro financiaci\u00f3n anual<\/span><\/p>\n<\/td>\n<\/tr>\n<tr>\n<td style=\"border-width: medium 1pt 1pt medium; border-style: none solid solid none; border-color: -moz-use-text-color windowtext windowtext -moz-use-text-color; padding: 0cm 3.5pt;\">\n<p style=\"text-align: left;\" align=\"left\"><a href=\"https:\/\/alzira.es\/wp-content\/uploads\/2015\/06\/B_16_Modificacions_credit.PDF\" target=\"_blank\" rel=\"noopener\"><span style=\"font-size: 10pt;\">Modificaciones cr\u00e9dito<\/span><\/a><\/p>\n<\/td>\n<\/tr>\n<tr>\n<td style=\"border-width: medium 1pt 1pt medium; border-style: none solid solid none; border-color: -moz-use-text-color windowtext windowtext -moz-use-text-color; padding: 0cm 3.5pt;\">\n<p style=\"text-align: left;\" align=\"left\"><a href=\"https:\/\/alzira.es\/wp-content\/uploads\/2015\/06\/B_17_Romanents_credit.PDF\" target=\"_blank\" rel=\"noopener\"><span style=\"font-size: 10pt;\">Remanentes cr\u00e9dito<\/span><\/a><a href=\"https:\/\/alzira.es\/wp-content\/uploads\/2015\/06\/b17_remanentes_de_creditos.pdf\" target=\"_blank\" rel=\"noopener\"><span style=\"font-size: 10pt;\"> <\/span><\/a><\/p>\n<\/td>\n<\/tr>\n<tr>\n<td style=\"border-width: medium 1pt 1pt medium; border-style: none solid solid none; border-color: -moz-use-text-color windowtext windowtext -moz-use-text-color; padding: 0cm 3.5pt;\">\n<p style=\"text-align: left;\" align=\"left\"><a href=\"https:\/\/alzira.es\/wp-content\/uploads\/2015\/06\/B_18_Projectes_de_gasto_resum_execucio.PDF\" target=\"_blank\" rel=\"noopener\"><span style=\"font-size: 10pt;\">Proyectos de gasto desviaciones de financiaci\u00f3n<\/span><\/a><\/p>\n<\/td>\n<\/tr>\n<tr>\n<td style=\"border-width: medium 1pt 1pt medium; border-style: none solid solid none; border-color: -moz-use-text-color windowtext windowtext -moz-use-text-color; padding: 0cm 3.5pt;\">\n<p style=\"text-align: left;\" align=\"left\"><span style=\"font-size: 10pt;\"><a href=\"https:\/\/alzira.es\/wp-content\/uploads\/2015\/06\/B_19_Gastos_financament_afectat.PDF\" target=\"_blank\" rel=\"noopener\">Gastos de financiaci\u00f3n afectada<\/a> &#8211; <a href=\"https:\/\/alzira.es\/wp-content\/uploads\/2015\/06\/B_19_gastos_financament_afectat_2.PDF\" target=\"_blank\" rel=\"noopener\">01<\/a>&#8211; <a href=\"https:\/\/alzira.es\/wp-content\/uploads\/2015\/06\/B_19_gastos_financament_afectat_3.PDF\" target=\"_blank\" rel=\"noopener\">02<\/a> &#8211; <a href=\"https:\/\/alzira.es\/wp-content\/uploads\/2015\/06\/B_19_gastos_financament_afectat_3.PDF\" target=\"_blank\" rel=\"noopener\">03<\/a> &#8211; <a href=\"https:\/\/alzira.es\/wp-content\/uploads\/2015\/06\/B_19_gastos_financament_afectat_4.PDF\" target=\"_blank\" rel=\"noopener\">04<\/a><\/span><\/p>\n<\/td>\n<\/tr>\n<tr>\n<td style=\"border-width: medium 1pt 1pt medium; border-style: none solid solid none; border-color: -moz-use-text-color windowtext windowtext -moz-use-text-color; padding: 0cm 3.5pt;\">\n<p style=\"text-align: left;\" align=\"left\"><span style=\"font-size: 10pt;\">Liquidaci\u00f3n presupuesto ingresos a) derechos anulados (<a href=\"https:\/\/alzira.es\/wp-content\/uploads\/2015\/06\/B_20_drets_anullats_resum.PDF\" target=\"_blank\" rel=\"noopener\">resumen<\/a> \/ <a href=\"https:\/\/alzira.es\/wp-content\/uploads\/2015\/06\/B_20_drets_anullats_detall.PDF\" target=\"_blank\" rel=\"noopener\">detalle<\/a>)<br \/>\n<\/span><\/p>\n<\/td>\n<\/tr>\n<tr>\n<td style=\"border-width: medium 1pt 1pt medium; border-style: none solid solid none; border-color: -moz-use-text-color windowtext windowtext -moz-use-text-color; padding: 0cm 3.5pt;\">\n<p style=\"text-align: left;\" align=\"left\"><span style=\"font-size: 10pt;\">Liquidaci\u00f3n presupuesto ingresos b) derechos cancelados (<a href=\"https:\/\/alzira.es\/wp-content\/uploads\/2015\/06\/B_21_drets_cancellats_resum.PDF\" target=\"_blank\" rel=\"noopener\">resumen<\/a> \/ <a href=\"https:\/\/alzira.es\/wp-content\/uploads\/2015\/06\/B_21_drets_cancellats_detall.PDF\" target=\"_blank\" rel=\"noopener\">detalle<\/a>)<br \/>\n<\/span><\/p>\n<\/td>\n<\/tr>\n<tr>\n<td style=\"border-width: medium 1pt 1pt medium; border-style: none solid solid none; border-color: -moz-use-text-color windowtext windowtext -moz-use-text-color; padding: 0cm 3.5pt;\">\n<p style=\"text-align: left;\" align=\"left\"><span style=\"font-size: 10pt;\">Liquidaci\u00f3n presupuesto ingresos c) recaudaci\u00f3n neta (<a href=\"https:\/\/alzira.es\/wp-content\/uploads\/2015\/06\/B_22_recaptacio_neta_resum.PDF\" target=\"_blank\" rel=\"noopener\">resumen<\/a> \/ <a href=\"https:\/\/alzira.es\/wp-content\/uploads\/2015\/06\/B_22_recaptacio_neta_detall.PDF\" target=\"_blank\" rel=\"noopener\">detalle<\/a>)<br \/>\n<\/span><\/p>\n<\/td>\n<\/tr>\n<tr>\n<td style=\"border-width: medium 1pt 1pt medium; border-style: none solid solid none; border-color: -moz-use-text-color windowtext windowtext -moz-use-text-color; padding: 0cm 3.5pt;\">\n<p style=\"text-align: left;\" align=\"left\"><span style=\"font-size: 10pt;\">Liquidaci\u00f3n presupuesto ingresos d) devoluciones (<a href=\"https:\/\/alzira.es\/wp-content\/uploads\/2015\/06\/B_23_devolucions_resum.PDF\" target=\"_blank\" rel=\"noopener\">resumen<\/a> \/ <a href=\"https:\/\/alzira.es\/wp-content\/uploads\/2015\/06\/B_23_devolucions_detall.PDF\" target=\"_blank\" rel=\"noopener\">detalle<\/a>)<br \/>\n<\/span><\/p>\n<\/td>\n<\/tr>\n<tr>\n<td style=\"border-width: medium 1pt 1pt medium; border-style: none solid solid none; border-color: -moz-use-text-color windowtext windowtext -moz-use-text-color; padding: 0cm 3.5pt;\">\n<p style=\"text-align: left;\" align=\"left\"><span style=\"font-size: 10pt;\">Presupuestos cerrados \u2013 derechos pendientes cobro (<\/span><a href=\"https:\/\/alzira.es\/wp-content\/uploads\/2015\/06\/B_25_pressupostos_tancats_drets_anullats_detall.PDF\" target=\"_blank\" rel=\"noopener\"><span style=\"font-size: 10pt;\">anulados<\/span><\/a><span style=\"font-size: 10pt;\">, <a href=\"https:\/\/alzira.es\/wp-content\/uploads\/2015\/06\/B_25_pressupostos_tancats_drets_cancellats_detall.PDF\" target=\"_blank\" rel=\"noopener\">cancelados<\/a>)<\/span><\/p>\n<\/td>\n<\/tr>\n<tr>\n<td style=\"border-width: medium 1pt 1pt medium; border-style: none solid solid none; border-color: -moz-use-text-color windowtext windowtext -moz-use-text-color; padding: 0cm 3.5pt;\">\n<p style=\"text-align: left;\" align=\"left\"><span style=\"font-size: 10pt;\"><a href=\"https:\/\/alzira.es\/wp-content\/uploads\/2015\/06\/B_26_estat_conciliacio_bancaria.PDF\" target=\"_blank\" rel=\"noopener\">Estado concialiaci\u00f3n bancaria<\/a>, <a href=\"https:\/\/alzira.es\/wp-content\/uploads\/2015\/06\/B_26_Arqueig.pdf\" target=\"_blank\" rel=\"noopener\">arqueo<\/a> y <\/span><span style=\"font-size: 10pt;\">concialiciones bancarias<\/span><a href=\"contenidos\/Area_Economica\/13%20Cuenta%20general\/b27_estado_conciliacion_bancaria.pdf\" target=\"_blank\" rel=\"noopener\"> <\/a><\/p>\n<\/td>\n<\/tr>\n<tr>\n<td style=\"border-width: medium 1pt 1pt medium; border-style: none solid solid none; border-color: -moz-use-text-color windowtext windowtext -moz-use-text-color; padding: 0cm 3.5pt;\">&nbsp;<\/td>\n<\/tr>\n<\/tbody>\n<\/table>\n","protected":false},"excerpt":{"rendered":"<p>&nbsp; A) Cuenta general. Tramitaci\u00f3n y aprobaci\u00f3n &nbsp; &nbsp; Formaci\u00f3n Cuenta general Decreto Alcald\u00eda n\u00famero 1459\/18 rendici\u00f3n cuentas Dictamen Comisi\u00f3n Especial de Cuentas Edicto Cuenta general Exposici\u00f3n p\u00fablica Cuenta general Hago constar no reclamaciones Acuerdo Pleno aprobaci\u00f3n Cuenta general Remisi\u00f3n Conselleria de Hacienda y Modelo Econ\u00f3mico Remisi\u00f3n Delegaci\u00f3n de Econom\u00eda y Hacienda Rendici\u00f3n cuenta general &hellip; <\/p>\n<p class=\"link-more\"><a href=\"https:\/\/alzira.es\/es\/servicios-municipales\/economia-y-recaudacion\/intervencion-cas-no\/cuenta-general-cas-no\/historicos-cuentas-generales\/cuenta-general-2017-cas-no\/\" class=\"more-link\">Continuar leyendo<span class=\"screen-reader-text\"> \u00abCuenta general 2017-cas-no\u00bb<\/span><\/a><\/p>\n","protected":false},"author":12,"featured_media":0,"parent":38301,"menu_order":11,"comment_status":"closed","ping_status":"closed","template":"","meta":{"_acf_changed":false,"footnotes":""},"class_list":["post-31632","page","type-page","status-publish","hentry"],"acf":[],"_links":{"self":[{"href":"https:\/\/alzira.es\/es\/wp-json\/wp\/v2\/pages\/31632","targetHints":{"allow":["GET"]}}],"collection":[{"href":"https:\/\/alzira.es\/es\/wp-json\/wp\/v2\/pages"}],"about":[{"href":"https:\/\/alzira.es\/es\/wp-json\/wp\/v2\/types\/page"}],"author":[{"embeddable":true,"href":"https:\/\/alzira.es\/es\/wp-json\/wp\/v2\/users\/12"}],"replies":[{"embeddable":true,"href":"https:\/\/alzira.es\/es\/wp-json\/wp\/v2\/comments?post=31632"}],"version-history":[{"count":3,"href":"https:\/\/alzira.es\/es\/wp-json\/wp\/v2\/pages\/31632\/revisions"}],"predecessor-version":[{"id":111631,"href":"https:\/\/alzira.es\/es\/wp-json\/wp\/v2\/pages\/31632\/revisions\/111631"}],"up":[{"embeddable":true,"href":"https:\/\/alzira.es\/es\/wp-json\/wp\/v2\/pages\/38301"}],"wp:attachment":[{"href":"https:\/\/alzira.es\/es\/wp-json\/wp\/v2\/media?parent=31632"}],"curies":[{"name":"wp","href":"https:\/\/api.w.org\/{rel}","templated":true}]}}