{"id":3161,"date":"2009-05-06T12:53:23","date_gmt":"2009-05-06T10:53:23","guid":{"rendered":"https:\/\/alzira.es\/enlaces-de-interes-2\/"},"modified":"2021-08-29T16:50:20","modified_gmt":"2021-08-29T14:50:20","slug":"enlaces-de-interes-educacion","status":"publish","type":"page","link":"https:\/\/alzira.es\/es\/servicios-municipales\/enlaces-de-interes-educacion\/","title":{"rendered":"Enlaces de inter\u00e9s &#8211; Educaci\u00f3n"},"content":{"rendered":"<p style=\"text-align: center;\"><span style=\"color: #0000ff;\"><strong><span style=\"font-size: larger;\"><span style=\"font-family: Arial;\">CONSELLERIA DE EDUCACI\u00d3N<\/span><\/span><\/strong><\/span><\/p>\n<p style=\"text-align: center;\">\n<ul>\n<li style=\"text-align: justify;\">\u00a0<span style=\"color: #339966;\"><strong><span style=\"font-size: larger;\"><span style=\"font-family: Arial;\">Conselleria de Educaci\u00f3n<\/span><\/span><\/strong><\/span><span style=\"font-size: larger;\"><span style=\"font-family: Arial;\">: <a href=\"http:\/\/www.edu.gva.es\" target=\"_blank\" rel=\"noopener\">http:\/\/www.edu.gva.es<\/a> <\/span><\/span><\/li>\n<li><span style=\"color: #339966;\"><strong><span style=\"font-size: larger;\"><span style=\"font-family: Arial;\">Gu\u00eda de Centros Educativos de la Comunidad Valenciana<\/span><\/span><\/strong><\/span><span style=\"font-size: larger;\"><span style=\"font-family: Arial;\">: <a href=\"http:\/\/www.edu.gva.es\/ocd\/areacd\/val\/guiadecentros.asp\" target=\"_blank\" rel=\"noopener\">http:\/\/www.edu.gva.es\/ocd\/areacd\/val\/guiadecentros.asp<\/a><\/span><\/span><\/li>\n<li><span style=\"color: #339966;\"><strong><span style=\"font-size: larger;\"><span style=\"font-family: Arial;\">Becas y Ayudas de Conselleria de Educaci\u00f3n<\/span><\/span><\/strong><\/span><span style=\"font-size: larger;\"><span style=\"font-family: Arial;\">: <a href=\"http:\/\/www.edu.gva.es\/ocd\/areacd\/val\/ayudas.htm\" target=\"_blank\" rel=\"noopener\">http:\/\/www.edu.gva.es\/ocd\/areacd\/val\/ayudas.htm<\/a> <\/span><\/span><\/li>\n<\/ul>\n<p style=\"text-align: center;\">\n<p style=\"text-align: center;\"><span style=\"color: #0000ff;\"><strong><span style=\"font-size: larger;\"><span style=\"font-family: Arial;\">WEBS CENTROS EDUCATIVOS DE ALZIRA<\/span><\/span><\/strong><\/span><\/p>\n<ul>\n<li><span style=\"color: #339966;\"><strong><span style=\"font-size: larger;\"><span style=\"font-family: Arial;\">Escuelas Infantiles Municipales<\/span><\/span><\/strong><\/span><span style=\"font-size: larger;\"><span style=\"font-family: Arial;\">: <a href=\"http:\/\/www.eima-alzira.com\">http:\/\/www.eima-alzira.com<\/a> <\/span><\/span><\/li>\n<li><span style=\"color: #339966;\"><strong><span style=\"font-size: larger;\"><span style=\"font-family: Arial;\">CEIP l&#8217;Alborx\u00ed<\/span><\/span><\/strong><\/span><span style=\"font-size: larger;\"><span style=\"font-family: Arial;\">:\u00a0<a href=\"http:\/\/www.alborxi.com\/\">http:\/\/www.alborxi.com\/<\/a><\/span><\/span><\/li>\n<li><span style=\"color: #339966;\"><strong><span style=\"font-size: larger;\"><span style=\"font-family: Arial;\">CEIP F. Garc\u00eda Sanchiz<\/span><\/span><\/strong><\/span><span style=\"font-size: larger;\"><span style=\"font-family: Arial;\">: <a href=\"http:\/\/www.fgarciasanchiz.es\/\" target=\"_blank\" rel=\"noopener\">http:\/\/www.fgarciasanchiz.es\/<\/a>\u00a0\u00a0<\/span><\/span><\/li>\n<li><span style=\"font-size: larger;\"><span style=\"font-family: Arial;\"><span style=\"color: #339966;\"><strong>CEIP Garc\u00eda Lorca<\/strong><\/span>:\u00a0<a href=\"http:\/\/mestreacasa.gva.es\/web\/ceipgarcialorca\" target=\"_blank\" rel=\"noopener\">http:\/\/mestreacasa.gva.es\/web\/ceipgarcialorca<\/a><\/span><\/span><\/li>\n<li><span style=\"color: #339966;\"><strong>CEIP Gloria Fuertes:<\/strong><\/span> <a style=\"font-size: 14.4px;\" href=\"http:\/\/mestreacasa.gva.es\/web\/ceipgloriafuertes\" target=\"_blank\" rel=\"noopener\">http:\/\/mestreacasa.gva.es\/web\/ceipgloriafuertes<\/a><span style=\"font-size: 14.4px;\">\u00a0<\/span><\/li>\n<li><span style=\"font-size: 14.4px; color: #339966;\"><strong><span style=\"font-size: larger;\"><span style=\"font-family: Arial;\">CEIP Llu\u00eds Vives<\/span><\/span><\/strong><\/span><span style=\"font-size: larger;\"><span style=\"font-family: Arial;\">:\u00a0<a href=\"http:\/\/intercentres.edu.gva.es\/lluis_vives_alzira\/\">http:\/\/intercentres.edu.gva.es\/lluis_vives_alzira\/<\/a><\/span><\/span><\/li>\n<li><strong style=\"font-family: Arial; font-size: larger;\"><span style=\"color: #339966;\">CEIP Tirant Lo Blanc<\/span><\/strong><span style=\"font-family: Arial; font-size: larger;\">: \u00a0<\/span><a style=\"font-family: Arial; font-size: larger;\" href=\"http:\/\/mestreacasa.gva.es\/web\/tirantloblancalzira\/1\" target=\"_blank\" rel=\"noopener\">http:\/\/mestreacasa.gva.es\/web\/tirantloblancalzira\/1<\/a><\/li>\n<li><span style=\"color: #339966;\"><strong><span style=\"font-size: larger;\"><span style=\"font-family: Arial;\">CEIP Vicente Blasco Ib\u00e1\u00f1ez<\/span><\/span><\/strong><\/span><span style=\"font-size: larger;\"><span style=\"font-family: Arial;\">:\u00a0<a href=\"http:\/\/intercentres.edu.gva.es\/intercentres\/46000651\/\" target=\"_blank\" rel=\"noopener\">http:\/\/intercentres.edu.gva.es\/intercentres\/46000651\/<\/a><\/span><\/span><\/li>\n<li><strong style=\"color: #339966; font-size: revert;\"><span style=\"font-size: larger;\"><span style=\"font-family: Arial;\">Colegio la Purisima: <\/span><\/span><\/strong><a style=\"font-size: revert;\" href=\"http:\/\/www.lapurisimaalzira.es\/\" target=\"_blank\" rel=\"noopener\"><span style=\"font-size: larger;\"><span style=\"font-family: Arial;\">http:\/\/www.lapurisimaalzira.es\/<\/span><\/span><\/a><span style=\"font-size: larger;\"><span style=\"font-family: Arial;\">\u00a0<\/span><\/span><\/li>\n<li><strong style=\"color: #339966; font-size: revert;\"><span style=\"font-size: larger;\"><span style=\"font-family: Arial;\">Colegio Sagrada Familia: <\/span><\/span><\/strong><a style=\"font-size: revert;\" href=\"http:\/\/www.sagradafamiliaalzira.es\/\" target=\"_blank\" rel=\"noopener\"><span style=\"font-size: larger;\"><span style=\"font-family: Arial;\">http:\/\/www.sagradafamiliaalzira.es\/<\/span><\/span><\/a><span style=\"font-size: larger;\"><span style=\"font-family: Arial;\">\u00a0<\/span><\/span><\/li>\n<li><span style=\"color: #339966;\"><strong><span style=\"font-size: larger;\"><span style=\"font-family: Arial;\">Colegio Santos Patronos<\/span><\/span><\/strong><\/span><span style=\"font-size: larger;\"><span style=\"font-family: Arial;\">:\u00a0<a href=\"http:\/\/santospatronos.es\/\" target=\"_blank\" rel=\"noopener\">http:\/\/santospatronos.es\/<\/a><\/span><\/span><\/li>\n<li><span style=\"color: #339966;\"><strong><span style=\"font-size: larger;\"><span style=\"font-family: Arial;\">IES Jos\u00e9 Maria Parra<\/span><\/span><\/strong><\/span><span style=\"font-size: larger;\"><span style=\"font-family: Arial;\">:<a href=\"\/www.iesparra.com\" target=\"_blank\" rel=\"noopener\">\u00a0<\/a><a href=\"http:\/\/iesparra.edu.gva.es\/\" target=\"_blank\" rel=\"noopener\">http:\/\/iesparra.edu.gva.es\/<\/a><\/span><\/span><\/li>\n<li><span style=\"color: #339966;\"><strong><span style=\"font-size: larger;\"><span style=\"font-family: Arial;\">IES Rei En Jaume<\/span><\/span><\/strong><\/span><span style=\"font-size: larger;\"><span style=\"font-family: Arial;\">:\u00a0<a href=\"http:\/\/mestreacasa.gva.es\/web\/iesreienjaume\" target=\"_blank\" rel=\"noopener\">http:\/\/mestreacasa.gva.es\/web\/iesreienjaume<\/a><\/span><\/span><\/li>\n<li><span style=\"color: #339966;\"><strong><span style=\"font-size: larger;\"><span style=\"font-family: Arial;\">IES N\u00ba 4:<\/span><\/span><\/strong><\/span><span style=\"font-size: larger;\"><span style=\"font-family: Arial;\">\u00a0<a href=\"http:\/\/www.ies4tulell.org\/\" target=\"_blank\" rel=\"noopener\">http:\/\/www.ies4tulell.org\/<\/a><\/span><\/span><\/li>\n<li><span style=\"color: #339966;\"><strong><span style=\"font-size: larger;\"><span style=\"font-family: Arial;\">CIPFP Lu\u00eds S\u00fa\u00f1er Sanch\u00eds<\/span><\/span><\/strong><\/span><span style=\"font-size: larger;\"><span style=\"font-family: Arial;\">:\u00a0<a href=\"http:\/\/www.fpalzira.es\/web\/index.php\/es-es\/\" target=\"_blank\" rel=\"noopener\">http:\/\/www.fpalzira.es\/web\/index.php\/es-es\/<\/a><\/span><\/span><\/li>\n<li><span style=\"color: #339966;\"><strong><span style=\"font-size: larger;\"><span style=\"font-family: Arial;\">Escola Ocial d&#8217;Idiomes d&#8217;Alzira<\/span><\/span><\/strong><\/span><span style=\"font-size: larger;\"><span style=\"font-family: Arial;\">: <a href=\"http:\/\/www.eoialzira.es\/\" target=\"_blank\" rel=\"noopener\">http:\/\/www.eoialzira.es\/<\/a> <\/span><\/span><span style=\"font-size: 14.4px;\">\u00a0<\/span><\/li>\n<li><strong style=\"color: #339966; font-size: revert;\">Xuquer centre Educatiu: \u00a0<\/strong><a style=\"font-size: revert;\" href=\"http:\/\/www.axuquer.es\/\" target=\"_blank\" rel=\"noopener\">http:\/\/www.axuquer.es\/<\/a><\/li>\n<\/ul>\n<p><strong style=\"color: #0000ff; text-align: justify; font-size: 14.4px;\"><span style=\"font-size: larger;\"><span style=\"font-family: Arial;\">ENTIDADES COLABORADORAS:<\/span><\/span><\/strong><\/p>\n<ul>\n<li style=\"text-align: justify;\"><span style=\"color: #339966;\"><strong><span style=\"font-size: larger;\"><span style=\"font-family: Arial;\">Fundaci\u00f3 Bromera per a la Lectura<\/span><\/span><\/strong><\/span><span style=\"font-size: larger;\"><span style=\"font-family: Arial;\">: <a href=\"http:\/\/www.fundaciobromera.org\" target=\"_blank\" rel=\"noopener\">http:\/\/www.fundaciobromera.org<\/a>\u00a0\u00a0<\/span><\/span><\/li>\n<\/ul>\n","protected":false},"excerpt":{"rendered":"<p>CONSELLERIA DE EDUCACI\u00d3N \u00a0Conselleria de Educaci\u00f3n: http:\/\/www.edu.gva.es Gu\u00eda de Centros Educativos de la Comunidad Valenciana: http:\/\/www.edu.gva.es\/ocd\/areacd\/val\/guiadecentros.asp Becas y Ayudas de Conselleria de Educaci\u00f3n: http:\/\/www.edu.gva.es\/ocd\/areacd\/val\/ayudas.htm WEBS CENTROS EDUCATIVOS DE ALZIRA Escuelas Infantiles Municipales: http:\/\/www.eima-alzira.com CEIP l&#8217;Alborx\u00ed:\u00a0http:\/\/www.alborxi.com\/ CEIP F. Garc\u00eda Sanchiz: http:\/\/www.fgarciasanchiz.es\/\u00a0\u00a0 CEIP Garc\u00eda Lorca:\u00a0http:\/\/mestreacasa.gva.es\/web\/ceipgarcialorca CEIP Gloria Fuertes: http:\/\/mestreacasa.gva.es\/web\/ceipgloriafuertes\u00a0 CEIP Llu\u00eds Vives:\u00a0http:\/\/intercentres.edu.gva.es\/lluis_vives_alzira\/ CEIP Tirant Lo Blanc: \u00a0http:\/\/mestreacasa.gva.es\/web\/tirantloblancalzira\/1 &hellip; <\/p>\n<p class=\"link-more\"><a href=\"https:\/\/alzira.es\/es\/servicios-municipales\/enlaces-de-interes-educacion\/\" class=\"more-link\">Continuar leyendo<span class=\"screen-reader-text\"> \u00abEnlaces de inter\u00e9s &#8211; Educaci\u00f3n\u00bb<\/span><\/a><\/p>\n","protected":false},"author":20,"featured_media":0,"parent":60847,"menu_order":4,"comment_status":"closed","ping_status":"closed","template":"","meta":{"_acf_changed":false,"footnotes":""},"class_list":["post-3161","page","type-page","status-publish","hentry"],"acf":[],"_links":{"self":[{"href":"https:\/\/alzira.es\/es\/wp-json\/wp\/v2\/pages\/3161","targetHints":{"allow":["GET"]}}],"collection":[{"href":"https:\/\/alzira.es\/es\/wp-json\/wp\/v2\/pages"}],"about":[{"href":"https:\/\/alzira.es\/es\/wp-json\/wp\/v2\/types\/page"}],"author":[{"embeddable":true,"href":"https:\/\/alzira.es\/es\/wp-json\/wp\/v2\/users\/20"}],"replies":[{"embeddable":true,"href":"https:\/\/alzira.es\/es\/wp-json\/wp\/v2\/comments?post=3161"}],"version-history":[{"count":1,"href":"https:\/\/alzira.es\/es\/wp-json\/wp\/v2\/pages\/3161\/revisions"}],"predecessor-version":[{"id":85359,"href":"https:\/\/alzira.es\/es\/wp-json\/wp\/v2\/pages\/3161\/revisions\/85359"}],"up":[{"embeddable":true,"href":"https:\/\/alzira.es\/es\/wp-json\/wp\/v2\/pages\/60847"}],"wp:attachment":[{"href":"https:\/\/alzira.es\/es\/wp-json\/wp\/v2\/media?parent=3161"}],"curies":[{"name":"wp","href":"https:\/\/api.w.org\/{rel}","templated":true}]}}