{"id":31289,"date":"2018-05-24T15:26:02","date_gmt":"2018-05-24T13:26:02","guid":{"rendered":"https:\/\/alzira.es\/vestuarios\/"},"modified":"2021-08-30T08:52:34","modified_gmt":"2021-08-30T06:52:34","slug":"vestuarios","status":"publish","type":"page","link":"https:\/\/alzira.es\/es\/portada-piscinas\/instalaciones\/vestuarios\/","title":{"rendered":"INSTALACIONES Vesturarios"},"content":{"rendered":"<table border=\"0\">\n<tbody>\n<tr>\n<td style=\"width: 20px;\">&nbsp;<\/td>\n<td valign=\"top\"><span style=\"color: #3d6f76; font-size: 14pt;\"><strong>VESTUARIOS<\/strong><\/span><\/p>\n<p><img fetchpriority=\"high\" decoding=\"async\" class=\" size-full wp-image-31286\" style=\"display: block; margin-left: auto; margin-right: auto;\" title=\"VESTUARIOS \/ VESTUARIS\" src=\"https:\/\/alzira.es\/wp-content\/uploads\/2018\/05\/vestuarios2.jpg\" alt=\"vestuarios2\" width=\"650\" height=\"488\" srcset=\"https:\/\/alzira.es\/wp-content\/uploads\/2018\/05\/vestuarios2.jpg 800w, https:\/\/alzira.es\/wp-content\/uploads\/2018\/05\/vestuarios2-680x510.jpg 680w, https:\/\/alzira.es\/wp-content\/uploads\/2018\/05\/vestuarios2-768x576.jpg 768w\" sizes=\"(max-width: 650px) 100vw, 650px\" \/><\/p>\n<p style=\"text-align: justify; margin-left: 30px;\">\u2022 Estructurados en dos bloques cuyo acceso es doble, ocupando un total de 380.56 metros cuadrados. El vestuario uno y dos esta destinado para los hombres y el tres y cuatro para las mujeres.<br \/>\n\u2022 Dotados de cabinas individuales de duchas y de espacio colectivo com\u00fan con un total de 12 duchas para cada vestuario.<br \/>\n\u2022 Taquillas Individuales: 115 Taquillas individuales por Vestuario.<br \/>\n\u2022 Pavimento antideslizante, y sistema independiente de extracci\u00f3n y climatizaci\u00f3n de aire.<br \/>\n\u2022 Capacidad para 30 personas cada uno de ellos.<br \/>\n\u2022 Vestuarios Adaptados: Situados uno en cada bloque, con todo el equipamiento necesario y que recoge la normativa de los mismos.<br \/>\n\u2022 Aseos: Cada vestuario dispone de 3 aseos completos y 1 para personas con discapacidades m\u00e1s 4 urinarios de pie en el vestuario masculino.<br \/>\n\u2022 Cuarto de Limpieza: Cada bloque doble dispone de un cuartito peque\u00f1o con instalaci\u00f3n de agua y luz, para almacenar el material necesario para la limpieza de la instalaci\u00f3n y al mismo tiempo facilitar el trabajo diario en la misma.<br \/>\n\u2022 Espacio corrido de duchas pre-ba\u00f1o con pulsadores temporizados.<br \/>\n\u2022 Instalaci\u00f3n de duchas termost\u00e1ticas independientes con temporizador.<br \/>\n\u2022 Cambiadores de Bebes: Cada vestuario dispone de una instalaci\u00f3n plegable para el cambio y manejo de los Bebes.<\/p>\n<\/td>\n<\/tr>\n<\/tbody>\n<\/table>\n<hr>\n<p><a title=\"facebook\" href=\"http:\/\/facebook.com\/piscina.alzira1\" target=\"_blank\" rel=\"noopener\"><img decoding=\"async\" class=\"size-full wp-image-30385 lazyload\" title=\"facebook\" data-src=\"https:\/\/alzira.es\/wp-content\/uploads\/2018\/05\/fb-icon.png\" alt=\"fb-icon\" src=\"data:image\/svg+xml;base64,PHN2ZyB3aWR0aD0iMSIgaGVpZ2h0PSIxIiB4bWxucz0iaHR0cDovL3d3dy53My5vcmcvMjAwMC9zdmciPjwvc3ZnPg==\" style=\"--smush-placeholder-width: 53px; --smush-placeholder-aspect-ratio: 53\/50;\">&nbsp; &nbsp;&nbsp;Piscina Municipal de Alzira en <span style=\"color: #3d6f76;\"><strong>Facebook<\/strong><\/span><\/a><br \/>\n<span style=\"color: #3d6f76;\"><\/span><\/p>\n","protected":false},"excerpt":{"rendered":"<p>&nbsp; VESTUARIOS \u2022 Estructurados en dos bloques cuyo acceso es doble, ocupando un total de 380.56 metros cuadrados. El vestuario uno y dos esta destinado para los hombres y el tres y cuatro para las mujeres. \u2022 Dotados de cabinas individuales de duchas y de espacio colectivo com\u00fan con un total de 12 duchas para &hellip; <\/p>\n<p class=\"link-more\"><a href=\"https:\/\/alzira.es\/es\/portada-piscinas\/instalaciones\/vestuarios\/\" class=\"more-link\">Continuar leyendo<span class=\"screen-reader-text\"> \u00abINSTALACIONES Vesturarios\u00bb<\/span><\/a><\/p>\n","protected":false},"author":29,"featured_media":0,"parent":30444,"menu_order":0,"comment_status":"closed","ping_status":"closed","template":"","meta":{"_acf_changed":false,"footnotes":""},"class_list":["post-31289","page","type-page","status-publish","hentry"],"acf":[],"_links":{"self":[{"href":"https:\/\/alzira.es\/es\/wp-json\/wp\/v2\/pages\/31289","targetHints":{"allow":["GET"]}}],"collection":[{"href":"https:\/\/alzira.es\/es\/wp-json\/wp\/v2\/pages"}],"about":[{"href":"https:\/\/alzira.es\/es\/wp-json\/wp\/v2\/types\/page"}],"author":[{"embeddable":true,"href":"https:\/\/alzira.es\/es\/wp-json\/wp\/v2\/users\/29"}],"replies":[{"embeddable":true,"href":"https:\/\/alzira.es\/es\/wp-json\/wp\/v2\/comments?post=31289"}],"version-history":[{"count":2,"href":"https:\/\/alzira.es\/es\/wp-json\/wp\/v2\/pages\/31289\/revisions"}],"predecessor-version":[{"id":86138,"href":"https:\/\/alzira.es\/es\/wp-json\/wp\/v2\/pages\/31289\/revisions\/86138"}],"up":[{"embeddable":true,"href":"https:\/\/alzira.es\/es\/wp-json\/wp\/v2\/pages\/30444"}],"wp:attachment":[{"href":"https:\/\/alzira.es\/es\/wp-json\/wp\/v2\/media?parent=31289"}],"curies":[{"name":"wp","href":"https:\/\/api.w.org\/{rel}","templated":true}]}}