{"id":31285,"date":"2018-05-24T15:26:02","date_gmt":"2018-05-24T13:26:02","guid":{"rendered":"https:\/\/alzira.es\/espacios-auxiliares\/"},"modified":"2021-08-30T08:52:26","modified_gmt":"2021-08-30T06:52:26","slug":"espacios-auxiliares","status":"publish","type":"page","link":"https:\/\/alzira.es\/es\/portada-piscinas\/instalaciones\/espacios-auxiliares\/","title":{"rendered":"INSTALACIONES Espacios Auxiliares"},"content":{"rendered":"<table border=\"0\">\n<tbody>\n<tr>\n<td style=\"width: 20px;\">&nbsp;<\/td>\n<td valign=\"top\"><span style=\"color: #3d6f76; font-size: 14pt;\"><strong>ESPACIOS AUXILIARES<\/strong><\/span><\/p>\n<p><img fetchpriority=\"high\" decoding=\"async\" class=\" size-full wp-image-31282\" style=\"display: block; margin-left: auto; margin-right: auto;\" title=\"ESPACIOS AUXILIARES \/ ESPAIS AUXILIARS\" src=\"https:\/\/alzira.es\/wp-content\/uploads\/2018\/05\/espacios-auxiliares1.jpg\" alt=\"espacios-auxiliares1\" width=\"650\" height=\"488\" srcset=\"https:\/\/alzira.es\/wp-content\/uploads\/2018\/05\/espacios-auxiliares1.jpg 800w, https:\/\/alzira.es\/wp-content\/uploads\/2018\/05\/espacios-auxiliares1-680x510.jpg 680w, https:\/\/alzira.es\/wp-content\/uploads\/2018\/05\/espacios-auxiliares1-768x576.jpg 768w\" sizes=\"(max-width: 650px) 100vw, 650px\" \/><\/p>\n<p style=\"text-align: justify;\">Amplio acceso con escaleras y ascensor que va a dar al vest\u00edbulo principal de la primera planta y directamente el \u00e1rea de atenci\u00f3n al cliente y al control de accesos.<\/p>\n<p style=\"text-align: justify;\"><strong>ESPACIOS PLANTA 1<\/strong><\/p>\n<p style=\"text-align: justify; margin-left: 30px;\">\u2022 <strong>Butacas<\/strong> de espera en todo el acceso.<br \/>\n\u2022 <strong>Panel de informaci\u00f3n<\/strong> conteniendo toda la informaci\u00f3n relevante de la instalaci\u00f3n.<br \/>\n\u2022 <strong>Directorio<\/strong> de metraquilato para la explicaci\u00f3n de la distribuci\u00f3n general del equipamiento deportivo.<br \/>\n\u2022 <strong>Zona de Administraci\u00f3n:<\/strong> Con equipamiento independiente e informatizado para el t\u00e9cnico correspondiente..<br \/>\n\u2022 <strong>Zona de Atenci\u00f3n al Cliente:<\/strong> Con equipamiento independiente e informatizado para el r\u00e1pido control del acceso, as\u00ed como para la informaci\u00f3n y confecci\u00f3n de nuevos abonos.<br \/>\n\u2022 <strong>Control de Accesos:<\/strong> Compuesto por dos Tornos Bidireccionales con dos lectores de entrada y dos de salida y una valla motorizada para el acceso de las personas discapacitadas.<br \/>\n\u2022 <strong>Acceso informatizado<\/strong> a la instalaci\u00f3n a trav\u00e9s de Tarjeta de proximidad.<br \/>\n\u2022 <strong>Circuito Cerrado de Televisi\u00f3n (14 C\u00e1maras):<\/strong> Con programa Inform\u00e1tico personalizado cuyo objetivo principal es la vigilancia del buen funcionamiento general y la mejora de la seguridad de todas las zonas de la instalaci\u00f3n.<br \/>\n\u2022 <strong>Puesto de Control del Balneario:<\/strong> Videoportero de control con imagen directa para la vigilancia del Balneario Urbano.<br \/>\n\u2022 <strong>Centralita contraincendios.<\/strong><br \/>\n\u2022 <strong>Centralita de Vigilancia:<\/strong> Funciona coordinadamente con el sistema del circuito cerrado de televisi\u00f3n para asegurar las instalaciones en todo momento.<br \/>\n\u2022 <strong>Sistema de Megafon\u00eda:<\/strong> Con instalaci\u00f3n independiente para las diferentes zonas de la instalaci\u00f3n y con suplemento de micro inal\u00e1mbrico.<br \/>\n\u2022 <strong>Sala de Profesores:<\/strong> Con vista directa a los vasos de las piscinas. Climatizaci\u00f3n Independiente y zonas anexas para el funcionamiento diario de los profesores.<br \/>\n\u2022 <strong>Botiqu\u00edn:<\/strong> De acceso a trav\u00e9s de la zona de profesores dotado con todas las medidas de atenci\u00f3n m\u00e9dica necesarias para la r\u00e1pida actuaci\u00f3n en caso de necesidad.<br \/>\n\u2022 <strong>Sal\u00f3n de Bronceado:<\/strong> Consta de dos cabinas horizontales para el bronceado a trav\u00e9s de los rayos uva. La sala esta perfectamente ventilada y acondicionada para acoger a dos usuarios al mismo tiempo, ya que, las cabinas est\u00e1n perfectamente compartimentadas. Su uso esta regulado por el reglamento vigente y controlado en todo momento desde el \u00e1rea de atenci\u00f3n al cliente.<br \/>\n\u2022 <strong>Sal\u00f3n de Masaje:<\/strong> Sala de masaje dotada de todo el equipamiento necesario para que recibas tus masajes de relajaci\u00f3n y o de recuperaci\u00f3n de lesiones.<br \/>\n\u2022 <strong>Vestuario adaptado:<\/strong> Vestuario adaptado para todo tipo de necesidades especiales. Dispone de 6 cabinas individuales con servicio de ducha y con acceso independiente y directo a los vasos de las piscinas cubiertas. Asimismo, dispone de climatizaci\u00f3n independiente y de todas las capacidades de los vestuarios generales.<\/p>\n<p style=\"text-align: justify;\"><strong>ESPACIOS PLANTA 2<\/strong><\/p>\n<p style=\"text-align: justify; margin-left: 30px;\">\u2022 <strong>Cafeter\u00eda:<\/strong> Cafeter\u00eda con servicio de todo tipo de productos para el buen acomodo de los usuarios. Climatizaci\u00f3n independiente, dotada de sillas y mesas con visi\u00f3n directa de los vasos de la piscina a trav\u00e9s de grandes cristaleras.<br \/>\n\u2022 <strong>Gradas:<\/strong> Acceso directo desde la cafeter\u00eda. Consta de 152 plazas, ocupando un \u00e1rea total de 266.84 metros cuadrados.<br \/>\n\u2022 <strong>Zona de Direcci\u00f3n:<\/strong> Despacho completo de trabajo conectado en red con la zona de administraci\u00f3n, atenci\u00f3n al cliente y control de accesos.<br \/>\n\u2022 <strong>Aseos:<\/strong> Dos aseos amplios en la planta segunda.<\/p>\n<\/td>\n<\/tr>\n<\/tbody>\n<\/table>\n<hr>\n<p><a title=\"facebook\" href=\"http:\/\/facebook.com\/piscina.alzira1\" target=\"_blank\" rel=\"noopener\"><img decoding=\"async\" class=\"size-full wp-image-30385 lazyload\" title=\"facebook\" data-src=\"https:\/\/alzira.es\/wp-content\/uploads\/2018\/05\/fb-icon.png\" alt=\"fb-icon\" src=\"data:image\/svg+xml;base64,PHN2ZyB3aWR0aD0iMSIgaGVpZ2h0PSIxIiB4bWxucz0iaHR0cDovL3d3dy53My5vcmcvMjAwMC9zdmciPjwvc3ZnPg==\" style=\"--smush-placeholder-width: 53px; --smush-placeholder-aspect-ratio: 53\/50;\">&nbsp; &nbsp;&nbsp;Piscina Municipal de Alzira en <span style=\"color: #3d6f76;\"><strong>Facebook<\/strong><\/span><\/a><br \/>\n<span style=\"color: #3d6f76;\"><\/span><\/p>\n","protected":false},"excerpt":{"rendered":"<p>&nbsp; ESPACIOS AUXILIARES Amplio acceso con escaleras y ascensor que va a dar al vest\u00edbulo principal de la primera planta y directamente el \u00e1rea de atenci\u00f3n al cliente y al control de accesos. ESPACIOS PLANTA 1 \u2022 Butacas de espera en todo el acceso. \u2022 Panel de informaci\u00f3n conteniendo toda la informaci\u00f3n relevante de la &hellip; <\/p>\n<p class=\"link-more\"><a href=\"https:\/\/alzira.es\/es\/portada-piscinas\/instalaciones\/espacios-auxiliares\/\" class=\"more-link\">Continuar leyendo<span class=\"screen-reader-text\"> \u00abINSTALACIONES Espacios Auxiliares\u00bb<\/span><\/a><\/p>\n","protected":false},"author":29,"featured_media":0,"parent":30444,"menu_order":1,"comment_status":"closed","ping_status":"closed","template":"","meta":{"_acf_changed":false,"footnotes":""},"class_list":["post-31285","page","type-page","status-publish","hentry"],"acf":[],"_links":{"self":[{"href":"https:\/\/alzira.es\/es\/wp-json\/wp\/v2\/pages\/31285","targetHints":{"allow":["GET"]}}],"collection":[{"href":"https:\/\/alzira.es\/es\/wp-json\/wp\/v2\/pages"}],"about":[{"href":"https:\/\/alzira.es\/es\/wp-json\/wp\/v2\/types\/page"}],"author":[{"embeddable":true,"href":"https:\/\/alzira.es\/es\/wp-json\/wp\/v2\/users\/29"}],"replies":[{"embeddable":true,"href":"https:\/\/alzira.es\/es\/wp-json\/wp\/v2\/comments?post=31285"}],"version-history":[{"count":2,"href":"https:\/\/alzira.es\/es\/wp-json\/wp\/v2\/pages\/31285\/revisions"}],"predecessor-version":[{"id":86137,"href":"https:\/\/alzira.es\/es\/wp-json\/wp\/v2\/pages\/31285\/revisions\/86137"}],"up":[{"embeddable":true,"href":"https:\/\/alzira.es\/es\/wp-json\/wp\/v2\/pages\/30444"}],"wp:attachment":[{"href":"https:\/\/alzira.es\/es\/wp-json\/wp\/v2\/media?parent=31285"}],"curies":[{"name":"wp","href":"https:\/\/api.w.org\/{rel}","templated":true}]}}