{"id":31280,"date":"2018-05-24T15:26:02","date_gmt":"2018-05-24T13:26:02","guid":{"rendered":"https:\/\/alzira.es\/salon-de-bronceado\/"},"modified":"2021-08-30T08:52:13","modified_gmt":"2021-08-30T06:52:13","slug":"salon-de-bronceado","status":"publish","type":"page","link":"https:\/\/alzira.es\/es\/portada-piscinas\/instalaciones\/salon-de-bronceado\/","title":{"rendered":"INSTALACIONES Bronceado"},"content":{"rendered":"<table style=\"margin-left: auto; margin-right: auto;\" border=\"0\">\n<tbody>\n<tr>\n<td style=\"width: 20px;\">&nbsp;<\/td>\n<td valign=\"top\"><span style=\"color: #3d6f76; font-size: 14pt;\"><strong>SAL\u00d3N DE BRONCEADO<\/strong><\/span><\/p>\n<p><img fetchpriority=\"high\" decoding=\"async\" class=\" size-full wp-image-31278\" style=\"display: block; margin-left: auto; margin-right: auto;\" title=\"SAL\u00d3N DE BRONCEADO \/ SAL\u00d3 DE BRONZEJAT\" src=\"https:\/\/alzira.es\/wp-content\/uploads\/2018\/05\/bronceado-1024x768.jpg\" alt=\"bronceado-1024x768\" width=\"650\" height=\"488\" srcset=\"https:\/\/alzira.es\/wp-content\/uploads\/2018\/05\/bronceado-1024x768.jpg 1024w, https:\/\/alzira.es\/wp-content\/uploads\/2018\/05\/bronceado-1024x768-680x510.jpg 680w, https:\/\/alzira.es\/wp-content\/uploads\/2018\/05\/bronceado-1024x768-768x576.jpg 768w\" sizes=\"(max-width: 650px) 100vw, 650px\" \/><\/p>\n<p style=\"text-align: justify;\"><strong>PRECIOS<\/strong><\/p>\n<p style=\"text-align: justify;\">Puedes consultarlos en el siguiente enlace: Precios Sal\u00f3n de bronceado<\/p>\n<p style=\"text-align: justify;\"><strong>BRONCEADO RESPONSABLE<\/strong><\/p>\n<p style=\"text-align: justify;\">Normas generales de funcionamiento<\/p>\n<p style=\"text-align: justify; margin-left: 30px;\">\u2022 Utilizar siempre gafas de protecci\u00f3n adecuadas durante toda la exposici\u00f3n, sobretodo si se llevan lentillas.<br \/>\n\u2022 Retirar bien los cosm\u00e9ticos antes de su exposici\u00f3n y no aplicar ning\u00fan filtro solar.<br \/>\n\u2022 Abstenerse de exponerse a las radiaciones ultravioletas durante los per\u00edodos de tratamiento con medicamentos. En caso de duda consulte a su m\u00e9dico.<br \/>\n\u2022 No exponerse al sol y al aparato el mismo d\u00eda.<br \/>\n\u2022 Respetar 48 horas entre las 2 primeras exposiciones.<br \/>\n\u2022 Seguir las recomendaciones relativas a la duraci\u00f3n, intensidad de exposici\u00f3n y distancia de la l\u00e1mpara.<br \/>\n\u2022 Consultar al m\u00e9dico si se desarrollan sobre la piel ampollas, heridas o enrojecimiento<\/p>\n<p style=\"text-align: justify;\"><strong>DETERMINACI\u00d3N DEL TIPO DE PIEL<\/strong><\/p>\n<p style=\"text-align: justify; margin-left: 30px;\"><strong>PIEL MUY BLANCA OJOS MUY CLAROS<\/strong> No se recomienda<\/p>\n<p style=\"text-align: justify; margin-left: 30px;\"><strong>PIEL BLANCA OJOS CLAROS<\/strong> 4 minutos exposici\u00f3n seg\u00fan m\u00e1quina y fase.<\/p>\n<p style=\"text-align: justify; margin-left: 30px;\">Dejar 48 horas entre 1\u00aa y 2\u00aa sesi\u00f3n<br \/>\nNo + 2 sesiones \/ semana<br \/>\nNo + 8 sesiones \/ mes<br \/>\nNo + 50 sesiones \/ a\u00f1o<\/p>\n<p style=\"text-align: justify; margin-left: 30px;\"><strong>PIEL DORADA OJOS VERDES O AZULES<\/strong> 4-8 minutos exposici\u00f3n seg\u00fan m\u00e1quina y fase.<\/p>\n<p style=\"text-align: justify; margin-left: 30px;\">1\u00aa Sesi\u00f3n 50%<br \/>\nDejar 48 horas entre 1\u00aa y 2\u00aa sesi\u00f3n<br \/>\nNo + 3 sesiones \/ semana<br \/>\nNo +12 sesiones \/ mes<br \/>\nNo +75 sesiones \/ a\u00f1o<\/p>\n<p style=\"text-align: justify; margin-left: 30px;\"><strong>PIEL DORADA OJOS CASTA\u00d1OS<\/strong> 8-12 minutos exposici\u00f3n seg\u00fan m\u00e1quina y fase.<\/p>\n<p style=\"text-align: justify; margin-left: 30px;\">1\u00aa Sesi\u00f3n 50%<br \/>\nDejar 48 horas entre 1\u00aa y 2\u00aa sesi\u00f3n<br \/>\nNo + 3 sesiones \/ semana<br \/>\nNo +12 sesiones \/ mes<br \/>\nNo + 100 sesiones \/ a\u00f1o<\/p>\n<p style=\"text-align: justify; margin-left: 30px;\"><strong>PIEL MORENA OJOS OSCUROS<\/strong> 12-16 minutos exposici\u00f3n seg\u00fan m\u00e1quina y fase.<\/p>\n<p style=\"text-align: justify; margin-left: 30px;\">1\u00aa Sesi\u00f3n 50%<br \/>\nDejar 48 horas entre 1\u00aa y 2\u00aa sesi\u00f3n<\/p>\n<p style=\"text-align: justify; margin-left: 30px;\"><strong>PIEL NEGRA<\/strong> No se necesita bronceado<\/p>\n<\/td>\n<\/tr>\n<\/tbody>\n<\/table>\n<hr>\n<p><a title=\"facebook\" href=\"http:\/\/facebook.com\/piscina.alzira1\" target=\"_blank\" rel=\"noopener\"><img decoding=\"async\" class=\"size-full wp-image-30385 lazyload\" title=\"facebook\" data-src=\"https:\/\/alzira.es\/wp-content\/uploads\/2018\/05\/fb-icon.png\" alt=\"fb-icon\" src=\"data:image\/svg+xml;base64,PHN2ZyB3aWR0aD0iMSIgaGVpZ2h0PSIxIiB4bWxucz0iaHR0cDovL3d3dy53My5vcmcvMjAwMC9zdmciPjwvc3ZnPg==\" style=\"--smush-placeholder-width: 53px; --smush-placeholder-aspect-ratio: 53\/50;\">&nbsp; &nbsp;&nbsp;Piscina Municipal de Alzira en <span style=\"color: #3d6f76;\"><strong>Facebook<\/strong><\/span><\/a><br \/>\n<span style=\"color: #3d6f76;\"><\/span><\/p>\n","protected":false},"excerpt":{"rendered":"<p>&nbsp; SAL\u00d3N DE BRONCEADO PRECIOS Puedes consultarlos en el siguiente enlace: Precios Sal\u00f3n de bronceado BRONCEADO RESPONSABLE Normas generales de funcionamiento \u2022 Utilizar siempre gafas de protecci\u00f3n adecuadas durante toda la exposici\u00f3n, sobretodo si se llevan lentillas. \u2022 Retirar bien los cosm\u00e9ticos antes de su exposici\u00f3n y no aplicar ning\u00fan filtro solar. \u2022 Abstenerse de &hellip; <\/p>\n<p class=\"link-more\"><a href=\"https:\/\/alzira.es\/es\/portada-piscinas\/instalaciones\/salon-de-bronceado\/\" class=\"more-link\">Continuar leyendo<span class=\"screen-reader-text\"> \u00abINSTALACIONES Bronceado\u00bb<\/span><\/a><\/p>\n","protected":false},"author":29,"featured_media":0,"parent":30444,"menu_order":2,"comment_status":"closed","ping_status":"closed","template":"","meta":{"_acf_changed":false,"footnotes":""},"class_list":["post-31280","page","type-page","status-publish","hentry"],"acf":[],"_links":{"self":[{"href":"https:\/\/alzira.es\/es\/wp-json\/wp\/v2\/pages\/31280","targetHints":{"allow":["GET"]}}],"collection":[{"href":"https:\/\/alzira.es\/es\/wp-json\/wp\/v2\/pages"}],"about":[{"href":"https:\/\/alzira.es\/es\/wp-json\/wp\/v2\/types\/page"}],"author":[{"embeddable":true,"href":"https:\/\/alzira.es\/es\/wp-json\/wp\/v2\/users\/29"}],"replies":[{"embeddable":true,"href":"https:\/\/alzira.es\/es\/wp-json\/wp\/v2\/comments?post=31280"}],"version-history":[{"count":2,"href":"https:\/\/alzira.es\/es\/wp-json\/wp\/v2\/pages\/31280\/revisions"}],"predecessor-version":[{"id":86136,"href":"https:\/\/alzira.es\/es\/wp-json\/wp\/v2\/pages\/31280\/revisions\/86136"}],"up":[{"embeddable":true,"href":"https:\/\/alzira.es\/es\/wp-json\/wp\/v2\/pages\/30444"}],"wp:attachment":[{"href":"https:\/\/alzira.es\/es\/wp-json\/wp\/v2\/media?parent=31280"}],"curies":[{"name":"wp","href":"https:\/\/api.w.org\/{rel}","templated":true}]}}