{"id":31275,"date":"2018-05-24T15:26:02","date_gmt":"2018-05-24T13:26:02","guid":{"rendered":"https:\/\/alzira.es\/sala-multiusos\/"},"modified":"2021-08-30T08:52:05","modified_gmt":"2021-08-30T06:52:05","slug":"sala-multiusos","status":"publish","type":"page","link":"https:\/\/alzira.es\/es\/portada-piscinas\/instalaciones\/sala-multiusos\/","title":{"rendered":"INSTALACIONES Sala Multiusos"},"content":{"rendered":"<table border=\"0\">\n<tbody>\n<tr>\n<td style=\"width: 20px;\">&nbsp;<\/td>\n<td valign=\"top\"><span style=\"color: #3d6f76; font-size: 14pt;\"><strong>SALA MULTIUSOS<\/strong><\/span><\/p>\n<p><img fetchpriority=\"high\" decoding=\"async\" class=\" size-full wp-image-31273\" style=\"display: block; margin-left: auto; margin-right: auto;\" title=\"SALA MULTIUSOS\" src=\"https:\/\/alzira.es\/wp-content\/uploads\/2018\/05\/multiusos.jpg\" alt=\"multiusos\" width=\"650\" height=\"456\" srcset=\"https:\/\/alzira.es\/wp-content\/uploads\/2018\/05\/multiusos.jpg 800w, https:\/\/alzira.es\/wp-content\/uploads\/2018\/05\/multiusos-680x477.jpg 680w, https:\/\/alzira.es\/wp-content\/uploads\/2018\/05\/multiusos-768x539.jpg 768w\" sizes=\"(max-width: 650px) 100vw, 650px\" \/><\/p>\n<p style=\"text-align: justify;\"><strong>SALA MULTIUSOS 1<\/strong><\/p>\n<p style=\"text-align: justify;\">Sala de 125 metros cuadrados. Climatizaci\u00f3n independiente. Equipada con 25 bicicletas profesionales de ciclismo indoor para su pr\u00e1ctica intensiva. Cuenta con sistema musical independiente y todo el equipamiento necesario para una pr\u00e1ctica de calidad.<\/p>\n<p style=\"text-align: justify;\"><strong>SALA MULTIUSOS 2<\/strong><\/p>\n<p style=\"text-align: justify;\">Sala de 200 metros cuadrados equipada con Parket flotante y con todo tipo de equipamientos deportivos. La sala est\u00e1 destinada a desarrollar todo tipo de actividades deportivas en seco.<\/p>\n<\/td>\n<\/tr>\n<\/tbody>\n<\/table>\n<hr>\n<p><a title=\"facebook\" href=\"http:\/\/facebook.com\/piscina.alzira1\" target=\"_blank\" rel=\"noopener\"><img decoding=\"async\" class=\"size-full wp-image-30385 lazyload\" title=\"facebook\" data-src=\"https:\/\/alzira.es\/wp-content\/uploads\/2018\/05\/fb-icon.png\" alt=\"fb-icon\" src=\"data:image\/svg+xml;base64,PHN2ZyB3aWR0aD0iMSIgaGVpZ2h0PSIxIiB4bWxucz0iaHR0cDovL3d3dy53My5vcmcvMjAwMC9zdmciPjwvc3ZnPg==\" style=\"--smush-placeholder-width: 53px; --smush-placeholder-aspect-ratio: 53\/50;\">&nbsp; &nbsp;&nbsp;Piscina Municipal de Alzira en <span style=\"color: #3d6f76;\"><strong>Facebook<\/strong><\/span><\/a><br \/>\n<span style=\"color: #3d6f76;\"><\/span><\/p>\n","protected":false},"excerpt":{"rendered":"<p>&nbsp; SALA MULTIUSOS SALA MULTIUSOS 1 Sala de 125 metros cuadrados. Climatizaci\u00f3n independiente. Equipada con 25 bicicletas profesionales de ciclismo indoor para su pr\u00e1ctica intensiva. Cuenta con sistema musical independiente y todo el equipamiento necesario para una pr\u00e1ctica de calidad. SALA MULTIUSOS 2 Sala de 200 metros cuadrados equipada con Parket flotante y con todo &hellip; <\/p>\n<p class=\"link-more\"><a href=\"https:\/\/alzira.es\/es\/portada-piscinas\/instalaciones\/sala-multiusos\/\" class=\"more-link\">Continuar leyendo<span class=\"screen-reader-text\"> \u00abINSTALACIONES Sala Multiusos\u00bb<\/span><\/a><\/p>\n","protected":false},"author":29,"featured_media":0,"parent":30444,"menu_order":3,"comment_status":"closed","ping_status":"closed","template":"","meta":{"_acf_changed":false,"footnotes":""},"class_list":["post-31275","page","type-page","status-publish","hentry"],"acf":[],"_links":{"self":[{"href":"https:\/\/alzira.es\/es\/wp-json\/wp\/v2\/pages\/31275","targetHints":{"allow":["GET"]}}],"collection":[{"href":"https:\/\/alzira.es\/es\/wp-json\/wp\/v2\/pages"}],"about":[{"href":"https:\/\/alzira.es\/es\/wp-json\/wp\/v2\/types\/page"}],"author":[{"embeddable":true,"href":"https:\/\/alzira.es\/es\/wp-json\/wp\/v2\/users\/29"}],"replies":[{"embeddable":true,"href":"https:\/\/alzira.es\/es\/wp-json\/wp\/v2\/comments?post=31275"}],"version-history":[{"count":2,"href":"https:\/\/alzira.es\/es\/wp-json\/wp\/v2\/pages\/31275\/revisions"}],"predecessor-version":[{"id":86135,"href":"https:\/\/alzira.es\/es\/wp-json\/wp\/v2\/pages\/31275\/revisions\/86135"}],"up":[{"embeddable":true,"href":"https:\/\/alzira.es\/es\/wp-json\/wp\/v2\/pages\/30444"}],"wp:attachment":[{"href":"https:\/\/alzira.es\/es\/wp-json\/wp\/v2\/media?parent=31275"}],"curies":[{"name":"wp","href":"https:\/\/api.w.org\/{rel}","templated":true}]}}