{"id":31271,"date":"2018-05-24T15:26:02","date_gmt":"2018-05-24T13:26:02","guid":{"rendered":"https:\/\/alzira.es\/pista-de-padel\/"},"modified":"2021-08-30T08:51:50","modified_gmt":"2021-08-30T06:51:50","slug":"pista-de-padel","status":"publish","type":"page","link":"https:\/\/alzira.es\/es\/portada-piscinas\/instalaciones\/pista-de-padel\/","title":{"rendered":"INSTALACIONES Padel"},"content":{"rendered":"<table border=\"0\">\n<tbody>\n<tr>\n<td style=\"width: 20px;\">&nbsp;<\/td>\n<td valign=\"top\"><span style=\"color: #3d6f76; font-size: 14pt;\"><strong>PISTA DE P\u00c1DEL<\/strong><\/span><\/p>\n<p><img fetchpriority=\"high\" decoding=\"async\" class=\" size-full wp-image-31268\" style=\"display: block; margin-left: auto; margin-right: auto;\" title=\"PISTA DE P\u00c1DEL \/ PISTA DE P\u00c0DEL\" src=\"https:\/\/alzira.es\/wp-content\/uploads\/2018\/05\/padel.jpg\" alt=\"padel\" width=\"650\" height=\"488\" srcset=\"https:\/\/alzira.es\/wp-content\/uploads\/2018\/05\/padel.jpg 800w, https:\/\/alzira.es\/wp-content\/uploads\/2018\/05\/padel-680x510.jpg 680w, https:\/\/alzira.es\/wp-content\/uploads\/2018\/05\/padel-768x576.jpg 768w\" sizes=\"(max-width: 650px) 100vw, 650px\" \/><\/p>\n<p style=\"text-align: justify;\"><strong>CARATER\u00cdSTICAS<\/strong><\/p>\n<p style=\"text-align: justify;\">Tenemos 3 pistas de p\u00e1del cristal de \u00faltima generaci\u00f3n, vestuarios exclusivos para las pistas, servicio de atenci\u00f3n al cliente con venta de bebidas y material deportivo y hasta un parque infantil para que los m\u00e1s peques puedan divertirse.<\/p>\n<p style=\"text-align: justify;\">El personal que trabaja en las mismas est\u00e1 altamente cualificado y desarrolla todos los servicios del club, que van desde el alquiler de pistas, la escuela de p\u00e1del o la organizaci\u00f3n de ligas y competiciones.<\/p>\n<p style=\"text-align: justify;\">Por la ubicaci\u00f3n de nuestras pistas (en pleno n\u00facleo urbano) puedes acceder a ellas sin necesidad de desplazamiento ni veh\u00edculo alguno.<\/p>\n<\/td>\n<\/tr>\n<\/tbody>\n<\/table>\n<hr>\n<p><a title=\"facebook\" href=\"http:\/\/facebook.com\/piscina.alzira1\" target=\"_blank\" rel=\"noopener\"><img decoding=\"async\" class=\"size-full wp-image-30385 lazyload\" title=\"facebook\" data-src=\"https:\/\/alzira.es\/wp-content\/uploads\/2018\/05\/fb-icon.png\" alt=\"fb-icon\" src=\"data:image\/svg+xml;base64,PHN2ZyB3aWR0aD0iMSIgaGVpZ2h0PSIxIiB4bWxucz0iaHR0cDovL3d3dy53My5vcmcvMjAwMC9zdmciPjwvc3ZnPg==\" style=\"--smush-placeholder-width: 53px; --smush-placeholder-aspect-ratio: 53\/50;\">&nbsp; &nbsp;&nbsp;Piscina Municipal de Alzira en <span style=\"color: #3d6f76;\"><strong>Facebook<\/strong><\/span><\/a><br \/>\n<span style=\"color: #3d6f76;\"><\/span><\/p>\n","protected":false},"excerpt":{"rendered":"<p>&nbsp; PISTA DE P\u00c1DEL CARATER\u00cdSTICAS Tenemos 3 pistas de p\u00e1del cristal de \u00faltima generaci\u00f3n, vestuarios exclusivos para las pistas, servicio de atenci\u00f3n al cliente con venta de bebidas y material deportivo y hasta un parque infantil para que los m\u00e1s peques puedan divertirse. El personal que trabaja en las mismas est\u00e1 altamente cualificado y desarrolla &hellip; <\/p>\n<p class=\"link-more\"><a href=\"https:\/\/alzira.es\/es\/portada-piscinas\/instalaciones\/pista-de-padel\/\" class=\"more-link\">Continuar leyendo<span class=\"screen-reader-text\"> \u00abINSTALACIONES Padel\u00bb<\/span><\/a><\/p>\n","protected":false},"author":29,"featured_media":0,"parent":30444,"menu_order":4,"comment_status":"closed","ping_status":"closed","template":"","meta":{"_acf_changed":false,"footnotes":""},"class_list":["post-31271","page","type-page","status-publish","hentry"],"acf":[],"_links":{"self":[{"href":"https:\/\/alzira.es\/es\/wp-json\/wp\/v2\/pages\/31271","targetHints":{"allow":["GET"]}}],"collection":[{"href":"https:\/\/alzira.es\/es\/wp-json\/wp\/v2\/pages"}],"about":[{"href":"https:\/\/alzira.es\/es\/wp-json\/wp\/v2\/types\/page"}],"author":[{"embeddable":true,"href":"https:\/\/alzira.es\/es\/wp-json\/wp\/v2\/users\/29"}],"replies":[{"embeddable":true,"href":"https:\/\/alzira.es\/es\/wp-json\/wp\/v2\/comments?post=31271"}],"version-history":[{"count":2,"href":"https:\/\/alzira.es\/es\/wp-json\/wp\/v2\/pages\/31271\/revisions"}],"predecessor-version":[{"id":86134,"href":"https:\/\/alzira.es\/es\/wp-json\/wp\/v2\/pages\/31271\/revisions\/86134"}],"up":[{"embeddable":true,"href":"https:\/\/alzira.es\/es\/wp-json\/wp\/v2\/pages\/30444"}],"wp:attachment":[{"href":"https:\/\/alzira.es\/es\/wp-json\/wp\/v2\/media?parent=31271"}],"curies":[{"name":"wp","href":"https:\/\/api.w.org\/{rel}","templated":true}]}}