{"id":31260,"date":"2018-05-24T15:26:02","date_gmt":"2018-05-24T13:26:02","guid":{"rendered":"https:\/\/alzira.es\/balneario-urbano\/"},"modified":"2021-08-30T08:51:43","modified_gmt":"2021-08-30T06:51:43","slug":"balneario-urbano","status":"publish","type":"page","link":"https:\/\/alzira.es\/es\/portada-piscinas\/instalaciones\/balneario-urbano\/","title":{"rendered":"INSTALACIONES Balneario Urbano"},"content":{"rendered":"<table border=\"0\">\n<tbody>\n<tr>\n<td style=\"width: 20px;\">&nbsp;<\/td>\n<td valign=\"top\"><span style=\"color: #3d6f76; font-size: 14pt;\"><strong>BALNEARIO URBANO<\/strong><\/span><\/p>\n<p><img fetchpriority=\"high\" decoding=\"async\" class=\" size-full wp-image-31257\" style=\"display: block; margin-left: auto; margin-right: auto;\" title=\"BALNEARIO URBANO \/ BALNEARI URB\u00c0\" src=\"https:\/\/alzira.es\/wp-content\/uploads\/2018\/05\/spa.jpg\" alt=\"spa\" width=\"650\" height=\"452\" srcset=\"https:\/\/alzira.es\/wp-content\/uploads\/2018\/05\/spa.jpg 800w, https:\/\/alzira.es\/wp-content\/uploads\/2018\/05\/spa-680x473.jpg 680w, https:\/\/alzira.es\/wp-content\/uploads\/2018\/05\/spa-768x534.jpg 768w\" sizes=\"(max-width: 650px) 100vw, 650px\" \/><\/p>\n<p style=\"text-align: justify;\">Nuestro Balneario es un espacio destinado para que aproveches todas las ventajas del agua en su vertiente relajante y terap\u00e9utica. Tiene unas dimensiones de 120 metros cuadrados y esta equipado con dos SPAS, una SAUNA FINLANDESA, un BA\u00d1O TURCO, un PEDILUVIO, y tres DUCHAS de HIDROTERAPIA. Asimismo, cuenta con climatizaci\u00f3n independiente, hilo musical, c\u00e1mara de seguridad e interfono de emergencia con control de visi\u00f3n. El acceso al recinto esta automatizado con lectores de entrada y salida<\/p>\n<p style=\"text-align: justify;\"><strong>PREDILUVIO DE COMPOSTELA<\/strong><\/p>\n<p style=\"text-align: justify;\">Tiene una longitud de 4,5 metros de largo por 1 metro de ancho, con 10 boquillas de hidromasaje. Se trata de un pasillo que tiene un sistema de chorros de agua laterales bit\u00e9rmicos (se alterna el agua fr\u00eda y caliente, as\u00ed como las diferentes presiones). Con un sencillo paseo, conseguimos prevenir, aliviar y mejorar todo tipo de trastornos circulatorios. Asimismo, produce relajaci\u00f3n muscular, activaci\u00f3n circulatoria y reducci\u00f3n de estr\u00e9s articular.<\/p>\n<p style=\"text-align: justify;\"><strong>DOS DUCHAS BIT\u00c9RMICAS<\/strong><\/p>\n<p style=\"text-align: justify;\">La ducha es una de las mejores formas de hidroterapia, ya que, la continua renovaci\u00f3n del agua que entra en contacto con nuestro cuerpo a diferentes temperaturas y presiones, provoca la renovaci\u00f3n continua de sensaciones y est\u00edmulos. Entre sus muchos efectos positivos destacan la estimulaci\u00f3n del sistema circulatorio y la reducci\u00f3n de dolores articulares.<\/p>\n<p style=\"text-align: justify;\"><strong>DUCHA ESCOCESA<\/strong><\/p>\n<p style=\"text-align: justify;\">Esta dise\u00f1ada con 24 boquillas de impulsi\u00f3n, sectorizadas en tres planos y distribuidas de arriba a bajo con el fin de impactar el agua fr\u00eda y caliente en todas las extremidades. El objetivo es recibir un completo masaje a trav\u00e9s de la hidroterapia. Es ideal para activar zonas olvidadas y para relajar aquellas zonas que en el d\u00eda a d\u00eda van endureci\u00e9ndose como consecuencia de malos h\u00e1bitos.<\/p>\n<p style=\"text-align: justify;\"><strong>SAUNA FINLANDESA<\/strong><\/p>\n<p style=\"text-align: justify;\">Conoce los beneficiosos efectos del calor, tu cuerpo, tu circulaci\u00f3n y tu piel te lo agradecer\u00e1n. Oxigenoterapia para cuidar tu salud. Nuestra sauna tiene una capacidad para seis personas, las cuales podr\u00e1n disfrutar de una temperatura entre 80-90 \u00baC y una humedad relativa entre el 5-25 %. Entre sus efectos destacamos la limpieza de toxinas de la piel, la estimulaci\u00f3n circulatoria y la relajaci\u00f3n general que produce.<\/p>\n<p style=\"text-align: justify;\"><strong>BA\u00d1O TURCO<\/strong><\/p>\n<p style=\"text-align: justify;\">Espacio que conserva la temperatura suave y la humedad relativa ideal para el aparato respiratorio. El ba\u00f1o de vapor favorece la circulaci\u00f3n sangu\u00ednea y la regeneraci\u00f3n de la piel. Nuestro ba\u00f1o turco tiene una capacidad para diez personas, las cuales podr\u00e1n disfrutar de un ambiente de vapor a temperatura de 42\u00baC y una humedad relativa del 100%, con el agradable aroma de eucaliptus. Asimismo, dispone de un tratamiento de cromoterapia (relajaci\u00f3n a trav\u00e9s de los colores), con el que podr\u00e1s disfrutar de una agradable sensaci\u00f3n de bienestar general..<\/p>\n<p style=\"text-align: justify;\"><strong>DOS SPAS<\/strong><\/p>\n<p style=\"text-align: justify;\">Sum\u00e9rgete en nuestros Spas y aband\u00f3nate a las agradables sensaciones del agua en movimiento. Una nueva forma de hidromasaje que provoca una sana adicci\u00f3n a los placeres del agua. Tienen unas dimensiones de tres metros de di\u00e1metro y una capacidad individual para diez personas, con un volumen de agua de 2000 litros cada uno. Cada Spa cuenta con 16 boquillas de hidromasaje y 18 soplantes de aire, que proporcionan un tratamiento de hidroterapia con grandes niveles de confort y de relajaci\u00f3n. Entre sus beneficios destacan la relajaci\u00f3n muscular, la tonificaci\u00f3n de la piel y la reducci\u00f3n de los efectos del estr\u00e9s.<\/p>\n<p style=\"text-align: justify;\">Asimismo, cuenta con climatizaci\u00f3n independiente, hilo musical, c\u00e1mara de seguridad e interfono de emergencia con control de visi\u00f3n.<\/p>\n<\/td>\n<\/tr>\n<\/tbody>\n<\/table>\n<hr>\n<p><a title=\"facebook\" href=\"http:\/\/facebook.com\/piscina.alzira1\" target=\"_blank\" rel=\"noopener\"><img decoding=\"async\" class=\"size-full wp-image-30385 lazyload\" title=\"facebook\" data-src=\"https:\/\/alzira.es\/wp-content\/uploads\/2018\/05\/fb-icon.png\" alt=\"fb-icon\" src=\"data:image\/svg+xml;base64,PHN2ZyB3aWR0aD0iMSIgaGVpZ2h0PSIxIiB4bWxucz0iaHR0cDovL3d3dy53My5vcmcvMjAwMC9zdmciPjwvc3ZnPg==\" style=\"--smush-placeholder-width: 53px; --smush-placeholder-aspect-ratio: 53\/50;\">&nbsp; &nbsp;&nbsp;Piscina Municipal de Alzira en <span style=\"color: #3d6f76;\"><strong>Facebook<\/strong><\/span><\/a><br \/>\n<span style=\"color: #3d6f76;\"><\/span><\/p>\n","protected":false},"excerpt":{"rendered":"<p>&nbsp; BALNEARIO URBANO Nuestro Balneario es un espacio destinado para que aproveches todas las ventajas del agua en su vertiente relajante y terap\u00e9utica. Tiene unas dimensiones de 120 metros cuadrados y esta equipado con dos SPAS, una SAUNA FINLANDESA, un BA\u00d1O TURCO, un PEDILUVIO, y tres DUCHAS de HIDROTERAPIA. Asimismo, cuenta con climatizaci\u00f3n independiente, hilo &hellip; <\/p>\n<p class=\"link-more\"><a href=\"https:\/\/alzira.es\/es\/portada-piscinas\/instalaciones\/balneario-urbano\/\" class=\"more-link\">Continuar leyendo<span class=\"screen-reader-text\"> \u00abINSTALACIONES Balneario Urbano\u00bb<\/span><\/a><\/p>\n","protected":false},"author":29,"featured_media":0,"parent":30444,"menu_order":5,"comment_status":"closed","ping_status":"closed","template":"","meta":{"_acf_changed":false,"footnotes":""},"class_list":["post-31260","page","type-page","status-publish","hentry"],"acf":[],"_links":{"self":[{"href":"https:\/\/alzira.es\/es\/wp-json\/wp\/v2\/pages\/31260","targetHints":{"allow":["GET"]}}],"collection":[{"href":"https:\/\/alzira.es\/es\/wp-json\/wp\/v2\/pages"}],"about":[{"href":"https:\/\/alzira.es\/es\/wp-json\/wp\/v2\/types\/page"}],"author":[{"embeddable":true,"href":"https:\/\/alzira.es\/es\/wp-json\/wp\/v2\/users\/29"}],"replies":[{"embeddable":true,"href":"https:\/\/alzira.es\/es\/wp-json\/wp\/v2\/comments?post=31260"}],"version-history":[{"count":0,"href":"https:\/\/alzira.es\/es\/wp-json\/wp\/v2\/pages\/31260\/revisions"}],"up":[{"embeddable":true,"href":"https:\/\/alzira.es\/es\/wp-json\/wp\/v2\/pages\/30444"}],"wp:attachment":[{"href":"https:\/\/alzira.es\/es\/wp-json\/wp\/v2\/media?parent=31260"}],"curies":[{"name":"wp","href":"https:\/\/api.w.org\/{rel}","templated":true}]}}