{"id":31203,"date":"2018-05-24T15:26:02","date_gmt":"2018-05-24T13:26:02","guid":{"rendered":"https:\/\/alzira.es\/aerobox-2\/"},"modified":"2021-08-30T08:32:19","modified_gmt":"2021-08-30T06:32:19","slug":"aerobox","status":"publish","type":"page","link":"https:\/\/alzira.es\/es\/portada-piscinas\/actividades-piscinas-municipales\/aerobox\/","title":{"rendered":"ACTIVIDADES Aerobox"},"content":{"rendered":"<table border=\"0\">\n<tbody>\n<tr>\n<td valign=\"top\"><span style=\"color: #3d6f76; font-size: 14pt;\"><strong>AEROBOX<\/strong><\/span><\/p>\n<p><img fetchpriority=\"high\" decoding=\"async\" width=\"650\" height=\"340\" class=\" size-full wp-image-31201\" style=\"display: block; margin-left: auto; margin-right: auto;\" title=\"AEROBOX\" src=\"https:\/\/alzira.es\/wp-content\/uploads\/2018\/05\/aerobox_650x340.png\" alt=\"aerobox 650x340\" \/><\/p>\n<p style=\"text-align: center;\"><img decoding=\"async\" width=\"250\" height=\"40\" class=\"size-full wp-image-31164 lazyload\" data-src=\"https:\/\/alzira.es\/wp-content\/uploads\/2018\/05\/dificultad_3.png\" alt=\"dificultad 3\" src=\"data:image\/svg+xml;base64,PHN2ZyB3aWR0aD0iMSIgaGVpZ2h0PSIxIiB4bWxucz0iaHR0cDovL3d3dy53My5vcmcvMjAwMC9zdmciPjwvc3ZnPg==\" style=\"--smush-placeholder-width: 250px; --smush-placeholder-aspect-ratio: 250\/40;\" \/><br \/>\n<img decoding=\"async\" width=\"250\" height=\"40\" class=\"size-full wp-image-31168 lazyload\" data-src=\"https:\/\/alzira.es\/wp-content\/uploads\/2018\/05\/nivel_cardio_4.png\" alt=\"nivel cardio 4\" src=\"data:image\/svg+xml;base64,PHN2ZyB3aWR0aD0iMSIgaGVpZ2h0PSIxIiB4bWxucz0iaHR0cDovL3d3dy53My5vcmcvMjAwMC9zdmciPjwvc3ZnPg==\" style=\"--smush-placeholder-width: 250px; --smush-placeholder-aspect-ratio: 250\/40;\" \/><br \/>\n<img decoding=\"async\" width=\"250\" height=\"40\" class=\"size-full wp-image-31195 lazyload\" data-src=\"https:\/\/alzira.es\/wp-content\/uploads\/2018\/05\/quema_calorias_4.png\" alt=\"quema calorias 4\" src=\"data:image\/svg+xml;base64,PHN2ZyB3aWR0aD0iMSIgaGVpZ2h0PSIxIiB4bWxucz0iaHR0cDovL3d3dy53My5vcmcvMjAwMC9zdmciPjwvc3ZnPg==\" style=\"--smush-placeholder-width: 250px; --smush-placeholder-aspect-ratio: 250\/40;\" \/><\/p>\n<p style=\"text-align: justify;\"><span style=\"color: #3d6f76;\"><span style=\"color: #000000;\">El aerobox es una actividad que permite endurecer los m\u00fasculos, <span style=\"color: #3d6f76;\"><strong>evitar enfermedades cardiovasculares<\/strong><\/span> y modelar el cuerpo mediante la realizaci\u00f3n de ejercicios relacionados con el <span style=\"color: #3d6f76;\"><strong>boxeo<\/strong> <\/span>acompa\u00f1ados con <span style=\"color: #3d6f76;\"><strong>m\u00fasica<\/strong><\/span>. Este deporte sirve para ganar coordinaci\u00f3n corporal y es un b\u00e1lsamo para eliminar las tensiones de la vida diaria.<\/span> <\/span><\/p>\n<p style=\"text-align: justify;\">En el aerobox el adversario es imaginario, no se busca el desarrollo de las capacidades luchadoras, sino que utiliza movimientos de deportes de lucha para reinterpretarlos en una serie de movimientos cercanos a una danza. La pr\u00e1ctica de este deporte durante una hora asegura quemar entre<span style=\"color: #3d6f76;\"><strong> 700 a 1.000 calor\u00edas<\/strong><\/span>.<\/p>\n<p style=\"text-align: justify;\">\n<p style=\"text-align: justify;\">Es una opci\u00f3n muy efectiva que permite sacar lo mejor a las personas a trav\u00e9s del ejercicio f\u00edsico. El aerobox es una mezcla del <span style=\"color: #3d6f76;\"><strong>kickboxing<\/strong><\/span> y el <span style=\"color: #3d6f76;\"><strong>aer\u00f3bic<\/strong><\/span>, consiguiendo un resultado entretenido para el que realiza la clase y a la vez produce una gran mejor\u00eda en la resistencia f\u00edsica y en tonificaci\u00f3n muscular.<\/p>\n<p style=\"text-align: justify;\">\n<p style=\"text-align: justify;\">En el aspecto fisiol\u00f3gico, recientes estudios ha demostrado que al participar regularmente en una clase de aerobox produce incre\u00edbles mejoras en la eficiencia y funcionamiento del sistema cardiovascular<strong style=\"color: #3d6f76;\">.<\/strong><\/p>\n<\/td>\n<\/tr>\n<\/tbody>\n<\/table>\n<p><a title=\"facebook\" href=\"http:\/\/facebook.com\/piscina.alzira1\" target=\"_blank\" rel=\"noopener\"><img decoding=\"async\" class=\"size-full wp-image-30385 lazyload\" title=\"facebook\" data-src=\"https:\/\/alzira.es\/wp-content\/uploads\/2018\/05\/fb-icon.png\" alt=\"fb-icon\" src=\"data:image\/svg+xml;base64,PHN2ZyB3aWR0aD0iMSIgaGVpZ2h0PSIxIiB4bWxucz0iaHR0cDovL3d3dy53My5vcmcvMjAwMC9zdmciPjwvc3ZnPg==\" style=\"--smush-placeholder-width: 53px; --smush-placeholder-aspect-ratio: 53\/50;\" \/>\u00a0 \u00a0\u00a0Piscina Municipal de Alzira en <span style=\"color: #3d6f76;\"><strong>Facebook<\/strong><\/span><\/a><\/p>\n","protected":false},"excerpt":{"rendered":"<p>AEROBOX El aerobox es una actividad que permite endurecer los m\u00fasculos, evitar enfermedades cardiovasculares y modelar el cuerpo mediante la realizaci\u00f3n de ejercicios relacionados con el boxeo acompa\u00f1ados con m\u00fasica. Este deporte sirve para ganar coordinaci\u00f3n corporal y es un b\u00e1lsamo para eliminar las tensiones de la vida diaria. En el aerobox el adversario es &hellip; <\/p>\n<p class=\"link-more\"><a href=\"https:\/\/alzira.es\/es\/portada-piscinas\/actividades-piscinas-municipales\/aerobox\/\" class=\"more-link\">Continuar leyendo<span class=\"screen-reader-text\"> \u00abACTIVIDADES Aerobox\u00bb<\/span><\/a><\/p>\n","protected":false},"author":29,"featured_media":0,"parent":30388,"menu_order":5,"comment_status":"closed","ping_status":"closed","template":"","meta":{"_acf_changed":false,"footnotes":""},"class_list":["post-31203","page","type-page","status-publish","hentry"],"acf":[],"_links":{"self":[{"href":"https:\/\/alzira.es\/es\/wp-json\/wp\/v2\/pages\/31203","targetHints":{"allow":["GET"]}}],"collection":[{"href":"https:\/\/alzira.es\/es\/wp-json\/wp\/v2\/pages"}],"about":[{"href":"https:\/\/alzira.es\/es\/wp-json\/wp\/v2\/types\/page"}],"author":[{"embeddable":true,"href":"https:\/\/alzira.es\/es\/wp-json\/wp\/v2\/users\/29"}],"replies":[{"embeddable":true,"href":"https:\/\/alzira.es\/es\/wp-json\/wp\/v2\/comments?post=31203"}],"version-history":[{"count":2,"href":"https:\/\/alzira.es\/es\/wp-json\/wp\/v2\/pages\/31203\/revisions"}],"predecessor-version":[{"id":86116,"href":"https:\/\/alzira.es\/es\/wp-json\/wp\/v2\/pages\/31203\/revisions\/86116"}],"up":[{"embeddable":true,"href":"https:\/\/alzira.es\/es\/wp-json\/wp\/v2\/pages\/30388"}],"wp:attachment":[{"href":"https:\/\/alzira.es\/es\/wp-json\/wp\/v2\/media?parent=31203"}],"curies":[{"name":"wp","href":"https:\/\/api.w.org\/{rel}","templated":true}]}}