{"id":31178,"date":"2018-05-24T15:26:02","date_gmt":"2018-05-24T13:26:02","guid":{"rendered":"https:\/\/alzira.es\/padel-4\/"},"modified":"2021-08-30T08:33:49","modified_gmt":"2021-08-30T06:33:49","slug":"padel","status":"publish","type":"page","link":"https:\/\/alzira.es\/es\/portada-piscinas\/actividades-piscinas-municipales\/padel\/","title":{"rendered":"ACTIVIDADES Padel"},"content":{"rendered":"<table border=\"0\">\n<tbody>\n<tr>\n<td valign=\"top\"><span style=\"color: #3d6f76; font-size: 14pt;\"><strong>P\u00c1DEL<\/strong><\/span><\/p>\n<p><img fetchpriority=\"high\" decoding=\"async\" width=\"650\" height=\"340\" class=\" size-full wp-image-31161\" style=\"display: block; margin-left: auto; margin-right: auto;\" title=\"P\u00e1del \/ P\u00e0del\" src=\"https:\/\/alzira.es\/wp-content\/uploads\/2018\/05\/padel_650x340.png\" alt=\"padel 650x340\" \/><\/p>\n<p style=\"text-align: center;\"><img decoding=\"async\" width=\"250\" height=\"40\" class=\"size-full wp-image-31164 lazyload\" data-src=\"https:\/\/alzira.es\/wp-content\/uploads\/2018\/05\/dificultad_3.png\" alt=\"dificultad 3\" src=\"data:image\/svg+xml;base64,PHN2ZyB3aWR0aD0iMSIgaGVpZ2h0PSIxIiB4bWxucz0iaHR0cDovL3d3dy53My5vcmcvMjAwMC9zdmciPjwvc3ZnPg==\" style=\"--smush-placeholder-width: 250px; --smush-placeholder-aspect-ratio: 250\/40;\" \/><br \/>\n<img decoding=\"async\" width=\"250\" height=\"40\" class=\"size-full wp-image-31168 lazyload\" data-src=\"https:\/\/alzira.es\/wp-content\/uploads\/2018\/05\/nivel_cardio_4.png\" alt=\"nivel cardio 4\" src=\"data:image\/svg+xml;base64,PHN2ZyB3aWR0aD0iMSIgaGVpZ2h0PSIxIiB4bWxucz0iaHR0cDovL3d3dy53My5vcmcvMjAwMC9zdmciPjwvc3ZnPg==\" style=\"--smush-placeholder-width: 250px; --smush-placeholder-aspect-ratio: 250\/40;\" \/><br \/>\n<img decoding=\"async\" width=\"250\" height=\"40\" class=\"size-full wp-image-31172 lazyload\" data-src=\"https:\/\/alzira.es\/wp-content\/uploads\/2018\/05\/quema_calorias_5.png\" alt=\"quema calorias 5\" src=\"data:image\/svg+xml;base64,PHN2ZyB3aWR0aD0iMSIgaGVpZ2h0PSIxIiB4bWxucz0iaHR0cDovL3d3dy53My5vcmcvMjAwMC9zdmciPjwvc3ZnPg==\" style=\"--smush-placeholder-width: 250px; --smush-placeholder-aspect-ratio: 250\/40;\" \/><\/p>\n<p style=\"text-align: justify;\"><span style=\"color: #3d6f76;\"><strong>\u00bfQU\u00c9 ES EL P\u00c1DEL?<\/strong><\/span><\/p>\n<p style=\"text-align: justify;\">El p\u00e1del es una actividad muy divertida de raqueta que se juega por parejas.<\/p>\n<p style=\"text-align: justify;\">El grado de dificultad que representa es bajo y cualquier persona puede divertirse adaptando su juego a las caracter\u00edsticas del juego. El p\u00e1del consta de 3 elementos principales: la pelota, la pala y el campo de juego.<\/p>\n<p style=\"text-align: justify;\">En las pistas de p\u00e1del Venecia tienes las mejores condiciones para practicar deporte de una manera amena y l\u00fadica. Tenemos 3 pistas de p\u00e1del cristal de \u00faltima generaci\u00f3n, vestuarios exclusivos para las pistas, servicio de atenci\u00f3n al cliente con venta de bebidas y material deportivo y hasta un parque infantil para que los m\u00e1s peques puedan divertirse.<\/p>\n<p style=\"text-align: justify;\">El personal que trabaja en las mismas est\u00e1 altamente cualificado y desarrolla todos los servicios del club, que van desde el alquiler de pistas, la escuela de p\u00e1del o la organizaci\u00f3n de ligas y competiciones.<\/p>\n<p style=\"text-align: justify;\">Por la ubicaci\u00f3n de nuestras pistas (en pleno n\u00facleo urbano) puedes acceder a ellas sin necesidad de desplazamiento ni veh\u00edculo alguno.<\/p>\n<p style=\"text-align: justify;\"><span style=\"color: #3d6f76;\"><strong>ACTIVIDADES<\/strong><\/span><\/p>\n<p style=\"text-align: justify; margin-left: 30px;\"><strong><span style=\"color: #3d6f76;\">*<\/span> <\/strong>Alquiler de Pistas: El alquiler de pistas se estructura en tres modalidades, el alquiler por horas, el alquiler por bonos de 10 usos o el abono trimestral de pista.<\/p>\n<p style=\"text-align: justify; margin-left: 30px;\"><span style=\"color: #3d6f76;\"><strong>*<\/strong> <\/span>Escuela de P\u00e1del: De lunes a s\u00e1bado puedes inscribirte en nuestra escuela de p\u00e1del para ni\u00f1os\/as y adultos\/as. Puedes elegir entre recibir clases una vez por semana o clases dos veces por semana.<\/p>\n<p style=\"text-align: justify; margin-left: 30px;\"><span style=\"color: #3d6f76;\"><strong>*<\/strong> <\/span>Clases Particulares: Si quieres mejorar aspectos puntuales de tu juego puedes contratar sesiones particulares para una o dos personas, donde se trabajar\u00e1n aspectos puntuales del juego.<\/p>\n<p style=\"text-align: justify; margin-left: 30px;\"><span style=\"color: #3d6f76;\"><strong>*<\/strong> <\/span>Ligas de P\u00e1del: Si tu objetivo es conocer a gente nueva y competir a nivel local, lo tuyo son nuestras ligas de p\u00e1del.<\/p>\n<\/td>\n<\/tr>\n<\/tbody>\n<\/table>\n<p><a title=\"facebook\" href=\"http:\/\/facebook.com\/piscina.alzira1\" target=\"_blank\" rel=\"noopener\"><img decoding=\"async\" class=\"size-full wp-image-30385 lazyload\" title=\"facebook\" data-src=\"https:\/\/alzira.es\/wp-content\/uploads\/2018\/05\/fb-icon.png\" alt=\"fb-icon\" src=\"data:image\/svg+xml;base64,PHN2ZyB3aWR0aD0iMSIgaGVpZ2h0PSIxIiB4bWxucz0iaHR0cDovL3d3dy53My5vcmcvMjAwMC9zdmciPjwvc3ZnPg==\" style=\"--smush-placeholder-width: 53px; --smush-placeholder-aspect-ratio: 53\/50;\" \/>\u00a0 \u00a0\u00a0Piscina Municipal de Alzira en <span style=\"color: #3d6f76;\"><strong>Facebook<\/strong><\/span><\/a><\/p>\n","protected":false},"excerpt":{"rendered":"<p>P\u00c1DEL \u00bfQU\u00c9 ES EL P\u00c1DEL? El p\u00e1del es una actividad muy divertida de raqueta que se juega por parejas. El grado de dificultad que representa es bajo y cualquier persona puede divertirse adaptando su juego a las caracter\u00edsticas del juego. El p\u00e1del consta de 3 elementos principales: la pelota, la pala y el campo de &hellip; <\/p>\n<p class=\"link-more\"><a href=\"https:\/\/alzira.es\/es\/portada-piscinas\/actividades-piscinas-municipales\/padel\/\" class=\"more-link\">Continuar leyendo<span class=\"screen-reader-text\"> \u00abACTIVIDADES Padel\u00bb<\/span><\/a><\/p>\n","protected":false},"author":29,"featured_media":0,"parent":30388,"menu_order":10,"comment_status":"closed","ping_status":"closed","template":"","meta":{"_acf_changed":false,"footnotes":""},"class_list":["post-31178","page","type-page","status-publish","hentry"],"acf":[],"_links":{"self":[{"href":"https:\/\/alzira.es\/es\/wp-json\/wp\/v2\/pages\/31178","targetHints":{"allow":["GET"]}}],"collection":[{"href":"https:\/\/alzira.es\/es\/wp-json\/wp\/v2\/pages"}],"about":[{"href":"https:\/\/alzira.es\/es\/wp-json\/wp\/v2\/types\/page"}],"author":[{"embeddable":true,"href":"https:\/\/alzira.es\/es\/wp-json\/wp\/v2\/users\/29"}],"replies":[{"embeddable":true,"href":"https:\/\/alzira.es\/es\/wp-json\/wp\/v2\/comments?post=31178"}],"version-history":[{"count":1,"href":"https:\/\/alzira.es\/es\/wp-json\/wp\/v2\/pages\/31178\/revisions"}],"predecessor-version":[{"id":86112,"href":"https:\/\/alzira.es\/es\/wp-json\/wp\/v2\/pages\/31178\/revisions\/86112"}],"up":[{"embeddable":true,"href":"https:\/\/alzira.es\/es\/wp-json\/wp\/v2\/pages\/30388"}],"wp:attachment":[{"href":"https:\/\/alzira.es\/es\/wp-json\/wp\/v2\/media?parent=31178"}],"curies":[{"name":"wp","href":"https:\/\/api.w.org\/{rel}","templated":true}]}}