{"id":30524,"date":"2018-05-25T14:06:54","date_gmt":"2018-05-25T12:06:54","guid":{"rendered":"https:\/\/alzira.es\/portada\/"},"modified":"2021-08-30T08:55:53","modified_gmt":"2021-08-30T06:55:53","slug":"portada-piscinas","status":"publish","type":"page","link":"https:\/\/alzira.es\/es\/portada-piscinas\/","title":{"rendered":"Piscinas Municipales"},"content":{"rendered":"<p><span style=\"color: #3d6f76; font-size: 18pt;\">ACTIVIDADES<\/span><\/p>\n<table class=\"tabla-responsiva\" border=\"0\" align=\"center\">\n<tbody>\n<tr>\n<td style=\"text-align: center;\"><a href=\"index.php\/es\/actividades\/natacion\"><img decoding=\"async\" width=\"245\" height=\"130\" class=\"size-full wp-image-30352 lazyload\" title=\"NATACI\u00d3N \/ NATACI\u00d3\" data-src=\"https:\/\/alzira.es\/wp-content\/uploads\/2018\/05\/piscina3-245x130.jpg\" alt=\"piscina3-245x130\" src=\"data:image\/svg+xml;base64,PHN2ZyB3aWR0aD0iMSIgaGVpZ2h0PSIxIiB4bWxucz0iaHR0cDovL3d3dy53My5vcmcvMjAwMC9zdmciPjwvc3ZnPg==\" style=\"--smush-placeholder-width: 245px; --smush-placeholder-aspect-ratio: 245\/130;\" \/><\/a><\/td>\n<td style=\"text-align: center;\"><a href=\"index.php\/es\/actividades\/gimnasio\"><img decoding=\"async\" width=\"245\" height=\"130\" class=\"size-full wp-image-30354 lazyload\" title=\"GIMNASIO \/ GIMN\u00c0S\" data-src=\"https:\/\/alzira.es\/wp-content\/uploads\/2018\/05\/gimnasio-245x130.jpg\" alt=\"gimnasio-245x130\" src=\"data:image\/svg+xml;base64,PHN2ZyB3aWR0aD0iMSIgaGVpZ2h0PSIxIiB4bWxucz0iaHR0cDovL3d3dy53My5vcmcvMjAwMC9zdmciPjwvc3ZnPg==\" style=\"--smush-placeholder-width: 245px; --smush-placeholder-aspect-ratio: 245\/130;\" \/><\/a><\/td>\n<td style=\"text-align: center;\"><a href=\"index.php\/es\/actividades\/balneario\"><img decoding=\"async\" width=\"245\" height=\"130\" class=\"size-full wp-image-30357 lazyload\" title=\"BALNEARIO \/ BALNEARI\" data-src=\"https:\/\/alzira.es\/wp-content\/uploads\/2018\/05\/balneario1-245x130.jpg\" alt=\"balneario1-245x130\" src=\"data:image\/svg+xml;base64,PHN2ZyB3aWR0aD0iMSIgaGVpZ2h0PSIxIiB4bWxucz0iaHR0cDovL3d3dy53My5vcmcvMjAwMC9zdmciPjwvc3ZnPg==\" style=\"--smush-placeholder-width: 245px; --smush-placeholder-aspect-ratio: 245\/130;\" \/><\/a><\/td>\n<td><a href=\"index.php\/es\/actividades\/padel\"><img decoding=\"async\" width=\"245\" height=\"130\" class=\"size-full wp-image-30360 lazyload\" style=\"--smush-placeholder-width: 245px; --smush-placeholder-aspect-ratio: 245\/130;display: block; margin-left: auto; margin-right: auto;\" title=\"P\u00c1DEL \/ P\u00c0DEL\" data-src=\"https:\/\/alzira.es\/wp-content\/uploads\/2018\/05\/padel-thumb-245x130.jpg\" alt=\"padel-thumb-245x130\" src=\"data:image\/svg+xml;base64,PHN2ZyB3aWR0aD0iMSIgaGVpZ2h0PSIxIiB4bWxucz0iaHR0cDovL3d3dy53My5vcmcvMjAwMC9zdmciPjwvc3ZnPg==\" \/><\/a><\/td>\n<\/tr>\n<tr>\n<td style=\"text-align: center;\"><a class=\"boton-piscina\" href=\"https:\/\/alzira.es\/es\/portada-piscinas\/actividades-piscinas-municipales\/natacion\/\">Nataci\u00f3n<\/a><\/td>\n<td style=\"text-align: center;\"><a class=\"boton-piscina\" href=\"https:\/\/alzira.es\/es\/portada-piscinas\/actividades-piscinas-municipales\/gimnasio\/\">Gimnasio<\/a><\/td>\n<td style=\"text-align: center;\"><a class=\"boton-piscina\" href=\"#\">Balneario<\/a><\/td>\n<td style=\"text-align: center;\"><a class=\"boton-piscina\" href=\"https:\/\/alzira.es\/es\/portada-piscinas\/actividades-piscinas-municipales\/padel\/\">P\u00e1del<\/a><\/td>\n<\/tr>\n<tr>\n<td style=\"width: 245px; text-align: center;\">Son bien conocidas todas las ventajas que ofrece el ejercicio en contacto con el agua.<\/td>\n<td style=\"width: 245px; text-align: center;\">Musculaci\u00f3n, tonificaci\u00f3n, ejercicio cardiovascular, estiramientos, circuitos aer\u00f3bicos.<\/td>\n<td style=\"width: 245px; text-align: center;\">\u00a0Nuestro Balneario es un espacio destinado para que aproveches todas las ventajas del agua en su vertiente relajante y terap\u00e9utica.<\/td>\n<td style=\"width: 245px; text-align: center;\">El p\u00e1del es una actividad muy divertida de raqueta que se juega por parejas.<\/td>\n<\/tr>\n<\/tbody>\n<\/table>\n<p style=\"text-align: right;\"><a class=\"boton-piscina-red\" href=\"https:\/\/alzira.es\/es\/servicios-municipales\/actividades-piscinas-municipales\/\">Ver todas las actividades disponibles &gt;<\/a><\/p>\n<p><span style=\"font-size: 18pt; color: #3d6f76;\">INSTALACIONES<\/span><\/p>\n<table class=\"tabla-responsiva\" border=\"0\" align=\"center\">\n<tbody>\n<tr>\n<td style=\"text-align: center;\"><a href=\"index.php\/es\/instalaciones\/piscina-climatizada\"><img decoding=\"async\" width=\"245\" height=\"130\" class=\"size-full wp-image-30352 lazyload\" title=\"PISCINA CLIMATIZADA \/ PISCINA CLIMATITZADA\" data-src=\"https:\/\/alzira.es\/wp-content\/uploads\/2018\/05\/piscina3-245x130.jpg\" alt=\"piscina3-245x130\" src=\"data:image\/svg+xml;base64,PHN2ZyB3aWR0aD0iMSIgaGVpZ2h0PSIxIiB4bWxucz0iaHR0cDovL3d3dy53My5vcmcvMjAwMC9zdmciPjwvc3ZnPg==\" style=\"--smush-placeholder-width: 245px; --smush-placeholder-aspect-ratio: 245\/130;\" \/><\/a><\/td>\n<td style=\"text-align: center;\"><a href=\"index.php\/es\/instalaciones\/gimnasio-deportivo\"><img decoding=\"async\" width=\"245\" height=\"130\" class=\"size-full wp-image-30419 lazyload\" title=\"GIMNASIO DEPORTIVO \/ GIMN\u00c0S ESPORTIU\" data-src=\"https:\/\/alzira.es\/wp-content\/uploads\/2018\/05\/multiusos2-245x130.jpg\" alt=\"multiusos2-245x130\" src=\"data:image\/svg+xml;base64,PHN2ZyB3aWR0aD0iMSIgaGVpZ2h0PSIxIiB4bWxucz0iaHR0cDovL3d3dy53My5vcmcvMjAwMC9zdmciPjwvc3ZnPg==\" style=\"--smush-placeholder-width: 245px; --smush-placeholder-aspect-ratio: 245\/130;\" \/><\/a><\/td>\n<td style=\"text-align: center;\"><a href=\"index.php\/es\/instalaciones\/balneario-urbano\"><img decoding=\"async\" width=\"245\" height=\"130\" class=\"size-full wp-image-30421 lazyload\" title=\"BALNEARIO URBANO \/ BALNEARI URB\u00c0\" data-src=\"https:\/\/alzira.es\/wp-content\/uploads\/2018\/05\/spa-245x130.jpg\" alt=\"spa-245x130\" src=\"data:image\/svg+xml;base64,PHN2ZyB3aWR0aD0iMSIgaGVpZ2h0PSIxIiB4bWxucz0iaHR0cDovL3d3dy53My5vcmcvMjAwMC9zdmciPjwvc3ZnPg==\" style=\"--smush-placeholder-width: 245px; --smush-placeholder-aspect-ratio: 245\/130;\" \/> <\/a><\/td>\n<td><a href=\"index.php\/es\/instalaciones\/pista-de-padel\"><img decoding=\"async\" width=\"245\" height=\"130\" class=\"size-full wp-image-30425 lazyload\" style=\"--smush-placeholder-width: 245px; --smush-placeholder-aspect-ratio: 245\/130;display: block; margin-left: auto; margin-right: auto;\" title=\"PISTA DE P\u00c1DEL \/ PISTA DE P\u00c0DEL\" data-src=\"https:\/\/alzira.es\/wp-content\/uploads\/2018\/05\/padel-245x130.jpg\" alt=\"padel-245x130\" src=\"data:image\/svg+xml;base64,PHN2ZyB3aWR0aD0iMSIgaGVpZ2h0PSIxIiB4bWxucz0iaHR0cDovL3d3dy53My5vcmcvMjAwMC9zdmciPjwvc3ZnPg==\" \/> <\/a><\/td>\n<\/tr>\n<tr>\n<td style=\"text-align: center;\"><a class=\"boton-piscina\" href=\"https:\/\/alzira.es\/es\/portada-piscinas\/instalaciones\/piscina-climatizada\/\">Piscina Climatizada<\/a><\/td>\n<td style=\"text-align: center;\"><a class=\"boton-piscina\" href=\"https:\/\/alzira.es\/es\/portada-piscinas\/instalaciones\/gimnasio-deportivo\/\">Gimnasio Deportivo<\/a><\/td>\n<td style=\"text-align: center;\"><a class=\"boton-piscina\" href=\"https:\/\/alzira.es\/es\/portada-piscinas\/instalaciones\/balneario-urbano\/\">Balneario Urbano<\/a><\/td>\n<td style=\"text-align: center;\"><a class=\"boton-piscina\" href=\"https:\/\/alzira.es\/es\/portada-piscinas\/instalaciones\/pista-de-padel\/\">Pista de P\u00e1del<\/a><\/td>\n<\/tr>\n<tr>\n<td style=\"width: 245px; text-align: center;\">Adultos-Escolar-3\u00aaedad-Pre y post parto-Beb\u00e9s-Terape\u00fatica-Adaptada-Aquaer\u00f3bic<\/td>\n<td style=\"width: 245px; text-align: center;\">Maquinario cardivascular \u2013 Maquinaria de musculaci\u00f3n \u2013 Peso libre y bancos<\/td>\n<td style=\"width: 245px; text-align: center;\">Prediluvio de Compostela-Dos duchas Bit\u00e9rmicas- Ducha Escocesa \u2013 Sauna Finlandesa \u2013 Ba\u00f1o Turco \u2013 Dos Spas<\/td>\n<td style=\"width: 245px; text-align: center;\">Alquiler de pistas \u2013 Escuela de p\u00e1del \u2013 Clases particulares \u2013 Ligas de p\u00e1del<\/td>\n<\/tr>\n<tr>\n<td style=\"text-align: center;\">\u00a0<a href=\"index.php\/es\/instalaciones\/sala-multiusos\"><img decoding=\"async\" width=\"245\" height=\"130\" class=\"size-full wp-image-30427 lazyload\" title=\"SALA MULTIUSOS\" data-src=\"https:\/\/alzira.es\/wp-content\/uploads\/2018\/05\/multiusos-245x130.jpg\" alt=\"multiusos-245x130\" src=\"data:image\/svg+xml;base64,PHN2ZyB3aWR0aD0iMSIgaGVpZ2h0PSIxIiB4bWxucz0iaHR0cDovL3d3dy53My5vcmcvMjAwMC9zdmciPjwvc3ZnPg==\" style=\"--smush-placeholder-width: 245px; --smush-placeholder-aspect-ratio: 245\/130;\" \/><\/a><\/td>\n<td style=\"text-align: center;\">\u00a0<a href=\"index.php\/es\/instalaciones\/salon-de-bronceado\"><img decoding=\"async\" width=\"245\" height=\"130\" class=\"size-full wp-image-30429 lazyload\" title=\"SAL\u00d3N DE BRONCEADO \/ SAL\u00d3 DE BRONZEJAT\" data-src=\"https:\/\/alzira.es\/wp-content\/uploads\/2018\/05\/bronceado-245x130.jpg\" alt=\"bronceado-245x130\" src=\"data:image\/svg+xml;base64,PHN2ZyB3aWR0aD0iMSIgaGVpZ2h0PSIxIiB4bWxucz0iaHR0cDovL3d3dy53My5vcmcvMjAwMC9zdmciPjwvc3ZnPg==\" style=\"--smush-placeholder-width: 245px; --smush-placeholder-aspect-ratio: 245\/130;\" \/><\/a><\/td>\n<td style=\"text-align: center;\">\u00a0<a href=\"index.php\/es\/instalaciones\/espacios-auxiliares\"><img decoding=\"async\" width=\"245\" height=\"130\" class=\"size-full wp-image-30433 lazyload\" title=\"ESPACIOS AUXILIARES \/ ESPAIS AUXILIARS\" data-src=\"https:\/\/alzira.es\/wp-content\/uploads\/2018\/05\/espacios-auxiliares1-245x130.jpg\" alt=\"espacios-auxiliares1-245x130\" src=\"data:image\/svg+xml;base64,PHN2ZyB3aWR0aD0iMSIgaGVpZ2h0PSIxIiB4bWxucz0iaHR0cDovL3d3dy53My5vcmcvMjAwMC9zdmciPjwvc3ZnPg==\" style=\"--smush-placeholder-width: 245px; --smush-placeholder-aspect-ratio: 245\/130;\" \/><\/a><\/td>\n<td style=\"text-align: center;\">\u00a0<a href=\"index.php\/es\/instalaciones\/vestuarios\"><img decoding=\"async\" width=\"245\" height=\"130\" class=\"size-full wp-image-30437 lazyload\" title=\"VESTUARIOS \/ VESTUARIS\" data-src=\"https:\/\/alzira.es\/wp-content\/uploads\/2018\/05\/vestuari-245x130.jpg\" alt=\"vestuari-245x130\" src=\"data:image\/svg+xml;base64,PHN2ZyB3aWR0aD0iMSIgaGVpZ2h0PSIxIiB4bWxucz0iaHR0cDovL3d3dy53My5vcmcvMjAwMC9zdmciPjwvc3ZnPg==\" style=\"--smush-placeholder-width: 245px; --smush-placeholder-aspect-ratio: 245\/130;\" \/><\/a><\/td>\n<\/tr>\n<tr>\n<td style=\"text-align: center;\"><a class=\"boton-piscina\" href=\"https:\/\/alzira.es\/es\/portada-piscinas\/instalaciones\/sala-multiusos\/\">Sala Multiusos<\/a><\/td>\n<td style=\"text-align: center;\"><a class=\"boton-piscina\" href=\"https:\/\/alzira.es\/es\/portada-piscinas\/instalaciones\/salon-de-bronceado\/\">Sal\u00f3n de Bronceado<\/a><\/td>\n<td style=\"text-align: center;\"><a class=\"boton-piscina\" href=\"https:\/\/alzira.es\/es\/portada-piscinas\/instalaciones\/espacios-auxiliares\/\">Espacios auxiliares<\/a><\/td>\n<td style=\"text-align: center;\"><a class=\"boton-piscina\" href=\"https:\/\/alzira.es\/es\/portada-piscinas\/instalaciones\/vestuarios\/\">Vestuarios<\/a><\/td>\n<\/tr>\n<tr>\n<td style=\"width: 245px; text-align: center;\">Spinning- Aer\u00f3bic \u2013 Pilates \u2013 Streching \u2013 Psicomotricidad- GAP<\/td>\n<td style=\"width: 245px; text-align: center;\">Son imprescindibles gafas de protecci\u00f3n adecuadas durante toda la exposici\u00f3n<\/td>\n<td style=\"width: 245px; text-align: center;\">Administraci\u00f3n \u2013 Atenci\u00f3n al cliente- Gradas<\/td>\n<td style=\"width: 245px; text-align: center;\">Amplios vestuarios adaptados con cabinas individuales<\/td>\n<\/tr>\n<tr>\n<td style=\"text-align: center;\">\u00a0<a href=\"index.php\/es\/instalaciones\/piscina-verano\"><img decoding=\"async\" class=\"size-full wp-image-30441 lazyload\" title=\"PISCINA VERANO\" data-src=\"https:\/\/alzira.es\/wp-content\/uploads\/2018\/05\/piscina-verano-245-130.jpg\" alt=\"Piscina verano\" src=\"data:image\/svg+xml;base64,PHN2ZyB3aWR0aD0iMSIgaGVpZ2h0PSIxIiB4bWxucz0iaHR0cDovL3d3dy53My5vcmcvMjAwMC9zdmciPjwvc3ZnPg==\" style=\"--smush-placeholder-width: 245px; --smush-placeholder-aspect-ratio: 245\/130;\" \/><\/a><\/td>\n<\/tr>\n<tr>\n<td style=\"text-align: center;\">Piscina de Verano<\/td>\n<\/tr>\n<tr>\n<td style=\"width: 245px; text-align: center;\">\u00a0Abierta solo en horario de verano y sujeta al mismo, consultar horarios y precio en la web.<\/td>\n<\/tr>\n<\/tbody>\n<\/table>\n<hr \/>\n<p><a title=\"facebook\" href=\"http:\/\/facebook.com\/piscina.alzira1\" target=\"_blank\" rel=\"noopener\"><img decoding=\"async\" class=\"size-full wp-image-30385 lazyload\" title=\"facebook\" data-src=\"https:\/\/alzira.es\/wp-content\/uploads\/2018\/05\/fb-icon.png\" alt=\"fb-icon\" src=\"data:image\/svg+xml;base64,PHN2ZyB3aWR0aD0iMSIgaGVpZ2h0PSIxIiB4bWxucz0iaHR0cDovL3d3dy53My5vcmcvMjAwMC9zdmciPjwvc3ZnPg==\" style=\"--smush-placeholder-width: 53px; --smush-placeholder-aspect-ratio: 53\/50;\" \/>\u00a0 \u00a0\u00a0Piscina Municipal de Alzira en <span style=\"color: #3d6f76;\"><strong>Facebook<\/strong><\/span><\/a><\/p>\n","protected":false},"excerpt":{"rendered":"<p>ACTIVIDADES Nataci\u00f3n Gimnasio Balneario P\u00e1del Son bien conocidas todas las ventajas que ofrece el ejercicio en contacto con el agua. Musculaci\u00f3n, tonificaci\u00f3n, ejercicio cardiovascular, estiramientos, circuitos aer\u00f3bicos. \u00a0Nuestro Balneario es un espacio destinado para que aproveches todas las ventajas del agua en su vertiente relajante y terap\u00e9utica. El p\u00e1del es una actividad muy divertida de &hellip; <\/p>\n<p class=\"link-more\"><a href=\"https:\/\/alzira.es\/es\/portada-piscinas\/\" class=\"more-link\">Continuar leyendo<span class=\"screen-reader-text\"> \u00abPiscinas Municipales\u00bb<\/span><\/a><\/p>\n","protected":false},"author":29,"featured_media":0,"parent":0,"menu_order":2,"comment_status":"closed","ping_status":"closed","template":"","meta":{"_acf_changed":false,"footnotes":""},"class_list":["post-30524","page","type-page","status-publish","hentry"],"acf":[],"_links":{"self":[{"href":"https:\/\/alzira.es\/es\/wp-json\/wp\/v2\/pages\/30524","targetHints":{"allow":["GET"]}}],"collection":[{"href":"https:\/\/alzira.es\/es\/wp-json\/wp\/v2\/pages"}],"about":[{"href":"https:\/\/alzira.es\/es\/wp-json\/wp\/v2\/types\/page"}],"author":[{"embeddable":true,"href":"https:\/\/alzira.es\/es\/wp-json\/wp\/v2\/users\/29"}],"replies":[{"embeddable":true,"href":"https:\/\/alzira.es\/es\/wp-json\/wp\/v2\/comments?post=30524"}],"version-history":[{"count":2,"href":"https:\/\/alzira.es\/es\/wp-json\/wp\/v2\/pages\/30524\/revisions"}],"predecessor-version":[{"id":86141,"href":"https:\/\/alzira.es\/es\/wp-json\/wp\/v2\/pages\/30524\/revisions\/86141"}],"wp:attachment":[{"href":"https:\/\/alzira.es\/es\/wp-json\/wp\/v2\/media?parent=30524"}],"curies":[{"name":"wp","href":"https:\/\/api.w.org\/{rel}","templated":true}]}}