{"id":30498,"date":"2018-05-25T13:25:21","date_gmt":"2018-05-25T11:25:21","guid":{"rendered":"https:\/\/alzira.es\/la-piscina\/"},"modified":"2021-09-02T01:03:23","modified_gmt":"2021-09-01T23:03:23","slug":"la-piscina","status":"publish","type":"page","link":"https:\/\/alzira.es\/es\/portada-piscinas\/la-piscina\/","title":{"rendered":"LA PISCINA"},"content":{"rendered":"<p style=\"text-align: center;\"><img fetchpriority=\"high\" decoding=\"async\" class=\" size-full wp-image-30496\" title=\"LA PISCINA\" src=\"https:\/\/alzira.es\/wp-content\/uploads\/2018\/05\/home-slide-2.jpg\" alt=\"home-slide-2\" width=\"1000\" height=\"313\" srcset=\"https:\/\/alzira.es\/wp-content\/uploads\/2018\/05\/home-slide-2.jpg 1280w, https:\/\/alzira.es\/wp-content\/uploads\/2018\/05\/home-slide-2-680x213.jpg 680w, https:\/\/alzira.es\/wp-content\/uploads\/2018\/05\/home-slide-2-768x240.jpg 768w\" sizes=\"(max-width: 706px) 89vw, (max-width: 767px) 82vw, 740px\" \/><\/p>\n<p style=\"text-align: justify;\">&nbsp;<\/p>\n<p style=\"text-align: justify;\"><span style=\"font-size: 14.4px;\">En la actualidad contamos con 24 profesionales del sector distribuidos en las diferentes \u00e1reas de trabajo:<\/span><\/p>\n<p style=\"text-align: justify; margin-left: 30px;\"><strong><span style=\"font-size: 14.4px; text-align: justify;\">&gt;&nbsp;<\/span><\/strong>Coordinaci\u00f3n de Actividades: 1 T\u00e9cnico Medio.<br \/>\n<strong><span style=\"font-size: 14.4px; text-align: justify;\">&gt;&nbsp;<\/span><\/strong>Gesti\u00f3n del Mantenimiento: 1 Oficial de Electro-mec\u00e1nica y 1 ayudante.<br \/>\n<strong><span style=\"font-size: 14.4px; text-align: justify;\">&gt;&nbsp;<\/span><\/strong>\u00c1rea de Limpieza: 3 Limpiadoras.<br \/>\n<strong><span style=\"font-size: 14.4px; text-align: justify;\">&gt;&nbsp;<\/span><\/strong>\u00c1rea de Atenci\u00f3n al Cliente: 3 Auxiliares Administrativas con especialidad en relaciones p\u00fablicas.<br \/>\n<strong><span style=\"font-size: 14.4px; text-align: justify;\">&gt;&nbsp;<\/span><\/strong>\u00c1rea de Administraci\u00f3n: 1 Oficial Administrativa.<br \/>\n<strong><span style=\"font-size: 14.4px; text-align: justify;\">&gt;&nbsp;<\/span><\/strong>\u00c1rea de profesores: 10 T\u00e9cnicos Deportivos.<br \/>\n<strong><span style=\"font-size: 14.4px; text-align: justify;\">&gt;&nbsp;<\/span><\/strong>\u00c1rea de Salvamento y Socorrismo: 4 Socorristas.<br \/>\n<strong><span style=\"font-size: 14.4px; text-align: justify;\">&gt;&nbsp;<\/span><\/strong>Nuestros dos ejes de trabajo son la calidad y la salud. La calidad entendida como un proceso de superaci\u00f3n continua, y la salud como elemento central y objetivo final de todas nuestras actividades.<\/p>\n<p style=\"text-align: justify;\">En la actualidad, nuestra gama de actividades es muy amplia ofreciendo un abanico de posibilidades para todas aquellas personas que quieran encontrase con la actividad f\u00edsica de una manera saludable: nataci\u00f3n, balneoterapia, musculaci\u00f3n, ciclismo indoor, colectivos especiales, bebes, sal\u00f3n de bronceado,&#8230;<\/p>\n<p style=\"text-align: justify;\"><span style=\"color: #3d6f76;\"><strong>TARJETA DE PROXIMIDAD<\/strong><\/span><\/p>\n<p style=\"text-align: justify;\">El recinto esta pensado para operar con una tarjeta proximidad que le dar\u00e1 acceso a aquellas actividades para las que se ha inscrito.<\/p>\n<p style=\"text-align: justify;\"><span style=\"color: #3d6f76;\"><strong>TIENDA<\/strong><\/span><\/p>\n<p style=\"text-align: justify;\">Disponemos en nuestras instalaciones de una tienda donde podr\u00e1s comprar material y accesorios para tus actividades. Lo necesario para el deporte lo tienes as\u00ed de cerca.<\/p>\n<p style=\"text-align: right;\"><span style=\"color: #eac95e;\"><strong>&nbsp;<\/strong><\/span><\/p>\n<hr>\n<p><a title=\"facebook\" href=\"http:\/\/facebook.com\/piscina.alzira1\" target=\"_blank\" rel=\"noopener\"><img decoding=\"async\" class=\"size-full wp-image-30385 lazyload\" title=\"facebook\" data-src=\"https:\/\/alzira.es\/wp-content\/uploads\/2018\/05\/fb-icon.png\" alt=\"fb-icon\" src=\"data:image\/svg+xml;base64,PHN2ZyB3aWR0aD0iMSIgaGVpZ2h0PSIxIiB4bWxucz0iaHR0cDovL3d3dy53My5vcmcvMjAwMC9zdmciPjwvc3ZnPg==\" style=\"--smush-placeholder-width: 53px; --smush-placeholder-aspect-ratio: 53\/50;\">&nbsp; &nbsp;&nbsp;Piscina Municipal de Alzira en <span style=\"color: #3d6f76;\"><strong>Facebook<\/strong><\/span><\/a><br \/>\n<span style=\"color: #3d6f76;\"><\/span><\/p>\n","protected":false},"excerpt":{"rendered":"<p>&nbsp; En la actualidad contamos con 24 profesionales del sector distribuidos en las diferentes \u00e1reas de trabajo: &gt;&nbsp;Coordinaci\u00f3n de Actividades: 1 T\u00e9cnico Medio. &gt;&nbsp;Gesti\u00f3n del Mantenimiento: 1 Oficial de Electro-mec\u00e1nica y 1 ayudante. &gt;&nbsp;\u00c1rea de Limpieza: 3 Limpiadoras. &gt;&nbsp;\u00c1rea de Atenci\u00f3n al Cliente: 3 Auxiliares Administrativas con especialidad en relaciones p\u00fablicas. &gt;&nbsp;\u00c1rea de Administraci\u00f3n: 1 &hellip; <\/p>\n<p class=\"link-more\"><a href=\"https:\/\/alzira.es\/es\/portada-piscinas\/la-piscina\/\" class=\"more-link\">Continuar leyendo<span class=\"screen-reader-text\"> \u00abLA PISCINA\u00bb<\/span><\/a><\/p>\n","protected":false},"author":29,"featured_media":30496,"parent":30524,"menu_order":4,"comment_status":"closed","ping_status":"closed","template":"","meta":{"_acf_changed":false,"footnotes":""},"class_list":["post-30498","page","type-page","status-publish","has-post-thumbnail","hentry"],"acf":[],"_links":{"self":[{"href":"https:\/\/alzira.es\/es\/wp-json\/wp\/v2\/pages\/30498","targetHints":{"allow":["GET"]}}],"collection":[{"href":"https:\/\/alzira.es\/es\/wp-json\/wp\/v2\/pages"}],"about":[{"href":"https:\/\/alzira.es\/es\/wp-json\/wp\/v2\/types\/page"}],"author":[{"embeddable":true,"href":"https:\/\/alzira.es\/es\/wp-json\/wp\/v2\/users\/29"}],"replies":[{"embeddable":true,"href":"https:\/\/alzira.es\/es\/wp-json\/wp\/v2\/comments?post=30498"}],"version-history":[{"count":1,"href":"https:\/\/alzira.es\/es\/wp-json\/wp\/v2\/pages\/30498\/revisions"}],"predecessor-version":[{"id":88736,"href":"https:\/\/alzira.es\/es\/wp-json\/wp\/v2\/pages\/30498\/revisions\/88736"}],"up":[{"embeddable":true,"href":"https:\/\/alzira.es\/es\/wp-json\/wp\/v2\/pages\/30524"}],"wp:featuredmedia":[{"embeddable":true,"href":"https:\/\/alzira.es\/es\/wp-json\/wp\/v2\/media\/30496"}],"wp:attachment":[{"href":"https:\/\/alzira.es\/es\/wp-json\/wp\/v2\/media?parent=30498"}],"curies":[{"name":"wp","href":"https:\/\/api.w.org\/{rel}","templated":true}]}}