{"id":30444,"date":"2018-05-24T13:47:07","date_gmt":"2018-05-24T11:47:07","guid":{"rendered":"https:\/\/alzira.es\/instalaciones\/"},"modified":"2021-09-02T01:06:30","modified_gmt":"2021-09-01T23:06:30","slug":"instalaciones","status":"publish","type":"page","link":"https:\/\/alzira.es\/es\/portada-piscinas\/instalaciones\/","title":{"rendered":"Instalaciones"},"content":{"rendered":"<table class=\"tabla-responsiva\" border=\"0\" align=\"center\">\n<tbody>\n<tr>\n<td style=\"text-align: center;\"><a href=\"https:\/\/alzira.es\/es\/portada-piscinas\/la-piscina\/\"><img decoding=\"async\" class=\"alignnone wp-image-30352 size-full lazyload\" title=\"PISCINA CLIMATIZADA \/ PISCINA CLIMATITZADA\" data-src=\"https:\/\/alzira.es\/wp-content\/uploads\/2018\/05\/piscina3-245x130.jpg\" alt=\"piscina3-245x130\" width=\"245\" height=\"130\" src=\"data:image\/svg+xml;base64,PHN2ZyB3aWR0aD0iMSIgaGVpZ2h0PSIxIiB4bWxucz0iaHR0cDovL3d3dy53My5vcmcvMjAwMC9zdmciPjwvc3ZnPg==\" style=\"--smush-placeholder-width: 245px; --smush-placeholder-aspect-ratio: 245\/130;\" \/><\/a><\/td>\n<td style=\"text-align: center;\"><a href=\"https:\/\/alzira.es\/es\/portada-piscinas\/instalaciones\/gimnasio-deportivo\/\"><img decoding=\"async\" class=\"alignnone wp-image-30419 size-full lazyload\" title=\"GIMNASIO DEPORTIVO \/ GIMN\u00c0S ESPORTIU\" data-src=\"https:\/\/alzira.es\/wp-content\/uploads\/2018\/05\/multiusos2-245x130.jpg\" alt=\"multiusos2-245x130\" width=\"245\" height=\"130\" src=\"data:image\/svg+xml;base64,PHN2ZyB3aWR0aD0iMSIgaGVpZ2h0PSIxIiB4bWxucz0iaHR0cDovL3d3dy53My5vcmcvMjAwMC9zdmciPjwvc3ZnPg==\" style=\"--smush-placeholder-width: 245px; --smush-placeholder-aspect-ratio: 245\/130;\" \/><\/a><\/td>\n<td style=\"text-align: center;\"><a href=\"https:\/\/alzira.es\/es\/portada-piscinas\/instalaciones\/balneario-urbano\/\"><img decoding=\"async\" class=\"alignnone wp-image-30422 size-full lazyload\" title=\"BALNEARIO URBANO \/ BALNEARI URB\u00c0\" data-src=\"https:\/\/alzira.es\/wp-content\/uploads\/2018\/05\/spa-245x130.jpg\" alt=\"spa-245x130\" width=\"245\" height=\"130\" src=\"data:image\/svg+xml;base64,PHN2ZyB3aWR0aD0iMSIgaGVpZ2h0PSIxIiB4bWxucz0iaHR0cDovL3d3dy53My5vcmcvMjAwMC9zdmciPjwvc3ZnPg==\" style=\"--smush-placeholder-width: 245px; --smush-placeholder-aspect-ratio: 245\/130;\" \/><\/a><\/td>\n<td><a href=\"https:\/\/alzira.es\/es\/portada-piscinas\/instalaciones\/balneario-urbano\/\"><img decoding=\"async\" class=\"alignnone wp-image-30425 size-full lazyload\" style=\"--smush-placeholder-width: 245px; --smush-placeholder-aspect-ratio: 245\/130;display: block; margin-left: auto; margin-right: auto;\" title=\"PISTA DE P\u00c1DEL \/ PISTA DE P\u00c0DEL\" data-src=\"https:\/\/alzira.es\/wp-content\/uploads\/2018\/05\/padel-245x130.jpg\" alt=\"padel-245x130\" width=\"245\" height=\"130\" src=\"data:image\/svg+xml;base64,PHN2ZyB3aWR0aD0iMSIgaGVpZ2h0PSIxIiB4bWxucz0iaHR0cDovL3d3dy53My5vcmcvMjAwMC9zdmciPjwvc3ZnPg==\" \/><\/a><\/td>\n<\/tr>\n<tr>\n<td style=\"text-align: center;\"><a class=\"boton-piscina\" href=\"https:\/\/alzira.es\/es\/portada-piscinas\/instalaciones\/piscina-climatizada\/\">Piscina Climatizada<\/a><\/td>\n<td style=\"text-align: center;\"><a class=\"boton-piscina\" href=\"https:\/\/alzira.es\/es\/portada-piscinas\/instalaciones\/gimnasio-deportivo\/\">Gimnasio Deportivo<\/a><\/td>\n<td style=\"text-align: center;\"><a class=\"boton-piscina\" href=\"https:\/\/alzira.es\/es\/portada-piscinas\/instalaciones\/balneario-urbano\/\">Balneario Urbano<\/a><\/td>\n<td style=\"text-align: center;\"><a class=\"boton-piscina\" href=\"https:\/\/alzira.es\/es\/portada-piscinas\/instalaciones\/pista-de-padel\/\">Pista de P\u00e1del<\/a><\/td>\n<\/tr>\n<tr>\n<td style=\"width: 245px; text-align: center;\">Adultos-Escolar-3\u00aaedad-Pre y post parto-Beb\u00e9s-Terape\u00fatica-Adaptada-Aquaer\u00f3bic<\/td>\n<td style=\"width: 245px; text-align: center;\">Maquinario cardivascular \u2013 Maquinaria de musculaci\u00f3n \u2013 Peso libre y bancos<\/td>\n<td style=\"width: 245px; text-align: center;\">Prediluvio de Compostela-Dos duchas Bit\u00e9rmicas- Ducha Escocesa \u2013 Sauna Finlandesa \u2013 Ba\u00f1o Turco \u2013 Dos Spas<\/td>\n<td style=\"width: 245px; text-align: center;\">Alquiler de pistas \u2013 Escuela de p\u00e1del \u2013 Clases particulares \u2013 Ligas de p\u00e1del<\/td>\n<\/tr>\n<tr>\n<td style=\"text-align: center;\">\u00a0<a href=\"https:\/\/alzira.es\/es\/portada-piscinas\/instalaciones\/sala-multiusos\/\"><img decoding=\"async\" class=\"alignnone wp-image-30427 size-full lazyload\" title=\"SALA MULTIUSOS\" data-src=\"https:\/\/alzira.es\/wp-content\/uploads\/2018\/05\/multiusos-245x130.jpg\" alt=\"multiusos-245x130\" width=\"245\" height=\"130\" src=\"data:image\/svg+xml;base64,PHN2ZyB3aWR0aD0iMSIgaGVpZ2h0PSIxIiB4bWxucz0iaHR0cDovL3d3dy53My5vcmcvMjAwMC9zdmciPjwvc3ZnPg==\" style=\"--smush-placeholder-width: 245px; --smush-placeholder-aspect-ratio: 245\/130;\" \/><\/a><\/td>\n<td style=\"text-align: center;\">\u00a0<a href=\"https:\/\/alzira.es\/es\/portada-piscinas\/instalaciones\/sala-multiusos\/\"><img decoding=\"async\" class=\"alignnone wp-image-30430 size-full lazyload\" title=\"SAL\u00d3N DE BRONCEADO \/ SAL\u00d3 DE BRONZEJAT\" data-src=\"https:\/\/alzira.es\/wp-content\/uploads\/2018\/05\/bronceado-245x130.jpg\" alt=\"bronceado-245x130\" width=\"245\" height=\"130\" src=\"data:image\/svg+xml;base64,PHN2ZyB3aWR0aD0iMSIgaGVpZ2h0PSIxIiB4bWxucz0iaHR0cDovL3d3dy53My5vcmcvMjAwMC9zdmciPjwvc3ZnPg==\" style=\"--smush-placeholder-width: 245px; --smush-placeholder-aspect-ratio: 245\/130;\" \/><\/a><\/td>\n<td style=\"text-align: center;\">\u00a0<a href=\"https:\/\/alzira.es\/es\/portada-piscinas\/instalaciones\/espacios-auxiliares\/\"><img decoding=\"async\" class=\"alignnone wp-image-30434 size-full lazyload\" title=\"ESPACIOS AUXILIARES \/ ESPAIS AUXILIARS\" data-src=\"https:\/\/alzira.es\/wp-content\/uploads\/2018\/05\/espacios-auxiliares1-245x130.jpg\" alt=\"espacios-auxiliares1-245x130\" width=\"245\" height=\"130\" src=\"data:image\/svg+xml;base64,PHN2ZyB3aWR0aD0iMSIgaGVpZ2h0PSIxIiB4bWxucz0iaHR0cDovL3d3dy53My5vcmcvMjAwMC9zdmciPjwvc3ZnPg==\" style=\"--smush-placeholder-width: 245px; --smush-placeholder-aspect-ratio: 245\/130;\" \/><\/a><\/td>\n<td style=\"text-align: center;\">\u00a0<a href=\"https:\/\/alzira.es\/es\/portada-piscinas\/instalaciones\/espacios-auxiliares\/\"><img decoding=\"async\" class=\"alignnone wp-image-30438 size-full lazyload\" title=\"VESTUARIOS \/ VESTUARIS\" data-src=\"https:\/\/alzira.es\/wp-content\/uploads\/2018\/05\/vestuari-245x130.jpg\" alt=\"vestuari-245x130\" width=\"245\" height=\"130\" src=\"data:image\/svg+xml;base64,PHN2ZyB3aWR0aD0iMSIgaGVpZ2h0PSIxIiB4bWxucz0iaHR0cDovL3d3dy53My5vcmcvMjAwMC9zdmciPjwvc3ZnPg==\" style=\"--smush-placeholder-width: 245px; --smush-placeholder-aspect-ratio: 245\/130;\" \/><\/a><\/td>\n<\/tr>\n<tr>\n<td style=\"text-align: center;\"><a class=\"boton-piscina\" href=\"https:\/\/alzira.es\/es\/portada-piscinas\/instalaciones\/sala-multiusos\/\">Sala Multiusos<\/a><\/td>\n<td style=\"text-align: center;\"><a class=\"boton-piscina\" href=\"https:\/\/alzira.es\/es\/portada-piscinas\/instalaciones\/salon-de-bronceado\/\">Sal\u00f3n de Bronceado<\/a><\/td>\n<td style=\"text-align: center;\"><a class=\"boton-piscina\" href=\"https:\/\/alzira.es\/es\/portada-piscinas\/instalaciones\/espacios-auxiliares\/\">Espacios auxiliares<\/a><\/td>\n<td style=\"text-align: center;\"><a class=\"boton-piscina\" href=\"https:\/\/alzira.es\/es\/portada-piscinas\/instalaciones\/vestuarios\/\">Vestuarios<\/a><\/td>\n<\/tr>\n<tr>\n<td style=\"width: 245px; text-align: center;\">Spinning- Aer\u00f3bic \u2013 Pilates \u2013 Streching \u2013 Psicomotricidad- GAP<\/td>\n<td style=\"width: 245px; text-align: center;\">Son imprescindibles gafas de protecci\u00f3n adecuadas durante toda la exposici\u00f3n<\/td>\n<td style=\"width: 245px; text-align: center;\">Administraci\u00f3n \u2013 Atenci\u00f3n al cliente- Gradas<\/td>\n<td style=\"width: 245px; text-align: center;\">Amplios vestuarios adaptados con cabinas individuales<\/td>\n<\/tr>\n<tr>\n<td style=\"text-align: center;\">\u00a0<a href=\"index.php\/es\/instalaciones\/piscina-verano\"><img decoding=\"async\" width=\"245\" height=\"130\" class=\"size-full wp-image-30442 lazyload\" title=\"PISCINA VERANO\" data-src=\"https:\/\/alzira.es\/wp-content\/uploads\/2018\/05\/piscina-verano-245-130.jpg\" alt=\"Piscina verano\" src=\"data:image\/svg+xml;base64,PHN2ZyB3aWR0aD0iMSIgaGVpZ2h0PSIxIiB4bWxucz0iaHR0cDovL3d3dy53My5vcmcvMjAwMC9zdmciPjwvc3ZnPg==\" style=\"--smush-placeholder-width: 245px; --smush-placeholder-aspect-ratio: 245\/130;\" \/><\/a><\/td>\n<\/tr>\n<tr>\n<td style=\"text-align: center;\">Piscina de Verano<\/td>\n<\/tr>\n<tr>\n<td style=\"width: 245px; text-align: center;\">\u00a0Abierta solo en horario de verano y sujeta al mismo, consultar horarios y precio en la web.<\/td>\n<\/tr>\n<\/tbody>\n<\/table>\n<hr \/>\n<p><a title=\"facebook\" href=\"http:\/\/facebook.com\/piscina.alzira1\" target=\"_blank\" rel=\"noopener\"><img decoding=\"async\" class=\"size-full wp-image-30385 lazyload\" title=\"facebook\" data-src=\"https:\/\/alzira.es\/wp-content\/uploads\/2018\/05\/fb-icon.png\" alt=\"fb-icon\" src=\"data:image\/svg+xml;base64,PHN2ZyB3aWR0aD0iMSIgaGVpZ2h0PSIxIiB4bWxucz0iaHR0cDovL3d3dy53My5vcmcvMjAwMC9zdmciPjwvc3ZnPg==\" style=\"--smush-placeholder-width: 53px; --smush-placeholder-aspect-ratio: 53\/50;\" \/>\u00a0 \u00a0\u00a0Piscina Municipal de Alzira en <span style=\"color: #3d6f76;\"><strong>Facebook<\/strong><\/span><\/a><\/p>\n","protected":false},"excerpt":{"rendered":"<p>Piscina Climatizada Gimnasio Deportivo Balneario Urbano Pista de P\u00e1del Adultos-Escolar-3\u00aaedad-Pre y post parto-Beb\u00e9s-Terape\u00fatica-Adaptada-Aquaer\u00f3bic Maquinario cardivascular \u2013 Maquinaria de musculaci\u00f3n \u2013 Peso libre y bancos Prediluvio de Compostela-Dos duchas Bit\u00e9rmicas- Ducha Escocesa \u2013 Sauna Finlandesa \u2013 Ba\u00f1o Turco \u2013 Dos Spas Alquiler de pistas \u2013 Escuela de p\u00e1del \u2013 Clases particulares \u2013 Ligas de p\u00e1del \u00a0 &hellip; <\/p>\n<p class=\"link-more\"><a href=\"https:\/\/alzira.es\/es\/portada-piscinas\/instalaciones\/\" class=\"more-link\">Continuar leyendo<span class=\"screen-reader-text\"> \u00abInstalaciones\u00bb<\/span><\/a><\/p>\n","protected":false},"author":29,"featured_media":0,"parent":30524,"menu_order":7,"comment_status":"closed","ping_status":"closed","template":"","meta":{"_acf_changed":false,"footnotes":""},"class_list":["post-30444","page","type-page","status-publish","hentry"],"acf":[],"_links":{"self":[{"href":"https:\/\/alzira.es\/es\/wp-json\/wp\/v2\/pages\/30444","targetHints":{"allow":["GET"]}}],"collection":[{"href":"https:\/\/alzira.es\/es\/wp-json\/wp\/v2\/pages"}],"about":[{"href":"https:\/\/alzira.es\/es\/wp-json\/wp\/v2\/types\/page"}],"author":[{"embeddable":true,"href":"https:\/\/alzira.es\/es\/wp-json\/wp\/v2\/users\/29"}],"replies":[{"embeddable":true,"href":"https:\/\/alzira.es\/es\/wp-json\/wp\/v2\/comments?post=30444"}],"version-history":[{"count":1,"href":"https:\/\/alzira.es\/es\/wp-json\/wp\/v2\/pages\/30444\/revisions"}],"predecessor-version":[{"id":88738,"href":"https:\/\/alzira.es\/es\/wp-json\/wp\/v2\/pages\/30444\/revisions\/88738"}],"up":[{"embeddable":true,"href":"https:\/\/alzira.es\/es\/wp-json\/wp\/v2\/pages\/30524"}],"wp:attachment":[{"href":"https:\/\/alzira.es\/es\/wp-json\/wp\/v2\/media?parent=30444"}],"curies":[{"name":"wp","href":"https:\/\/api.w.org\/{rel}","templated":true}]}}