{"id":30388,"date":"2018-05-24T13:47:07","date_gmt":"2018-05-24T11:47:07","guid":{"rendered":"https:\/\/alzira.es\/actividades-3\/"},"modified":"2021-08-30T08:40:37","modified_gmt":"2021-08-30T06:40:37","slug":"actividades-piscinas-municipales","status":"publish","type":"page","link":"https:\/\/alzira.es\/es\/portada-piscinas\/actividades-piscinas-municipales\/","title":{"rendered":"Actividades Piscinas Municipales"},"content":{"rendered":"<table border=\"0\" align=\"center\">\n<tbody>\n<tr>\n<td style=\"text-align: center;\"><img decoding=\"async\" width=\"245\" height=\"130\" class=\"size-full wp-image-30352 lazyload\" title=\"NATACI\u00d3N \/ NATACI\u00d3\" data-src=\"https:\/\/alzira.es\/wp-content\/uploads\/2018\/05\/piscina3-245x130.jpg\" alt=\"piscina3-245x130\" src=\"data:image\/svg+xml;base64,PHN2ZyB3aWR0aD0iMSIgaGVpZ2h0PSIxIiB4bWxucz0iaHR0cDovL3d3dy53My5vcmcvMjAwMC9zdmciPjwvc3ZnPg==\" style=\"--smush-placeholder-width: 245px; --smush-placeholder-aspect-ratio: 245\/130;\" \/><\/td>\n<td style=\"text-align: center;\"><img decoding=\"async\" width=\"245\" height=\"130\" class=\"size-full wp-image-30354 lazyload\" title=\"GIMNASIO \/ GIMN\u00c0S\" data-src=\"https:\/\/alzira.es\/wp-content\/uploads\/2018\/05\/gimnasio-245x130.jpg\" alt=\"gimnasio-245x130\" src=\"data:image\/svg+xml;base64,PHN2ZyB3aWR0aD0iMSIgaGVpZ2h0PSIxIiB4bWxucz0iaHR0cDovL3d3dy53My5vcmcvMjAwMC9zdmciPjwvc3ZnPg==\" style=\"--smush-placeholder-width: 245px; --smush-placeholder-aspect-ratio: 245\/130;\" \/><\/td>\n<td style=\"text-align: center;\"><img decoding=\"async\" width=\"245\" height=\"130\" class=\"size-full wp-image-30357 lazyload\" title=\"BALNEARIO \/ BALNEARI\" data-src=\"https:\/\/alzira.es\/wp-content\/uploads\/2018\/05\/balneario1-245x130.jpg\" alt=\"balneario1-245x130\" src=\"data:image\/svg+xml;base64,PHN2ZyB3aWR0aD0iMSIgaGVpZ2h0PSIxIiB4bWxucz0iaHR0cDovL3d3dy53My5vcmcvMjAwMC9zdmciPjwvc3ZnPg==\" style=\"--smush-placeholder-width: 245px; --smush-placeholder-aspect-ratio: 245\/130;\" \/><\/td>\n<td><img decoding=\"async\" width=\"245\" height=\"130\" class=\"size-full wp-image-30360 lazyload\" style=\"--smush-placeholder-width: 245px; --smush-placeholder-aspect-ratio: 245\/130;display: block; margin-left: auto; margin-right: auto;\" title=\"P\u00c1DEL \/ P\u00c0DEL\" data-src=\"https:\/\/alzira.es\/wp-content\/uploads\/2018\/05\/padel-thumb-245x130.jpg\" alt=\"padel-thumb-245x130\" src=\"data:image\/svg+xml;base64,PHN2ZyB3aWR0aD0iMSIgaGVpZ2h0PSIxIiB4bWxucz0iaHR0cDovL3d3dy53My5vcmcvMjAwMC9zdmciPjwvc3ZnPg==\" \/><\/td>\n<\/tr>\n<tr>\n<td style=\"text-align: center;\"><a class=\"boton-piscina\" href=\"https:\/\/alzira.es\/es\/portada-piscinas\/actividades-piscinas-municipales\/natacion\/\">Nataci\u00f3n<\/a><\/td>\n<td style=\"text-align: center;\"><a class=\"boton-piscina\" href=\"https:\/\/alzira.es\/es\/portada-piscinas\/actividades-piscinas-municipales\/gimnasio\/\">Gimnasio<\/a><\/td>\n<td style=\"text-align: center;\"><a class=\"boton-piscina\" href=\"#\">Balneario<\/a><\/td>\n<td style=\"text-align: center;\"><a class=\"boton-piscina\" href=\"https:\/\/alzira.es\/es\/portada-piscinas\/actividades-piscinas-municipales\/padel\/\">P\u00e1del<\/a><\/td>\n<\/tr>\n<tr>\n<td style=\"width: 245px;\">Son bien conocidas todas las ventajas que ofrece el ejercicio en contacto con el agua.<\/td>\n<td style=\"width: 245px;\">Musculaci\u00f3n, tonificaci\u00f3n, ejercicio cardiovascular, estiramientos, circuitos aerobios.<\/td>\n<td style=\"width: 245px;\">\u00a0Nuestro Balneario es un espacio destinado para que aproveches todas las ventajas del agua en su vertiente relajante y terap\u00e9utica.<\/td>\n<td style=\"width: 245px;\">El p\u00e1del es una actividad muy divertida de raqueta que se juega por parejas.<\/td>\n<\/tr>\n<tr>\n<td style=\"text-align: center;\">\u00a0<img decoding=\"async\" width=\"245\" height=\"130\" class=\"size-full wp-image-30362 lazyload\" title=\"SPINNING\" data-src=\"https:\/\/alzira.es\/wp-content\/uploads\/2018\/05\/spinning2-245x130.jpg\" alt=\"spinning2-245x130\" src=\"data:image\/svg+xml;base64,PHN2ZyB3aWR0aD0iMSIgaGVpZ2h0PSIxIiB4bWxucz0iaHR0cDovL3d3dy53My5vcmcvMjAwMC9zdmciPjwvc3ZnPg==\" style=\"--smush-placeholder-width: 245px; --smush-placeholder-aspect-ratio: 245\/130;\" \/><\/td>\n<td style=\"text-align: center;\">\u00a0<img decoding=\"async\" width=\"245\" height=\"130\" class=\"size-full wp-image-30365 lazyload\" title=\"AER\u00d3BIC \/ AER\u00d2BIC\" data-src=\"https:\/\/alzira.es\/wp-content\/uploads\/2018\/05\/aerobic-245x130.jpg\" alt=\"aerobic-245x130\" src=\"data:image\/svg+xml;base64,PHN2ZyB3aWR0aD0iMSIgaGVpZ2h0PSIxIiB4bWxucz0iaHR0cDovL3d3dy53My5vcmcvMjAwMC9zdmciPjwvc3ZnPg==\" style=\"--smush-placeholder-width: 245px; --smush-placeholder-aspect-ratio: 245\/130;\" \/><\/td>\n<td style=\"text-align: center;\">\u00a0<img decoding=\"async\" width=\"245\" height=\"130\" class=\"size-full wp-image-30367 lazyload\" title=\"ZUMBA\" data-src=\"https:\/\/alzira.es\/wp-content\/uploads\/2018\/05\/zumba-245x130.jpg\" alt=\"zumba-245x130\" src=\"data:image\/svg+xml;base64,PHN2ZyB3aWR0aD0iMSIgaGVpZ2h0PSIxIiB4bWxucz0iaHR0cDovL3d3dy53My5vcmcvMjAwMC9zdmciPjwvc3ZnPg==\" style=\"--smush-placeholder-width: 245px; --smush-placeholder-aspect-ratio: 245\/130;\" \/><\/td>\n<td style=\"text-align: center;\">\u00a0<img decoding=\"async\" width=\"245\" height=\"130\" class=\"size-full wp-image-30370 lazyload\" title=\"BODY POWER\" data-src=\"https:\/\/alzira.es\/wp-content\/uploads\/2018\/05\/bodypower-245x130.jpg\" alt=\"bodypower-245x130\" src=\"data:image\/svg+xml;base64,PHN2ZyB3aWR0aD0iMSIgaGVpZ2h0PSIxIiB4bWxucz0iaHR0cDovL3d3dy53My5vcmcvMjAwMC9zdmciPjwvc3ZnPg==\" style=\"--smush-placeholder-width: 245px; --smush-placeholder-aspect-ratio: 245\/130;\" \/><\/td>\n<\/tr>\n<tr>\n<td style=\"text-align: center;\"><a class=\"boton-piscina\" href=\"https:\/\/alzira.es\/es\/portada-piscinas\/actividades-piscinas-municipales\/spinning\/\">Spinning<\/a><\/td>\n<td style=\"text-align: center;\"><a class=\"boton-piscina\" href=\"https:\/\/alzira.es\/es\/portada-piscinas\/actividades-piscinas-municipales\/aerobic\/\">Aer\u00f3bic<\/a><\/td>\n<td style=\"text-align: center;\"><a class=\"boton-piscina\" href=\"https:\/\/alzira.es\/es\/portada-piscinas\/actividades-piscinas-municipales\/zumba-2-2\/\">Zumba<\/a><\/td>\n<td style=\"text-align: center;\"><a class=\"boton-piscina\" href=\"https:\/\/alzira.es\/es\/portada-piscinas\/actividades-piscinas-municipales\/body-power\/\">Body Power<\/a><\/td>\n<\/tr>\n<tr>\n<td style=\"width: 245px; text-align: center;\">Es una mezcla entre el ejercicio cardiovascular, la tonificaci\u00f3n y el deseo de vivir una aventura aer\u00f3bica.<\/td>\n<td style=\"width: 245px; text-align: center;\">\u00a0Mejora de la fuerza, la flexibilidad, la coordinaci\u00f3n y la capacidad cardiovascular.<\/td>\n<td style=\"width: 245px; text-align: center;\">Movimientos de baile combinados con una serie de rutinas aer\u00f3bicas.<\/td>\n<td style=\"width: 245px; text-align: center;\">\u00a0Tonificaci\u00f3n de todas las zonas del cuerpo, desde hombros, brazos, pecho, abdominales, gl\u00fateos y piernas.<\/td>\n<\/tr>\n<tr>\n<td style=\"text-align: center;\">\u00a0<img decoding=\"async\" width=\"245\" height=\"130\" class=\"size-full wp-image-30372 lazyload\" title=\"AEROBOX\" data-src=\"https:\/\/alzira.es\/wp-content\/uploads\/2018\/05\/aerobox-245x130.jpg\" alt=\"aerobox-245x130\" src=\"data:image\/svg+xml;base64,PHN2ZyB3aWR0aD0iMSIgaGVpZ2h0PSIxIiB4bWxucz0iaHR0cDovL3d3dy53My5vcmcvMjAwMC9zdmciPjwvc3ZnPg==\" style=\"--smush-placeholder-width: 245px; --smush-placeholder-aspect-ratio: 245\/130;\" \/><\/td>\n<td style=\"text-align: center;\">\u00a0<img decoding=\"async\" width=\"245\" height=\"130\" class=\"size-full wp-image-30374 lazyload\" title=\"G.A.P.\" data-src=\"https:\/\/alzira.es\/wp-content\/uploads\/2018\/05\/gap-245x130.jpg\" alt=\"gap-245x130\" src=\"data:image\/svg+xml;base64,PHN2ZyB3aWR0aD0iMSIgaGVpZ2h0PSIxIiB4bWxucz0iaHR0cDovL3d3dy53My5vcmcvMjAwMC9zdmciPjwvc3ZnPg==\" style=\"--smush-placeholder-width: 245px; --smush-placeholder-aspect-ratio: 245\/130;\" \/><\/td>\n<td style=\"text-align: center;\">\u00a0<img decoding=\"async\" width=\"245\" height=\"130\" class=\"size-full wp-image-30377 lazyload\" title=\"TRX\" data-src=\"https:\/\/alzira.es\/wp-content\/uploads\/2018\/05\/trx1-245x130.jpg\" alt=\"trx1-245x130\" src=\"data:image\/svg+xml;base64,PHN2ZyB3aWR0aD0iMSIgaGVpZ2h0PSIxIiB4bWxucz0iaHR0cDovL3d3dy53My5vcmcvMjAwMC9zdmciPjwvc3ZnPg==\" style=\"--smush-placeholder-width: 245px; --smush-placeholder-aspect-ratio: 245\/130;\" \/><\/td>\n<td style=\"text-align: center;\">\u00a0<img decoding=\"async\" width=\"245\" height=\"130\" class=\"size-full wp-image-30380 lazyload\" title=\"ABDOMINALES 30 \/ ABDOMINALS 30\" data-src=\"https:\/\/alzira.es\/wp-content\/uploads\/2018\/05\/abdominales30-245x130.jpg\" alt=\"abdominales30-245x130\" src=\"data:image\/svg+xml;base64,PHN2ZyB3aWR0aD0iMSIgaGVpZ2h0PSIxIiB4bWxucz0iaHR0cDovL3d3dy53My5vcmcvMjAwMC9zdmciPjwvc3ZnPg==\" style=\"--smush-placeholder-width: 245px; --smush-placeholder-aspect-ratio: 245\/130;\" \/><\/td>\n<\/tr>\n<tr>\n<td style=\"text-align: center;\"><a class=\"boton-piscina\" href=\"https:\/\/alzira.es\/es\/portada-piscinas\/actividades-piscinas-municipales\/aerobox\/\">Aerobox<\/a><\/td>\n<td style=\"text-align: center;\"><a class=\"boton-piscina\" href=\"https:\/\/alzira.es\/es\/portada-piscinas\/actividades-piscinas-municipales\/g-a-p\/\">G.A.P.<\/a><\/td>\n<td style=\"text-align: center;\"><a class=\"boton-piscina\" href=\"https:\/\/alzira.es\/es\/portada-piscinas\/actividades-piscinas-municipales\/trx\/\">TRX<\/a><\/td>\n<td style=\"text-align: center;\"><a class=\"boton-piscina\" href=\"https:\/\/alzira.es\/es\/portada-piscinas\/actividades-piscinas-municipales\/abdominales-30\/\">Abdominales 30<\/a><\/td>\n<\/tr>\n<tr>\n<td style=\"width: 245px; text-align: center;\">\u00a0El aerobox es una mezcla del kickboxing y el aer\u00f3bic, muy relacionado con el boxeo pero acompa\u00f1ados de m\u00fasica<\/td>\n<td style=\"width: 245px; text-align: center;\">Tonificaci\u00f3n de los m\u00fasculos de gl\u00fateos, piernas y abdomen<\/td>\n<td style=\"width: 245px; text-align: center;\">\u00a0Ejercicios que desarrollan la fuerza y al mismo tiempo mejora la flexibilidad, equilibrio y la estabilidad de la parte central del cuerpo<\/td>\n<td style=\"width: 245px; text-align: center;\">\u00a0Unos abdominales fuertes evitan sobremanera las molestias de espalda<\/td>\n<\/tr>\n<tr>\n<td style=\"text-align: center;\">\u00a0<img decoding=\"async\" width=\"245\" height=\"130\" class=\"size-full wp-image-30383 lazyload\" title=\"PILATES\" data-src=\"https:\/\/alzira.es\/wp-content\/uploads\/2018\/05\/pilates-245x130.jpg\" alt=\"pilates-245x130\" src=\"data:image\/svg+xml;base64,PHN2ZyB3aWR0aD0iMSIgaGVpZ2h0PSIxIiB4bWxucz0iaHR0cDovL3d3dy53My5vcmcvMjAwMC9zdmciPjwvc3ZnPg==\" style=\"--smush-placeholder-width: 245px; --smush-placeholder-aspect-ratio: 245\/130;\" \/><\/td>\n<td style=\"text-align: center;\"><\/td>\n<td style=\"text-align: center;\"><\/td>\n<td style=\"text-align: center;\"><\/td>\n<\/tr>\n<tr>\n<td style=\"text-align: center;\"><a class=\"boton-piscina\" href=\"https:\/\/alzira.es\/es\/portada-piscinas\/actividades-piscinas-municipales\/pilates\/\">Pilates<\/a><\/td>\n<td style=\"text-align: center;\"><\/td>\n<td style=\"text-align: center;\"><\/td>\n<td style=\"text-align: center;\"><\/td>\n<\/tr>\n<tr>\n<td style=\"width: 245px;\" align=\"center\">\u00a0Se trata de una filosof\u00eda de entrenamiento del cuerpo y de la mente<\/td>\n<td style=\"width: 245px;\" align=\"center\"><\/td>\n<td style=\"width: 245px;\" align=\"center\"><\/td>\n<td style=\"width: 245px;\" align=\"center\"><\/td>\n<\/tr>\n<\/tbody>\n<\/table>\n<hr \/>\n<p><a title=\"facebook\" href=\"http:\/\/facebook.com\/piscina.alzira1\" target=\"_blank\" rel=\"noopener\"><img decoding=\"async\" class=\"size-full wp-image-30385 lazyload\" title=\"facebook\" data-src=\"https:\/\/alzira.es\/wp-content\/uploads\/2018\/05\/fb-icon.png\" alt=\"fb-icon\" src=\"data:image\/svg+xml;base64,PHN2ZyB3aWR0aD0iMSIgaGVpZ2h0PSIxIiB4bWxucz0iaHR0cDovL3d3dy53My5vcmcvMjAwMC9zdmciPjwvc3ZnPg==\" style=\"--smush-placeholder-width: 53px; --smush-placeholder-aspect-ratio: 53\/50;\" \/>\u00a0 \u00a0\u00a0Piscina Municipal de Alzira en <span style=\"color: #3d6f76;\"><strong>Facebook<\/strong><\/span><\/a><\/p>\n","protected":false},"excerpt":{"rendered":"<p>Nataci\u00f3n Gimnasio Balneario P\u00e1del Son bien conocidas todas las ventajas que ofrece el ejercicio en contacto con el agua. Musculaci\u00f3n, tonificaci\u00f3n, ejercicio cardiovascular, estiramientos, circuitos aerobios. \u00a0Nuestro Balneario es un espacio destinado para que aproveches todas las ventajas del agua en su vertiente relajante y terap\u00e9utica. El p\u00e1del es una actividad muy divertida de raqueta &hellip; <\/p>\n<p class=\"link-more\"><a href=\"https:\/\/alzira.es\/es\/portada-piscinas\/actividades-piscinas-municipales\/\" class=\"more-link\">Continuar leyendo<span class=\"screen-reader-text\"> \u00abActividades Piscinas Municipales\u00bb<\/span><\/a><\/p>\n","protected":false},"author":29,"featured_media":0,"parent":30524,"menu_order":14,"comment_status":"closed","ping_status":"closed","template":"","meta":{"_acf_changed":false,"footnotes":""},"class_list":["post-30388","page","type-page","status-publish","hentry"],"acf":[],"_links":{"self":[{"href":"https:\/\/alzira.es\/es\/wp-json\/wp\/v2\/pages\/30388","targetHints":{"allow":["GET"]}}],"collection":[{"href":"https:\/\/alzira.es\/es\/wp-json\/wp\/v2\/pages"}],"about":[{"href":"https:\/\/alzira.es\/es\/wp-json\/wp\/v2\/types\/page"}],"author":[{"embeddable":true,"href":"https:\/\/alzira.es\/es\/wp-json\/wp\/v2\/users\/29"}],"replies":[{"embeddable":true,"href":"https:\/\/alzira.es\/es\/wp-json\/wp\/v2\/comments?post=30388"}],"version-history":[{"count":1,"href":"https:\/\/alzira.es\/es\/wp-json\/wp\/v2\/pages\/30388\/revisions"}],"predecessor-version":[{"id":86126,"href":"https:\/\/alzira.es\/es\/wp-json\/wp\/v2\/pages\/30388\/revisions\/86126"}],"up":[{"embeddable":true,"href":"https:\/\/alzira.es\/es\/wp-json\/wp\/v2\/pages\/30524"}],"wp:attachment":[{"href":"https:\/\/alzira.es\/es\/wp-json\/wp\/v2\/media?parent=30388"}],"curies":[{"name":"wp","href":"https:\/\/api.w.org\/{rel}","templated":true}]}}