{"id":29850,"date":"2018-05-11T08:00:00","date_gmt":"2018-05-11T06:00:00","guid":{"rendered":"https:\/\/alzira.es\/divendres-11-de-maig-presentacio-de-la-guia-botanica-del-jardi-romantic-de-la-murta-i-la-presentacio-i-lliurament-de-la-guia-del-projecte-de-l-anell-verd-d-alzira-2\/"},"modified":"2021-07-26T16:13:30","modified_gmt":"2021-07-26T14:13:30","slug":"guia-botanica-jardin-murta","status":"publish","type":"page","link":"https:\/\/alzira.es\/es\/servicios-municipales\/medioambiente\/guias-medioambientales\/guia-botanica-jardin-murta\/","title":{"rendered":"Gu\u00eda bot\u00e1nica del jard\u00edn rom\u00e1ntico de la Murta"},"content":{"rendered":"<p style=\"text-align: center;\"><a class=\"jcepopup\" style=\"font-size: 14.4px; text-align: center;\" title=\"Guia bot\u00e0nica del jard\u00ed rom\u00e0ntic de la Murta\" href=\"https:\/\/alzira.es\/wp-content\/uploads\/2018\/05\/20180508_El_Casalot_Jardi_romantic_Fullet_BC_PDF.pdf\" target=\"_blank\" rel=\"noopener\"><img fetchpriority=\"high\" decoding=\"async\" class=\" size-full wp-image-29826\" title=\"Guia bot\u00e0nica del jard\u00ed rom\u00e0ntic de la Murta\" src=\"https:\/\/alzira.es\/wp-content\/uploads\/2018\/05\/el_jardi_dels_secrets_VAL.png\" alt=\"el jardi dels secrets VAL\" width=\"400\" height=\"400\" srcset=\"https:\/\/alzira.es\/wp-content\/uploads\/2018\/05\/el_jardi_dels_secrets_VAL.png 905w, https:\/\/alzira.es\/wp-content\/uploads\/2018\/05\/el_jardi_dels_secrets_VAL-510x510.png 510w, https:\/\/alzira.es\/wp-content\/uploads\/2018\/05\/el_jardi_dels_secrets_VAL-350x350.png 350w, https:\/\/alzira.es\/wp-content\/uploads\/2018\/05\/el_jardi_dels_secrets_VAL-768x768.png 768w, https:\/\/alzira.es\/wp-content\/uploads\/2018\/05\/el_jardi_dels_secrets_VAL-100x100.png 100w\" sizes=\"(max-width: 400px) 100vw, 400px\" \/><\/a>\u00a0<a class=\"jcepopup\" style=\"font-size: 14.4px; text-align: center;\" title=\"Guia bot\u00e0nica del jard\u00ed rom\u00e0ntic de la Murta\" href=\"https:\/\/alzira.es\/wp-content\/uploads\/2018\/05\/20180508_La_Casona_Jardin_romantico_Folleto_BC_PDF.pdf\" target=\"_blank\" rel=\"noopener\"><img decoding=\"async\" class=\"size-full wp-image-29836 lazyload\" title=\"Guia bot\u00e0nica del jard\u00ed rom\u00e0ntic de la Murta\" data-src=\"https:\/\/alzira.es\/wp-content\/uploads\/2018\/05\/el_jardi_dels_secrets_CAS.png\" alt=\"el jardi dels secrets CAS\" width=\"400\" height=\"400\" src=\"data:image\/svg+xml;base64,PHN2ZyB3aWR0aD0iMSIgaGVpZ2h0PSIxIiB4bWxucz0iaHR0cDovL3d3dy53My5vcmcvMjAwMC9zdmciPjwvc3ZnPg==\" style=\"--smush-placeholder-width: 400px; --smush-placeholder-aspect-ratio: 400\/400;\" \/><\/a><\/p>\n<p style=\"text-align: center;\">\u00a0<a class=\"jcepopup\" style=\"font-size: 14.4px; text-align: center;\" title=\"Guia bot\u00e0nica del jard\u00ed rom\u00e0ntic de la Murta\" href=\"https:\/\/alzira.es\/wp-content\/uploads\/2018\/05\/20180508_La_Casona_Jardin_romantico_Folleto_INGLES_BC_PDF.pdf\" target=\"_blank\" rel=\"noopener\"><img decoding=\"async\" class=\"size-full wp-image-29842 lazyload\" title=\"Guia bot\u00e0nica del jard\u00ed rom\u00e0ntic de la Murta\" data-src=\"https:\/\/alzira.es\/wp-content\/uploads\/2018\/05\/el_jardi_dels_secrets_ENG.png\" alt=\"el jardi dels secrets ENG\" width=\"400\" height=\"400\" src=\"data:image\/svg+xml;base64,PHN2ZyB3aWR0aD0iMSIgaGVpZ2h0PSIxIiB4bWxucz0iaHR0cDovL3d3dy53My5vcmcvMjAwMC9zdmciPjwvc3ZnPg==\" style=\"--smush-placeholder-width: 400px; --smush-placeholder-aspect-ratio: 400\/400;\" \/><\/a>\u00a0<a class=\"jcepopup\" style=\"font-size: 14.4px; text-align: center;\" title=\"Guia bot\u00e0nica del jard\u00ed rom\u00e0ntic de la Murta\" href=\"https:\/\/alzira.es\/wp-content\/uploads\/2018\/05\/20180508_La_Casona_Jardin_romantico_Folleto_FRANCES_BC_PDF.pdf\" target=\"_blank\" rel=\"noopener\"><img decoding=\"async\" class=\"size-full wp-image-29848 lazyload\" title=\"Guia bot\u00e0nica del jard\u00ed rom\u00e0ntic de la Murta\" data-src=\"https:\/\/alzira.es\/wp-content\/uploads\/2018\/05\/el_jardi_dels_secrets_FR.png\" alt=\"el jardi dels secrets FR\" width=\"400\" height=\"400\" data-srcset=\"https:\/\/alzira.es\/wp-content\/uploads\/2018\/05\/el_jardi_dels_secrets_FR.png 905w, https:\/\/alzira.es\/wp-content\/uploads\/2018\/05\/el_jardi_dels_secrets_FR-510x510.png 510w, https:\/\/alzira.es\/wp-content\/uploads\/2018\/05\/el_jardi_dels_secrets_FR-350x350.png 350w, https:\/\/alzira.es\/wp-content\/uploads\/2018\/05\/el_jardi_dels_secrets_FR-768x768.png 768w, https:\/\/alzira.es\/wp-content\/uploads\/2018\/05\/el_jardi_dels_secrets_FR-100x100.png 100w\" data-sizes=\"(max-width: 400px) 100vw, 400px\" src=\"data:image\/svg+xml;base64,PHN2ZyB3aWR0aD0iMSIgaGVpZ2h0PSIxIiB4bWxucz0iaHR0cDovL3d3dy53My5vcmcvMjAwMC9zdmciPjwvc3ZnPg==\" style=\"--smush-placeholder-width: 400px; --smush-placeholder-aspect-ratio: 400\/400;\" \/><\/a><\/p>\n","protected":false},"excerpt":{"rendered":"<p>\u00a0 \u00a0\u00a0<\/p>\n","protected":false},"author":29,"featured_media":29826,"parent":83448,"menu_order":5,"comment_status":"closed","ping_status":"closed","template":"","meta":{"_acf_changed":false,"footnotes":""},"class_list":["post-29850","page","type-page","status-publish","has-post-thumbnail","hentry"],"acf":[],"_links":{"self":[{"href":"https:\/\/alzira.es\/es\/wp-json\/wp\/v2\/pages\/29850","targetHints":{"allow":["GET"]}}],"collection":[{"href":"https:\/\/alzira.es\/es\/wp-json\/wp\/v2\/pages"}],"about":[{"href":"https:\/\/alzira.es\/es\/wp-json\/wp\/v2\/types\/page"}],"author":[{"embeddable":true,"href":"https:\/\/alzira.es\/es\/wp-json\/wp\/v2\/users\/29"}],"replies":[{"embeddable":true,"href":"https:\/\/alzira.es\/es\/wp-json\/wp\/v2\/comments?post=29850"}],"version-history":[{"count":2,"href":"https:\/\/alzira.es\/es\/wp-json\/wp\/v2\/pages\/29850\/revisions"}],"predecessor-version":[{"id":83465,"href":"https:\/\/alzira.es\/es\/wp-json\/wp\/v2\/pages\/29850\/revisions\/83465"}],"up":[{"embeddable":true,"href":"https:\/\/alzira.es\/es\/wp-json\/wp\/v2\/pages\/83448"}],"wp:featuredmedia":[{"embeddable":true,"href":"https:\/\/alzira.es\/es\/wp-json\/wp\/v2\/media\/29826"}],"wp:attachment":[{"href":"https:\/\/alzira.es\/es\/wp-json\/wp\/v2\/media?parent=29850"}],"curies":[{"name":"wp","href":"https:\/\/api.w.org\/{rel}","templated":true}]}}