{"id":28178,"date":"2015-04-30T10:02:07","date_gmt":"2015-04-30T08:02:07","guid":{"rendered":"https:\/\/alzira.es\/liquidacion-2017\/"},"modified":"2022-01-15T23:09:42","modified_gmt":"2022-01-15T22:09:42","slug":"liquidacion-2017-cas-no","status":"publish","type":"page","link":"https:\/\/alzira.es\/es\/servicios-municipales\/economia-y-recaudacion\/intervencion-cas-no\/liquidacion\/historicos-liquidaciones\/liquidacion-2017-cas-no\/","title":{"rendered":"Liquidaci\u00f3n 2017-cas-no"},"content":{"rendered":"<p style=\"text-align: justify;\"><span style=\"color: #000000;\">El presupuesto de cada ejercicio se liquidar\u00e1 en cuanto a la recaudaci\u00f3n de derechos y al pago de obligaciones el 31 de diciembre del a\u00f1o natural correspondiente. Quedar\u00e1n a cargo de la tesorer\u00eda local los ingresos y pagos pendientes, seg\u00fan sus respectivas contracciones.<\/span><\/p>\n<p style=\"text-align: justify;\"><span style=\"color: #000000;\">Las obligaciones reconocidas y liquidadas no satisfechas el \u00faltimo d\u00eda del ejercicio, los derechos pendientes de cobro y los fondos l\u00edquidos a 31 de diciembre configurar\u00e1n el remanente de tesorer\u00eda de la entidad local. La cuantificaci\u00f3n del remanente de tesorer\u00eda deber\u00e1 realizarse teniendo en cuenta los posibles ingresos afectados y minorando de acuerdo con lo que reglamentariamente se establezca los derechos pendientes de cobro que se consideren de dif\u00edcil o imposible recaudaci\u00f3n.<\/span><\/p>\n<p style=\"text-align: justify;\"><span style=\"color: #000000;\">Las entidades locales deber\u00e1n confeccionar la liquidaci\u00f3n de su presupuesto antes del d\u00eda primero de marzo del ejercicio siguiente.<\/span><\/p>\n<p style=\"text-align: justify;\"><span style=\"color: #000000;\">La aprobaci\u00f3n de la liquidaci\u00f3n del presupuesto corresponde al presidente de la entidad local, previo informe de la Intervenci\u00f3n.<\/span><\/p>\n<table style=\"width: 600px;\">\n<tbody>\n<tr>\n<td style=\"text-align: center;\" colspan=\"5\">Estado liquidaci\u00f3n 2017<\/td>\n<\/tr>\n<tr>\n<td style=\"text-align: center;\" colspan=\"2\">Ingresos<\/td>\n<td style=\"text-align: center;\" colspan=\"3\">Gastos<\/td>\n<\/tr>\n<tr>\n<td style=\"text-align: center;\"><a href=\"https:\/\/alzira.es\/wp-content\/uploads\/2015\/04\/ingressos_capitols.PDF\">Cap\u00edtulos<\/a><\/td>\n<td style=\"text-align: center;\"><a href=\"https:\/\/alzira.es\/wp-content\/uploads\/2015\/04\/ingressos_aplicacions.PDF\" target=\"_blank\" rel=\"noopener\">Aplicaciones<\/a><\/td>\n<td style=\"text-align: center;\"><a href=\"https:\/\/alzira.es\/wp-content\/uploads\/2015\/04\/gastos_capitols.PDF\" target=\"_blank\" rel=\"noopener\">Cap\u00edtulos<\/a><\/td>\n<td style=\"text-align: center;\"><a href=\"https:\/\/alzira.es\/wp-content\/uploads\/2015\/04\/gastos_arees_gasto.PDF\" target=\"_blank\" rel=\"noopener\">\u00c1reas de gasto<\/a><\/td>\n<td style=\"text-align: center;\"><a href=\"https:\/\/alzira.es\/wp-content\/uploads\/2015\/04\/gastos_aplicacions.PDF\" target=\"_blank\" rel=\"noopener\">Aplicaciones<\/a><\/td>\n<\/tr>\n<tr>\n<td style=\"text-align: center;\" colspan=\"5\">&nbsp;<\/td>\n<\/tr>\n<tr>\n<td style=\"text-align: center;\" colspan=\"5\"><a href=\"https:\/\/alzira.es\/wp-content\/uploads\/2015\/04\/romanent_tresoreria.PDF\" target=\"_blank\" rel=\"noopener\">Remanente de tesorer\u00eda<\/a><\/td>\n<\/tr>\n<tr>\n<td style=\"text-align: center;\" colspan=\"5\"><a href=\"https:\/\/alzira.es\/wp-content\/uploads\/2015\/04\/resultat_pressupostari.PDF\" target=\"_blank\" rel=\"noopener\">Resultado presupuestario<\/a><\/td>\n<\/tr>\n<tr>\n<td style=\"text-align: center;\" colspan=\"5\">&nbsp;<\/td>\n<\/tr>\n<tr>\n<td style=\"text-align: center;\" colspan=\"5\"><a href=\"https:\/\/alzira.es\/wp-content\/uploads\/2015\/04\/decret_liquidacio_pressupost.pdf\" target=\"_blank\" rel=\"noopener\">Decreto 422\/2018 &#8211; Aprobaci\u00f3n liquidaci\u00f3n<\/a><\/td>\n<\/tr>\n<tr>\n<td style=\"text-align: center;\" colspan=\"5\"><a href=\"https:\/\/alzira.es\/wp-content\/uploads\/2015\/04\/informe_estabilitat_regla_gasto.pdf\" target=\"_blank\" rel=\"noopener\">Informe estabilidad y regla del gasto<\/a><\/td>\n<\/tr>\n<tr>\n<td style=\"text-align: center;\" colspan=\"5\"><a href=\"https:\/\/alzira.es\/wp-content\/uploads\/2015\/04\/calcul_estalvi_net.pdf\" target=\"_blank\" rel=\"noopener\">C\u00e1lculo ahorro neto y volumen de la deuda<\/a><\/td>\n<\/tr>\n<tr>\n<td style=\"text-align: center;\" colspan=\"5\"><a href=\"https:\/\/alzira.es\/wp-content\/uploads\/2015\/04\/informe_auditoria_facturacio.pdf\" target=\"_blank\" rel=\"noopener\">Informe auditor\u00eda facturaci\u00f3n<\/a><\/td>\n<\/tr>\n<\/tbody>\n<\/table>\n","protected":false},"excerpt":{"rendered":"<p>El presupuesto de cada ejercicio se liquidar\u00e1 en cuanto a la recaudaci\u00f3n de derechos y al pago de obligaciones el 31 de diciembre del a\u00f1o natural correspondiente. Quedar\u00e1n a cargo de la tesorer\u00eda local los ingresos y pagos pendientes, seg\u00fan sus respectivas contracciones. Las obligaciones reconocidas y liquidadas no satisfechas el \u00faltimo d\u00eda del ejercicio, &hellip; <\/p>\n<p class=\"link-more\"><a href=\"https:\/\/alzira.es\/es\/servicios-municipales\/economia-y-recaudacion\/intervencion-cas-no\/liquidacion\/historicos-liquidaciones\/liquidacion-2017-cas-no\/\" class=\"more-link\">Continuar leyendo<span class=\"screen-reader-text\"> \u00abLiquidaci\u00f3n 2017-cas-no\u00bb<\/span><\/a><\/p>\n","protected":false},"author":12,"featured_media":0,"parent":38297,"menu_order":13,"comment_status":"closed","ping_status":"closed","template":"","meta":{"_acf_changed":false,"footnotes":""},"class_list":["post-28178","page","type-page","status-publish","hentry"],"acf":[],"_links":{"self":[{"href":"https:\/\/alzira.es\/es\/wp-json\/wp\/v2\/pages\/28178","targetHints":{"allow":["GET"]}}],"collection":[{"href":"https:\/\/alzira.es\/es\/wp-json\/wp\/v2\/pages"}],"about":[{"href":"https:\/\/alzira.es\/es\/wp-json\/wp\/v2\/types\/page"}],"author":[{"embeddable":true,"href":"https:\/\/alzira.es\/es\/wp-json\/wp\/v2\/users\/12"}],"replies":[{"embeddable":true,"href":"https:\/\/alzira.es\/es\/wp-json\/wp\/v2\/comments?post=28178"}],"version-history":[{"count":3,"href":"https:\/\/alzira.es\/es\/wp-json\/wp\/v2\/pages\/28178\/revisions"}],"predecessor-version":[{"id":111311,"href":"https:\/\/alzira.es\/es\/wp-json\/wp\/v2\/pages\/28178\/revisions\/111311"}],"up":[{"embeddable":true,"href":"https:\/\/alzira.es\/es\/wp-json\/wp\/v2\/pages\/38297"}],"wp:attachment":[{"href":"https:\/\/alzira.es\/es\/wp-json\/wp\/v2\/media?parent=28178"}],"curies":[{"name":"wp","href":"https:\/\/api.w.org\/{rel}","templated":true}]}}