{"id":2625,"date":"2009-04-28T11:04:31","date_gmt":"2009-04-28T09:04:31","guid":{"rendered":"https:\/\/alzira.es\/indicadores-municipales-de-aplicacion-de-la-convencion-de-los-derechos-del-nino\/"},"modified":"2021-08-30T10:58:15","modified_gmt":"2021-08-30T08:58:15","slug":"indicadores-municipales-de-aplicacion-de-la-convencion-de-los-derechos-del-nino","status":"publish","type":"page","link":"https:\/\/alzira.es\/es\/servicios-municipales\/infancia\/indicadores-municipales-de-aplicacion-de-la-convencion-de-los-derechos-del-nino\/","title":{"rendered":"Indicadores Municipales de Aplicaci\u00f3n de la Convenci\u00f3n de los Derechos del Ni\u00f1o"},"content":{"rendered":"<p style=\"text-align: center\"><strong><span style=\"color: #0000ff\"><span style=\"font-size: larger\"><span style=\"font-family: Arial\">INDICADORES MUNICIPALES<\/span><\/span><\/span><\/strong><\/p>\n<p style=\"text-align: center\">&nbsp;<\/p>\n<p style=\"text-align: center\">&nbsp;<\/p>\n<p><strong><span style=\"font-size: larger\"><span style=\"font-family: Arial\">INDICADORES MUNICIPALES<\/span><\/span><\/strong><\/p>\n<p>&nbsp;<\/p>\n<p><strong><span style=\"font-size: larger\"><span style=\"font-family: Arial\">OBJETIVOS<\/span><\/span><\/strong><\/p>\n<p><span style=\"font-size: larger\"><span style=\"font-family: Arial\"><br \/>\n<\/span><\/span><\/p>\n<p>&nbsp;<\/p>\n<p><span style=\"color: #0000ff\"><strong><span style=\"font-size: larger\"><span style=\"font-family: Arial\">INDICADORES MUNIPALES<\/span><\/span><\/strong><\/span><\/p>\n<p style=\"text-align: justify\"><span style=\"font-size: larger\"><span style=\"font-family: Arial\"><br \/>\nLos Indicadores Municipales de Aplicaci\u00f3n de la Convenci\u00f3n sobre los derechos del Ni\u00f1o, pretenden constituirse en una ayuda, en un apoyo, en una herramienta \u00fatil para aquel municipio y para aquellos profesionales que trabajan por y con la infancia desde lo local, y que han tomado en consideraci\u00f3n la oportunidad de poder realizar un Informe sobre el Estado de la Infancia de su Municipio. <\/span><\/span><\/p>\n<p style=\"text-align: justify\">&nbsp;<\/p>\n<p style=\"text-align: justify\"><span style=\"font-size: larger\"><span style=\"font-family: Arial\">Se trata de un cuestionario exhaustivo, que intenta que el Municipio se interrogue sobre todas las situaciones que te\u00f3ricamente conocemos, pueden existir y son importantes a tener en cuenta. Sobre todo a la hora de planificar estrategias, acciones, planes\u2026 integrales respecto a la infancia.<\/span><\/span><\/p>\n<p style=\"text-align: justify\">&nbsp;<\/p>\n<p style=\"text-align: justify\"><span style=\"font-size: larger\"><span style=\"font-family: Arial\">El cuestionario est\u00e1 dividido por \u00e1reas:<\/span><\/span><\/p>\n<p style=\"text-align: justify\">&nbsp;<\/p>\n<p style=\"margin-left: 40px; text-align: justify\"><span style=\"font-size: larger\"><span style=\"font-family: Arial\"><br \/>\n<\/span><\/span><\/p>\n<ul>\n<li style=\"text-align: justify\">I Datos generales del municipio<\/li>\n<\/ul>\n<p style=\"text-align: justify\">&nbsp;<\/p>\n<ul>\n<li style=\"text-align: justify\"><span style=\"font-size: larger\"><span style=\"font-family: Arial\">II Indicadores de Salud<br \/>\n<\/span><\/span><\/li>\n<\/ul>\n<p style=\"text-align: justify\">&nbsp;<\/p>\n<ul>\n<li style=\"text-align: justify\"><span style=\"font-size: larger\"><span style=\"font-family: Arial\">III Indicadores de Escuela-Educaci\u00f3n-Ense\u00f1anza<br \/>\n<\/span><\/span><\/li>\n<\/ul>\n<p style=\"text-align: justify\">&nbsp;<\/p>\n<ul>\n<li style=\"text-align: justify\"><span style=\"font-size: larger\"><span style=\"font-family: Arial\">IV Indicadores de Cultura, Ocio y Tiempo Libre<br \/>\n<\/span><\/span><\/li>\n<\/ul>\n<p style=\"text-align: justify\">&nbsp;<\/p>\n<ul>\n<li><span style=\"font-size: larger\"><span style=\"font-family: Arial\">V Indicadores de Sostenibilidad Ambiental<br \/>\n<\/span><\/span><\/li>\n<\/ul>\n<p>&nbsp;<\/p>\n<ul>\n<li><span style=\"font-size: larger\"><span style=\"font-family: Arial\">VI Indicadores de Familias<br \/>\n<\/span><\/span><\/li>\n<\/ul>\n<p style=\"text-align: justify\">&nbsp;<\/p>\n<ul>\n<li style=\"text-align: justify\"><span style=\"font-size: larger\"><span style=\"font-family: Arial\">VII Indicadores de Cooperaci\u00f3n Descentralizada al Desarrollo<br \/>\n<\/span><\/span><\/li>\n<\/ul>\n<p style=\"text-align: justify\">&nbsp;<\/p>\n<ul>\n<li style=\"text-align: justify\"><span style=\"font-size: larger\"><span style=\"font-family: Arial\">VIII Indicadores de Participaci\u00f3n Infantil <\/span><\/span><\/li>\n<\/ul>\n<p style=\"text-align: justify\"><span style=\"font-size: larger\"><span style=\"font-family: Arial\"><br \/>\n<\/span><\/span><\/p>\n<p style=\"text-align: justify\">&nbsp;<\/p>\n<p style=\"text-align: justify\"><span style=\"font-size: larger\"><span style=\"color: #0000ff\"><strong><span style=\"font-family: Arial\">OBJETIVOS<\/span><\/strong><\/span><\/span><\/p>\n<p style=\"text-align: justify\">&nbsp;<\/p>\n<p style=\"text-align: justify\"><span style=\"font-size: larger\"><span style=\"font-family: Arial\">Algunos de los objetivos que se pueden cumplir con este documento de Indicadores son: <\/span><\/span><\/p>\n<p style=\"text-align: justify\">&nbsp;<\/p>\n<ul>\n<li style=\"text-align: justify\"><span style=\"font-size: larger\"><span style=\"font-family: Arial\">Conocer la situaci\u00f3n (y transmitir la informaci\u00f3n) sobre lo que se est\u00e1 llevando a cabo en las entidades locales respecto a infancia, no solo en lo que tiene que ver con Planes Integrales de Infancia, proyectos amplios de ciudad o Consejos de Participaci\u00f3n Infantil, sino con acciones o pol\u00edticas integrales o cualquier otro tipo de \u00f3rganos de participaci\u00f3n infantil; <\/span><\/span><\/li>\n<\/ul>\n<p style=\"text-align: justify\">&nbsp;<\/p>\n<ul>\n<li style=\"text-align: justify\"><span style=\"font-size: larger\"><span style=\"font-family: Arial\">Conocer y comparar lo que est\u00e1n desarrollando otros municipios: a trav\u00e9s de consultas a una base de datos con res\u00famenes de documentos y poder comparar con criterios estandarizados (siempre y cuando se pudiera elaborar una base de datos com\u00fan con la suma de los informes de distintos municipios); <\/span><\/span><\/li>\n<\/ul>\n<p style=\"text-align: justify\">&nbsp;<\/p>\n<ul>\n<li style=\"text-align: justify\"><span style=\"font-size: larger\"><span style=\"font-family: Arial\">Facilitar la detecci\u00f3n, a nivel interno de cada municipio, del estado de las pol\u00edticas y\/o acciones de infancia, para modificar\/implantar dichas acciones; <\/span><\/span><\/li>\n<\/ul>\n<p style=\"text-align: justify\">&nbsp;<\/p>\n<p style=\"text-align: justify\">&nbsp;<\/p>\n<ul>\n<li style=\"text-align: justify\"><span style=\"font-size: larger\"><span style=\"font-family: Arial\">Contribuir a la construcci\u00f3n de un marco conceptual y terminol\u00f3gico com\u00fan y compartido entre los municipios para poder actuar en los t\u00e9rminos m\u00e1s estandarizados posibles; <\/span><\/span><\/li>\n<\/ul>\n<p style=\"text-align: justify\">&nbsp;<\/p>\n<ul>\n<li style=\"text-align: justify\"><span style=\"font-size: larger\"><span style=\"font-family: Arial\">Promover la implicaci\u00f3n de las distintas delegaciones municipales que tienen que ver con infancia a trav\u00e9s de la obtenci\u00f3n de informaci\u00f3n relevante; <\/span><\/span><\/li>\n<\/ul>\n<p style=\"text-align: justify\">&nbsp;<\/p>\n<ul>\n<li style=\"text-align: justify\"><span style=\"font-size: larger\"><span style=\"font-family: Arial\">Facilitar la mejora o el establecimiento de otras formas de gesti\u00f3n de los recursos con que se cuenta para la infancia.<\/span><\/span>\n<p style=\"text-align: justify\">&nbsp;<\/p>\n<\/li>\n<\/ul>\n<p>&nbsp;<\/p>\n<p style=\"text-align: center\"><span style=\"font-size: larger\"><span style=\"font-family: Arial\"><a onclick=\"target='_blank'\" href=\"https:\/\/alzira.es\/contenidos\/Educacion\/Xarxes%20Internacionals\/Indicadores%20Municipales%20UNICEF.pdf\"><img decoding=\"async\" height=\"43\" alt=\"\" width=\"42\" data-src=\"https:\/\/alzira.es\/contenidos\/Educacion\/Imatge%20Acrobat.jpg\" src=\"data:image\/svg+xml;base64,PHN2ZyB3aWR0aD0iMSIgaGVpZ2h0PSIxIiB4bWxucz0iaHR0cDovL3d3dy53My5vcmcvMjAwMC9zdmciPjwvc3ZnPg==\" class=\"lazyload\" style=\"--smush-placeholder-width: 42px; --smush-placeholder-aspect-ratio: 42\/43;\"><\/a><\/span><\/span><\/p>\n<p style=\"text-align: center\"><strong><span style=\"font-size: larger\"><span style=\"font-family: Arial\"><a onclick=\"target='_blank'\" href=\"https:\/\/alzira.es\/contenidos\/Educacion\/Xarxes%20Internacionals\/Indicadores%20Municipales%20UNICEF.pdf\">Descargar Indicadores Municipales UNICEF<\/a><\/span><\/span><\/strong><\/p>\n<p style=\"text-align: center\">&nbsp;<\/p>\n<p style=\"text-align: center\">&nbsp;<\/p>\n<p style=\"text-align: center\">&nbsp;<\/p>\n<p style=\"text-align: center\"><strong><span style=\"font-size: larger\"><span style=\"font-family: Arial\"><a onclick=\"target='_blank'\" href=\"https:\/\/alzira.es\/contenidos\/Educacion\/Xarxes%20Internacionals\/Convenci%C3%B3n%20Derechos%20Ni%C3%B1o.pdf\"><img decoding=\"async\" height=\"43\" alt=\"\" width=\"42\" data-src=\"https:\/\/alzira.es\/contenidos\/Educacion\/Imatge%20Acrobat.jpg\" src=\"data:image\/svg+xml;base64,PHN2ZyB3aWR0aD0iMSIgaGVpZ2h0PSIxIiB4bWxucz0iaHR0cDovL3d3dy53My5vcmcvMjAwMC9zdmciPjwvc3ZnPg==\" class=\"lazyload\" style=\"--smush-placeholder-width: 42px; --smush-placeholder-aspect-ratio: 42\/43;\"><\/a><\/span><\/span><\/strong><\/p>\n<p style=\"text-align: center\"><strong><span style=\"font-size: larger\"><span style=\"font-family: Arial\"><a onclick=\"target='_blank'\" href=\"https:\/\/alzira.es\/contenidos\/Educacion\/Xarxes%20Internacionals\/Convenci%C3%B3n%20Derechos%20Ni%C3%B1o.pdf\">Descargar Convenci\u00f3n sobre los Derechos del Ni\u00f1o<\/a><\/span><\/span><\/strong><\/p>\n<p style=\"text-align: center\">&nbsp;<\/p>\n<p style=\"text-align: center\">&nbsp;<\/p>\n","protected":false},"excerpt":{"rendered":"<p>INDICADORES MUNICIPALES &nbsp; &nbsp; INDICADORES MUNICIPALES &nbsp; OBJETIVOS &nbsp; INDICADORES MUNIPALES Los Indicadores Municipales de Aplicaci\u00f3n de la Convenci\u00f3n sobre los derechos del Ni\u00f1o, pretenden constituirse en una ayuda, en un apoyo, en una herramienta \u00fatil para aquel municipio y para aquellos profesionales que trabajan por y con la infancia desde lo local, y que &hellip; <\/p>\n<p class=\"link-more\"><a href=\"https:\/\/alzira.es\/es\/servicios-municipales\/infancia\/indicadores-municipales-de-aplicacion-de-la-convencion-de-los-derechos-del-nino\/\" class=\"more-link\">Continuar leyendo<span class=\"screen-reader-text\"> \u00abIndicadores Municipales de Aplicaci\u00f3n de la Convenci\u00f3n de los Derechos del Ni\u00f1o\u00bb<\/span><\/a><\/p>\n","protected":false},"author":20,"featured_media":0,"parent":86060,"menu_order":0,"comment_status":"closed","ping_status":"closed","template":"","meta":{"_acf_changed":false,"footnotes":""},"class_list":["post-2625","page","type-page","status-publish","hentry"],"acf":[],"_links":{"self":[{"href":"https:\/\/alzira.es\/es\/wp-json\/wp\/v2\/pages\/2625","targetHints":{"allow":["GET"]}}],"collection":[{"href":"https:\/\/alzira.es\/es\/wp-json\/wp\/v2\/pages"}],"about":[{"href":"https:\/\/alzira.es\/es\/wp-json\/wp\/v2\/types\/page"}],"author":[{"embeddable":true,"href":"https:\/\/alzira.es\/es\/wp-json\/wp\/v2\/users\/20"}],"replies":[{"embeddable":true,"href":"https:\/\/alzira.es\/es\/wp-json\/wp\/v2\/comments?post=2625"}],"version-history":[{"count":1,"href":"https:\/\/alzira.es\/es\/wp-json\/wp\/v2\/pages\/2625\/revisions"}],"predecessor-version":[{"id":86271,"href":"https:\/\/alzira.es\/es\/wp-json\/wp\/v2\/pages\/2625\/revisions\/86271"}],"up":[{"embeddable":true,"href":"https:\/\/alzira.es\/es\/wp-json\/wp\/v2\/pages\/86060"}],"wp:attachment":[{"href":"https:\/\/alzira.es\/es\/wp-json\/wp\/v2\/media?parent=2625"}],"curies":[{"name":"wp","href":"https:\/\/api.w.org\/{rel}","templated":true}]}}