{"id":2623,"date":"2009-04-28T10:58:46","date_gmt":"2009-04-28T08:58:46","guid":{"rendered":"https:\/\/alzira.es\/ciudad-amiga-de-la-infancia\/"},"modified":"2021-08-29T18:28:33","modified_gmt":"2021-08-29T16:28:33","slug":"ciudad-amiga-de-la-infancia","status":"publish","type":"page","link":"https:\/\/alzira.es\/es\/servicios-municipales\/redes-internacionales\/ciudad-amiga-de-la-infancia\/","title":{"rendered":"Ciudad Amiga de la Infancia"},"content":{"rendered":"<p style=\"text-align: center;\"><strong><span style=\"font-size: larger;\"><span style=\"font-family: Arial;\">ALZIRA, CIUDAD AMIGA DE LA INFANCIA<\/span><\/span><\/strong><\/p>\n<p><strong><span style=\"color: #0000ff;\"><span style=\"font-size: larger;\"><span style=\"font-family: Arial;\">\u00bfQu\u00e9 es una Ciudad Amiga de la Infancia?<\/span><span style=\"color: #339966;\"><span style=\"font-family: Arial;\">*<\/span><\/span><\/span><\/span><\/strong><\/p>\n<p><span style=\"font-size: larger;\"><span style=\"font-family: Arial;\">Es una ciudad o cualquier sistema local de gobierno que se compromete a respetar los derechos de la infancia. Es una ciudad en la que la opini\u00f3n, las necesidades, las prioridades y los derechos de la infancia forman parte integrante de las pol\u00edticas, los programas y las decisiones p\u00fablicas. Por consiguiente, se trata de una ciudad apta para todos.<\/span><\/span><\/p>\n<p><span style=\"font-size: larger;\"><span style=\"font-family: Arial;\">La Iniciativa Ciudades Amigas de la Infancia fue lanzada en 1996 como parte de la resoluci\u00f3n que fue aprobada en la segunda Conferencia de la ONU sobre los Asentamientos Humanos (Habitat II), para transformar las ciudades en lugares m\u00e1s habitables para todos; en el lenguaje de UNICEF: \u201cpara los ni\u00f1os primero\u201d. La Conferencia declar\u00f3 que el bienestar de la infancia es el indicador m\u00e1s seguro de un h\u00e1bitat sano, de una sociedad democr\u00e1tica y un buen gobierno. La Convenci\u00f3n de las Naciones Unidas sobre los Derechos del Ni\u00f1o reta a las ciudades a concebirse a s\u00ed mismas, a sus servicios, sus infraestructuras y la calidad de vida que ofrecen, de otra manera. Puede que existan asentamientos ilegales, pero conforme a los derechos de la infancia, no existen ni\u00f1os ilegales. Todos los ni\u00f1os tienen derecho a acceder a los servicios b\u00e1sicos y a disfrutar de las oportunidades de desarrollo que les ofrece su ciudad, ya vivan con sus familias o solos, en asentamientos informales o en las calles. <\/span><\/span><\/p>\n<p><span style=\"font-size: larger;\"><span style=\"font-family: Arial;\">La Iniciativa Ciudades Amigas de la Infancia plantea un estilo de gobierno y una gesti\u00f3n urbana participativa, capaz de garantizar a los ciudadanos m\u00e1s j\u00f3venes el pleno goce de sus derechos.<\/span><\/span><\/p>\n<p><span style=\"color: #0000ff;\"><strong><span style=\"font-size: larger;\"><span style=\"font-family: Arial;\">Definici\u00f3n de una Ciudad Amiga de la Infancia<\/span><\/span><\/strong><\/span><\/p>\n<p><span style=\"font-size: larger;\"><span style=\"font-family: Arial;\">Una Ciudad Amiga de la Infancia garantiza el derecho de cualquier joven ciudadano a:<\/span><\/span><\/p>\n<ul>\n<li><span style=\"font-size: larger;\"><span style=\"font-family: Arial;\">Influir sobre las decisiones que se tomen en su municipio. <\/span><\/span><\/li>\n<li><span style=\"font-size: larger;\"><span style=\"font-family: Arial;\">Expresar su opini\u00f3n sobre el municipio que quieren.<\/span><\/span><\/li>\n<li><span style=\"font-size: larger;\"><span style=\"font-family: Arial;\">Participar en su familia, comunidad y en la vida social.<br \/>\n<\/span><\/span><\/li>\n<li><span style=\"font-size: larger;\"><span style=\"font-family: Arial;\">Recibir servicios b\u00e1sicos como salud, educaci\u00f3n y protecci\u00f3n.<br \/>\n<\/span><\/span><\/li>\n<li><span style=\"font-size: larger;\"><span style=\"font-family: Arial;\">Beber agua potable y tener acceso a servicios de limpieza adecuados.<br \/>\n<\/span><\/span><\/li>\n<li><span style=\"font-size: larger;\"><span style=\"font-family: Arial;\">Ser protegido de la explotaci\u00f3n, la violencia y el abuso.<br \/>\n<\/span><\/span><\/li>\n<li><span style=\"font-size: larger;\"><span style=\"font-family: Arial;\">Pasear seguro por las calles en las que vive.<br \/>\n<\/span><\/span><\/li>\n<li><span style=\"font-size: larger;\"><span style=\"font-family: Arial;\">Encontrarse con sus amigos y jugar.<br \/>\n<\/span><\/span><\/li>\n<li><span style=\"font-size: larger;\"><span style=\"font-family: Arial;\">Tener espacios verdes para plantas y animales.<br \/>\n<\/span><\/span><\/li>\n<li><span style=\"font-size: larger;\"><span style=\"font-family: Arial;\">Vivir en un medioambiente no contaminado.<br \/>\n<\/span><\/span><\/li>\n<li><span style=\"font-size: larger;\"><span style=\"font-family: Arial;\">Participar en eventos sociales y culturales.<br \/>\n<\/span><\/span><\/li>\n<li><span style=\"font-size: larger;\"><span style=\"font-family: Arial;\">Ser un ciudadano igual a los dem\u00e1s, con acceso a cualquier servicio, independientemente de su origen \u00e9tnico, religi\u00f3n, nivel econ\u00f3mico, g\u00e9nero o discapacidad.<\/span><\/span><\/li>\n<\/ul>\n<p><span style=\"color: #339966;\"><span style=\"font-size: larger;\"><span style=\"font-family: Arial;\">* Texto perteneciente al folleto de Ciudad Amiga de la Infancia (<a href=\"http:\/\/www.ciudadesamigas.org\">http:\/\/www.ciudadesamigas.org<\/a>)<\/span><\/span><\/span><\/p>\n<p><span style=\"color: #0000ff;\"><strong><span style=\"font-size: larger;\"><span style=\"font-family: Arial;\">ALZIRA, CIUDAD AMIGA DE LA INFANCIA<\/span><\/span><\/strong><\/span><\/p>\n<p><span style=\"font-size: larger;\"><span style=\"font-family: Arial;\">El Ayuntamiento de Alzira, en el Pleno celebrado el 30 de julio de 2003, acord\u00f3 iniciar el proceso de reconocimiento de Alzira como Ciudad Amiga de la Infancia, dado que en los \u00faltimos a\u00f1os, hab\u00eda demostrado un inter\u00e9s especial en planteamientos y actividades dedicadas a la Infancia y la Adolescencia, lo que manifest\u00f3 expresamente en el pre\u00e1mbulo de los Estatutos del Consejo Municipal de Ni\u00f1os y Ni\u00f1as, y en la adhesi\u00f3n a la Carta Municipal de los Derechos del Ni\u00f1o y la Ni\u00f1a.<\/span><\/span><\/p>\n<p><span style=\"font-size: larger;\"><span style=\"font-family: Arial;\">J<\/span><\/span><span style=\"font-size: larger;\"><span style=\"font-family: Arial;\">unto a la creaci\u00f3n del Consejo Municipal de Ni\u00f1os y Ni\u00f1as, y del Observatorio Infantil de Alzira, son muchos los proyectos y actividades que los diferentes departamentos municipales llevan a cabo dirigidos a esta poblaci\u00f3n, entre los cuales destacamos:<\/span><\/span><\/p>\n<ul>\n<li><span style=\"font-size: larger;\"><span style=\"font-family: Arial;\">La Agenda Escolar<\/span><\/span><\/li>\n<li><span style=\"font-size: larger;\"><span style=\"font-family: Arial;\">La Agenda 21<br \/>\n<\/span><\/span><\/li>\n<li><span style=\"font-size: larger;\"><span style=\"font-family: Arial;\">La atenci\u00f3n problem\u00e1tica de los menores de familias desfavorecidas.<br \/>\n<\/span><\/span><\/li>\n<li><span style=\"font-size: larger;\"><span style=\"font-family: Arial;\">El Control y Prevenci\u00f3n del Absentismo Escolar.<br \/>\n<\/span><\/span><\/li>\n<li><span style=\"font-size: larger;\"><span style=\"font-family: Arial;\">La creaci\u00f3n y funcionamiento de Ludotecas municipales.<br \/>\n<\/span><\/span><\/li>\n<li><span style=\"font-size: larger;\"><span style=\"font-family: Arial;\">El apoyo a las actividades de los centros educativos.<br \/>\n<\/span><\/span><\/li>\n<li><span style=\"font-size: larger;\"><span style=\"font-family: Arial;\">La programaci\u00f3n teatral i cinematogr\u00e1fica infantil y familiar,<br \/>\n<\/span><\/span><\/li>\n<li><span style=\"font-size: larger;\"><span style=\"font-family: Arial;\">Las Escuelas Deportivas Municipales y Deporte escolar.<br \/>\n<\/span><\/span><\/li>\n<li><span style=\"font-size: larger;\"><span style=\"font-family: Arial;\">Actividades culturales, festivas y l\u00fadicas para los menores\u2026<\/span><\/span><\/li>\n<\/ul>\n<p><a href=\"https:\/\/alzira.es\/wp-content\/uploads\/2009\/04\/folleto_cai_2014.pdf\" target=\"_blank\" rel=\"noopener\"><img decoding=\"async\" class=\"size-full wp-image-2619 lazyload\" style=\"--smush-placeholder-width: 188px; --smush-placeholder-aspect-ratio: 188\/264;display: block; margin-left: auto; margin-right: auto;\" data-src=\"https:\/\/alzira.es\/wp-content\/uploads\/2009\/04\/portada_cai.jpg\" alt=\"portada cai\" width=\"188\" height=\"264\" src=\"data:image\/svg+xml;base64,PHN2ZyB3aWR0aD0iMSIgaGVpZ2h0PSIxIiB4bWxucz0iaHR0cDovL3d3dy53My5vcmcvMjAwMC9zdmciPjwvc3ZnPg==\" \/><\/a><\/p>\n<p style=\"text-align: center;\"><em><span style=\"font-size: 10pt;\">M\u00e1s informaci\u00f3n acerca de las Ciudades Amigas de la Infancia<\/span><\/em><\/p>\n<p style=\"text-align: center;\">\n<p style=\"text-align: center;\"><a href=\"http:\/\/youtu.be\/YChluO2hYu4\">V\u00eddeo informativo<\/a><\/p>\n<p style=\"text-align: center;\">\n","protected":false},"excerpt":{"rendered":"<p>ALZIRA, CIUDAD AMIGA DE LA INFANCIA \u00bfQu\u00e9 es una Ciudad Amiga de la Infancia?* Es una ciudad o cualquier sistema local de gobierno que se compromete a respetar los derechos de la infancia. Es una ciudad en la que la opini\u00f3n, las necesidades, las prioridades y los derechos de la infancia forman parte integrante de &hellip; <\/p>\n<p class=\"link-more\"><a href=\"https:\/\/alzira.es\/es\/servicios-municipales\/redes-internacionales\/ciudad-amiga-de-la-infancia\/\" class=\"more-link\">Continuar leyendo<span class=\"screen-reader-text\"> \u00abCiudad Amiga de la Infancia\u00bb<\/span><\/a><\/p>\n","protected":false},"author":20,"featured_media":0,"parent":2617,"menu_order":0,"comment_status":"closed","ping_status":"closed","template":"","meta":{"_acf_changed":false,"footnotes":""},"class_list":["post-2623","page","type-page","status-publish","hentry"],"acf":[],"_links":{"self":[{"href":"https:\/\/alzira.es\/es\/wp-json\/wp\/v2\/pages\/2623","targetHints":{"allow":["GET"]}}],"collection":[{"href":"https:\/\/alzira.es\/es\/wp-json\/wp\/v2\/pages"}],"about":[{"href":"https:\/\/alzira.es\/es\/wp-json\/wp\/v2\/types\/page"}],"author":[{"embeddable":true,"href":"https:\/\/alzira.es\/es\/wp-json\/wp\/v2\/users\/20"}],"replies":[{"embeddable":true,"href":"https:\/\/alzira.es\/es\/wp-json\/wp\/v2\/comments?post=2623"}],"version-history":[{"count":1,"href":"https:\/\/alzira.es\/es\/wp-json\/wp\/v2\/pages\/2623\/revisions"}],"predecessor-version":[{"id":85460,"href":"https:\/\/alzira.es\/es\/wp-json\/wp\/v2\/pages\/2623\/revisions\/85460"}],"up":[{"embeddable":true,"href":"https:\/\/alzira.es\/es\/wp-json\/wp\/v2\/pages\/2617"}],"wp:attachment":[{"href":"https:\/\/alzira.es\/es\/wp-json\/wp\/v2\/media?parent=2623"}],"curies":[{"name":"wp","href":"https:\/\/api.w.org\/{rel}","templated":true}]}}