{"id":25597,"date":"2017-11-14T12:08:41","date_gmt":"2017-11-14T11:08:41","guid":{"rendered":"https:\/\/alzira.es\/consell-municipal-de-xiquets-i-xiquetes\/"},"modified":"2022-07-29T12:00:47","modified_gmt":"2022-07-29T10:00:47","slug":"consell-municipal-de-xiquets-i-xiquetes-no","status":"publish","type":"page","link":"https:\/\/alzira.es\/es\/servicios-municipales\/infancia\/consell-municipal-de-xiquets-i-xiquetes-no\/","title":{"rendered":"Consell Municipal de Xiquets i Xiquetes- no"},"content":{"rendered":"<p style=\"text-align: center;\"><a class=\"jcepopup\" title=\"CMXX\" href=\"https:\/\/alzira.es\/wp-content\/uploads\/2017\/11\/cmxx_xiquets.pdf\" target=\"_blank\" rel=\"noopener\"><img decoding=\"async\" class=\"size-full wp-image-10483 lazyload\" title=\"CMXX\" data-src=\"https:\/\/alzira.es\/wp-content\/uploads\/2015\/02\/CMXX.jpg\" alt=\"CMXX\" width=\"200\" height=\"105\" data-srcset=\"https:\/\/alzira.es\/wp-content\/uploads\/2015\/02\/CMXX.jpg 823w, https:\/\/alzira.es\/wp-content\/uploads\/2015\/02\/CMXX-680x356.jpg 680w, https:\/\/alzira.es\/wp-content\/uploads\/2015\/02\/CMXX-768x402.jpg 768w\" data-sizes=\"(max-width: 200px) 100vw, 200px\" src=\"data:image\/svg+xml;base64,PHN2ZyB3aWR0aD0iMSIgaGVpZ2h0PSIxIiB4bWxucz0iaHR0cDovL3d3dy53My5vcmcvMjAwMC9zdmciPjwvc3ZnPg==\" style=\"--smush-placeholder-width: 200px; --smush-placeholder-aspect-ratio: 200\/105;\" \/><\/a><\/p>\n<p style=\"text-align: justify;\"><span style=\"text-decoration: underline;\"><strong>\u00bfQu\u00e9 es CMXX?<\/strong><\/span><\/p>\n<p style=\"text-align: justify;\">Es el \u00f3rgano consultivo municipal y de participaci\u00f3n de los\/las representantes menores de edad de Alzira, que ofrece al Ayuntamiento el punto de vista de las ni\u00f1as y de los ni\u00f1os en relaci\u00f3n a las necesidades espec\u00edficas que tienen y, al mismo tiempo, aportan la visi\u00f3n sobre temas de la ciudad que repercuten en la vida social y colectiva.<\/p>\n<p style=\"text-align: justify;\">Hay representantes de todos los centros escolares y los institutos de Alzira.<\/p>\n<p style=\"text-align: justify; margin-left: 30px;\">\u2022 5\u00ba, 6\u00ba y del Centro de Educaci\u00f3n Especial Carmen Pic\u00f3. (componentes del CMXX de Primaria)<br \/>\n\u2022 Todos los cursos de Educaci\u00f3n Secundaria Obligatoria. (componentes del CMXX de Secundaria)<\/p>\n<p style=\"text-align: justify;\">El mandato de los miembros del Consejo es de dos cursos escolares y son elegidos\/as por votaci\u00f3n entre los ni\u00f1os y las ni\u00f1as de los centros escolares. Su nombramiento se lleva a cabo en un Pleno Extraordinario con una fecha cercana al 20 de noviembre para conmemorar la Convenci\u00f3n de la Declaraci\u00f3n de los Derechos de los Ni\u00f1os y las Ni\u00f1as, en el D\u00eda Universal de la Infancia.<\/p>\n<p style=\"text-align: justify;\">Estos dos Consejos se re\u00fanen una vez al mes a lo largo del curso escolar.<\/p>\n","protected":false},"excerpt":{"rendered":"<p>\u00bfQu\u00e9 es CMXX? Es el \u00f3rgano consultivo municipal y de participaci\u00f3n de los\/las representantes menores de edad de Alzira, que ofrece al Ayuntamiento el punto de vista de las ni\u00f1as y de los ni\u00f1os en relaci\u00f3n a las necesidades espec\u00edficas que tienen y, al mismo tiempo, aportan la visi\u00f3n sobre temas de la ciudad que &hellip; <\/p>\n<p class=\"link-more\"><a href=\"https:\/\/alzira.es\/es\/servicios-municipales\/infancia\/consell-municipal-de-xiquets-i-xiquetes-no\/\" class=\"more-link\">Continuar leyendo<span class=\"screen-reader-text\"> \u00abConsell Municipal de Xiquets i Xiquetes- no\u00bb<\/span><\/a><\/p>\n","protected":false},"author":29,"featured_media":0,"parent":86060,"menu_order":0,"comment_status":"closed","ping_status":"closed","template":"","meta":{"_acf_changed":false,"footnotes":""},"class_list":["post-25597","page","type-page","status-publish","hentry"],"acf":[],"_links":{"self":[{"href":"https:\/\/alzira.es\/es\/wp-json\/wp\/v2\/pages\/25597","targetHints":{"allow":["GET"]}}],"collection":[{"href":"https:\/\/alzira.es\/es\/wp-json\/wp\/v2\/pages"}],"about":[{"href":"https:\/\/alzira.es\/es\/wp-json\/wp\/v2\/types\/page"}],"author":[{"embeddable":true,"href":"https:\/\/alzira.es\/es\/wp-json\/wp\/v2\/users\/29"}],"replies":[{"embeddable":true,"href":"https:\/\/alzira.es\/es\/wp-json\/wp\/v2\/comments?post=25597"}],"version-history":[{"count":2,"href":"https:\/\/alzira.es\/es\/wp-json\/wp\/v2\/pages\/25597\/revisions"}],"predecessor-version":[{"id":126487,"href":"https:\/\/alzira.es\/es\/wp-json\/wp\/v2\/pages\/25597\/revisions\/126487"}],"up":[{"embeddable":true,"href":"https:\/\/alzira.es\/es\/wp-json\/wp\/v2\/pages\/86060"}],"wp:attachment":[{"href":"https:\/\/alzira.es\/es\/wp-json\/wp\/v2\/media?parent=25597"}],"curies":[{"name":"wp","href":"https:\/\/api.w.org\/{rel}","templated":true}]}}