{"id":25575,"date":"2017-11-09T12:20:50","date_gmt":"2017-11-09T11:20:50","guid":{"rendered":"https:\/\/alzira.es\/organo-ambiental-y-territorial-municipal-del-ayuntamiento-de-alzira\/"},"modified":"2024-12-27T13:43:59","modified_gmt":"2024-12-27T12:43:59","slug":"organo-ambiental-y-territorial-municipal-del-ayuntamiento-de-alzira","status":"publish","type":"page","link":"https:\/\/alzira.es\/es\/servicios-municipales\/urbanismo-e-infraestructuras\/organo-ambiental-y-territorial-municipal-del-ayuntamiento-de-alzira\/","title":{"rendered":"\u00d3rgano Ambiental y Territorial Municipal del Ayuntamiento de Alzira"},"content":{"rendered":"<h4>CREACI\u00d3N DEL \u00d3RGANO AMBIENTAL Y TERRITORIAL MUNICIPAL DEL AYUNTAMIENTO DE ALZIRA Y APROBACI\u00d3N DE LAS BASES REGULADORAS DE SU FUNCIONAMIENTO<\/h4>\n<ul>\n<li><a href=\"https:\/\/alzira.es\/wp-content\/uploads\/2017\/11\/Creacion-organo-Ambiental-acuerdo_20171025.pdf\" target=\"_blank\" rel=\"noreferrer noopener\">ACUERDO<\/a><\/li>\n<\/ul>\n<h4><\/h4>\n<h4>INFORME AMBIENTAL Y TERRITORIAL ESTRAT\u00c9GICO FAVORABLE DE LA MODIFICACI\u00d3N PUNTUAL DE LA UNIDAD DE EJECUCI\u00d3N UEI-013 POLIGONO INDUSTRIAL CARRETERA DE ALBALAT<\/h4>\n<ul>\n<li><a href=\"https:\/\/alzira.es\/wp-content\/uploads\/2017\/11\/Acuerdo_JGl_21-03-2018-_Modificacion_PGOU_UEI013.pdf\" target=\"_blank\" rel=\"noreferrer noopener\">ACUERDO<\/a><\/li>\n<li><a href=\"https:\/\/alzira.es\/wp-content\/uploads\/2017\/11\/5493-_ANUNCIO_DOGV.pdf\" target=\"_blank\" rel=\"noreferrer noopener\">ANUNCIO<\/a><\/li>\n<\/ul>\n<h4><\/h4>\n<h4>INFORME\u00a0AMBIENTAL Y TERRITORIAL ESTRAT\u00c9GICO DE LA MODIFICACI\u00d3N F DEL PLAN PARCIAL DE MEJORA DEL SECTOR TULELL<\/h4>\n<ul>\n<li><a href=\"https:\/\/alzira.es\/wp-content\/uploads\/2017\/11\/Acuerdo_JGL_21-03-2018-_Modificacion_F_Plan_Parcial_Tulell.pdf\" target=\"_blank\" rel=\"noreferrer noopener\">ACUERDO<\/a><\/li>\n<li><a href=\"https:\/\/alzira.es\/wp-content\/uploads\/2017\/11\/4919-_anuncio_DOGV.pdf\" target=\"_blank\" rel=\"noreferrer noopener\">ANUNCIO<\/a><\/li>\n<\/ul>\n<h4><\/h4>\n<h4>INFORME\u00a0AMBIENTAL Y TERRITORIAL ESTRAT\u00c9GICA DE LA MODIFICACI\u00d3N DE LAS NORMAS URBAN\u00cdSTICAS DEL PGUO2002 Y PLANES PARCIALES PPR03, PPR12,PPR16, PPR10<\/h4>\n<ul>\n<li><a href=\"https:\/\/alzira.es\/wp-content\/uploads\/2017\/11\/ACUERDO_JGL_06-02-19.pdf\" target=\"_blank\" rel=\"noreferrer noopener\">ACUERDO<\/a><\/li>\n<li><a href=\"https:\/\/alzira.es\/wp-content\/uploads\/2017\/11\/NOTA_ACLARATIVA.pdf\" target=\"_blank\" rel=\"noreferrer noopener\">NOTA\u00a0 ACLARATORIA<\/a><\/li>\n<li><a href=\"https:\/\/alzira.es\/wp-content\/uploads\/2017\/11\/MODIFICACI_N_NORMAS_URBANISTICAS_SOLICITUD_AMBIENTAL_SIMPLIFICADO_firmado.pdf\" target=\"_blank\" rel=\"noreferrer noopener\">DOCUMENTO PARA EVALUACI\u00d3N AMBIENTAL Y TERRITORIAL ESTRAT\u00c9GICA<\/a><\/li>\n<\/ul>\n<h4><\/h4>\n<h4>INFORME\u00a0AMBIENTAL Y TERRITORIAL ESTRAT\u00c9GICO DE LA MODIFICACI\u00d3N PUNTUAL DEL PLAN GENERAL \/2002 UCG-2 SVA<\/h4>\n<ul>\n<li><a href=\"https:\/\/alzira.es\/wp-content\/uploads\/2017\/11\/ACUERDO_JGL_12-02-19.pdf\" target=\"_blank\" rel=\"noreferrer noopener\">ACUERDO<\/a><\/li>\n<li><a href=\"https:\/\/alzira.es\/wp-content\/uploads\/2017\/11\/MODIFICACION_PUNTUAL_P.G.O.U_2002_UCG_2-1-27_compressed.pdf\" target=\"_blank\" rel=\"noreferrer noopener\">MEMORIA DEL DOCUMENTO DE INICIO DE LA EVALUACION AMBIENTAL\u00a0Y TERRITORIAL<\/a><\/li>\n<li><a href=\"https:\/\/alzira.es\/wp-content\/uploads\/2017\/11\/plano_1.pdf\" target=\"_blank\" rel=\"noreferrer noopener\">PRIMER PLANO ADJUNTO DEL PROYECTO<\/a><\/li>\n<li><a href=\"https:\/\/alzira.es\/wp-content\/uploads\/2017\/11\/plano_2.pdf\" target=\"_blank\" rel=\"noreferrer noopener\">SEGUNDO PLANO ADJUNTO DEL PROYECTO<\/a><\/li>\n<li><a href=\"https:\/\/alzira.es\/wp-content\/uploads\/2017\/11\/plano_3.pdf\" target=\"_blank\" rel=\"noreferrer noopener\">TERCER PLANO ADJUNTO DEL PROYECTO<\/a><\/li>\n<\/ul>\n<h4><\/h4>\n<h4>INFORME\u00a0AMBIENTAL Y TERRITORIAL ESTRAT\u00c9GICO DE LA MODIFICACION PUNTUAL PLAN GENERAL_2002 PAI05<\/h4>\n<ul>\n<li><a href=\"https:\/\/alzira.es\/wp-content\/uploads\/2017\/11\/1.-_DOCUMENTO-DE-INICIO.pdf\" target=\"_blank\" rel=\"noreferrer noopener\">DOCUMENTO DE INICIO<\/a><\/li>\n<li><a href=\"https:\/\/alzira.es\/wp-content\/uploads\/2017\/11\/2.-_ACUERDO_JGL-INICIO_EVALUACION_AMBIENTAL.pdf\" target=\"_blank\" rel=\"noreferrer noopener\">ACUERDO JGL-INICIO EVALUACI\u00d3N AMBIENTAL<\/a><\/li>\n<li><a href=\"https:\/\/alzira.es\/wp-content\/uploads\/2017\/11\/3.-_ACUERDO_JGL-INFORME_AMBIENTAL.pdf\" target=\"_blank\" rel=\"noreferrer noopener\">ACUERDO JGL-INFORME AMBIENTAL<\/a><\/li>\n<\/ul>\n<h4><\/h4>\n<h4>INFORME\u00a0AMBIENTAL Y TERRITORIAL ESTRAT\u00c9GICO CORRESPONDIENTE AL ESTUDIO DE DETALLE DE LA MANZANA 23644701YJ2326S0001JD<\/h4>\n<ul>\n<li><a href=\"https:\/\/alzira.es\/wp-content\/uploads\/2017\/11\/X.0.-ACUERDO-JGL_INICIO-EVALUACION-AMBIENTAL.pdf\" target=\"_blank\" rel=\"noreferrer noopener\">ACUERDO JGL_INICIO EVALUACION AMBIENTAL<\/a><\/li>\n<li><a href=\"https:\/\/alzira.es\/wp-content\/uploads\/2017\/11\/X.1.-ACUERDO-JGL_INFORME-AMBIENTAL.pdf\" target=\"_blank\" rel=\"noreferrer noopener\">ACUERDO JGL_INFORME AMBIENTAL<\/a><\/li>\n<li><a href=\"https:\/\/alzira.es\/wp-content\/uploads\/2017\/11\/X.2.-DOCUMENTO-EVALUACION-AMBIENTAL-ESTRATEGICA_1_FIRMADO.pdf\" target=\"_blank\" rel=\"noreferrer noopener\">DOCUMENTO EVALUACION AMBIENTAL ESTRATEGICA_1_FIRMADO<\/a><\/li>\n<li><a href=\"https:\/\/alzira.es\/wp-content\/uploads\/2017\/11\/X.3.-DOCUMENTO-EVALUACION-AMBIENTAL-ESTRATEGICA_2_3-CONJUNTO.pdf\" target=\"_blank\" rel=\"noreferrer noopener\">DOCUMENTO EVALUACION AMBIENTAL ESTRATEGICA_2_3-CONJUNTO<\/a><\/li>\n<\/ul>\n<h4 style=\"padding-top: 0.9em;\"><\/h4>\n<h4 style=\"padding-top: 0.9em;\">INFORME AMBIENTAL Y TERRITORIAL ESTRAT\u00c9GICO CORRESPONDIENTE AL ESTUDIO DE DETALLE M4P,\u00a0 JOANOT MARTORELL, 25<\/h4>\n<ul style=\"margin-left: 33.9062px;\">\n<li style=\"list-style-image: url('assets\/flechali.png');\"><a href=\"https:\/\/alzira.es\/wp-content\/uploads\/2022\/11\/M4P-ACORD-JGL-Inici-avaluacio-ambiental.pdf\" target=\"_blank\" rel=\"noreferrer noopener\">ACUERDO JGL_INICIO EVALUACION AMBIENTAL<\/a><\/li>\n<li style=\"list-style-image: url('assets\/flechali.png');\"><a href=\"https:\/\/alzira.es\/wp-content\/uploads\/2022\/11\/M4P-ACORD-JGL-Informe-ambiental.pdf\" target=\"_blank\" rel=\"noreferrer noopener\">ACUERDO JGL_INFORME AMBIENTAL<\/a><\/li>\n<li style=\"list-style-image: url('assets\/flechali.png');\"><a href=\"https:\/\/alzira.es\/wp-content\/uploads\/2022\/11\/M4P-ANUNCI-DOGV.pdf\" target=\"_blank\" rel=\"noreferrer noopener\">ANUNCIO DOGV INFORME AMBIENTAL<\/a><\/li>\n<li style=\"list-style-image: url('assets\/flechali.png');\"><a href=\"https:\/\/alzira.es\/wp-content\/uploads\/2022\/11\/M4P-DOCUMENTO-INICIO.pdf\" target=\"_blank\" rel=\"noreferrer noopener\">DOCUMENTO EVALUACION AMBIENTAL ESTRATEGICA<\/a><\/li>\n<\/ul>\n<h4 style=\"padding-top: 0.9em;\"><\/h4>\n<h4 style=\"padding-top: 0.9em;\">INFORME AMBIENTAL I TERRITORIAL ESTRAT\u00c8GIC FAVORABLE DE LA MODIFICACI\u00d3 PUNTUAL DEL PLA GENERAL \/2002 PPI-01<\/h4>\n<ul style=\"margin-left: 33.9062px;\">\n<li><a href=\"https:\/\/alzira.es\/wp-content\/uploads\/2023\/01\/DOCUMENT-INICI-MODIFICACIO-PUNTUAL-PLA-GENERAL-2002-PPI-01.pdf\" target=\"_blank\" rel=\"noreferrer noopener\">DOCUMENTO DE INICIO<\/a><\/li>\n<li style=\"list-style-image: url('assets\/flechali.png');\"><a href=\"https:\/\/alzira.es\/wp-content\/uploads\/2023\/01\/ACORD-JGL-ACORD-JGLL-MODIFICACIO-PUNTUAL-PLA-GENERAL-2002-PPI-01.pdf\" target=\"_blank\" rel=\"noreferrer noopener\">ACUERDO JGL INICIO EVALUACI\u00d3N AMBIENTAL<\/a><\/li>\n<\/ul>\n<h4><\/h4>\n<h4>INFORME AMBIENTAL Y TERRITORIAL ESTRAT\u00c9GICO DE LA MODIFICACION PUNTUAL PLAN GENERAL_2002\u00a0 ARI-90<\/h4>\n<ul>\n<li><a href=\"https:\/\/alzira.es\/wp-content\/uploads\/2023\/03\/DOCUMENTO-DE-INICIO.pdf\" target=\"_blank\" rel=\"noreferrer noopener\">DOCUMENTO DE INICIO<\/a><\/li>\n<li><a href=\"https:\/\/alzira.es\/wp-content\/uploads\/2023\/03\/ACORD_JGL_INICI.pdf\" target=\"_blank\" rel=\"noreferrer noopener\">ACUERDO JGL-INICIO EVALUACI\u00d3N AMBIENTAL<\/a><\/li>\n<li><a href=\"https:\/\/alzira.es\/wp-content\/uploads\/2023\/03\/ACORD_JGL_INFORME-AMBIENTAL.pdf\" target=\"_blank\" rel=\"noreferrer noopener\">ACUERDO JGL-INFORME AMBIENTAL<\/a><\/li>\n<li><a href=\"https:\/\/alzira.es\/wp-content\/uploads\/2023\/02\/ANUNCI-DOG-MODIFICACION-PLAN-GENERAL-2002-ARI-90.pdf\" target=\"_blank\" rel=\"noreferrer noopener\">ANUNCIO DOGV INFORME AMBIENTAL<\/a><\/li>\n<\/ul>\n<h4>NFORME AMBIENTAL PLAN ESPECIAL \u00abLA VILA\u00bb<\/h4>\n<ul>\n<li><a href=\"https:\/\/alzira.es\/wp-content\/uploads\/2024\/12\/DOCUMENTO-DE-INICIO-DE-LA-MODIFICACION-NNUU-PLAN-ESPECIAL-LA-VILA.pdf\" target=\"_blank\" rel=\"noreferrer noopener\">DOCUMENTO DE INICIO<\/a><\/li>\n<li><a href=\"https:\/\/alzira.es\/wp-content\/uploads\/2024\/12\/ACUERDO-JGL-INICIO-EVALUACION-AMBIENTAL.pdf\" target=\"_blank\" rel=\"noreferrer noopener\">ACUERDO JGL-INICIO EVALUACI\u00d3N AMBIENTAL<\/a><\/li>\n<li><a href=\"https:\/\/alzira.es\/wp-content\/uploads\/2024\/12\/ACUERDO-JGL-INFORME-AMBIENTAL.pdf\" target=\"_blank\" rel=\"noreferrer noopener\">ACUERDO JGL-INFORME AMBIENTAL<\/a><\/li>\n<\/ul>\n","protected":false},"excerpt":{"rendered":"<p>CREACI\u00d3N DEL \u00d3RGANO AMBIENTAL Y TERRITORIAL MUNICIPAL DEL AYUNTAMIENTO DE ALZIRA Y APROBACI\u00d3N DE LAS BASES REGULADORAS DE SU FUNCIONAMIENTO ACUERDO INFORME AMBIENTAL Y TERRITORIAL ESTRAT\u00c9GICO FAVORABLE DE LA MODIFICACI\u00d3N PUNTUAL DE LA UNIDAD DE EJECUCI\u00d3N UEI-013 POLIGONO INDUSTRIAL CARRETERA DE ALBALAT ACUERDO ANUNCIO INFORME\u00a0AMBIENTAL Y TERRITORIAL ESTRAT\u00c9GICO DE LA MODIFICACI\u00d3N F DEL PLAN PARCIAL &hellip; <\/p>\n<p class=\"link-more\"><a href=\"https:\/\/alzira.es\/es\/servicios-municipales\/urbanismo-e-infraestructuras\/organo-ambiental-y-territorial-municipal-del-ayuntamiento-de-alzira\/\" class=\"more-link\">Continuar leyendo<span class=\"screen-reader-text\"> \u00ab\u00d3rgano Ambiental y Territorial Municipal del Ayuntamiento de Alzira\u00bb<\/span><\/a><\/p>\n","protected":false},"author":29,"featured_media":0,"parent":87644,"menu_order":6,"comment_status":"closed","ping_status":"closed","template":"","meta":{"_acf_changed":false,"footnotes":""},"class_list":["post-25575","page","type-page","status-publish","hentry"],"acf":[],"_links":{"self":[{"href":"https:\/\/alzira.es\/es\/wp-json\/wp\/v2\/pages\/25575","targetHints":{"allow":["GET"]}}],"collection":[{"href":"https:\/\/alzira.es\/es\/wp-json\/wp\/v2\/pages"}],"about":[{"href":"https:\/\/alzira.es\/es\/wp-json\/wp\/v2\/types\/page"}],"author":[{"embeddable":true,"href":"https:\/\/alzira.es\/es\/wp-json\/wp\/v2\/users\/29"}],"replies":[{"embeddable":true,"href":"https:\/\/alzira.es\/es\/wp-json\/wp\/v2\/comments?post=25575"}],"version-history":[{"count":2,"href":"https:\/\/alzira.es\/es\/wp-json\/wp\/v2\/pages\/25575\/revisions"}],"predecessor-version":[{"id":157207,"href":"https:\/\/alzira.es\/es\/wp-json\/wp\/v2\/pages\/25575\/revisions\/157207"}],"up":[{"embeddable":true,"href":"https:\/\/alzira.es\/es\/wp-json\/wp\/v2\/pages\/87644"}],"wp:attachment":[{"href":"https:\/\/alzira.es\/es\/wp-json\/wp\/v2\/media?parent=25575"}],"curies":[{"name":"wp","href":"https:\/\/api.w.org\/{rel}","templated":true}]}}