{"id":2525,"date":"2009-04-23T12:30:31","date_gmt":"2009-04-23T10:30:31","guid":{"rendered":"https:\/\/alzira.es\/jornades\/"},"modified":"2021-08-29T18:13:53","modified_gmt":"2021-08-29T16:13:53","slug":"jornadas-premios-y-concursos","status":"publish","type":"page","link":"https:\/\/alzira.es\/es\/servicios-municipales\/jornadas-premios-y-concursos\/","title":{"rendered":"Jornadas, premios y concursos"},"content":{"rendered":"\n<p class=\"has-text-align-center\">\u00a0<strong>\u00a0JORNADAS<\/strong><\/p>\n\n\n\n<p>El Departamento de Educaci\u00f3n del Ayuntamiento de Alzira organiza y\/o colabora en la organizaci\u00f3n de las siguientes jornadas:<\/p>\n\n\n\n<p>&nbsp; &nbsp; &nbsp;&#8211; <a href=\"https:\/\/alzira.es\/wp-content\/uploads\/2009\/04\/diptic-jornades-2018_ok_.pdf\" target=\"_blank\" rel=\"noopener\">Jornadas de Innovaci\u00f3n Educativa de la Ciudad de Alzira<\/a><\/p>\n\n\n\n<p>&nbsp; &nbsp; &nbsp;&#8211; Jornadas de Integraci\u00f3n<\/p>\n\n\n\n<p>&nbsp; &nbsp; &nbsp;&#8211; <a href=\"https:\/\/alzira.es\/wp-content\/uploads\/2009\/04\/programa_jornades-2.pdf\" target=\"_blank\" rel=\"noopener\">Jornadas sobre le S\u00edndrome de Asperger<\/a><\/p>\n\n\n\n<p><\/p>\n\n\n\n<p class=\"has-text-align-center\"><strong>PREMIOS Y CONCURSOS<\/strong><\/p>\n\n\n\n<p>El Departamento de Educaci\u00f3n del Ayuntamiento de Alzira organiza y\/o colabora en la organizaci\u00f3n de los siguientes premios y concursos:<\/p>\n\n\n\n<p>&nbsp; &nbsp; &nbsp;&#8211; <a href=\"https:\/\/alzira.es\/wp-content\/uploads\/2009\/04\/Bases-Premis_Innovacio_2018.pdf\" target=\"_blank\" rel=\"noopener\">Premios de Innovaci\u00f3n Educativa<\/a><\/p>\n\n\n\n<p>&nbsp; &nbsp; &nbsp;&#8211; <a href=\"https:\/\/alzira.es\/wp-content\/uploads\/2009\/04\/diptic-XXIII-Concurs-Escolar-de-Dibuix.pdf\" target=\"_blank\" rel=\"noopener\">Concurso Escolar de Dibujos PLCA<\/a><\/p>\n\n\n\n<p>&nbsp; &nbsp; &nbsp;&#8211; <a href=\"https:\/\/alzira.es\/wp-content\/uploads\/2009\/04\/FALLA-MALVA-tri%CC%81ptic-concurs-narrativa-2018-2.pdf\" target=\"_blank\" rel=\"noopener\">Concurso Escolar de Narrativa Infantil y Juvenil<\/a><\/p>\n\n\n\n<p>&nbsp; &nbsp; &nbsp;&#8211; <a href=\"https:\/\/alzira.es\/wp-content\/uploads\/2009\/04\/FALLA-MALVA-tri%CC%81ptic-concurs-poesi%CC%81a-2019-2-1.pdf\" target=\"_blank\" rel=\"noopener\">Concurso Escolar de Poes\u00eda Infantil<\/a><\/p>\n\n\n\n<p>&nbsp; &nbsp; &nbsp;&#8211; <a href=\"https:\/\/alzira.es\/wp-content\/uploads\/2009\/04\/cartell-corals.pdf\" target=\"_blank\" rel=\"noopener\">Concurso de Corales Infantiles<\/a><\/p>\n\n\n\n<p>&nbsp;<\/p>\n","protected":false},"excerpt":{"rendered":"<p>\u00a0\u00a0JORNADAS El Departamento de Educaci\u00f3n del Ayuntamiento de Alzira organiza y\/o colabora en la organizaci\u00f3n de las siguientes jornadas: &nbsp; &nbsp; &nbsp;&#8211; Jornadas de Innovaci\u00f3n Educativa de la Ciudad de Alzira &nbsp; &nbsp; &nbsp;&#8211; Jornadas de Integraci\u00f3n &nbsp; &nbsp; &nbsp;&#8211; Jornadas sobre le S\u00edndrome de Asperger PREMIOS Y CONCURSOS El Departamento de Educaci\u00f3n del Ayuntamiento &hellip; <\/p>\n<p class=\"link-more\"><a href=\"https:\/\/alzira.es\/es\/servicios-municipales\/jornadas-premios-y-concursos\/\" class=\"more-link\">Continuar leyendo<span class=\"screen-reader-text\"> \u00abJornadas, premios y concursos\u00bb<\/span><\/a><\/p>\n","protected":false},"author":20,"featured_media":0,"parent":60847,"menu_order":10,"comment_status":"closed","ping_status":"closed","template":"","meta":{"_acf_changed":false,"footnotes":""},"class_list":["post-2525","page","type-page","status-publish","hentry"],"acf":[],"_links":{"self":[{"href":"https:\/\/alzira.es\/es\/wp-json\/wp\/v2\/pages\/2525","targetHints":{"allow":["GET"]}}],"collection":[{"href":"https:\/\/alzira.es\/es\/wp-json\/wp\/v2\/pages"}],"about":[{"href":"https:\/\/alzira.es\/es\/wp-json\/wp\/v2\/types\/page"}],"author":[{"embeddable":true,"href":"https:\/\/alzira.es\/es\/wp-json\/wp\/v2\/users\/20"}],"replies":[{"embeddable":true,"href":"https:\/\/alzira.es\/es\/wp-json\/wp\/v2\/comments?post=2525"}],"version-history":[{"count":1,"href":"https:\/\/alzira.es\/es\/wp-json\/wp\/v2\/pages\/2525\/revisions"}],"predecessor-version":[{"id":85447,"href":"https:\/\/alzira.es\/es\/wp-json\/wp\/v2\/pages\/2525\/revisions\/85447"}],"up":[{"embeddable":true,"href":"https:\/\/alzira.es\/es\/wp-json\/wp\/v2\/pages\/60847"}],"wp:attachment":[{"href":"https:\/\/alzira.es\/es\/wp-json\/wp\/v2\/media?parent=2525"}],"curies":[{"name":"wp","href":"https:\/\/api.w.org\/{rel}","templated":true}]}}