{"id":2507,"date":"2009-05-19T14:31:39","date_gmt":"2009-05-19T12:31:39","guid":{"rendered":"https:\/\/alzira.es\/escuela-oficial-de-idiomas-de-alzira\/"},"modified":"2021-08-29T17:49:06","modified_gmt":"2021-08-29T15:49:06","slug":"escuela-oficial-de-idiomas-de-alzira","status":"publish","type":"page","link":"https:\/\/alzira.es\/es\/servicios-municipales\/educacion-e-infancia\/centros-educativos-de-alzira\/escuela-oficial-de-idiomas-de-alzira\/","title":{"rendered":"Escuela Oficial de Idiomas de Alzira"},"content":{"rendered":"<p style=\"text-align: center;\"><strong>M\u00e1s informaci\u00f3n en:<\/strong><\/p>\n<p style=\"text-align: center;\">\u00a0<a href=\"http:\/\/mestreacasa.gva.es\/web\/4601838200\" target=\"_blank\" rel=\"noopener\">http:\/\/mestreacasa.gva.es\/web\/4601838200<\/a><\/p>\n<p style=\"text-align: center;\"><img fetchpriority=\"high\" decoding=\"async\" class=\" size-full wp-image-2505\" src=\"https:\/\/alzira.es\/wp-content\/uploads\/2009\/05\/Escola-Oficial-Idiomes.jpg\" alt=\"Escola Oficial Idiomes\" width=\"956\" height=\"157\" \/><\/p>\n<p style=\"text-align: center;\"><span style=\"color: #0000ff;\"><strong>INFORMACI\u00d3N DEL CENTRO<\/strong><\/span><\/p>\n<table style=\"width: 719px; height: 119px; margin-left: auto; margin-right: auto;\" border=\"4\" cellspacing=\"1\" cellpadding=\"1\">\n<tbody>\n<tr>\n<td>\n<p style=\"text-align: center;\"><strong>Direcci\u00f3n<\/strong><\/p>\n<\/td>\n<td>\n<p style=\"text-align: center;\">CL. RIOLA, 9<\/p>\n<\/td>\n<\/tr>\n<tr>\n<td>\n<p style=\"text-align: center;\"><strong>Tel\u00e9fono<\/strong><\/p>\n<\/td>\n<td>\n<p style=\"text-align: center;\">96 245 80 40<\/p>\n<\/td>\n<\/tr>\n<tr>\n<td>\n<p style=\"text-align: center;\"><strong>E-correo<\/strong><\/p>\n<\/td>\n<td>\n<p style=\"text-align: center;\"><a href=\"mailto:46000675@edu.gva.es\">46018382@gva.es<\/a><\/p>\n<\/td>\n<\/tr>\n<tr>\n<td>\n<p style=\"text-align: center;\"><strong>Localidad<\/strong><\/p>\n<\/td>\n<td>\n<p style=\"text-align: center;\">46600 &#8211; ALZIRA<\/p>\n<\/td>\n<\/tr>\n<tr>\n<td>\n<p style=\"text-align: center;\"><strong>Titular<\/strong><\/p>\n<\/td>\n<td>\n<p style=\"text-align: center;\">GENERALITAT VALENCIANA<\/p>\n<\/td>\n<\/tr>\n<\/tbody>\n<\/table>\n<p style=\"text-align: center;\">\n<div align=\"center\"><strong>M\u00e1s informaci\u00f3n en:<\/strong><\/div>\n<div align=\"center\"><\/div>\n<div align=\"center\"><a href=\"http:\/\/aplicaciones.edu.gva.es\/abc\/i_guiadecentros\/val\/centro.asp?codi=46018382\" target=\"_blank\" rel=\"noopener\">Gu\u00eda de centros de la Conselleria<\/a><\/div>\n<div align=\"center\"><\/div>\n","protected":false},"excerpt":{"rendered":"<p>M\u00e1s informaci\u00f3n en: \u00a0http:\/\/mestreacasa.gva.es\/web\/4601838200 INFORMACI\u00d3N DEL CENTRO Direcci\u00f3n CL. RIOLA, 9 Tel\u00e9fono 96 245 80 40 E-correo 46018382@gva.es Localidad 46600 &#8211; ALZIRA Titular GENERALITAT VALENCIANA M\u00e1s informaci\u00f3n en: Gu\u00eda de centros de la Conselleria<\/p>\n","protected":false},"author":20,"featured_media":0,"parent":2389,"menu_order":0,"comment_status":"closed","ping_status":"closed","template":"","meta":{"_acf_changed":false,"footnotes":""},"class_list":["post-2507","page","type-page","status-publish","hentry"],"acf":[],"_links":{"self":[{"href":"https:\/\/alzira.es\/es\/wp-json\/wp\/v2\/pages\/2507","targetHints":{"allow":["GET"]}}],"collection":[{"href":"https:\/\/alzira.es\/es\/wp-json\/wp\/v2\/pages"}],"about":[{"href":"https:\/\/alzira.es\/es\/wp-json\/wp\/v2\/types\/page"}],"author":[{"embeddable":true,"href":"https:\/\/alzira.es\/es\/wp-json\/wp\/v2\/users\/20"}],"replies":[{"embeddable":true,"href":"https:\/\/alzira.es\/es\/wp-json\/wp\/v2\/comments?post=2507"}],"version-history":[{"count":2,"href":"https:\/\/alzira.es\/es\/wp-json\/wp\/v2\/pages\/2507\/revisions"}],"predecessor-version":[{"id":85434,"href":"https:\/\/alzira.es\/es\/wp-json\/wp\/v2\/pages\/2507\/revisions\/85434"}],"up":[{"embeddable":true,"href":"https:\/\/alzira.es\/es\/wp-json\/wp\/v2\/pages\/2389"}],"wp:attachment":[{"href":"https:\/\/alzira.es\/es\/wp-json\/wp\/v2\/media?parent=2507"}],"curies":[{"name":"wp","href":"https:\/\/api.w.org\/{rel}","templated":true}]}}