{"id":2503,"date":"2009-05-19T12:47:59","date_gmt":"2009-05-19T10:47:59","guid":{"rendered":"https:\/\/alzira.es\/servicio-psicopedagogica-escolar-spe-v-6\/"},"modified":"2021-08-29T17:47:58","modified_gmt":"2021-08-29T15:47:58","slug":"servicio-psicopedagogica-escolar-spe-v-6","status":"publish","type":"page","link":"https:\/\/alzira.es\/es\/servicios-municipales\/educacion-e-infancia\/centros-educativos-de-alzira\/servicio-psicopedagogica-escolar-spe-v-6\/","title":{"rendered":"Servicio Psicopedag\u00f3gica Escolar (SPE V-6)"},"content":{"rendered":"<p style=\"text-align: center;\"><strong>M\u00e1s informaci\u00f3n en: <\/strong><\/p>\n<p style=\"text-align: center;\"><a href=\"http:\/\/spev06.edu.gva.es\/index.html\" target=\"_blank\" rel=\"noopener\">http:\/\/spev06.edu.gva.es\/index.html<\/a><\/p>\n<p style=\"text-align: center;\"><img fetchpriority=\"high\" decoding=\"async\" width=\"943\" height=\"127\" class=\" size-full wp-image-2501\" src=\"https:\/\/alzira.es\/wp-content\/uploads\/2009\/05\/SPE.jpg\" alt=\"SPE\" srcset=\"https:\/\/alzira.es\/wp-content\/uploads\/2009\/05\/SPE.jpg 943w, https:\/\/alzira.es\/wp-content\/uploads\/2009\/05\/SPE-680x92.jpg 680w, https:\/\/alzira.es\/wp-content\/uploads\/2009\/05\/SPE-768x103.jpg 768w\" sizes=\"(max-width: 706px) 89vw, (max-width: 767px) 82vw, 740px\" \/><\/p>\n<p style=\"text-align: center;\">\n<p style=\"text-align: center;\"><span style=\"color: #0000ff;\"><strong>INFORMACI\u00d3N DEL CENTRO<\/strong><\/span><\/p>\n<table style=\"width: 719px; height: 119px; margin-left: auto; margin-right: auto;\" border=\"4\" cellspacing=\"1\" cellpadding=\"1\">\n<tbody>\n<tr>\n<td>\n<p style=\"text-align: center;\"><strong>Direcci\u00f3n<\/strong><\/p>\n<\/td>\n<td>\n<p style=\"text-align: center;\">AV. LU\u00cdS S\u00da\u00d1ER, 12, ENTRESUELO IZQUIERDA<\/p>\n<\/td>\n<\/tr>\n<tr>\n<td>\n<p style=\"text-align: center;\"><strong>Tel\u00e9fono<\/strong><\/p>\n<\/td>\n<td>\n<p style=\"text-align: center;\">96 245 80 50<\/p>\n<\/td>\n<\/tr>\n<tr>\n<td>\n<p style=\"text-align: center;\"><strong>E-correo<\/strong><\/p>\n<\/td>\n<td>\n<p style=\"text-align: center;\">46402111@gva.es<\/p>\n<\/td>\n<\/tr>\n<tr>\n<td>\n<p style=\"text-align: center;\"><strong>Localidad<\/strong><\/p>\n<\/td>\n<td>\n<p style=\"text-align: center;\">46600 &#8211; ALZIRA<\/p>\n<\/td>\n<\/tr>\n<tr>\n<td>\n<p style=\"text-align: center;\"><strong>Titular<\/strong><\/p>\n<\/td>\n<td>\n<p style=\"text-align: center;\">GENERALITAT VALENCIANA<\/p>\n<\/td>\n<\/tr>\n<\/tbody>\n<\/table>\n<p style=\"text-align: center;\">\n<div align=\"center\"><\/div>\n<div align=\"center\"><span style=\"color: #0000ff;\"><strong>NIVELES DE INTERVENCI\u00d3N\u00a0<\/strong><\/span><\/div>\n<div align=\"center\"><\/div>\n<table style=\"width: 722px; height: 75px; margin-left: auto; margin-right: auto;\" border=\"4\" cellspacing=\"1\" cellpadding=\"1\">\n<tbody>\n<tr>\n<td style=\"text-align: center;\"><strong>Nivel<\/strong><\/td>\n<td style=\"text-align: center;\"><strong>Intervenci\u00f3n Psicopedag\u00f3gica<\/strong><\/td>\n<td style=\"text-align: center;\"><strong>Intervenci\u00f3n Audici\u00f3n y Lenguaje<\/strong><\/td>\n<\/tr>\n<tr>\n<td style=\"text-align: center;\"><strong>Educaci\u00f3n Infantil<\/strong><\/td>\n<td style=\"text-align: center;\">X<\/td>\n<td style=\"text-align: center;\">X<\/td>\n<\/tr>\n<tr>\n<td style=\"text-align: center;\"><strong>Educaci\u00f3n Primaria<\/strong><\/td>\n<td style=\"text-align: center;\">X<\/td>\n<td style=\"text-align: center;\">X<\/td>\n<\/tr>\n<tr>\n<td style=\"text-align: center;\"><strong>Educaci\u00f3n Secundaria<\/strong><\/td>\n<td style=\"text-align: center;\"><\/td>\n<td style=\"text-align: center;\">X<\/td>\n<\/tr>\n<tr>\n<td style=\"text-align: center;\"><strong>Educaci\u00f3n Especial<\/strong><\/td>\n<td style=\"text-align: center;\">X<\/td>\n<td style=\"text-align: center;\"><\/td>\n<\/tr>\n<\/tbody>\n<\/table>\n<div align=\"center\"><\/div>\n<div align=\"center\">\n<div align=\"center\"><span style=\"color: #0000ff;\"><strong>\u00a0<\/strong><\/span><\/div>\n<div align=\"center\"><\/div>\n<div align=\"center\"><span style=\"color: #0000ff;\"><strong>\u00c1REA DE INTERVENCI\u00d3N\u00a0<\/strong><\/span><\/div>\n<div align=\"center\"><\/div>\n<div style=\"text-align: justify;\"><\/div>\n<table style=\"width: 452px; height: 33px;\" border=\"5\" cellspacing=\"1\" cellpadding=\"1\">\n<tbody>\n<tr>\n<td style=\"text-align: center;\"><strong>Ribera Alta<\/strong><\/td>\n<td style=\"text-align: center;\"><strong>Ribera Baixa<\/strong><\/td>\n<\/tr>\n<\/tbody>\n<\/table>\n<div align=\"center\"><\/div>\n<\/div>\n<p style=\"text-align: center;\">\n<div align=\"center\"><\/div>\n<p style=\"text-align: center;\">\n<p style=\"text-align: center;\">\n","protected":false},"excerpt":{"rendered":"<p>M\u00e1s informaci\u00f3n en: http:\/\/spev06.edu.gva.es\/index.html INFORMACI\u00d3N DEL CENTRO Direcci\u00f3n AV. LU\u00cdS S\u00da\u00d1ER, 12, ENTRESUELO IZQUIERDA Tel\u00e9fono 96 245 80 50 E-correo 46402111@gva.es Localidad 46600 &#8211; ALZIRA Titular GENERALITAT VALENCIANA NIVELES DE INTERVENCI\u00d3N\u00a0 Nivel Intervenci\u00f3n Psicopedag\u00f3gica Intervenci\u00f3n Audici\u00f3n y Lenguaje Educaci\u00f3n Infantil X X Educaci\u00f3n Primaria X X Educaci\u00f3n Secundaria X Educaci\u00f3n Especial X \u00a0 \u00c1REA DE &hellip; <\/p>\n<p class=\"link-more\"><a href=\"https:\/\/alzira.es\/es\/servicios-municipales\/educacion-e-infancia\/centros-educativos-de-alzira\/servicio-psicopedagogica-escolar-spe-v-6\/\" class=\"more-link\">Continuar leyendo<span class=\"screen-reader-text\"> \u00abServicio Psicopedag\u00f3gica Escolar (SPE V-6)\u00bb<\/span><\/a><\/p>\n","protected":false},"author":20,"featured_media":0,"parent":2389,"menu_order":0,"comment_status":"closed","ping_status":"closed","template":"","meta":{"_acf_changed":false,"footnotes":""},"class_list":["post-2503","page","type-page","status-publish","hentry"],"acf":[],"_links":{"self":[{"href":"https:\/\/alzira.es\/es\/wp-json\/wp\/v2\/pages\/2503","targetHints":{"allow":["GET"]}}],"collection":[{"href":"https:\/\/alzira.es\/es\/wp-json\/wp\/v2\/pages"}],"about":[{"href":"https:\/\/alzira.es\/es\/wp-json\/wp\/v2\/types\/page"}],"author":[{"embeddable":true,"href":"https:\/\/alzira.es\/es\/wp-json\/wp\/v2\/users\/20"}],"replies":[{"embeddable":true,"href":"https:\/\/alzira.es\/es\/wp-json\/wp\/v2\/comments?post=2503"}],"version-history":[{"count":2,"href":"https:\/\/alzira.es\/es\/wp-json\/wp\/v2\/pages\/2503\/revisions"}],"predecessor-version":[{"id":85432,"href":"https:\/\/alzira.es\/es\/wp-json\/wp\/v2\/pages\/2503\/revisions\/85432"}],"up":[{"embeddable":true,"href":"https:\/\/alzira.es\/es\/wp-json\/wp\/v2\/pages\/2389"}],"wp:attachment":[{"href":"https:\/\/alzira.es\/es\/wp-json\/wp\/v2\/media?parent=2503"}],"curies":[{"name":"wp","href":"https:\/\/api.w.org\/{rel}","templated":true}]}}