{"id":2499,"date":"2009-05-19T12:13:18","date_gmt":"2009-05-19T10:13:18","guid":{"rendered":"https:\/\/alzira.es\/c-f-p-a-enric-valor\/"},"modified":"2021-08-29T17:55:56","modified_gmt":"2021-08-29T15:55:56","slug":"c-f-p-a-enric-valor","status":"publish","type":"page","link":"https:\/\/alzira.es\/es\/servicios-municipales\/educacion-e-infancia\/centros-educativos-de-alzira\/c-f-p-a-enric-valor\/","title":{"rendered":"C.F.P.A Enric Valor"},"content":{"rendered":"<p style=\"text-align: center;\">\u00a0<img fetchpriority=\"high\" decoding=\"async\" class=\"  wp-image-2497\" src=\"https:\/\/alzira.es\/wp-content\/uploads\/2009\/05\/EPA-Enric-Valor.jpg\" alt=\"EPA Enric Valor\" width=\"337\" height=\"238\" \/><\/p>\n<p style=\"text-align: center;\">\u00a0\u00a0\u00a0<span style=\"color: #0000ff;\"><strong>INFORMACI\u00d3N DEL CENTRO<\/strong><\/span><\/p>\n<p style=\"text-align: center;\"><span style=\"color: #0000ff;\"><strong><a href=\"http:\/\/www.cfpaenricvaloralzira.es\/\" target=\"_blank\" rel=\"noopener\">http:\/\/www.cfpaenricvaloralzira.es\/<\/a><\/strong><\/span><\/p>\n<table style=\"width: 719px; height: 119px; margin-left: auto; margin-right: auto;\" border=\"4\" cellspacing=\"1\" cellpadding=\"1\">\n<tbody>\n<tr>\n<td>\n<p style=\"text-align: center;\"><strong>Direcci\u00f3n<\/strong><\/p>\n<\/td>\n<td>\n<p style=\"text-align: center;\">MARE DE D\u00c9U DEL LLUCH, 2<\/p>\n<\/td>\n<\/tr>\n<tr>\n<td>\n<p style=\"text-align: center;\"><strong>Tel\u00e9fono<\/strong><\/p>\n<\/td>\n<td>\n<p style=\"text-align: center;\">96 245 80 35<\/p>\n<\/td>\n<\/tr>\n<tr>\n<td>\n<p style=\"text-align: center;\"><strong>E-correo<\/strong><\/p>\n<\/td>\n<td>\n<p style=\"text-align: center;\"><a href=\"mailto:46019179@edu.gva.es\">46019179@gva.es<\/a><\/p>\n<\/td>\n<\/tr>\n<tr>\n<td>\n<p style=\"text-align: center;\"><strong>Localidad<\/strong><\/p>\n<\/td>\n<td>\n<p style=\"text-align: center;\">46600 &#8211; ALZIRA<\/p>\n<\/td>\n<\/tr>\n<tr>\n<td>\n<p style=\"text-align: center;\"><strong>Titular<\/strong><\/p>\n<\/td>\n<td style=\"text-align: center;\">GENERALITAT\u00a0VALENCIANA<\/td>\n<\/tr>\n<\/tbody>\n<\/table>\n<p style=\"text-align: center;\">\n<div align=\"center\">\u00a0<strong>M\u00c1S INFORMACI\u00d3N EN:<\/strong><\/div>\n<div align=\"center\"><\/div>\n<div align=\"center\"><a href=\"http:\/\/aplicaciones.edu.gva.es\/abc\/i_guiadecentros\/val\/centro.asp?codi=46019179\" target=\"_blank\" rel=\"noopener\">Gu\u00eda de centros de la Conselleria<\/a><\/div>\n<p style=\"text-align: center;\">\n","protected":false},"excerpt":{"rendered":"<p>\u00a0 \u00a0\u00a0\u00a0INFORMACI\u00d3N DEL CENTRO http:\/\/www.cfpaenricvaloralzira.es\/ Direcci\u00f3n MARE DE D\u00c9U DEL LLUCH, 2 Tel\u00e9fono 96 245 80 35 E-correo 46019179@gva.es Localidad 46600 &#8211; ALZIRA Titular GENERALITAT\u00a0VALENCIANA \u00a0M\u00c1S INFORMACI\u00d3N EN: Gu\u00eda de centros de la Conselleria<\/p>\n","protected":false},"author":20,"featured_media":0,"parent":2389,"menu_order":0,"comment_status":"closed","ping_status":"closed","template":"","meta":{"_acf_changed":false,"footnotes":""},"class_list":["post-2499","page","type-page","status-publish","hentry"],"acf":[],"_links":{"self":[{"href":"https:\/\/alzira.es\/es\/wp-json\/wp\/v2\/pages\/2499","targetHints":{"allow":["GET"]}}],"collection":[{"href":"https:\/\/alzira.es\/es\/wp-json\/wp\/v2\/pages"}],"about":[{"href":"https:\/\/alzira.es\/es\/wp-json\/wp\/v2\/types\/page"}],"author":[{"embeddable":true,"href":"https:\/\/alzira.es\/es\/wp-json\/wp\/v2\/users\/20"}],"replies":[{"embeddable":true,"href":"https:\/\/alzira.es\/es\/wp-json\/wp\/v2\/comments?post=2499"}],"version-history":[{"count":2,"href":"https:\/\/alzira.es\/es\/wp-json\/wp\/v2\/pages\/2499\/revisions"}],"predecessor-version":[{"id":85435,"href":"https:\/\/alzira.es\/es\/wp-json\/wp\/v2\/pages\/2499\/revisions\/85435"}],"up":[{"embeddable":true,"href":"https:\/\/alzira.es\/es\/wp-json\/wp\/v2\/pages\/2389"}],"wp:attachment":[{"href":"https:\/\/alzira.es\/es\/wp-json\/wp\/v2\/media?parent=2499"}],"curies":[{"name":"wp","href":"https:\/\/api.w.org\/{rel}","templated":true}]}}