{"id":2495,"date":"2009-05-19T14:17:22","date_gmt":"2009-05-19T12:17:22","guid":{"rendered":"https:\/\/alzira.es\/i-f-p-s-luis-suner-sanchis\/"},"modified":"2021-08-29T17:50:30","modified_gmt":"2021-08-29T15:50:30","slug":"i-f-p-s-luis-suner-sanchis","status":"publish","type":"page","link":"https:\/\/alzira.es\/es\/servicios-municipales\/educacion-e-infancia\/centros-educativos-de-alzira\/i-f-p-s-luis-suner-sanchis\/","title":{"rendered":"I.F.P.S. Lu\u00eds Su\u00f1er Sanchis"},"content":{"rendered":"<p style=\"text-align: center;\"><strong>M\u00e1s informaci\u00f3n en: <\/strong><\/p>\n<p style=\"text-align: center;\"><a href=\"http:\/\/www.fpalzira.es\/web\/index.php\/ca-es\/\" target=\"_blank\" rel=\"noopener\">http:\/\/www.fpalzira.es\/web\/index.php\/ca-es\/<\/a><\/p>\n<p style=\"text-align: center;\"><span style=\"font-size: 14.4px;\">\u00a0<\/span><\/p>\n<p style=\"text-align: center;\">\u00a0<img fetchpriority=\"high\" decoding=\"async\" width=\"957\" height=\"123\" class=\" size-full wp-image-2493\" style=\"width: 685px; height: 98px;\" src=\"https:\/\/alzira.es\/wp-content\/uploads\/2009\/05\/Luis-Suner.jpg\" alt=\"\" srcset=\"https:\/\/alzira.es\/wp-content\/uploads\/2009\/05\/Luis-Suner.jpg 957w, https:\/\/alzira.es\/wp-content\/uploads\/2009\/05\/Luis-Suner-680x87.jpg 680w, https:\/\/alzira.es\/wp-content\/uploads\/2009\/05\/Luis-Suner-768x99.jpg 768w\" sizes=\"(max-width: 706px) 89vw, (max-width: 767px) 82vw, 740px\" \/><\/p>\n<p style=\"text-align: center;\">\n<p style=\"text-align: center;\"><span style=\"color: #0000ff;\"><strong>INFORMACI\u00d3N DEL CENTRO<\/strong><\/span><\/p>\n<table style=\"width: 719px; height: 119px; margin-left: auto; margin-right: auto;\" border=\"4\" cellspacing=\"1\" cellpadding=\"1\">\n<tbody>\n<tr>\n<td>\n<p style=\"text-align: center;\"><strong>Direcci\u00f3n<\/strong><\/p>\n<\/td>\n<td>\n<p style=\"text-align: center;\">AV. DE LOS DEPORTES, 27<\/p>\n<\/td>\n<\/tr>\n<tr>\n<td>\n<p style=\"text-align: center;\"><strong>Tel\u00e9fono<\/strong><\/p>\n<\/td>\n<td>\n<p style=\"text-align: center;\">96 245 78 15<\/p>\n<\/td>\n<\/tr>\n<tr>\n<td>\n<p style=\"text-align: center;\"><strong>E-correo<\/strong><\/p>\n<\/td>\n<td>\n<p style=\"text-align: center;\"><a href=\"mailto:46000675@edu.gva.es\">46000754@gva.es<\/a><\/p>\n<\/td>\n<\/tr>\n<tr>\n<td>\n<p style=\"text-align: center;\"><strong>Localidad<\/strong><\/p>\n<\/td>\n<td>\n<p style=\"text-align: center;\">46600 &#8211; ALZIRA<\/p>\n<\/td>\n<\/tr>\n<tr>\n<td>\n<p style=\"text-align: center;\"><strong>Titular<\/strong><\/p>\n<\/td>\n<td>\n<p style=\"text-align: center;\">GENERALITAT VALENCIANA<\/p>\n<\/td>\n<\/tr>\n<\/tbody>\n<\/table>\n<p style=\"text-align: center;\">\n<div align=\"center\"><\/div>\n<p style=\"text-align: center;\"><strong>M\u00e1s informaci\u00f3n en: <\/strong><\/p>\n<p style=\"text-align: center;\">\u00a0<a href=\"http:\/\/aplicaciones.edu.gva.es\/abc\/i_guiadecentros\/val\/centro.asp?codi=46000754\" target=\"_blank\" rel=\"noopener\">Gu\u00eda de centros de la Conselleria<\/a><\/p>\n","protected":false},"excerpt":{"rendered":"<p>M\u00e1s informaci\u00f3n en: http:\/\/www.fpalzira.es\/web\/index.php\/ca-es\/ \u00a0 \u00a0 INFORMACI\u00d3N DEL CENTRO Direcci\u00f3n AV. DE LOS DEPORTES, 27 Tel\u00e9fono 96 245 78 15 E-correo 46000754@gva.es Localidad 46600 &#8211; ALZIRA Titular GENERALITAT VALENCIANA M\u00e1s informaci\u00f3n en: \u00a0Gu\u00eda de centros de la Conselleria<\/p>\n","protected":false},"author":20,"featured_media":0,"parent":2389,"menu_order":0,"comment_status":"closed","ping_status":"closed","template":"","meta":{"_acf_changed":false,"footnotes":""},"class_list":["post-2495","page","type-page","status-publish","hentry"],"acf":[],"_links":{"self":[{"href":"https:\/\/alzira.es\/es\/wp-json\/wp\/v2\/pages\/2495","targetHints":{"allow":["GET"]}}],"collection":[{"href":"https:\/\/alzira.es\/es\/wp-json\/wp\/v2\/pages"}],"about":[{"href":"https:\/\/alzira.es\/es\/wp-json\/wp\/v2\/types\/page"}],"author":[{"embeddable":true,"href":"https:\/\/alzira.es\/es\/wp-json\/wp\/v2\/users\/20"}],"replies":[{"embeddable":true,"href":"https:\/\/alzira.es\/es\/wp-json\/wp\/v2\/comments?post=2495"}],"version-history":[{"count":2,"href":"https:\/\/alzira.es\/es\/wp-json\/wp\/v2\/pages\/2495\/revisions"}],"predecessor-version":[{"id":85433,"href":"https:\/\/alzira.es\/es\/wp-json\/wp\/v2\/pages\/2495\/revisions\/85433"}],"up":[{"embeddable":true,"href":"https:\/\/alzira.es\/es\/wp-json\/wp\/v2\/pages\/2389"}],"wp:attachment":[{"href":"https:\/\/alzira.es\/es\/wp-json\/wp\/v2\/media?parent=2495"}],"curies":[{"name":"wp","href":"https:\/\/api.w.org\/{rel}","templated":true}]}}