{"id":2483,"date":"2009-05-18T16:31:52","date_gmt":"2009-05-18T14:31:52","guid":{"rendered":"https:\/\/alzira.es\/i-e-s-jose-maria-parra\/"},"modified":"2021-08-29T17:47:06","modified_gmt":"2021-08-29T15:47:06","slug":"i-e-s-jose-maria-parra","status":"publish","type":"page","link":"https:\/\/alzira.es\/es\/servicios-municipales\/educacion-e-infancia\/centros-educativos-de-alzira\/i-e-s-jose-maria-parra\/","title":{"rendered":"I.E.S. Jos\u00e9 Mar\u00eda Parra"},"content":{"rendered":"<p style=\"text-align: center;\"><strong>M\u00e1s informaci\u00f3n en: <\/strong><\/p>\n<p style=\"text-align: center;\">\u00a0<a href=\"http:\/\/iesparra.edu.gva.es\/\" target=\"_blank\" rel=\"noopener\">http:\/\/iesparra.edu.gva.es\/<\/a><\/p>\n<p style=\"text-align: center;\"><span style=\"font-size: 14.4px;\">\u00a0<\/span><\/p>\n<p style=\"text-align: center;\"><img decoding=\"async\" width=\"226\" height=\"87\" class=\"size-full wp-image-2481 lazyload\" style=\"--smush-placeholder-width: 226px; --smush-placeholder-aspect-ratio: 226\/87;width: 238px; height: 96px;\" data-src=\"https:\/\/alzira.es\/wp-content\/uploads\/2009\/05\/Parra.jpg\" alt=\"\" src=\"data:image\/svg+xml;base64,PHN2ZyB3aWR0aD0iMSIgaGVpZ2h0PSIxIiB4bWxucz0iaHR0cDovL3d3dy53My5vcmcvMjAwMC9zdmciPjwvc3ZnPg==\" \/><\/p>\n<p style=\"text-align: center;\">\n<p style=\"text-align: center;\"><strong style=\"color: #0000ff; font-size: 14.4px;\">INFORMACI\u00d3N DEL CENTRO<\/strong><\/p>\n<table style=\"width: 719px; height: 119px; margin-left: auto; margin-right: auto;\" border=\"4\" cellspacing=\"1\" cellpadding=\"1\">\n<tbody>\n<tr>\n<td>\n<p style=\"text-align: center;\"><strong>Direcci\u00f3n<\/strong><\/p>\n<\/td>\n<td>\n<p style=\"text-align: center;\">CL. DOCTOR FRANCISCO BONO, 3<\/p>\n<\/td>\n<\/tr>\n<tr>\n<td>\n<p style=\"text-align: center;\"><strong>Tel\u00e9fono<\/strong><\/p>\n<\/td>\n<td>\n<p style=\"text-align: center;\">96 245 78 60<\/p>\n<\/td>\n<\/tr>\n<tr>\n<td>\n<p style=\"text-align: center;\"><strong>E-correo<\/strong><\/p>\n<\/td>\n<td>\n<p style=\"text-align: center;\"><a href=\"mailto:46000675@edu.gva.es\">46000717@gva.es<\/a><\/p>\n<\/td>\n<\/tr>\n<tr>\n<td>\n<p style=\"text-align: center;\"><strong>Localidad<\/strong><\/p>\n<\/td>\n<td>\n<p style=\"text-align: center;\">46600 &#8211; ALZIRA<\/p>\n<\/td>\n<\/tr>\n<tr>\n<td>\n<p style=\"text-align: center;\"><strong>Titular<\/strong><\/p>\n<\/td>\n<td>\n<p style=\"text-align: center;\">GENERALITAT VALENCIANA<\/p>\n<\/td>\n<\/tr>\n<\/tbody>\n<\/table>\n<p style=\"text-align: center;\">\n<p style=\"text-align: center;\"><strong>M\u00e1s informaci\u00f3n en: <\/strong><\/p>\n<p style=\"text-align: center;\">\u00a0<a href=\"http:\/\/aplicaciones.edu.gva.es\/abc\/i_guiadecentros\/val\/centro.asp?codi=46000717\" target=\"_blank\" rel=\"noopener\">Gu\u00eda de centros de la Conselleria<\/a><\/p>\n<div align=\"center\"><\/div>\n<p style=\"text-align: center;\">\n<p style=\"text-align: center;\">\n","protected":false},"excerpt":{"rendered":"<p>M\u00e1s informaci\u00f3n en: \u00a0http:\/\/iesparra.edu.gva.es\/ \u00a0 INFORMACI\u00d3N DEL CENTRO Direcci\u00f3n CL. DOCTOR FRANCISCO BONO, 3 Tel\u00e9fono 96 245 78 60 E-correo 46000717@gva.es Localidad 46600 &#8211; ALZIRA Titular GENERALITAT VALENCIANA M\u00e1s informaci\u00f3n en: \u00a0Gu\u00eda de centros de la Conselleria<\/p>\n","protected":false},"author":20,"featured_media":0,"parent":2389,"menu_order":0,"comment_status":"closed","ping_status":"closed","template":"","meta":{"_acf_changed":false,"footnotes":""},"class_list":["post-2483","page","type-page","status-publish","hentry"],"acf":[],"_links":{"self":[{"href":"https:\/\/alzira.es\/es\/wp-json\/wp\/v2\/pages\/2483","targetHints":{"allow":["GET"]}}],"collection":[{"href":"https:\/\/alzira.es\/es\/wp-json\/wp\/v2\/pages"}],"about":[{"href":"https:\/\/alzira.es\/es\/wp-json\/wp\/v2\/types\/page"}],"author":[{"embeddable":true,"href":"https:\/\/alzira.es\/es\/wp-json\/wp\/v2\/users\/20"}],"replies":[{"embeddable":true,"href":"https:\/\/alzira.es\/es\/wp-json\/wp\/v2\/comments?post=2483"}],"version-history":[{"count":2,"href":"https:\/\/alzira.es\/es\/wp-json\/wp\/v2\/pages\/2483\/revisions"}],"predecessor-version":[{"id":85426,"href":"https:\/\/alzira.es\/es\/wp-json\/wp\/v2\/pages\/2483\/revisions\/85426"}],"up":[{"embeddable":true,"href":"https:\/\/alzira.es\/es\/wp-json\/wp\/v2\/pages\/2389"}],"wp:attachment":[{"href":"https:\/\/alzira.es\/es\/wp-json\/wp\/v2\/media?parent=2483"}],"curies":[{"name":"wp","href":"https:\/\/api.w.org\/{rel}","templated":true}]}}