{"id":2471,"date":"2009-05-18T15:52:46","date_gmt":"2009-05-18T13:52:46","guid":{"rendered":"https:\/\/alzira.es\/colegio-santos-patronos\/"},"modified":"2021-08-29T17:07:48","modified_gmt":"2021-08-29T15:07:48","slug":"colegio-santos-patronos","status":"publish","type":"page","link":"https:\/\/alzira.es\/es\/servicios-municipales\/educacion-e-infancia\/centros-educativos-de-alzira\/colegio-santos-patronos\/","title":{"rendered":"Colegio Santos Patronos"},"content":{"rendered":"<p style=\"text-align: center;\"><strong>M\u00e1s informaci\u00f3n en:<\/strong><\/p>\n<p style=\"text-align: center;\"><a href=\"http:\/\/santospatronos.es\/\" target=\"_blank\" rel=\"noopener\">http:\/\/santospatronos.es\/<\/a><\/p>\n<p style=\"text-align: center;\">\u00a0<img fetchpriority=\"high\" decoding=\"async\" width=\"804\" height=\"178\" class=\" size-full wp-image-2469\" src=\"https:\/\/alzira.es\/wp-content\/uploads\/2009\/05\/Sants-Patrons.jpg\" alt=\"Sants Patrons\" srcset=\"https:\/\/alzira.es\/wp-content\/uploads\/2009\/05\/Sants-Patrons.jpg 804w, https:\/\/alzira.es\/wp-content\/uploads\/2009\/05\/Sants-Patrons-680x151.jpg 680w, https:\/\/alzira.es\/wp-content\/uploads\/2009\/05\/Sants-Patrons-768x170.jpg 768w\" sizes=\"(max-width: 706px) 89vw, (max-width: 767px) 82vw, 740px\" \/><\/p>\n<p style=\"text-align: center;\">\n<p style=\"text-align: center;\"><span style=\"color: #0000ff;\"><strong>INFORMACI\u00d3N DEL CENTRO<\/strong><\/span><\/p>\n<table style=\"width: 719px; height: 119px; margin-left: auto; margin-right: auto;\" border=\"4\" cellspacing=\"1\" cellpadding=\"1\">\n<tbody>\n<tr>\n<td>\n<p style=\"text-align: center;\"><strong>Direcci\u00f3n<\/strong><\/p>\n<\/td>\n<td>\n<p style=\"text-align: center;\">CL. BENITO P\u00c9REZ GALD\u00d3S, 52<\/p>\n<\/td>\n<\/tr>\n<tr>\n<td>\n<p style=\"text-align: center;\"><strong>Tel\u00e9fono<\/strong><\/p>\n<\/td>\n<td>\n<p style=\"text-align: center;\">96 241 21 31<\/p>\n<\/td>\n<\/tr>\n<tr>\n<td>\n<p style=\"text-align: center;\"><strong>E-correo<\/strong><\/p>\n<\/td>\n<td>\n<p style=\"text-align: center;\"><a href=\"mailto:info@santospatronos.es\">info@santospatronos.es<\/a><\/p>\n<\/td>\n<\/tr>\n<tr>\n<td>\n<p style=\"text-align: center;\"><strong>Localidad<\/strong><\/p>\n<\/td>\n<td>\n<p style=\"text-align: center;\">46600 &#8211; ALZIRA<\/p>\n<\/td>\n<\/tr>\n<tr>\n<td>\n<p style=\"text-align: center;\"><strong>Titular<\/strong><\/p>\n<\/td>\n<td>\n<p style=\"text-align: center;\">Fundaci\u00f3n Escuela Viva<\/p>\n<\/td>\n<\/tr>\n<\/tbody>\n<\/table>\n<p style=\"text-align: center;\">\n<div align=\"center\"><\/div>\n<div align=\"center\"><span style=\"color: #0000ff;\"><strong>NIVELES AUTORIZADOS<\/strong><\/span><\/div>\n<div align=\"center\"><\/div>\n<div align=\"center\"><\/div>\n<table style=\"width: 722px; height: 75px; margin-left: auto; margin-right: auto;\" border=\"4\" cellspacing=\"1\" cellpadding=\"1\">\n<tbody>\n<tr>\n<td style=\"text-align: center;\"><strong>Nivel<\/strong><\/td>\n<td style=\"text-align: center;\"><strong>Educaci\u00f3n Infantil (2)<\/strong><\/td>\n<td style=\"text-align: center;\"><strong>Educaci\u00f3n Primaria<\/strong><\/td>\n<td style=\"text-align: center;\"><strong>Educaci\u00f3n Especial<\/strong><\/td>\n<\/tr>\n<tr>\n<td style=\"text-align: center;\"><strong>Unidades<\/strong><\/td>\n<td style=\"text-align: center;\">3<\/td>\n<td style=\"text-align: center;\">8<\/td>\n<td style=\"text-align: center;\">1<\/td>\n<\/tr>\n<tr>\n<td style=\"text-align: center;\"><strong>Plazas<\/strong><\/td>\n<td style=\"text-align: center;\">75<\/td>\n<td style=\"text-align: center;\">200<\/td>\n<td style=\"text-align: center;\">15<\/td>\n<\/tr>\n<\/tbody>\n<\/table>\n<div align=\"center\"><\/div>\n<p style=\"text-align: center;\">\n<p style=\"text-align: center;\"><strong>M\u00e1s informaci\u00f3n en: <\/strong><\/p>\n<p style=\"text-align: center;\">\u00a0<a href=\"http:\/\/aplicaciones.edu.gva.es\/abc\/i_guiadecentros\/val\/centro.asp?codi=46000614\" target=\"_blank\" rel=\"noopener\">Gu\u00eda de centros de la Conselleria<\/a><\/p>\n<p style=\"text-align: center;\">\n<p style=\"text-align: center;\">\n<p style=\"text-align: center;\">\n<div align=\"center\"><\/div>\n","protected":false},"excerpt":{"rendered":"<p>M\u00e1s informaci\u00f3n en: http:\/\/santospatronos.es\/ \u00a0 INFORMACI\u00d3N DEL CENTRO Direcci\u00f3n CL. BENITO P\u00c9REZ GALD\u00d3S, 52 Tel\u00e9fono 96 241 21 31 E-correo info@santospatronos.es Localidad 46600 &#8211; ALZIRA Titular Fundaci\u00f3n Escuela Viva NIVELES AUTORIZADOS Nivel Educaci\u00f3n Infantil (2) Educaci\u00f3n Primaria Educaci\u00f3n Especial Unidades 3 8 1 Plazas 75 200 15 M\u00e1s informaci\u00f3n en: \u00a0Gu\u00eda de centros de la &hellip; <\/p>\n<p class=\"link-more\"><a href=\"https:\/\/alzira.es\/es\/servicios-municipales\/educacion-e-infancia\/centros-educativos-de-alzira\/colegio-santos-patronos\/\" class=\"more-link\">Continuar leyendo<span class=\"screen-reader-text\"> \u00abColegio Santos Patronos\u00bb<\/span><\/a><\/p>\n","protected":false},"author":20,"featured_media":0,"parent":2389,"menu_order":0,"comment_status":"closed","ping_status":"closed","template":"","meta":{"_acf_changed":false,"footnotes":""},"class_list":["post-2471","page","type-page","status-publish","hentry"],"acf":[],"_links":{"self":[{"href":"https:\/\/alzira.es\/es\/wp-json\/wp\/v2\/pages\/2471","targetHints":{"allow":["GET"]}}],"collection":[{"href":"https:\/\/alzira.es\/es\/wp-json\/wp\/v2\/pages"}],"about":[{"href":"https:\/\/alzira.es\/es\/wp-json\/wp\/v2\/types\/page"}],"author":[{"embeddable":true,"href":"https:\/\/alzira.es\/es\/wp-json\/wp\/v2\/users\/20"}],"replies":[{"embeddable":true,"href":"https:\/\/alzira.es\/es\/wp-json\/wp\/v2\/comments?post=2471"}],"version-history":[{"count":2,"href":"https:\/\/alzira.es\/es\/wp-json\/wp\/v2\/pages\/2471\/revisions"}],"predecessor-version":[{"id":85385,"href":"https:\/\/alzira.es\/es\/wp-json\/wp\/v2\/pages\/2471\/revisions\/85385"}],"up":[{"embeddable":true,"href":"https:\/\/alzira.es\/es\/wp-json\/wp\/v2\/pages\/2389"}],"wp:attachment":[{"href":"https:\/\/alzira.es\/es\/wp-json\/wp\/v2\/media?parent=2471"}],"curies":[{"name":"wp","href":"https:\/\/api.w.org\/{rel}","templated":true}]}}