{"id":2463,"date":"2009-05-18T15:24:02","date_gmt":"2009-05-18T13:24:02","guid":{"rendered":"https:\/\/alzira.es\/colegio-la-purisima\/"},"modified":"2021-08-29T17:08:48","modified_gmt":"2021-08-29T15:08:48","slug":"colegio-la-purisima","status":"publish","type":"page","link":"https:\/\/alzira.es\/es\/servicios-municipales\/educacion-e-infancia\/centros-educativos-de-alzira\/colegio-la-purisima\/","title":{"rendered":"Colegio La Pur\u00edsima"},"content":{"rendered":"<p style=\"text-align: center;\">\u00a0M\u00e1s informaci\u00f3n en:<\/p>\n<p style=\"text-align: center;\"><a href=\"http:\/\/www.lapurisimaalzira.es\/\" target=\"_blank\" rel=\"noopener\">http:\/\/www.lapurisimaalzira.es\/<\/a><\/p>\n<p style=\"text-align: center;\">\u00a0<img decoding=\"async\" class=\"size-full wp-image-2461 lazyload\" data-src=\"https:\/\/alzira.es\/wp-content\/uploads\/2009\/05\/La-Purisima.jpg\" alt=\"\" width=\"230\" height=\"163\" src=\"data:image\/svg+xml;base64,PHN2ZyB3aWR0aD0iMSIgaGVpZ2h0PSIxIiB4bWxucz0iaHR0cDovL3d3dy53My5vcmcvMjAwMC9zdmciPjwvc3ZnPg==\" style=\"--smush-placeholder-width: 230px; --smush-placeholder-aspect-ratio: 230\/163;\" \/><\/p>\n<p style=\"text-align: center;\"><span style=\"color: #0000ff;\"><strong>INFORMACI\u00d3N DEL CENTRO<\/strong><\/span><\/p>\n<table style=\"width: 719px; height: 119px; margin-left: auto; margin-right: auto;\" border=\"4\" cellspacing=\"1\" cellpadding=\"1\">\n<tbody>\n<tr>\n<td>\n<p style=\"text-align: center;\"><strong>Direcci\u00f3n<\/strong><\/p>\n<\/td>\n<td>\n<p style=\"text-align: center;\">CL.\u00a0 RAMBLA, 2<\/p>\n<\/td>\n<\/tr>\n<tr>\n<td>\n<p style=\"text-align: center;\"><strong>Tel\u00e9fono<\/strong><\/p>\n<\/td>\n<td>\n<p style=\"text-align: center;\">96 241 12 39<\/p>\n<\/td>\n<\/tr>\n<tr>\n<td>\n<p style=\"text-align: center;\"><strong>E-correo<\/strong><\/p>\n<\/td>\n<td>\n<p style=\"text-align: center;\"><a href=\"mailto:lapurisimaalzira@planalfa.es\">lapurisimaalzira@planalfa.es<\/a><\/p>\n<\/td>\n<\/tr>\n<tr>\n<td>\n<p style=\"text-align: center;\"><strong>Localidad<\/strong><\/p>\n<\/td>\n<td>\n<p style=\"text-align: center;\">46600 &#8211; ALZIRA<\/p>\n<\/td>\n<\/tr>\n<tr>\n<td>\n<p style=\"text-align: center;\"><strong>Titular<\/strong><\/p>\n<\/td>\n<td>\n<p style=\"text-align: center;\">RR. TERCIARIAS FRANCISCANAS DE LA INMACULADA<\/p>\n<\/td>\n<\/tr>\n<\/tbody>\n<\/table>\n<p style=\"text-align: center;\">\n<div align=\"center\"><\/div>\n<div align=\"center\"><span style=\"color: #0000ff;\"><strong>NIVELES AUTORIZADOS<\/strong><\/span><\/div>\n<div align=\"center\"><\/div>\n<div align=\"center\"><\/div>\n<table style=\"width: 722px; height: 75px; margin-left: auto; margin-right: auto;\" border=\"4\" cellspacing=\"1\" cellpadding=\"1\">\n<tbody>\n<tr>\n<td style=\"text-align: center;\"><strong>Nivel<\/strong><\/td>\n<td style=\"text-align: center;\"><strong>Educaci\u00f3n Infantil (2)<\/strong><\/td>\n<td style=\"text-align: center;\"><strong>Educaci\u00f3n Primaria<\/strong><\/td>\n<td style=\"text-align: center;\"><strong>E.S.O. (1\/2)<\/strong><\/td>\n<\/tr>\n<tr>\n<td style=\"text-align: center;\"><strong>Unidades<\/strong><\/td>\n<td style=\"text-align: center;\">6<\/td>\n<td style=\"text-align: center;\">12<\/td>\n<td style=\"text-align: center;\">8<\/td>\n<\/tr>\n<tr>\n<td style=\"text-align: center;\"><strong>Plazas<\/strong><\/td>\n<td style=\"text-align: center;\">150<\/td>\n<td style=\"text-align: center;\">300<\/td>\n<td style=\"text-align: center;\">240<\/td>\n<\/tr>\n<\/tbody>\n<\/table>\n<div align=\"center\"><\/div>\n<p style=\"text-align: center;\">\n<p style=\"text-align: center;\"><strong>M\u00e1s informaci\u00f3n en: <\/strong><\/p>\n<p style=\"text-align: center;\"><a href=\"http:\/\/aplicaciones.edu.gva.es\/abc\/i_guiadecentros\/val\/centro.asp?codi=46000602\" target=\"_blank\" rel=\"noopener\">Gu\u00eda de centros de la Conselleria<\/a><\/p>\n","protected":false},"excerpt":{"rendered":"<p>\u00a0M\u00e1s informaci\u00f3n en: http:\/\/www.lapurisimaalzira.es\/ \u00a0 INFORMACI\u00d3N DEL CENTRO Direcci\u00f3n CL.\u00a0 RAMBLA, 2 Tel\u00e9fono 96 241 12 39 E-correo lapurisimaalzira@planalfa.es Localidad 46600 &#8211; ALZIRA Titular RR. TERCIARIAS FRANCISCANAS DE LA INMACULADA NIVELES AUTORIZADOS Nivel Educaci\u00f3n Infantil (2) Educaci\u00f3n Primaria E.S.O. (1\/2) Unidades 6 12 8 Plazas 150 300 240 M\u00e1s informaci\u00f3n en: Gu\u00eda de centros de &hellip; <\/p>\n<p class=\"link-more\"><a href=\"https:\/\/alzira.es\/es\/servicios-municipales\/educacion-e-infancia\/centros-educativos-de-alzira\/colegio-la-purisima\/\" class=\"more-link\">Continuar leyendo<span class=\"screen-reader-text\"> \u00abColegio La Pur\u00edsima\u00bb<\/span><\/a><\/p>\n","protected":false},"author":20,"featured_media":0,"parent":2389,"menu_order":0,"comment_status":"closed","ping_status":"closed","template":"","meta":{"_acf_changed":false,"footnotes":""},"class_list":["post-2463","page","type-page","status-publish","hentry"],"acf":[],"_links":{"self":[{"href":"https:\/\/alzira.es\/es\/wp-json\/wp\/v2\/pages\/2463","targetHints":{"allow":["GET"]}}],"collection":[{"href":"https:\/\/alzira.es\/es\/wp-json\/wp\/v2\/pages"}],"about":[{"href":"https:\/\/alzira.es\/es\/wp-json\/wp\/v2\/types\/page"}],"author":[{"embeddable":true,"href":"https:\/\/alzira.es\/es\/wp-json\/wp\/v2\/users\/20"}],"replies":[{"embeddable":true,"href":"https:\/\/alzira.es\/es\/wp-json\/wp\/v2\/comments?post=2463"}],"version-history":[{"count":1,"href":"https:\/\/alzira.es\/es\/wp-json\/wp\/v2\/pages\/2463\/revisions"}],"predecessor-version":[{"id":85387,"href":"https:\/\/alzira.es\/es\/wp-json\/wp\/v2\/pages\/2463\/revisions\/85387"}],"up":[{"embeddable":true,"href":"https:\/\/alzira.es\/es\/wp-json\/wp\/v2\/pages\/2389"}],"wp:attachment":[{"href":"https:\/\/alzira.es\/es\/wp-json\/wp\/v2\/media?parent=2463"}],"curies":[{"name":"wp","href":"https:\/\/api.w.org\/{rel}","templated":true}]}}