{"id":2459,"date":"2009-05-18T15:13:36","date_gmt":"2009-05-18T13:13:36","guid":{"rendered":"https:\/\/alzira.es\/ceip-vicente-blasco-ibanez\/"},"modified":"2021-08-29T17:09:36","modified_gmt":"2021-08-29T15:09:36","slug":"ceip-vicente-blasco-ibanez","status":"publish","type":"page","link":"https:\/\/alzira.es\/es\/servicios-municipales\/educacion-e-infancia\/centros-educativos-de-alzira\/ceip-vicente-blasco-ibanez\/","title":{"rendered":"CEIP Vicente Blasco Ib\u00e1\u00f1ez"},"content":{"rendered":"<p style=\"text-align: center;\"><strong>M\u00e1s informaci\u00f3n en: <\/strong><\/p>\n<p style=\"text-align: center;\"><span style=\"font-size: larger;\"><span style=\"font-family: Arial;\"><a href=\"http:\/\/intercentres.edu.gva.es\/intercentres\/46000651\/\" target=\"_blank\" rel=\"noopener\">http:\/\/intercentres.edu.gva.es\/intercentres\/46000651\/<\/a><\/span><\/span><\/p>\n<p style=\"text-align: center;\">\n<p style=\"text-align: center;\"><img fetchpriority=\"high\" decoding=\"async\" class=\" size-full wp-image-2457\" src=\"https:\/\/alzira.es\/wp-content\/uploads\/2009\/05\/Blasco-Ibanez.jpg\" alt=\"\" width=\"612\" height=\"82\" \/><\/p>\n<p style=\"text-align: center;\">\n<p style=\"text-align: center;\"><span style=\"color: #0000ff;\"><strong>INFORMACI\u00d3N DEL CENTRO<\/strong><\/span><\/p>\n<table style=\"width: 719px; height: 119px; margin-left: auto; margin-right: auto;\" border=\"4\" cellspacing=\"1\" cellpadding=\"1\">\n<tbody>\n<tr>\n<td>\n<p style=\"text-align: center;\"><strong>Direcci\u00f3n<\/strong><\/p>\n<\/td>\n<td>\n<p style=\"text-align: center;\">CL. MAESTRO MOSCARD\u00d3, 34<\/p>\n<\/td>\n<\/tr>\n<tr>\n<td>\n<p style=\"text-align: center;\"><strong>Tel\u00e9fono<\/strong><\/p>\n<\/td>\n<td>\n<p style=\"text-align: center;\">96 245 72 80<\/p>\n<\/td>\n<\/tr>\n<tr>\n<td>\n<p style=\"text-align: center;\"><strong>E-correo<\/strong><\/p>\n<\/td>\n<td>\n<p style=\"text-align: center;\"><a href=\"mailto:46000675@edu.gva.es\">46000651@gva.es<\/a><\/p>\n<\/td>\n<\/tr>\n<tr>\n<td>\n<p style=\"text-align: center;\"><strong>Localidad<\/strong><\/p>\n<\/td>\n<td>\n<p style=\"text-align: center;\">46600 &#8211; ALZIRA<\/p>\n<\/td>\n<\/tr>\n<tr>\n<td>\n<p style=\"text-align: center;\"><strong>Titular<\/strong><\/p>\n<\/td>\n<td>\n<p style=\"text-align: center;\">GENERALITAT VALENCIANA<\/p>\n<\/td>\n<\/tr>\n<\/tbody>\n<\/table>\n<p style=\"text-align: center;\">\n<div align=\"center\"><\/div>\n<div align=\"center\"><span style=\"color: #0000ff;\"><strong>NIVELES AUTORIZADOS<\/strong><\/span><\/div>\n<div align=\"center\"><\/div>\n<div align=\"center\"><\/div>\n<table style=\"width: 722px; height: 75px; margin-left: auto; margin-right: auto;\" border=\"4\" cellspacing=\"1\" cellpadding=\"1\">\n<tbody>\n<tr>\n<td style=\"text-align: center;\"><strong>Nivel<\/strong><\/td>\n<td style=\"text-align: center;\"><strong>Educaci\u00f3n Infantil (2)<\/strong><\/td>\n<td style=\"text-align: center;\"><strong>Educaci\u00f3n Primaria<\/strong><\/td>\n<\/tr>\n<tr>\n<td style=\"text-align: center;\"><strong>Unidades<\/strong><\/td>\n<td style=\"text-align: center;\">6<\/td>\n<td style=\"text-align: center;\">12<\/td>\n<\/tr>\n<tr>\n<td style=\"text-align: center;\"><strong>Plazas<\/strong><\/td>\n<td style=\"text-align: center;\">150<\/td>\n<td style=\"text-align: center;\">300<\/td>\n<\/tr>\n<\/tbody>\n<\/table>\n<div align=\"center\"><\/div>\n<p style=\"text-align: center;\">\n<p style=\"text-align: center;\"><strong>M\u00e1s informaci\u00f3n en: <\/strong><\/p>\n<p style=\"text-align: center;\"><a href=\"http:\/\/aplicaciones.edu.gva.es\/abc\/i_guiadecentros\/val\/centro.asp?codi=46000651\" target=\"_blank\" rel=\"noopener\"> Gu\u00eda de centros de la Conselleria<\/a><\/p>\n<p style=\"text-align: center;\">\n<div align=\"center\"><\/div>\n","protected":false},"excerpt":{"rendered":"<p>M\u00e1s informaci\u00f3n en: http:\/\/intercentres.edu.gva.es\/intercentres\/46000651\/ INFORMACI\u00d3N DEL CENTRO Direcci\u00f3n CL. MAESTRO MOSCARD\u00d3, 34 Tel\u00e9fono 96 245 72 80 E-correo 46000651@gva.es Localidad 46600 &#8211; ALZIRA Titular GENERALITAT VALENCIANA NIVELES AUTORIZADOS Nivel Educaci\u00f3n Infantil (2) Educaci\u00f3n Primaria Unidades 6 12 Plazas 150 300 M\u00e1s informaci\u00f3n en: Gu\u00eda de centros de la Conselleria<\/p>\n","protected":false},"author":20,"featured_media":0,"parent":2389,"menu_order":0,"comment_status":"closed","ping_status":"closed","template":"","meta":{"_acf_changed":false,"footnotes":""},"class_list":["post-2459","page","type-page","status-publish","hentry"],"acf":[],"_links":{"self":[{"href":"https:\/\/alzira.es\/es\/wp-json\/wp\/v2\/pages\/2459","targetHints":{"allow":["GET"]}}],"collection":[{"href":"https:\/\/alzira.es\/es\/wp-json\/wp\/v2\/pages"}],"about":[{"href":"https:\/\/alzira.es\/es\/wp-json\/wp\/v2\/types\/page"}],"author":[{"embeddable":true,"href":"https:\/\/alzira.es\/es\/wp-json\/wp\/v2\/users\/20"}],"replies":[{"embeddable":true,"href":"https:\/\/alzira.es\/es\/wp-json\/wp\/v2\/comments?post=2459"}],"version-history":[{"count":1,"href":"https:\/\/alzira.es\/es\/wp-json\/wp\/v2\/pages\/2459\/revisions"}],"predecessor-version":[{"id":85389,"href":"https:\/\/alzira.es\/es\/wp-json\/wp\/v2\/pages\/2459\/revisions\/85389"}],"up":[{"embeddable":true,"href":"https:\/\/alzira.es\/es\/wp-json\/wp\/v2\/pages\/2389"}],"wp:attachment":[{"href":"https:\/\/alzira.es\/es\/wp-json\/wp\/v2\/media?parent=2459"}],"curies":[{"name":"wp","href":"https:\/\/api.w.org\/{rel}","templated":true}]}}