{"id":2455,"date":"2009-05-18T15:04:44","date_gmt":"2009-05-18T13:04:44","guid":{"rendered":"https:\/\/alzira.es\/ceip-tirant-lo-blanc\/"},"modified":"2021-08-29T17:10:30","modified_gmt":"2021-08-29T15:10:30","slug":"ceip-tirant-lo-blanc","status":"publish","type":"page","link":"https:\/\/alzira.es\/es\/servicios-municipales\/educacion-e-infancia\/centros-educativos-de-alzira\/ceip-tirant-lo-blanc\/","title":{"rendered":"CEIP Tirant Lo Blanc"},"content":{"rendered":"<p style=\"text-align: center;\"><strong><span style=\"font-size: larger;\"><span style=\"font-family: Verdana;\">M\u00e1s informaci\u00f3n en:<\/span><\/span><\/strong><\/p>\n<p style=\"text-align: center;\"><a href=\"http:\/\/mestreacasa.gva.es\/web\/tirantloblancalzira\/1\" target=\"_blank\" rel=\"noopener\"><span style=\"font-size: larger;\"><span style=\"font-family: Verdana;\">\u00a0<\/span><\/span><span style=\"font-size: larger;\"><span style=\"font-family: Verdana;\">http:\/\/mestreacasa.gva.es\/web\/tirantloblancalzira<\/span><\/span><\/a><\/p>\n<p style=\"text-align: center;\">\n<p style=\"text-align: center;\"><img decoding=\"async\" class=\"size-full wp-image-2453 lazyload\" data-src=\"https:\/\/alzira.es\/wp-content\/uploads\/2009\/05\/Tirant-Lo-Blanc.jpg\" alt=\"\" width=\"230\" height=\"169\" src=\"data:image\/svg+xml;base64,PHN2ZyB3aWR0aD0iMSIgaGVpZ2h0PSIxIiB4bWxucz0iaHR0cDovL3d3dy53My5vcmcvMjAwMC9zdmciPjwvc3ZnPg==\" style=\"--smush-placeholder-width: 230px; --smush-placeholder-aspect-ratio: 230\/169;\" \/><\/p>\n<p style=\"text-align: center;\">\n<p style=\"text-align: center;\"><span style=\"color: #0000ff;\"><strong>INFORMACI\u00d3N DEL CENTRO<\/strong><\/span><\/p>\n<table style=\"width: 719px; height: 119px; margin-left: auto; margin-right: auto;\" border=\"4\" cellspacing=\"1\" cellpadding=\"1\">\n<tbody>\n<tr>\n<td>\n<p style=\"text-align: center;\"><strong>Direcci\u00f3n<\/strong><\/p>\n<\/td>\n<td>\n<p style=\"text-align: center;\">CL. CREU ROJA, S\/N<\/p>\n<\/td>\n<\/tr>\n<tr>\n<td>\n<p style=\"text-align: center;\"><strong>Tel\u00e9fono<\/strong><\/p>\n<\/td>\n<td>\n<p style=\"text-align: center;\">96 245 73 55<\/p>\n<\/td>\n<\/tr>\n<tr>\n<td>\n<p style=\"text-align: center;\"><strong>E-correo<\/strong><\/p>\n<\/td>\n<td>\n<p style=\"text-align: center;\"><a href=\"mailto:46000675@edu.gva.es\">46017705@gva.es<\/a><\/p>\n<\/td>\n<\/tr>\n<tr>\n<td>\n<p style=\"text-align: center;\"><strong>Localidad<\/strong><\/p>\n<\/td>\n<td>\n<p style=\"text-align: center;\">46600 &#8211; ALZIRA<\/p>\n<\/td>\n<\/tr>\n<tr>\n<td>\n<p style=\"text-align: center;\"><strong>Titular<\/strong><\/p>\n<\/td>\n<td>\n<p style=\"text-align: center;\">GENERALITAT VALENCIANA<\/p>\n<\/td>\n<\/tr>\n<\/tbody>\n<\/table>\n<p style=\"text-align: center;\">\n<div align=\"center\"><\/div>\n<div align=\"center\"><span style=\"color: #0000ff;\"><strong>NIVELES AUTORIZADOS<\/strong><\/span><\/div>\n<div align=\"center\"><\/div>\n<div align=\"center\"><\/div>\n<table style=\"width: 722px; height: 75px; margin-left: auto; margin-right: auto;\" border=\"4\" cellspacing=\"1\" cellpadding=\"1\">\n<tbody>\n<tr>\n<td style=\"text-align: center;\"><strong>Nivel<\/strong><\/td>\n<td style=\"text-align: center;\"><strong>Educaci\u00f3n Infantil (2)<\/strong><\/td>\n<td style=\"text-align: center;\"><strong>Educaci\u00f3n Primaria<\/strong><\/td>\n<\/tr>\n<tr>\n<td style=\"text-align: center;\"><strong>Unidades<\/strong><\/td>\n<td style=\"text-align: center;\">3<\/td>\n<td style=\"text-align: center;\">6<\/td>\n<\/tr>\n<tr>\n<td style=\"text-align: center;\"><strong>Plazas<\/strong><\/td>\n<td style=\"text-align: center;\">75<\/td>\n<td style=\"text-align: center;\">150<\/td>\n<\/tr>\n<\/tbody>\n<\/table>\n<div align=\"center\"><\/div>\n<p style=\"text-align: center;\">\n<p style=\"text-align: center;\"><strong>M\u00e1s informaci\u00f3n en: <\/strong><\/p>\n<p style=\"text-align: center;\"><a href=\"http:\/\/aplicaciones.edu.gva.es\/abc\/i_guiadecentros\/val\/centro.asp?codi=46017705\" target=\"_blank\" rel=\"noopener\">Gu\u00eda de centros de la Conselleria<\/a><\/p>\n<p style=\"text-align: center;\"><span style=\"font-size: 14.4px;\">\u00a0<\/span><\/p>\n","protected":false},"excerpt":{"rendered":"<p>M\u00e1s informaci\u00f3n en: \u00a0http:\/\/mestreacasa.gva.es\/web\/tirantloblancalzira INFORMACI\u00d3N DEL CENTRO Direcci\u00f3n CL. CREU ROJA, S\/N Tel\u00e9fono 96 245 73 55 E-correo 46017705@gva.es Localidad 46600 &#8211; ALZIRA Titular GENERALITAT VALENCIANA NIVELES AUTORIZADOS Nivel Educaci\u00f3n Infantil (2) Educaci\u00f3n Primaria Unidades 3 6 Plazas 75 150 M\u00e1s informaci\u00f3n en: Gu\u00eda de centros de la Conselleria \u00a0<\/p>\n","protected":false},"author":20,"featured_media":0,"parent":2389,"menu_order":0,"comment_status":"closed","ping_status":"closed","template":"","meta":{"_acf_changed":false,"footnotes":""},"class_list":["post-2455","page","type-page","status-publish","hentry"],"acf":[],"_links":{"self":[{"href":"https:\/\/alzira.es\/es\/wp-json\/wp\/v2\/pages\/2455","targetHints":{"allow":["GET"]}}],"collection":[{"href":"https:\/\/alzira.es\/es\/wp-json\/wp\/v2\/pages"}],"about":[{"href":"https:\/\/alzira.es\/es\/wp-json\/wp\/v2\/types\/page"}],"author":[{"embeddable":true,"href":"https:\/\/alzira.es\/es\/wp-json\/wp\/v2\/users\/20"}],"replies":[{"embeddable":true,"href":"https:\/\/alzira.es\/es\/wp-json\/wp\/v2\/comments?post=2455"}],"version-history":[{"count":1,"href":"https:\/\/alzira.es\/es\/wp-json\/wp\/v2\/pages\/2455\/revisions"}],"predecessor-version":[{"id":85391,"href":"https:\/\/alzira.es\/es\/wp-json\/wp\/v2\/pages\/2455\/revisions\/85391"}],"up":[{"embeddable":true,"href":"https:\/\/alzira.es\/es\/wp-json\/wp\/v2\/pages\/2389"}],"wp:attachment":[{"href":"https:\/\/alzira.es\/es\/wp-json\/wp\/v2\/media?parent=2455"}],"curies":[{"name":"wp","href":"https:\/\/api.w.org\/{rel}","templated":true}]}}