{"id":2449,"date":"2009-05-15T16:26:50","date_gmt":"2009-05-15T14:26:50","guid":{"rendered":"https:\/\/alzira.es\/ceip-lluis-vives\/"},"modified":"2021-08-29T17:11:49","modified_gmt":"2021-08-29T15:11:49","slug":"ceip-lluis-vives","status":"publish","type":"page","link":"https:\/\/alzira.es\/es\/servicios-municipales\/educacion-e-infancia\/centros-educativos-de-alzira\/ceip-lluis-vives\/","title":{"rendered":"CEIP Llu\u00eds Vives"},"content":{"rendered":"<p style=\"text-align: center;\"><strong>M\u00e1s Informaci\u00f3n en:<\/strong><\/p>\n<p style=\"text-align: center;\">\u00a0<a href=\"http:\/\/intercentres.edu.gva.es\/lluis_vives_alzira\/\" target=\"_blank\" rel=\"noopener\">http:\/\/intercentres.edu.gva.es\/lluis_vives_alzira\/<\/a><\/p>\n<p style=\"text-align: center;\"><img fetchpriority=\"high\" decoding=\"async\" width=\"799\" height=\"148\" class=\" size-full wp-image-2447\" style=\"width: 711px; height: 148px;\" src=\"https:\/\/alzira.es\/wp-content\/uploads\/2009\/05\/Lluis-Vives.jpg\" alt=\"\" srcset=\"https:\/\/alzira.es\/wp-content\/uploads\/2009\/05\/Lluis-Vives.jpg 799w, https:\/\/alzira.es\/wp-content\/uploads\/2009\/05\/Lluis-Vives-680x126.jpg 680w, https:\/\/alzira.es\/wp-content\/uploads\/2009\/05\/Lluis-Vives-768x142.jpg 768w\" sizes=\"(max-width: 706px) 89vw, (max-width: 767px) 82vw, 740px\" \/><\/p>\n<p style=\"text-align: center;\">\n<p style=\"text-align: center;\"><span style=\"color: #0000ff;\"><strong>INFORMACI\u00d3N DEL CENTRO<\/strong><\/span><\/p>\n<table style=\"width: 719px; height: 119px; margin-left: auto; margin-right: auto;\" border=\"4\" cellspacing=\"1\" cellpadding=\"1\">\n<tbody>\n<tr>\n<td>\n<p style=\"text-align: center;\"><strong>Direcci\u00f3n<\/strong><\/p>\n<\/td>\n<td>\n<p style=\"text-align: center;\">CL CANONGE BDO. BLASCO CARRERES, S\/N<\/p>\n<\/td>\n<\/tr>\n<tr>\n<td>\n<p style=\"text-align: center;\"><strong>Tel\u00e9fono<\/strong><\/p>\n<\/td>\n<td>\n<p style=\"text-align: center;\">96 245 75 25<\/p>\n<\/td>\n<\/tr>\n<tr>\n<td>\n<p style=\"text-align: center;\"><strong>E-correo<\/strong><\/p>\n<\/td>\n<td>\n<p style=\"text-align: center;\"><a href=\"mailto:46000699@edu.gva.es\">46000729@gva.es<\/a><\/p>\n<\/td>\n<\/tr>\n<tr>\n<td>\n<p style=\"text-align: center;\"><strong>Localidad<\/strong><\/p>\n<\/td>\n<td>\n<p style=\"text-align: center;\">46600 &#8211; ALZIRA<\/p>\n<\/td>\n<\/tr>\n<tr>\n<td>\n<p style=\"text-align: center;\"><strong>Titular<\/strong><\/p>\n<\/td>\n<td>\n<p style=\"text-align: center;\">GENERALITAT VALENCIANA<\/p>\n<\/td>\n<\/tr>\n<\/tbody>\n<\/table>\n<p style=\"text-align: center;\">\n<div align=\"center\"><\/div>\n<div align=\"center\"><span style=\"color: #0000ff;\"><strong>NIVELES AUTORIZADOS<\/strong><\/span><\/div>\n<div align=\"center\"><\/div>\n<div align=\"center\"><\/div>\n<table style=\"width: 722px; height: 75px; margin-left: auto; margin-right: auto;\" border=\"4\" cellspacing=\"1\" cellpadding=\"1\">\n<tbody>\n<tr>\n<td style=\"text-align: center;\"><strong>Nivel<\/strong><\/td>\n<td style=\"text-align: center;\"><strong>Educaci\u00f3n Infantil (2)<\/strong><\/td>\n<td style=\"text-align: center;\"><strong>Educaci\u00f3n Primaria<\/strong><\/td>\n<\/tr>\n<tr>\n<td style=\"text-align: center;\"><strong>Unidades<\/strong><\/td>\n<td style=\"text-align: center;\">6<\/td>\n<td style=\"text-align: center;\">12<\/td>\n<\/tr>\n<tr>\n<td style=\"text-align: center;\"><strong>Plazas<\/strong><\/td>\n<td style=\"text-align: center;\">150<\/td>\n<td style=\"text-align: center;\">325<\/td>\n<\/tr>\n<\/tbody>\n<\/table>\n<div align=\"center\"><\/div>\n<p style=\"text-align: center;\">\n<p style=\"text-align: center;\"><strong>M\u00e1s informaci\u00f3n en: <\/strong><\/p>\n<p style=\"text-align: center;\">\u00a0<a href=\"http:\/\/aplicaciones.edu.gva.es\/abc\/i_guiadecentros\/val\/centro.asp?codi=46000729\" target=\"_blank\" rel=\"noopener\">Gu\u00eda de centros de la Conselleria<\/a><\/p>\n<p style=\"text-align: center;\"><a href=\"http:\/\/www.edu.gva.es\/ocd\/areacd\/val\/centro.asp?codi=46000729\">\u00a0<\/a><\/p>\n<p style=\"text-align: center;\">\n","protected":false},"excerpt":{"rendered":"<p>M\u00e1s Informaci\u00f3n en: \u00a0http:\/\/intercentres.edu.gva.es\/lluis_vives_alzira\/ INFORMACI\u00d3N DEL CENTRO Direcci\u00f3n CL CANONGE BDO. BLASCO CARRERES, S\/N Tel\u00e9fono 96 245 75 25 E-correo 46000729@gva.es Localidad 46600 &#8211; ALZIRA Titular GENERALITAT VALENCIANA NIVELES AUTORIZADOS Nivel Educaci\u00f3n Infantil (2) Educaci\u00f3n Primaria Unidades 6 12 Plazas 150 325 M\u00e1s informaci\u00f3n en: \u00a0Gu\u00eda de centros de la Conselleria \u00a0<\/p>\n","protected":false},"author":20,"featured_media":0,"parent":2389,"menu_order":0,"comment_status":"closed","ping_status":"closed","template":"","meta":{"_acf_changed":false,"footnotes":""},"class_list":["post-2449","page","type-page","status-publish","hentry"],"acf":[],"_links":{"self":[{"href":"https:\/\/alzira.es\/es\/wp-json\/wp\/v2\/pages\/2449","targetHints":{"allow":["GET"]}}],"collection":[{"href":"https:\/\/alzira.es\/es\/wp-json\/wp\/v2\/pages"}],"about":[{"href":"https:\/\/alzira.es\/es\/wp-json\/wp\/v2\/types\/page"}],"author":[{"embeddable":true,"href":"https:\/\/alzira.es\/es\/wp-json\/wp\/v2\/users\/20"}],"replies":[{"embeddable":true,"href":"https:\/\/alzira.es\/es\/wp-json\/wp\/v2\/comments?post=2449"}],"version-history":[{"count":2,"href":"https:\/\/alzira.es\/es\/wp-json\/wp\/v2\/pages\/2449\/revisions"}],"predecessor-version":[{"id":85393,"href":"https:\/\/alzira.es\/es\/wp-json\/wp\/v2\/pages\/2449\/revisions\/85393"}],"up":[{"embeddable":true,"href":"https:\/\/alzira.es\/es\/wp-json\/wp\/v2\/pages\/2389"}],"wp:attachment":[{"href":"https:\/\/alzira.es\/es\/wp-json\/wp\/v2\/media?parent=2449"}],"curies":[{"name":"wp","href":"https:\/\/api.w.org\/{rel}","templated":true}]}}