{"id":2431,"date":"2009-05-15T11:19:52","date_gmt":"2009-05-15T09:19:52","guid":{"rendered":"https:\/\/alzira.es\/ceip-alborxi\/"},"modified":"2021-08-29T17:14:56","modified_gmt":"2021-08-29T15:14:56","slug":"ceip-alborxi","status":"publish","type":"page","link":"https:\/\/alzira.es\/es\/servicios-municipales\/educacion-e-infancia\/centros-educativos-de-alzira\/ceip-alborxi\/","title":{"rendered":"CEIP Alborx\u00ed"},"content":{"rendered":"<p style=\"text-align: center;\"><strong>M\u00e1s informaci\u00f3n en: <\/strong><\/p>\n<p style=\"text-align: center;\">\u00a0<a href=\"http:\/\/www.alborxi.com\/\" target=\"_blank\" rel=\"noopener\">http:\/\/www.alborxi.com\/<\/a><\/p>\n<p style=\"text-align: center;\"><span style=\"font-size: 14.4px;\">\u00a0<\/span><\/p>\n<p style=\"text-align: center;\"><img fetchpriority=\"high\" decoding=\"async\" width=\"779\" height=\"201\" class=\" size-full wp-image-2429\" style=\"width: 656px; height: 249px;\" src=\"https:\/\/alzira.es\/wp-content\/uploads\/2009\/05\/Alborxi.jpg\" alt=\"\" srcset=\"https:\/\/alzira.es\/wp-content\/uploads\/2009\/05\/Alborxi.jpg 779w, https:\/\/alzira.es\/wp-content\/uploads\/2009\/05\/Alborxi-680x175.jpg 680w, https:\/\/alzira.es\/wp-content\/uploads\/2009\/05\/Alborxi-768x198.jpg 768w\" sizes=\"(max-width: 706px) 89vw, (max-width: 767px) 82vw, 740px\" \/><\/p>\n<p style=\"text-align: center;\">\n<p style=\"text-align: center;\"><strong style=\"color: #0000ff; font-size: 14.4px;\">INFORMACI\u00d3N DEL CENTRO<\/strong><\/p>\n<table style=\"width: 719px; height: 119px; margin-left: auto; margin-right: auto;\" border=\"4\" cellspacing=\"1\" cellpadding=\"1\">\n<tbody>\n<tr>\n<td>\n<p style=\"text-align: center;\"><strong>Direcci\u00f3n<\/strong><\/p>\n<\/td>\n<td>\n<p style=\"text-align: center;\">AV. LU\u00cdS S\u00da\u00d1ER, 27<\/p>\n<\/td>\n<\/tr>\n<tr>\n<td>\n<p style=\"text-align: center;\"><strong>Tel\u00e9fono<\/strong><\/p>\n<\/td>\n<td>\n<p style=\"text-align: center;\">96 245 75 15<\/p>\n<\/td>\n<\/tr>\n<tr>\n<td>\n<p style=\"text-align: center;\"><strong>E-correo<\/strong><\/p>\n<\/td>\n<td>\n<p style=\"text-align: center;\"><a href=\"mailto:46000675@edu.gva.es\">46000675@gva.es<\/a><\/p>\n<\/td>\n<\/tr>\n<tr>\n<td>\n<p style=\"text-align: center;\"><strong>Localidad<\/strong><\/p>\n<\/td>\n<td>\n<p style=\"text-align: center;\">46600 &#8211; ALZIRA<\/p>\n<\/td>\n<\/tr>\n<tr>\n<td>\n<p style=\"text-align: center;\"><strong>Titular<\/strong><\/p>\n<\/td>\n<td>\n<p style=\"text-align: center;\">GENERALITAT VALENCIANA<\/p>\n<\/td>\n<\/tr>\n<\/tbody>\n<\/table>\n<p style=\"text-align: center;\">\n<div align=\"center\"><\/div>\n<div align=\"center\"><span style=\"color: #0000ff;\"><strong>NIVELES AUTORIZADOS<\/strong><\/span><\/div>\n<div align=\"center\"><\/div>\n<div align=\"center\"><\/div>\n<table style=\"width: 722px; height: 75px; margin-left: auto; margin-right: auto;\" border=\"4\" cellspacing=\"1\" cellpadding=\"1\">\n<tbody>\n<tr>\n<td style=\"text-align: center;\"><strong>Nivel<\/strong><\/td>\n<td style=\"text-align: center;\"><strong>Educaci\u00f3n Infantil (2)<\/strong><\/td>\n<td style=\"text-align: center;\"><strong>Educaci\u00f3n Primaria<\/strong><\/td>\n<\/tr>\n<tr>\n<td style=\"text-align: center;\"><strong>Unidades<\/strong><\/td>\n<td style=\"text-align: center;\">3<\/td>\n<td style=\"text-align: center;\">6<\/td>\n<\/tr>\n<tr>\n<td style=\"text-align: center;\"><strong>Plazas<\/strong><\/td>\n<td style=\"text-align: center;\">75<\/td>\n<td style=\"text-align: center;\">150<\/td>\n<\/tr>\n<\/tbody>\n<\/table>\n<div align=\"center\"><\/div>\n<p style=\"text-align: center;\">\n<p style=\"text-align: center;\"><strong>M\u00e1s informaci\u00f3n en: <\/strong><\/p>\n<p style=\"text-align: center;\">\u00a0<a href=\"http:\/\/aplicaciones.edu.gva.es\/abc\/i_guiadecentros\/val\/centro.asp?codi=46000675\" target=\"_blank\" rel=\"noopener\">Gu\u00eda de centros de la Conselleria<\/a><\/p>\n<p style=\"text-align: center;\">\n","protected":false},"excerpt":{"rendered":"<p>M\u00e1s informaci\u00f3n en: \u00a0http:\/\/www.alborxi.com\/ \u00a0 INFORMACI\u00d3N DEL CENTRO Direcci\u00f3n AV. LU\u00cdS S\u00da\u00d1ER, 27 Tel\u00e9fono 96 245 75 15 E-correo 46000675@gva.es Localidad 46600 &#8211; ALZIRA Titular GENERALITAT VALENCIANA NIVELES AUTORIZADOS Nivel Educaci\u00f3n Infantil (2) Educaci\u00f3n Primaria Unidades 3 6 Plazas 75 150 M\u00e1s informaci\u00f3n en: \u00a0Gu\u00eda de centros de la Conselleria<\/p>\n","protected":false},"author":20,"featured_media":0,"parent":2389,"menu_order":0,"comment_status":"closed","ping_status":"closed","template":"","meta":{"_acf_changed":false,"footnotes":""},"class_list":["post-2431","page","type-page","status-publish","hentry"],"acf":[],"_links":{"self":[{"href":"https:\/\/alzira.es\/es\/wp-json\/wp\/v2\/pages\/2431","targetHints":{"allow":["GET"]}}],"collection":[{"href":"https:\/\/alzira.es\/es\/wp-json\/wp\/v2\/pages"}],"about":[{"href":"https:\/\/alzira.es\/es\/wp-json\/wp\/v2\/types\/page"}],"author":[{"embeddable":true,"href":"https:\/\/alzira.es\/es\/wp-json\/wp\/v2\/users\/20"}],"replies":[{"embeddable":true,"href":"https:\/\/alzira.es\/es\/wp-json\/wp\/v2\/comments?post=2431"}],"version-history":[{"count":1,"href":"https:\/\/alzira.es\/es\/wp-json\/wp\/v2\/pages\/2431\/revisions"}],"predecessor-version":[{"id":85398,"href":"https:\/\/alzira.es\/es\/wp-json\/wp\/v2\/pages\/2431\/revisions\/85398"}],"up":[{"embeddable":true,"href":"https:\/\/alzira.es\/es\/wp-json\/wp\/v2\/pages\/2389"}],"wp:attachment":[{"href":"https:\/\/alzira.es\/es\/wp-json\/wp\/v2\/media?parent=2431"}],"curies":[{"name":"wp","href":"https:\/\/api.w.org\/{rel}","templated":true}]}}