{"id":24090,"date":"2012-02-14T18:28:32","date_gmt":"2012-02-14T17:28:32","guid":{"rendered":"https:\/\/alzira.es\/enlaces-de-interes-6\/"},"modified":"2021-09-02T02:05:16","modified_gmt":"2021-09-02T00:05:16","slug":"enlaces-de-interes-6","status":"publish","type":"page","link":"https:\/\/alzira.es\/es\/servicios-publicos\/enlaces-de-interes-6\/","title":{"rendered":"Enlaces de inter\u00e9s"},"content":{"rendered":"<p>&nbsp;<\/p>\n<hr>\n<p><img decoding=\"async\" width=\"180\" height=\"149\" class=\"alignleft size-full wp-image-6370 lazyload\" style=\"--smush-placeholder-width: 180px; --smush-placeholder-aspect-ratio: 180\/149;padding-bottom: 5px; padding-left: 5px; padding-right: 25px; float: left; padding-top: 5px;\" data-src=\"https:\/\/alzira.es\/wp-content\/uploads\/2012\/02\/logo_fcc1.gif\" alt=\"FCC\" src=\"data:image\/svg+xml;base64,PHN2ZyB3aWR0aD0iMSIgaGVpZ2h0PSIxIiB4bWxucz0iaHR0cDovL3d3dy53My5vcmcvMjAwMC9zdmciPjwvc3ZnPg==\"><span style=\"font-size: small;\"><strong><span style=\"color: #568bbf;\">FOMENTO DE CONTRUCCIONES Y CONTRATAS, S.A.&nbsp;<\/span><a href=\"\/igualtat\/agenda\/dona.html\"> <\/a> <\/strong> <\/span><\/p>\n<p>Empresa concesionaria del servicio integral de limpieza urbana<\/p>\n<p>C\/ Lisardo Piera, 3 &#8211; 46600 ALZIRA<\/p>\n<p>Tel\u00e9fono: 96 245 51 59 &#8211; Fax: 96 245 54 11.&nbsp;<\/p>\n<hr>\n<p>&nbsp;<\/p>\n<hr>\n<p><img decoding=\"async\" width=\"180\" height=\"149\" class=\"alignleft size-full wp-image-24080 lazyload\" style=\"--smush-placeholder-width: 180px; --smush-placeholder-aspect-ratio: 180\/149;padding-bottom: 5px; padding-left: 5px; padding-right: 25px; float: left; padding-top: 5px;\" data-src=\"https:\/\/alzira.es\/wp-content\/uploads\/2012\/02\/logo_av1.jpg\" alt=\"Aguas de Valencia, S,A.\" src=\"data:image\/svg+xml;base64,PHN2ZyB3aWR0aD0iMSIgaGVpZ2h0PSIxIiB4bWxucz0iaHR0cDovL3d3dy53My5vcmcvMjAwMC9zdmciPjwvc3ZnPg==\"><span style=\"font-size: small;\"><strong><span style=\"color: #568bbf;\">AGUAS DE VALENCIA, S.A.&nbsp;<\/span><a href=\"\/igualtat\/agenda\/dona.html\"> <\/a> <\/strong> <\/span><\/p>\n<p>Empresa concesionaria del servicio de abastecimiento de agua potable y alcantarillado<\/p>\n<p>C\/ Costa, 16 &#8211; 46600 ALZIRA<\/p>\n<p>Tel\u00e9fono: 96 240 37 59 &#8211; Fax: 96 240 02 45.&nbsp;<\/p>\n<hr>\n<p>&nbsp;<\/p>\n<hr>\n<p><img decoding=\"async\" width=\"180\" height=\"149\" class=\"alignleft size-full wp-image-24082 lazyload\" style=\"--smush-placeholder-width: 180px; --smush-placeholder-aspect-ratio: 180\/149;padding-bottom: 5px; padding-left: 5px; padding-right: 25px; float: left; padding-top: 5px;\" data-src=\"https:\/\/alzira.es\/wp-content\/uploads\/2012\/02\/logo_Talher1.jpg\" alt=\"TALHER, S,A.\" src=\"data:image\/svg+xml;base64,PHN2ZyB3aWR0aD0iMSIgaGVpZ2h0PSIxIiB4bWxucz0iaHR0cDovL3d3dy53My5vcmcvMjAwMC9zdmciPjwvc3ZnPg==\"><span style=\"font-size: small;\"><strong><span style=\"color: #568bbf;\">TALHER, S.A.&nbsp;<\/span><a href=\"\/igualtat\/agenda\/dona.html\"> <\/a> <\/strong> <\/span><\/p>\n<p>Empresa concesionaria del servicio de mantenimiento y conservaci\u00f3n de espacios ajardinados<\/p>\n<p>C\/ Salvador Lacasta, 12 &#8211; 46600 ALZIRA<\/p>\n<p>Tel\u00e9fono: 96 245 60 07 &#8211; Fax: 96 241 70 81<\/p>\n<hr>\n<p>&nbsp;&nbsp;<\/p>\n<hr>\n<p><img decoding=\"async\" width=\"180\" height=\"149\" class=\"alignleft size-full wp-image-6352 lazyload\" style=\"--smush-placeholder-width: 180px; --smush-placeholder-aspect-ratio: 180\/149;padding-bottom: 5px; padding-left: 5px; padding-right: 25px; float: left; padding-top: 5px;\" data-src=\"https:\/\/alzira.es\/wp-content\/uploads\/2012\/03\/logo_autocars1.jpg\" alt=\"Autocars Lozano, S.L.\" src=\"data:image\/svg+xml;base64,PHN2ZyB3aWR0aD0iMSIgaGVpZ2h0PSIxIiB4bWxucz0iaHR0cDovL3d3dy53My5vcmcvMjAwMC9zdmciPjwvc3ZnPg==\"><span style=\"font-size: small;\"><strong><span style=\"color: #568bbf;\">AUTOCARS LOZANO, S.L.&nbsp;<\/span><\/strong><\/span><\/p>\n<p>Empresa concesionaria del servicio municipal de transporte p\u00fablico urbano de viajeros<\/p>\n<p>C\/ La Ribera, 9 &#8211; 46740 CARCAIXENT<\/p>\n<p>Tel\u00e9fono y fax: 96 246 70 85<\/p>\n<hr>\n<p>&nbsp;<\/p>\n<hr>\n<p><img decoding=\"async\" width=\"180\" height=\"149\" class=\"alignleft size-full wp-image-24084 lazyload\" style=\"--smush-placeholder-width: 180px; --smush-placeholder-aspect-ratio: 180\/149;padding-bottom: 5px; padding-left: 5px; padding-right: 25px; float: left; padding-top: 5px;\" data-src=\"https:\/\/alzira.es\/wp-content\/uploads\/2012\/02\/Blanco.jpg\" alt=\"ENRIQUE FERRANDIS CARBONELL SL\" src=\"data:image\/svg+xml;base64,PHN2ZyB3aWR0aD0iMSIgaGVpZ2h0PSIxIiB4bWxucz0iaHR0cDovL3d3dy53My5vcmcvMjAwMC9zdmciPjwvc3ZnPg==\"><span style=\"font-size: small;\"><strong><span style=\"color: #568bbf;\">ENRIQUE FERRANDIS CARBONELL, S.L.&nbsp;<\/span><\/strong><\/span><\/p>\n<p>Empresa concesionaria del aparcamiento municipal \u00abLa Constructora\u00bb<\/p>\n<p>Av. Luis Su\u00f1er, 7, entlo. A &#8211;&nbsp; 46600 ALZIRA<\/p>\n<p>Tel\u00e9fono: 96 241 24 58.&nbsp;<\/p>\n<hr>\n<p>&nbsp;<\/p>\n<hr>\n<p><img decoding=\"async\" width=\"180\" height=\"151\" class=\"alignleft size-full wp-image-24086 lazyload\" style=\"--smush-placeholder-width: 180px; --smush-placeholder-aspect-ratio: 180\/151;padding-bottom: 5px; padding-left: 5px; padding-right: 25px; float: left; padding-top: 5px;\" data-src=\"https:\/\/alzira.es\/wp-content\/uploads\/2012\/02\/logo_GestPark.jpg\" alt=\"GESTPARK CONCESIONARIA DE APARCAMIENTOS, S.L.\" src=\"data:image\/svg+xml;base64,PHN2ZyB3aWR0aD0iMSIgaGVpZ2h0PSIxIiB4bWxucz0iaHR0cDovL3d3dy53My5vcmcvMjAwMC9zdmciPjwvc3ZnPg==\"><span style=\"font-size: small;\"><strong><span style=\"color: #568bbf;\">GESTPARK CONCESIONARIA DE APARCAMIENTOS, S.L.&nbsp;<\/span><\/strong><\/span><\/p>\n<p>Empresa concesionaria del aparcamiento sito entre la calle San Vicente Ferrer, plaza Mayor y la calle Teniente Bosc\u00e1<\/p>\n<p style=\"text-align: justify;\">Empresa concesionaria de la gesti\u00f3n del servicio de control de estacionamiento limitado de veh\u00edculos en la v\u00eda p\u00fablica mediante aparatos expendedores de tiquets (ORA)<\/p>\n<p>Pl. Generalitat, s\/n (parking) &#8211; 46600 ALZIRA<\/p>\n<p>&nbsp; &nbsp; &nbsp; &nbsp; &nbsp; &nbsp; &nbsp; &nbsp; &nbsp; &nbsp; &nbsp; &nbsp; &nbsp; &nbsp; &nbsp; &nbsp; &nbsp; &nbsp; &nbsp; &nbsp; &nbsp; &nbsp; &nbsp; &nbsp; &nbsp; &nbsp; Tel\u00e9fono: 96 241 55 77 &#8211; Fax: 96 241 98 82.&nbsp;<\/p>\n<hr>\n<p>&nbsp;<\/p>\n<hr>\n<p><img decoding=\"async\" width=\"180\" height=\"149\" class=\"alignleft size-full wp-image-24088 lazyload\" style=\"--smush-placeholder-width: 180px; --smush-placeholder-aspect-ratio: 180\/149;padding-bottom: 5px; padding-left: 5px; padding-right: 25px; float: left; padding-top: 5px;\" data-src=\"https:\/\/alzira.es\/wp-content\/uploads\/2012\/02\/Pavasal.jpg\" alt=\"PAVASAL EMPRESA CONSTRUCTORA, S.A.\" src=\"data:image\/svg+xml;base64,PHN2ZyB3aWR0aD0iMSIgaGVpZ2h0PSIxIiB4bWxucz0iaHR0cDovL3d3dy53My5vcmcvMjAwMC9zdmciPjwvc3ZnPg==\"><span style=\"font-size: small;\"><strong><span style=\"color: #568bbf;\">PAVASAL EMPRESA CONSTRUCTORA, S.A.&nbsp;<\/span><\/strong><\/span><\/p>\n<p>&nbsp;Empresa concesionaria del aparcamiento subterr\u00e1neo de la Pl. Generalitat.&nbsp;<\/p>\n<p>Pl. Generalitat, s\/n (parking) &#8211; 46600 ALZIRA<\/p>\n<p>Tel\u00e9fono: 96 241 55 77 &#8211; Fax: 96 241 98 82.&nbsp;<\/p>\n<hr>\n<p>&nbsp;<\/p>\n","protected":false},"excerpt":{"rendered":"<p>&nbsp; FOMENTO DE CONTRUCCIONES Y CONTRATAS, S.A.&nbsp; Empresa concesionaria del servicio integral de limpieza urbana C\/ Lisardo Piera, 3 &#8211; 46600 ALZIRA Tel\u00e9fono: 96 245 51 59 &#8211; Fax: 96 245 54 11.&nbsp; &nbsp; AGUAS DE VALENCIA, S.A.&nbsp; Empresa concesionaria del servicio de abastecimiento de agua potable y alcantarillado C\/ Costa, 16 &#8211; 46600 ALZIRA &hellip; <\/p>\n<p class=\"link-more\"><a href=\"https:\/\/alzira.es\/es\/servicios-publicos\/enlaces-de-interes-6\/\" class=\"more-link\">Continuar leyendo<span class=\"screen-reader-text\"> \u00abEnlaces de inter\u00e9s\u00bb<\/span><\/a><\/p>\n","protected":false},"author":12,"featured_media":6370,"parent":6290,"menu_order":0,"comment_status":"closed","ping_status":"closed","template":"","meta":{"_acf_changed":false,"footnotes":""},"class_list":["post-24090","page","type-page","status-publish","has-post-thumbnail","hentry"],"acf":[],"_links":{"self":[{"href":"https:\/\/alzira.es\/es\/wp-json\/wp\/v2\/pages\/24090","targetHints":{"allow":["GET"]}}],"collection":[{"href":"https:\/\/alzira.es\/es\/wp-json\/wp\/v2\/pages"}],"about":[{"href":"https:\/\/alzira.es\/es\/wp-json\/wp\/v2\/types\/page"}],"author":[{"embeddable":true,"href":"https:\/\/alzira.es\/es\/wp-json\/wp\/v2\/users\/12"}],"replies":[{"embeddable":true,"href":"https:\/\/alzira.es\/es\/wp-json\/wp\/v2\/comments?post=24090"}],"version-history":[{"count":1,"href":"https:\/\/alzira.es\/es\/wp-json\/wp\/v2\/pages\/24090\/revisions"}],"predecessor-version":[{"id":88623,"href":"https:\/\/alzira.es\/es\/wp-json\/wp\/v2\/pages\/24090\/revisions\/88623"}],"up":[{"embeddable":true,"href":"https:\/\/alzira.es\/es\/wp-json\/wp\/v2\/pages\/6290"}],"wp:featuredmedia":[{"embeddable":true,"href":"https:\/\/alzira.es\/es\/wp-json\/wp\/v2\/media\/6370"}],"wp:attachment":[{"href":"https:\/\/alzira.es\/es\/wp-json\/wp\/v2\/media?parent=24090"}],"curies":[{"name":"wp","href":"https:\/\/api.w.org\/{rel}","templated":true}]}}