{"id":2399,"date":"2013-04-30T19:26:27","date_gmt":"2013-04-30T17:26:27","guid":{"rendered":"https:\/\/alzira.es\/escolarizacion-eso\/"},"modified":"2021-08-29T12:46:10","modified_gmt":"2021-08-29T10:46:10","slug":"escolarizacion-eso","status":"publish","type":"page","link":"https:\/\/alzira.es\/es\/servicios-municipales\/educacion-e-infancia\/escolarizacion\/escolarizacion-eso\/","title":{"rendered":"Escolarizaci\u00f3n Educaci\u00f3n Secundaria Obligatoria y Bachillerato"},"content":{"rendered":"\n<p><span style=\"font-size: larger;\"><span style=\"font-family: Verdana;\">&nbsp;&nbsp; <\/span><\/span><\/p>\n\n\n\n<p class=\"has-text-align-center\"><span style=\"font-family: arial, helvetica, sans-serif; font-size: 12pt;\"><span style=\"color: #ff0000;\"><strong>El contenido de esta p\u00e1gina web es meramente informativo. La informaci\u00f3n&nbsp;fidedigna est\u00e1 referida en las correspondientes disposiciones legales de la Generalitat Valenciana.&nbsp;&nbsp;&nbsp;&nbsp;<\/strong><\/span>&nbsp; <\/span><\/p>\n\n\n\n<p class=\"has-text-align-center\"><span style=\"font-family: arial, helvetica, sans-serif; font-size: 12pt;\">Este proceso de admisi\u00f3n afecta a los centros p\u00fablicos y centros privados concertados que imparten las ense\u00f1anzas de ESO y Bachillerato.&nbsp;<\/span><\/p>\n\n\n\n<p class=\"has-text-align-center\">&nbsp;<\/p>\n\n\n\n<p class=\"has-text-align-center\"><span style=\"font-size: larger;\"><span style=\"font-family: Verdana;\"><span style=\"font-size: 10pt; font-family: arial, helvetica, sans-serif;\">\u00a0 \u00a0 \u00a0<\/span><\/span><\/span>\u00a0<strong style=\"color: #3366ff; font-family: Verdana; font-size: medium; line-height: 1.6;\">CALENDARIO DE ADMISI\u00d3N CURSO 2021-2022\u00a0<\/strong><\/p>\n\n\n\n<figure class=\"wp-block-table\"><table><tbody><tr><td>Publicaci\u00f3n de las&nbsp;<strong><a href=\"https:\/\/portal.edu.gva.es\/telematricula\/es\/consulta-de-vacantes\/\" target=\"_blank\" rel=\"noreferrer noopener\">vacantes existentes<\/a><\/strong><\/td><td><strong>Hasta el 2 de junio<\/strong><\/td><\/tr><tr><td>Presentaci\u00f3n&nbsp;<strong>telem\u00e1tica&nbsp;de solicitudes<\/strong><\/td><td><strong>Desde las 9.00h&nbsp; del 3 de junio hasta las 23.59h del 14 de junio<\/strong><\/td><\/tr><tr><td><strong>Resultado provisional<\/strong>&nbsp;del procedimiento y consulta individualizada de la puntuaci\u00f3n obtenida.&nbsp;<\/td><td><strong>14 de julio<\/strong><\/td><\/tr><tr><td>Presentaci\u00f3n telem\u00e1tica de&nbsp;<strong>reclamaciones al resultado provisional<\/strong><\/td><td><strong>Desde la publicaci\u00f3n del resultado hasta las 23.59h del 16 de julio<\/strong><\/td><\/tr><tr><td><strong>Resultado definitivo<\/strong>&nbsp;del procedimiento y consulta individualizada de la puntuaci\u00f3n obtenida.&nbsp;<\/td><td><strong>23 de julio<\/strong><\/td><\/tr><tr><td>Presentaci\u00f3n telem\u00e1tica de&nbsp;<strong>reclamaciones al resultado&nbsp; definitivo<\/strong>&nbsp;del procedimiento<\/td><td><strong>Un mes desde la publicaci\u00f3n del resultado definitivo<\/strong><\/td><\/tr><tr><td>Plazo de formalizaci\u00f3n de la matr\u00edcula<\/td><td><strong>Del 26 al 29 de julio<\/strong><\/td><\/tr><tr><td>Plazo de formalizaci\u00f3n de la matr\u00edcula para cubrir las plazas vacantes producidas por renuncia o excedentes<\/td><td><strong>del 1 al 3 de septiembr<\/strong><\/td><\/tr><\/tbody><\/table><\/figure>\n\n\n\n<p><\/p>\n\n\n\n<p><strong>M\u00e1s informaci\u00f3n sobre el proceso de admisi\u00f3n:&nbsp;<\/strong><\/p>\n\n\n\n<div class=\"wp-block-image\"><figure class=\"aligncenter size-medium\"><a href=\"https:\/\/portal.edu.gva.es\/telematricula\/es\/inicio\/\" target=\"_blank\" rel=\"noopener\"><img fetchpriority=\"high\" decoding=\"async\" width=\"680\" height=\"275\" src=\"https:\/\/alzira.es\/wp-content\/uploads\/2021\/08\/imagen-escolarizacion-castellano-680x275.jpg\" alt=\"\" class=\"wp-image-85306\" srcset=\"https:\/\/alzira.es\/wp-content\/uploads\/2021\/08\/imagen-escolarizacion-castellano-680x275.jpg 680w, https:\/\/alzira.es\/wp-content\/uploads\/2021\/08\/imagen-escolarizacion-castellano-768x311.jpg 768w, https:\/\/alzira.es\/wp-content\/uploads\/2021\/08\/imagen-escolarizacion-castellano.jpg 985w\" sizes=\"(max-width: 680px) 100vw, 680px\" \/><\/a><figcaption><a href=\"https:\/\/portal.edu.gva.es\/telematricula\/\">https:\/\/portal.edu.gva.es\/telematricula\/<\/a><\/figcaption><\/figure><\/div>\n\n\n\n<div class=\"wp-block-image\"><figure class=\"aligncenter size-full\"><a href=\"https:\/\/portal.edu.gva.es\/telematricula\/es\/inicio\/\" target=\"_blank\" rel=\"noopener\"><img decoding=\"async\" width=\"716\" height=\"779\" data-src=\"https:\/\/alzira.es\/wp-content\/uploads\/2021\/08\/imagen-escolarizacion-castellano-2.jpg\" alt=\"\" class=\"wp-image-85320 lazyload\" data-srcset=\"https:\/\/alzira.es\/wp-content\/uploads\/2021\/08\/imagen-escolarizacion-castellano-2.jpg 716w, https:\/\/alzira.es\/wp-content\/uploads\/2021\/08\/imagen-escolarizacion-castellano-2-469x510.jpg 469w\" data-sizes=\"(max-width: 716px) 100vw, 716px\" src=\"data:image\/svg+xml;base64,PHN2ZyB3aWR0aD0iMSIgaGVpZ2h0PSIxIiB4bWxucz0iaHR0cDovL3d3dy53My5vcmcvMjAwMC9zdmciPjwvc3ZnPg==\" style=\"--smush-placeholder-width: 716px; --smush-placeholder-aspect-ratio: 716\/779;\" \/><\/a><\/figure><\/div>\n","protected":false},"excerpt":{"rendered":"<p>&nbsp;&nbsp; El contenido de esta p\u00e1gina web es meramente informativo. La informaci\u00f3n&nbsp;fidedigna est\u00e1 referida en las correspondientes disposiciones legales de la Generalitat Valenciana.&nbsp;&nbsp;&nbsp;&nbsp;&nbsp; Este proceso de admisi\u00f3n afecta a los centros p\u00fablicos y centros privados concertados que imparten las ense\u00f1anzas de ESO y Bachillerato.&nbsp; &nbsp; \u00a0 \u00a0 \u00a0\u00a0CALENDARIO DE ADMISI\u00d3N CURSO 2021-2022\u00a0 Publicaci\u00f3n de las&nbsp;vacantes &hellip; <\/p>\n<p class=\"link-more\"><a href=\"https:\/\/alzira.es\/es\/servicios-municipales\/educacion-e-infancia\/escolarizacion\/escolarizacion-eso\/\" class=\"more-link\">Continuar leyendo<span class=\"screen-reader-text\"> \u00abEscolarizaci\u00f3n Educaci\u00f3n Secundaria Obligatoria y Bachillerato\u00bb<\/span><\/a><\/p>\n","protected":false},"author":20,"featured_media":0,"parent":85308,"menu_order":0,"comment_status":"closed","ping_status":"closed","template":"","meta":{"_acf_changed":false,"footnotes":""},"class_list":["post-2399","page","type-page","status-publish","hentry"],"acf":[],"_links":{"self":[{"href":"https:\/\/alzira.es\/es\/wp-json\/wp\/v2\/pages\/2399","targetHints":{"allow":["GET"]}}],"collection":[{"href":"https:\/\/alzira.es\/es\/wp-json\/wp\/v2\/pages"}],"about":[{"href":"https:\/\/alzira.es\/es\/wp-json\/wp\/v2\/types\/page"}],"author":[{"embeddable":true,"href":"https:\/\/alzira.es\/es\/wp-json\/wp\/v2\/users\/20"}],"replies":[{"embeddable":true,"href":"https:\/\/alzira.es\/es\/wp-json\/wp\/v2\/comments?post=2399"}],"version-history":[{"count":0,"href":"https:\/\/alzira.es\/es\/wp-json\/wp\/v2\/pages\/2399\/revisions"}],"up":[{"embeddable":true,"href":"https:\/\/alzira.es\/es\/wp-json\/wp\/v2\/pages\/85308"}],"wp:attachment":[{"href":"https:\/\/alzira.es\/es\/wp-json\/wp\/v2\/media?parent=2399"}],"curies":[{"name":"wp","href":"https:\/\/api.w.org\/{rel}","templated":true}]}}