{"id":23885,"date":"2017-07-06T11:28:14","date_gmt":"2017-07-06T09:28:14","guid":{"rendered":"https:\/\/alzira.es\/celiacos-en-alzira\/"},"modified":"2021-07-23T18:05:41","modified_gmt":"2021-07-23T16:05:41","slug":"celiacos-en-alzira","status":"publish","type":"page","link":"https:\/\/alzira.es\/es\/servicios-municipales\/sanidad\/celiacos-en-alzira\/","title":{"rendered":"Celiacos en Alzira"},"content":{"rendered":"\n<p class=\"has-text-align-center\"><a title=\"Tiendas\" href=\"#tiendas\"><strong style=\"color: #000000; font-size: 14.4px;\"><span style=\"font-size: 20pt; font-family: Arial, sans-serif;\"><strong style=\"font-size: 14.4px; text-align: justify;\"><strong style=\"font-size: 14.4px;\"><span style=\"font-size: 20pt; font-family: Arial, sans-serif;\">\u00bb Tiendas<\/span><\/strong><\/strong><\/span><\/strong><\/a><\/p>\n\n\n\n<p class=\"has-text-align-center\"><a title=\"Restaurantes\" href=\"#restaurantes\"><span style=\"color: #000000;\"><strong><span style=\"font-size: 20pt; font-family: Arial, sans-serif;\"><strong style=\"font-size: 14.4px; text-align: justify;\"><span style=\"font-family: Arial, sans-serif;\"><strong style=\"font-size: 14.4px;\"><span style=\"font-size: 20pt; font-family: Arial, sans-serif;\"><strong style=\"font-size: 14.4px; text-align: center; color: #000000;\"><span style=\"font-size: 20pt; font-family: Arial, sans-serif;\"><strong style=\"font-size: 14.4px; text-align: justify;\"><strong style=\"font-size: 14.4px;\"><span style=\"font-size: 20pt;\">\u00bb&nbsp;<\/span><\/strong><\/strong><\/span><\/strong>Restaurantes<\/span><\/strong><\/span><\/strong><\/span><\/strong><\/span><\/a><\/p>\n\n\n\n<hr class=\"wp-block-separator\"\/>\n\n\n\n<p><strong><span style=\"font-size: 20pt; font-family: Arial, sans-serif; color: red;\"><a name=\"tiendas\"><\/a><strong style=\"font-size: 14.4px; text-align: justify;\"><span style=\"font-size: 18pt; font-family: Arial, sans-serif; color: #d2280b;\">Tiendas sin gluten para celiacos en Alzira<\/span><\/strong><\/span><\/strong><\/p>\n\n\n\n<p><a href=\"http:\/\/www.viajarsingluten.com\/carrealzira.html\"><strong><span style=\"font-family: Arial, sans-serif; color: #151515;\">Carrefour<\/span><\/strong><\/a><\/p>\n\n\n\n<p><span style=\"font-family: Arial, sans-serif; color: #ba5e01;\">902.202.000<\/span><\/p>\n\n\n\n<p><span style=\"font-family: Arial, sans-serif; color: #444444;\">Avda. Dignitat Humana, 2 &#8211; 46600 &#8211; Alzira (Valencia)<\/span><\/p>\n\n\n\n<p><span style=\"font-family: Arial, sans-serif; color: #5079a3;\">Carrefour dispone de una gama de productos espec\u00edficos para cel\u00edacos, elaborados sin gluten. Se trata de alimentos de alta calidad, certificados con la marca de garant\u00eda \u00abControlado por FACE\u00bb perteneciente a la Federaci\u00f3n de Asociaciones de Cel\u00edacos de Espa\u00f1a. Adem\u00e1s, Carrefour comercializa m\u00e1s de 150 productos de marca propia que garantizan la ausencia de gluten. <\/span><\/p>\n\n\n\n<hr class=\"wp-block-separator\"\/>\n\n\n\n<p><strong><span style=\"font-family: Arial, sans-serif;\">Herbolario Navarro Alzira <\/span><\/strong><\/p>\n\n\n\n<p><span style=\"font-family: Arial, sans-serif; color: #ba5e01;\">962.410.770<\/span><\/p>\n\n\n\n<p><span style=\"font-family: Arial, sans-serif;\">c\/ Benito Perez Gald\u00f3s, 29- 46600 Alzira (Valencia)<\/span><\/p>\n\n\n\n<p><span style=\"font-family: Arial, sans-serif; color: #365f91;\">www.herbolarionavarro.es <\/span><\/p>\n\n\n\n<p><span style=\"font-family: Arial, sans-serif; color: #365f91;\">Establecimiento especializado en la venta de productos sin gluten, alimentaci\u00f3n ecol\u00f3gica, diet\u00e9tica y plantas medicinales, alimentaci\u00f3n macrobi\u00f3tica, t\u00e9s, etc. desde 1771.<\/span><\/p>\n\n\n\n<p><span style=\"font-family: Arial, sans-serif; color: #365f91;\">Visita tambi\u00e9n nuestra Tienda On Line www.herbolarionavarro.es<\/span><\/p>\n\n\n\n<hr class=\"wp-block-separator\"\/>\n\n\n\n<p><a href=\"http:\/\/www.viajarsingluten.com\/saucoalzira.html\"><strong><span style=\"font-family: Arial, sans-serif; color: #151515;\">Herborister\u00eda Sauco<\/span><\/strong><\/a><\/p>\n\n\n\n<p><span style=\"font-family: Arial, sans-serif; color: #ba5e01;\">962.415.639<\/span><\/p>\n\n\n\n<p><span style=\"font-family: Arial, sans-serif; color: #444444;\">Reyes Cat\u00f3licos, 91 &#8211; 46600 &#8211; Alzira (Valencia)<\/span><\/p>\n\n\n\n<p><span style=\"font-family: Arial, sans-serif; color: #5079a3;\">Recepci\u00f3n de pedidos frescos todos los martes y viernes a partir de las 17.00 de la tarde. Productos disponibles a diario de la gama sch\u00e4r, airos, Gerbl\u00e9, Sanav\u00ed, beiker, Noglut de Santiveri, etc <\/span><\/p>\n\n\n\n<hr class=\"wp-block-separator\"\/>\n\n\n\n<p><a href=\"http:\/\/www.viajarsingluten.com\/mercblascoibanez.html\"><strong><span style=\"font-family: Arial, sans-serif; color: #151515;\">Mercadona<\/span><\/strong><\/a><\/p>\n\n\n\n<p><span style=\"font-family: Arial, sans-serif; color: #ba5e01;\">962.412.111 &#8211; 900.500.103<\/span><\/p>\n\n\n\n<p><span style=\"font-family: Arial, sans-serif; color: #444444;\">Blasco Ib\u00e1\u00f1ez, 41 &#8211; 46600 &#8211; Alzira (Valencia)<br>Francisco Arbona, 14 &#8211; 46600 &#8211; Alzira (Valencia)<br>Verge de la Murta, s\/n &#8211; 46600 &#8211; Alzira (Valencia)<\/span><\/p>\n\n\n\n<p><span style=\"font-family: Arial, sans-serif; color: #5079a3;\">Mercadona es una cadena de supermercados con capital \u00edntegramente Espa\u00f1ol situados en 46 provincias del pa\u00eds, donde podemos encontrar todo tipo de productos sin gluten, dulces, boller\u00eda, charcuter\u00eda, embutidos, l\u00e1cteos&#8230; <\/span><\/p>\n\n\n\n<p>&nbsp;<\/p>\n\n\n\n<hr class=\"wp-block-separator\"\/>\n\n\n\n<p><span style=\"font-family: Arial, sans-serif; color: #888888;\"><br><a name=\"restaurantes\"><\/a><\/span><strong><span style=\"font-size: 18pt; font-family: Arial, sans-serif; color: #d2280b;\">Restaurantes sin gluten para celiacos en Alzira<\/span><\/strong><\/p>\n\n\n\n<p><\/p>\n\n\n\n<p><a href=\"http:\/\/www.viajarsingluten.com\/restauranteblava.html\"><strong><span style=\"font-family: Arial, sans-serif; color: #151515;\">Hotel Restaurante Casa Blava<\/span><\/strong><\/a><\/p>\n\n\n\n<p><span style=\"font-family: Arial, sans-serif; color: #ba5e01;\">962.417.414 &#8211; 627.032.939<\/span><\/p>\n\n\n\n<p><span style=\"font-family: Arial, sans-serif; color: #444444;\">Avda Adri\u00e1n Campos s\/n &#8211; 46600 &#8211; Alzira (Valencia)<\/span><\/p>\n\n\n\n<p><span style=\"font-family: Arial, sans-serif; color: #5079a3;\">Antigua casa remodelada como hotel y restaurante, es peque\u00f1o y acogedor. La casa es patrimonio de Alzira, donde se basa la Novela de Vicente Blasco Ib\u00e1\u00f1ez \u00bb Entre Naranjos\u00bb. <\/span><\/p>\n\n\n\n<hr class=\"wp-block-separator\"\/>\n\n\n\n<p><a href=\"http:\/\/www.viajarsingluten.com\/mcdonalsalbalat.html\"><strong><span style=\"font-family: Arial, sans-serif; color: #151515;\">Mc Donald\u00b4s<\/span><\/strong><\/a><\/p>\n\n\n\n<p><span style=\"font-family: Arial, sans-serif; color: #ba5e01;\">962.405.100<\/span><\/p>\n\n\n\n<p><span style=\"font-family: Arial, sans-serif; color: #444444;\">Carretera Albalat s\/n &#8211; 46600 &#8211; Alzira (Valencia)<\/span><\/p>\n\n\n\n<p><span style=\"font-family: Arial, sans-serif; color: #5079a3;\">Cadena de hamburgueser\u00edas con establecimientos en toda Espa\u00f1a. Dispone de Hamburguesa sin gluten (con pan incluido) y consumir tambi\u00e9n las patatas normales o deluxe, ya que su proceso de elaboraci\u00f3n es siempre aislado y no hay riesgo de contaminaci\u00f3n cruzada. <\/span><\/p>\n\n\n\n<hr class=\"wp-block-separator\"\/>\n\n\n\n<p><a href=\"http:\/\/www.viajarsingluten.com\/camivell.html\"><strong><span style=\"font-family: Arial, sans-serif; color: #151515;\">Restaurante Cami Vell<\/span><\/strong><\/a><\/p>\n\n\n\n<p><span style=\"font-family: Arial, sans-serif; color: #ba5e01;\">962.412.521<\/span><\/p>\n\n\n\n<p><span style=\"font-family: Arial, sans-serif; color: #444444;\">Col\u00f3n, 51 &#8211; 46600 &#8211; Alzira (Valencia)<\/span><\/p>\n\n\n\n<p><span style=\"font-family: Arial, sans-serif; color: #5079a3;\">Restaurante de cocina Valenciana de Innovacion. Practicamente todos Nuestros platos estan libres de Gluten.<\/span><\/p>\n","protected":false},"excerpt":{"rendered":"<p>\u00bb Tiendas \u00bb&nbsp;Restaurantes Tiendas sin gluten para celiacos en Alzira Carrefour 902.202.000 Avda. Dignitat Humana, 2 &#8211; 46600 &#8211; Alzira (Valencia) Carrefour dispone de una gama de productos espec\u00edficos para cel\u00edacos, elaborados sin gluten. Se trata de alimentos de alta calidad, certificados con la marca de garant\u00eda \u00abControlado por FACE\u00bb perteneciente a la Federaci\u00f3n de &hellip; <\/p>\n<p class=\"link-more\"><a href=\"https:\/\/alzira.es\/es\/servicios-municipales\/sanidad\/celiacos-en-alzira\/\" class=\"more-link\">Continuar leyendo<span class=\"screen-reader-text\"> \u00abCeliacos en Alzira\u00bb<\/span><\/a><\/p>\n","protected":false},"author":29,"featured_media":0,"parent":83083,"menu_order":8,"comment_status":"closed","ping_status":"closed","template":"","meta":{"_acf_changed":false,"footnotes":""},"class_list":["post-23885","page","type-page","status-publish","hentry"],"acf":[],"_links":{"self":[{"href":"https:\/\/alzira.es\/es\/wp-json\/wp\/v2\/pages\/23885","targetHints":{"allow":["GET"]}}],"collection":[{"href":"https:\/\/alzira.es\/es\/wp-json\/wp\/v2\/pages"}],"about":[{"href":"https:\/\/alzira.es\/es\/wp-json\/wp\/v2\/types\/page"}],"author":[{"embeddable":true,"href":"https:\/\/alzira.es\/es\/wp-json\/wp\/v2\/users\/29"}],"replies":[{"embeddable":true,"href":"https:\/\/alzira.es\/es\/wp-json\/wp\/v2\/comments?post=23885"}],"version-history":[{"count":1,"href":"https:\/\/alzira.es\/es\/wp-json\/wp\/v2\/pages\/23885\/revisions"}],"predecessor-version":[{"id":83233,"href":"https:\/\/alzira.es\/es\/wp-json\/wp\/v2\/pages\/23885\/revisions\/83233"}],"up":[{"embeddable":true,"href":"https:\/\/alzira.es\/es\/wp-json\/wp\/v2\/pages\/83083"}],"wp:attachment":[{"href":"https:\/\/alzira.es\/es\/wp-json\/wp\/v2\/media?parent=23885"}],"curies":[{"name":"wp","href":"https:\/\/api.w.org\/{rel}","templated":true}]}}