{"id":23883,"date":"2017-07-06T09:43:57","date_gmt":"2017-07-06T07:43:57","guid":{"rendered":"https:\/\/alzira.es\/campanas-y-charlas\/"},"modified":"2026-02-24T13:10:13","modified_gmt":"2026-02-24T12:10:13","slug":"campanas-y-charlas","status":"publish","type":"page","link":"https:\/\/alzira.es\/es\/servicios-municipales\/sanidad\/campanas-y-charlas\/","title":{"rendered":"Campa\u00f1as y charlas"},"content":{"rendered":"\t\t<div data-elementor-type=\"wp-page\" data-elementor-id=\"23883\" class=\"elementor elementor-23883\">\n\t\t\t\t\t\t<section class=\"elementor-section elementor-top-section elementor-element elementor-element-4419152d elementor-section-boxed elementor-section-height-default elementor-section-height-default\" data-id=\"4419152d\" data-element_type=\"section\">\n\t\t\t\t\t\t<div class=\"elementor-container elementor-column-gap-default\">\n\t\t\t\t\t<div class=\"elementor-column elementor-col-100 elementor-top-column elementor-element elementor-element-44081aa7\" data-id=\"44081aa7\" data-element_type=\"column\">\n\t\t\t<div class=\"elementor-widget-wrap elementor-element-populated\">\n\t\t\t\t\t\t<div class=\"elementor-element elementor-element-7abcbbc elementor-widget elementor-widget-text-editor\" data-id=\"7abcbbc\" data-element_type=\"widget\" data-widget_type=\"text-editor.default\">\n\t\t\t\t<div class=\"elementor-widget-container\">\n\t\t\t\t\t\t\t\t\t<p class=\"text\"><span class=\"TITOLBLANC\"><span style=\"font-size: 20pt; color: #993300; letter-spacing: -0.4pt;\">CAMPA\u00d1AS<\/span><\/span><\/p><p><a class=\"jcepopup\" title=\"Marat\u00f3n de donaci\u00f3n de sangre\" href=\"https:\/\/alzira.es\/wp-content\/uploads\/2024\/09\/cremes-de-residus-vegetals.pdf\" target=\"_blank\" rel=\"noopener\"><span style=\"font-family: Arial, sans-serif;\"><strong>\u00bb<\/strong> Recomendaciones sanitarias en relaci\u00f3n con los riesgos para la salud derivados de las quemas de residuos vegetales.<\/span><\/a><\/p><p>\u00a0<\/p><p><a class=\"jcepopup\" title=\"Marat\u00f3n de donaci\u00f3n de sangre\" href=\"https:\/\/alzira.es\/wp-content\/uploads\/2017\/07\/camp_maraton_dona_sangre.pdf\" target=\"_blank\" rel=\"noopener\"><span style=\"font-family: Arial, sans-serif;\"><strong>\u00bb<\/strong> Marat\u00f3n de donaci\u00f3n de sangre.<\/span><\/a><\/p><p><span style=\"font-family: Arial, sans-serif;\"><strong><span style=\"font-family: Arial, sans-serif; font-size: 14.4px; text-align: justify;\">\u00bb\u00a0<\/span> <\/strong>Concienciaci\u00f3n sobre la tenencia de animales de compa\u00f1\u00eda para los distintos colectivos municipales.<\/span><\/p><p><a class=\"jcepopup\" title=\"No al abandono, no al maltrato, un animal no es un juguete, un animal es una vida\" href=\"https:\/\/alzira.es\/wp-content\/uploads\/2017\/07\/IMG-20171219-WA0016.jpg\" target=\"_blank\" rel=\"noopener\"><span style=\"font-family: Arial, sans-serif;\"><strong><span style=\"font-family: Arial, sans-serif; font-size: 14.4px; text-align: justify;\">\u00bb\u00a0<\/span><\/strong>No al abandono, no al maltrato, un animal no es un juguete, un animal es una vida .<\/span><\/a><\/p><p><a class=\"jcepopup\" title=\"No al abandono, no al maltrato, un animal no es un juguete, un animal es una vida\" href=\"https:\/\/alzira.es\/wp-content\/uploads\/2017\/07\/IMG-20171219-WA0017.jpg\" target=\"_blank\" rel=\"noopener\"><span style=\"font-family: Arial, sans-serif;\"><strong><span style=\"font-family: Arial, sans-serif; font-size: 14.4px; text-align: justify;\">\u00bb\u00a0<\/span><\/strong>Campa\u00f1a abandono de animales Vol. 2.<\/span><\/a><\/p><p><span style=\"font-family: Arial, sans-serif;\"><strong><span style=\"font-family: Arial, sans-serif; font-size: 14.4px; text-align: justify;\">\u00bb\u00a0<\/span> <\/strong>Recomendaciones para hacer frente <a class=\"jcepopup\" title=\"Recomendaciones para hacer frente a la mosca negra\" href=\"https:\/\/alzira.es\/wp-content\/uploads\/2017\/07\/camp_Mosca_negra.pdf\" target=\"_blank\" rel=\"noopener\">a la mosca negra<\/a> y <a class=\"jcepopup\" title=\"Recomendaciones para hacer frente al mosquito tigre\" href=\"https:\/\/alzira.es\/wp-content\/uploads\/2017\/07\/camp_Mosquito_Tigre.pdf\" target=\"_blank\" rel=\"noopener\">el mosquito tigre.<\/a> <\/span><\/p><p><a title=\"Recomendaciones para hacer frente a las cucarachas\" href=\"https:\/\/alzira.es\/wp-content\/uploads\/2017\/07\/camp_cucaracha.pdf\" target=\"_blank\" rel=\"noopener\"><span style=\"font-family: Arial, sans-serif;\"><strong><span style=\"font-family: Arial, sans-serif; font-size: 14.4px; text-align: justify;\">\u00bb\u00a0<\/span><\/strong>Recomendaciones para hacer frente a las cucarachas.<\/span><\/a><\/p><p><a class=\"jcepopup\" title=\"Recomendaciones para hacer frente a los roedores\" href=\"https:\/\/alzira.es\/wp-content\/uploads\/2017\/07\/camp_roedores.pdf\" target=\"_blank\" rel=\"noopener\"><span style=\"font-family: Arial, sans-serif;\"><strong><span style=\"font-family: Arial, sans-serif; font-size: 14.4px; text-align: justify;\">\u00bb\u00a0<\/span><\/strong>Recomendaciones para hacer frente a los roedores.<\/span><\/a><\/p><p><a class=\"jcepopup\" title=\"Recomendaciones para hacer frente a la ola de calor\" href=\"https:\/\/alzira.es\/wp-content\/uploads\/2017\/07\/camp_ola_de_calor.pdf\" target=\"_blank\" rel=\"noopener\"><span style=\"font-family: Arial, sans-serif;\"><strong><span style=\"font-family: Arial, sans-serif; font-size: 14.4px; text-align: justify;\">\u00bb\u00a0<\/span><\/strong>Recomendaciones para hacer frente a la ola de calor<\/span><\/a><\/p><hr class=\"wp-block-separator\" \/><p>\u00a0<span style=\"font-size: 11pt; font-family: Arial, sans-serif;\">El departamento de sanidad tambi\u00e9n organiza cada a\u00f1o actividades relacionadas en materia de promoci\u00f3n de la salud en colaboraci\u00f3n con el Hospital de la Ribera de Alzira, seg\u00fan el siguiente detalle:<\/span><\/p><p class=\"text\"><span class=\"TITOLBLANC\"><span style=\"font-size: 20pt; color: #993300; letter-spacing: -0.4pt;\">CHARLAS DE PROMOCI\u00d3N DE LA SALUD<\/span><\/span><\/p><p><strong><span style=\"font-size: 11pt; line-height: 120%; font-family: Tahoma, sans-serif; color: #993300;\">Concejal\u00eda:<\/span><\/strong><span style=\"font-size: 11pt; line-height: 120%; font-family: Tahoma, sans-serif;\"> Sanidad.<\/span>\u00a0<\/p><p><strong><span style=\"font-size: 11pt; line-height: 120%; font-family: Tahoma, sans-serif; color: #993300; letter-spacing: -0.1pt;\">Con la colaboraci\u00f3n:<\/span><\/strong><span style=\"font-size: 11pt; line-height: 120%; font-family: Tahoma, sans-serif; letter-spacing: -0.1pt;\"> del Departamento de Salud de La Ribera.<\/span>\u00a0<\/p><p><strong><span style=\"font-size: 11pt; line-height: 120%; font-family: Tahoma, sans-serif; color: #993300; letter-spacing: -0.2pt;\">Fecha de realizaci\u00f3n:<\/span><\/strong><span style=\"font-size: 11pt; line-height: 120%; font-family: Tahoma, sans-serif; letter-spacing: -0.2pt;\"> a lo largo del curso escolar.<\/span>\u00a0<\/p><p><strong><span style=\"font-size: 11pt; line-height: 120%; font-family: Tahoma, sans-serif; color: #993300;\">Descripci\u00f3n:<\/span><\/strong><span style=\"font-size: 11pt; line-height: 120%; font-family: Tahoma, sans-serif;\">\u00a0Se trata de un conjunto de charlas impartidas por los profesionales del Hospital de la Ribera de promoci\u00f3n de salud para el municipio, destacando cuatro temas prioritarios dada la repercusi\u00f3n que actualmente tienen en la salud de la poblaci\u00f3n: problemas de alcoholismo, alimentaci\u00f3n saludable en la poblaci\u00f3n infantil, deshabituaci\u00f3n del tabaco y riesgo cardiovascular-diabetes, entre otros muchos temas.<\/span><\/p><p>Tambi\u00e9n el departamento de Sanidad organiza charlas con el Colegio Oficial de Veterinarios de Valencia sobre el cuidado de las mascotas, con la empresa Lok\u00edmica S.A, sobre la mosca negra y el mosquito tigre, con la empresa Caryosa Hygienic Solutions S.L, sobre el uso de los desfibriladores, cursos de socializaci\u00f3n canina al medio urbano, charlas informativas y pruebas m\u00e9dicas \u00abRuta de la Salud\u00bb, charlas sobre primeros auxilios caninos con la colaboraci\u00f3n de la Asociaci\u00f3n de Defensa de Animales y Plantas (Decana), Red de Ciudades Saludables: charla sobre Alzira se alimenta de salud y prevenci\u00f3n de caidas en personas mayores, asi como las charlas organizadas en la semana de la salud.<\/p><p><strong><span style=\"font-size: 11pt; line-height: 120%; font-family: Tahoma, sans-serif; color: #993300;\">Destinado:<\/span><\/strong><span style=\"font-size: 11pt; line-height: 120%; font-family: Tahoma, sans-serif;\"> a la poblaci\u00f3n en general y a la comunidad educativa en particular.<\/span>\u00a0<\/p><p><span style=\"text-decoration: underline;\"><span style=\"font-size: 11pt; font-family: Arial, sans-serif;\">INFORMACI\u00d3N Y CONTACTO:<\/span><\/span><\/p><p><strong><span style=\"font-size: 11pt; line-height: 120%; font-family: Arial, sans-serif; color: #993300;\">Departamento o servicio que coordina:<\/span><\/strong><span style=\"font-size: 11pt; line-height: 120%; font-family: Arial, sans-serif;\"> Departamento de Sanidad.<\/span>\u00a0<\/p><p><strong><span style=\"font-size: 11pt; line-height: 120%; font-family: Arial, sans-serif; color: #993300;\">Responsable:<\/span><\/strong><span style=\"font-size: 11pt; line-height: 120%; font-family: Arial, sans-serif;\"> Alfons Dom\u00ednguez Gento, Alcalde-Presidente del Excmo. Ayuntamiento de Alzira.<\/span>\u00a0<\/p><p><strong><span style=\"font-size: 11pt; line-height: 120%; font-family: Arial, sans-serif; color: #993300;\">Direcci\u00f3n:<\/span><\/strong><span style=\"font-size: 11pt; line-height: 120%; font-family: Arial, sans-serif;\"> c\/ Sant Roc, n\u00ba 10, 46600, Alzira.<\/span><\/p><p><strong style=\"font-size: 14.4px;\"><span style=\"font-size: 11pt; line-height: 120%; font-family: Arial, sans-serif; color: #993300;\">Tel\u00e9fono:<\/span><\/strong><span style=\"font-size: 11pt; line-height: 120%; font-family: Arial, sans-serif;\"> 96 245 92 81, ext 281,772,299,716.<br \/><\/span><strong><span style=\"font-size: 11pt; line-height: 200%; font-family: Arial, sans-serif; color: #993300;\">Direcci\u00f3n electr\u00f3nica:\u00a0<\/span><\/strong><em><a href=\"mailto:sanitat@alzira.es\"><span style=\"font-size: 11pt; line-height: 200%; font-family: Arial, sans-serif;\">sanitat@alzira.es<\/span><\/a><\/em><\/p>\t\t\t\t\t\t\t\t<\/div>\n\t\t\t\t<\/div>\n\t\t\t\t\t<\/div>\n\t\t<\/div>\n\t\t\t\t\t<\/div>\n\t\t<\/section>\n\t\t\t\t<\/div>\n\t\t","protected":false},"excerpt":{"rendered":"<p>CAMPA\u00d1AS \u00bb Recomendaciones sanitarias en relaci\u00f3n con los riesgos para la salud derivados de las quemas de residuos vegetales. \u00a0 \u00bb Marat\u00f3n de donaci\u00f3n de sangre. \u00bb\u00a0 Concienciaci\u00f3n sobre la tenencia de animales de compa\u00f1\u00eda para los distintos colectivos municipales. \u00bb\u00a0No al abandono, no al maltrato, un animal no es un juguete, un animal es &hellip; <\/p>\n<p class=\"link-more\"><a href=\"https:\/\/alzira.es\/es\/servicios-municipales\/sanidad\/campanas-y-charlas\/\" class=\"more-link\">Continuar leyendo<span class=\"screen-reader-text\"> \u00abCampa\u00f1as y charlas\u00bb<\/span><\/a><\/p>\n","protected":false},"author":29,"featured_media":0,"parent":83083,"menu_order":9,"comment_status":"closed","ping_status":"closed","template":"","meta":{"_acf_changed":false,"footnotes":""},"class_list":["post-23883","page","type-page","status-publish","hentry"],"acf":[],"_links":{"self":[{"href":"https:\/\/alzira.es\/es\/wp-json\/wp\/v2\/pages\/23883","targetHints":{"allow":["GET"]}}],"collection":[{"href":"https:\/\/alzira.es\/es\/wp-json\/wp\/v2\/pages"}],"about":[{"href":"https:\/\/alzira.es\/es\/wp-json\/wp\/v2\/types\/page"}],"author":[{"embeddable":true,"href":"https:\/\/alzira.es\/es\/wp-json\/wp\/v2\/users\/29"}],"replies":[{"embeddable":true,"href":"https:\/\/alzira.es\/es\/wp-json\/wp\/v2\/comments?post=23883"}],"version-history":[{"count":2,"href":"https:\/\/alzira.es\/es\/wp-json\/wp\/v2\/pages\/23883\/revisions"}],"predecessor-version":[{"id":168209,"href":"https:\/\/alzira.es\/es\/wp-json\/wp\/v2\/pages\/23883\/revisions\/168209"}],"up":[{"embeddable":true,"href":"https:\/\/alzira.es\/es\/wp-json\/wp\/v2\/pages\/83083"}],"wp:attachment":[{"href":"https:\/\/alzira.es\/es\/wp-json\/wp\/v2\/media?parent=23883"}],"curies":[{"name":"wp","href":"https:\/\/api.w.org\/{rel}","templated":true}]}}