{"id":23863,"date":"2017-07-06T09:12:11","date_gmt":"2017-07-06T07:12:11","guid":{"rendered":"https:\/\/alzira.es\/convenios-de-colaboracion\/"},"modified":"2026-02-05T18:06:49","modified_gmt":"2026-02-05T17:06:49","slug":"info-salud-publica","status":"publish","type":"page","link":"https:\/\/alzira.es\/es\/servicios-municipales\/sanidad\/info-salud-publica\/","title":{"rendered":"Informaci\u00f3n Salud P\u00fablica de Inter\u00e9s"},"content":{"rendered":"\n<div class=\"wp-block-buttons is-layout-flex wp-block-buttons-is-layout-flex\">\n<div class=\"wp-block-button has-custom-width wp-block-button__width-100 is-style-outline is-style-outline--1\"><a class=\"wp-block-button__link has-medium-font-size has-custom-font-size wp-element-button\" href=\"https:\/\/alzira.es\/wp-content\/uploads\/2026\/02\/MenoshumoMasSalud_CSP_20260203.pdf\" target=\"_blank\" rel=\"noreferrer noopener\">Informaci\u00f3n referente a las estufas y chimeneas de le\u00f1a y la calidad de los ambientes interiores<\/a><\/div>\n\n\n\n<div class=\"wp-block-button has-custom-width wp-block-button__width-100 is-style-outline is-style-outline--2\"><a class=\"wp-block-button__link has-medium-font-size has-custom-font-size wp-element-button\" href=\"https:\/\/alzira.es\/wp-content\/uploads\/2025\/12\/renova-l-aire.pdf\" target=\"_blank\" rel=\"noreferrer noopener\">Renueva el aire, protege tu salud<\/a><\/div>\n\n\n\n<div class=\"wp-block-button has-custom-width wp-block-button__width-100 is-style-outline is-style-outline--3\"><a class=\"wp-block-button__link has-medium-font-size has-custom-font-size wp-element-button\" href=\"https:\/\/alzira.es\/wp-content\/uploads\/2025\/07\/protege-tu-salud.pdf\" target=\"_blank\" rel=\"noreferrer noopener\">Protege tu salud, conoce la calidad del aire que respiras<\/a><\/div>\n\n\n\n<div class=\"wp-block-button has-custom-width wp-block-button__width-100 is-style-outline is-style-outline--4\"><a class=\"wp-block-button__link has-medium-font-size has-custom-font-size wp-element-button\" href=\"https:\/\/alzira.es\/wp-content\/uploads\/2025\/07\/ozono-troposferico.pdf\" target=\"_blank\" rel=\"noreferrer noopener\">\u00bfQu\u00e9 es el Ozono Troposf\u00e9rico, O3?<\/a><\/div>\n\n\n\n<div class=\"wp-block-button has-custom-width wp-block-button__width-100 is-style-outline is-style-outline--5\"><a class=\"wp-block-button__link has-medium-font-size has-custom-font-size wp-element-button\" href=\"https:\/\/alzira.es\/wp-content\/uploads\/2025\/07\/avis-altes-temperatures_20250703.pdf\" target=\"_blank\" rel=\"noreferrer noopener\">Comunicaci\u00f3n de Nivel de Riesgo PARA LA SALUD por Altas Temperaturas (Predicci\u00f3n para el d\u00eda 03\/07\/2025)<\/a><\/div>\n\n\n\n<div class=\"wp-block-button has-custom-width wp-block-button__width-100 is-style-outline is-style-outline--6\"><a class=\"wp-block-button__link has-medium-font-size has-custom-font-size wp-element-button\" href=\"https:\/\/alzira.es\/wp-content\/uploads\/2025\/06\/avis-altes-temperatures.pdf\" target=\"_blank\" rel=\"noreferrer noopener\">AVISO ALTAS TEMPERATURAS (Predicciones para el d\u00eda 19\/06\/2025)<\/a><\/div>\n\n\n\n<div class=\"wp-block-button has-custom-width wp-block-button__width-100 is-style-outline is-style-outline--7\"><a class=\"wp-block-button__link has-medium-font-size has-custom-font-size wp-element-button\" href=\"https:\/\/alzira.es\/es\/servicios-municipales\/sanidad\/prevencio-altes-temperatures-estiu-2025\/\">Prevenci\u00f3n Altas temperaturas Verano 2025<\/a><\/div>\n\n\n\n<div class=\"wp-block-button has-custom-width wp-block-button__width-100 is-style-outline is-style-outline--8\"><a class=\"wp-block-button__link has-medium-font-size has-custom-font-size wp-element-button\" href=\"https:\/\/alzira.es\/wp-content\/uploads\/2025\/01\/calendari-de-vacunacions.pdf\" target=\"_blank\" rel=\"noreferrer noopener\">Calendario de vacunaciones<\/a><\/div>\n\n\n\n<div class=\"wp-block-button has-custom-width wp-block-button__width-100 is-style-outline is-style-outline--9\"><a class=\"wp-block-button__link has-medium-font-size has-custom-font-size wp-element-button\" href=\"https:\/\/alzira.es\/wp-content\/uploads\/2025\/01\/infeccions-respiratories-agudes.jpg\" target=\"_blank\" rel=\"noreferrer noopener\">Recomendaciones para la prevenci\u00f3n de las infecciones respiratorias agudas<\/a><\/div>\n\n\n\n<div class=\"wp-block-button has-custom-width wp-block-button__width-100 is-style-outline is-style-outline--10\"><a class=\"wp-block-button__link has-medium-font-size has-custom-font-size wp-element-button\" href=\"https:\/\/alzira.es\/wp-content\/uploads\/2024\/11\/DOC-Recomanacions-de-salut-publica-VAL.pdf\" target=\"_blank\" rel=\"noreferrer noopener\">Recomendaciones de Salud P\u00fablica despu\u00e9s de una inundaci\u00f3n<\/a><\/div>\n\n\n\n<div class=\"wp-block-button has-custom-width wp-block-button__width-100 is-style-outline is-style-outline--11\"><a class=\"wp-block-button__link has-medium-font-size has-custom-font-size wp-element-button\" href=\"https:\/\/alzira.es\/wp-content\/uploads\/2024\/11\/RECOMENDACIONES-DE-PROTECCION-FRENTE-A-LA-LEPTOSPIROSIS-PARA-LA-POBLACION-2.pdf\" target=\"_blank\" rel=\"noreferrer noopener\">Recomendaciones de protecci\u00f3n frente a la leptospirosis para la poblaci\u00f3n<\/a><\/div>\n\n\n\n<div class=\"wp-block-button has-custom-width wp-block-button__width-100 is-style-outline is-style-outline--12\"><a class=\"wp-block-button__link has-medium-font-size has-custom-font-size wp-element-button\" href=\"https:\/\/alzira.es\/es\/alzira-participa-de-la-i-jornada-descoles-promotores-de-salut\/\">I Jornada de Escuelas Promotoras de Salud<\/a><\/div>\n\n\n\n<div class=\"wp-block-button has-custom-width wp-block-button__width-100 is-style-outline is-style-outline--13\"><a class=\"wp-block-button__link has-medium-font-size has-custom-font-size wp-element-button\" href=\"https:\/\/alzira.es\/wp-content\/uploads\/2024\/11\/calidad-del-aire.pdf\" target=\"_blank\" rel=\"noreferrer noopener\">Recomendaciones relativas a la calidad del aire relacionadas con las part\u00edculas en suspensi\u00f3n en la zona DANA<\/a><\/div>\n\n\n\n<div class=\"wp-block-button has-custom-width wp-block-button__width-100 is-style-outline is-style-outline--14\"><a class=\"wp-block-button__link has-medium-font-size has-custom-font-size wp-element-button\" href=\"https:\/\/alzira.es\/wp-content\/uploads\/2024\/11\/legio-cast.pdf\" target=\"_blank\" rel=\"noreferrer noopener\">Recomendaciones frente a la legionelosis en las \u00e1reas afectadas por la DANA<\/a><\/div>\n\n\n\n<div class=\"wp-block-button has-custom-width wp-block-button__width-100 is-style-outline is-style-outline--15\"><a class=\"wp-block-button__link has-medium-font-size has-custom-font-size wp-element-button\" href=\"https:\/\/alzira.es\/wp-content\/uploads\/2024\/11\/at-piscologica.pdf\" target=\"_blank\" rel=\"noreferrer noopener\">Puntos de asistencia psicol\u00f3gica de la Conselleria de Sanidad por la DANA<\/a><\/div>\n<\/div>\n","protected":false},"excerpt":{"rendered":"","protected":false},"author":29,"featured_media":0,"parent":83083,"menu_order":12,"comment_status":"closed","ping_status":"closed","template":"","meta":{"_acf_changed":false,"footnotes":""},"class_list":["post-23863","page","type-page","status-publish","hentry"],"acf":[],"_links":{"self":[{"href":"https:\/\/alzira.es\/es\/wp-json\/wp\/v2\/pages\/23863","targetHints":{"allow":["GET"]}}],"collection":[{"href":"https:\/\/alzira.es\/es\/wp-json\/wp\/v2\/pages"}],"about":[{"href":"https:\/\/alzira.es\/es\/wp-json\/wp\/v2\/types\/page"}],"author":[{"embeddable":true,"href":"https:\/\/alzira.es\/es\/wp-json\/wp\/v2\/users\/29"}],"replies":[{"embeddable":true,"href":"https:\/\/alzira.es\/es\/wp-json\/wp\/v2\/comments?post=23863"}],"version-history":[{"count":1,"href":"https:\/\/alzira.es\/es\/wp-json\/wp\/v2\/pages\/23863\/revisions"}],"predecessor-version":[{"id":167673,"href":"https:\/\/alzira.es\/es\/wp-json\/wp\/v2\/pages\/23863\/revisions\/167673"}],"up":[{"embeddable":true,"href":"https:\/\/alzira.es\/es\/wp-json\/wp\/v2\/pages\/83083"}],"wp:attachment":[{"href":"https:\/\/alzira.es\/es\/wp-json\/wp\/v2\/media?parent=23863"}],"curies":[{"name":"wp","href":"https:\/\/api.w.org\/{rel}","templated":true}]}}