{"id":2383,"date":"2009-04-27T20:14:24","date_gmt":"2009-04-27T18:14:24","guid":{"rendered":"https:\/\/alzira.es\/escolarizacion\/"},"modified":"2021-09-01T21:04:11","modified_gmt":"2021-09-01T19:04:11","slug":"normativa-escolarizacion","status":"publish","type":"page","link":"https:\/\/alzira.es\/es\/servicios-municipales\/normativa-escolarizacion\/","title":{"rendered":"Normativa Escolarizaci\u00f3n"},"content":{"rendered":"<p style=\"text-align: justify;\"><span style=\"font-size: 10pt; font-family: arial, helvetica, sans-serif;\">&nbsp;<\/span><\/p>\n<p style=\"text-align: justify;\"><strong style=\"color: #0000ff; font-family: arial, helvetica, sans-serif; font-size: 10pt; line-height: 1.6;\">NORMATIVA:<\/strong><\/p>\n<p style=\"text-align: justify;\"><span style=\"font-family: arial, helvetica, sans-serif; font-size: 12pt; line-height: 1.6; color: #000000;\">La admisi\u00f3n del alumnado en los centros docentes de la Comunidad Valenciana p\u00fablicos y privados concertados, est\u00e1 regulada por:<\/span><\/p>\n<p style=\"text-align: justify;\"><span style=\"color: #000000;\"><span style=\"font-family: arial, helvetica, sans-serif; font-size: 10pt; line-height: 1.6;\"><\/span><span style=\"font-family: Arial, sans-serif;\">&nbsp; &nbsp; &nbsp;<a href=\"https:\/\/alzira.es\/wp-content\/uploads\/2009\/04\/dECRET-40_2016-DE-15-DABRIL-REGULA-ADMISSIO.pdf\" target=\"_blank\" rel=\"noopener\"><span style=\"color: #000000;\">&#8211; DECRETO 40\/2016, de 15 de abril, del Consell, por el que se regula la admisi\u00f3n en los centros docentes p\u00fablicos y privados concertados que imparten ense\u00f1anzas de Educaci\u00f3n Infantil, Educaci\u00f3n Primaria, Educaci\u00f3n Secundaria Obligatoria y Bachillerato.<\/span><\/a><\/span><\/span><\/p>\n<p style=\"text-align: justify;\"><span style=\"color: #000000;\">&nbsp;<span style=\"font-family: Arial, sans-serif;\">&nbsp; &nbsp; &nbsp;<a href=\"https:\/\/alzira.es\/wp-content\/uploads\/2009\/04\/Ordre-7_2016-de-19-dabril-regula-el-procediment-dadmissio.pdf\" target=\"_blank\" rel=\"noopener\"><span style=\"color: #000000;\">&#8211; ORDEN 7\/2016, de 19 de abril, de la Conselleria de Educaci\u00f3n, Investigaci\u00f3n, Cultura y Deporte, por la que se regula el procedimiento de admisi\u00f3n del alumnado en los centros docentes sostenidos con fondos p\u00fablicos de la Comunitat Valenciana que imparten ense\u00f1anzas de Educaci\u00f3n Infantil, Educaci\u00f3n Primaria, Educaci\u00f3n Secundaria Obligatoria y Bachillerato.<\/span><\/a><\/span><\/span><\/p>\n<p style=\"text-align: justify;\"><span style=\"color: #000000;\">&nbsp;<span style=\"font-family: Arial, sans-serif;\">&nbsp;<a href=\"https:\/\/alzira.es\/wp-content\/uploads\/2009\/04\/Resolucion-26-de-marzo-de-2019.pdf\" target=\"_blank\" rel=\"noopener\"><span style=\"color: #000000;\"> &nbsp; &nbsp;&#8211;&nbsp;RESOLUCI\u00d3N de 26 de marzo de 2019, del director general de Centros y Personal Docente, por la que se establecen determinados procedimientos y se modifican los anexos de la Orden 7\/2016, de 19 de abril, de la Conselleria de Educaci\u00f3n, Investigaci\u00f3n, Cultura y Deporte, por la que se regula el procedimiento de admisi\u00f3n del alumnado en los centros docentes sostenidos con fondos p\u00fablicos de la Comunitat Valenciana que imparten ense\u00f1anzas de Educaci\u00f3n Infantil, Educaci\u00f3n Primaria, Educaci\u00f3n Secundaria Obligatoria y Bachillerato.<\/span><\/a><\/span><\/span><\/p>\n<p style=\"text-align: justify;\"><span style=\"font-family: Arial, sans-serif; color: #000000;\"><span style=\"text-align: justify; font-family: Arial, sans-serif;\">&nbsp;<a href=\"https:\/\/alzira.es\/wp-content\/uploads\/2009\/04\/Ordre_5-2020_de_31_de_marc.pdf\" target=\"_blank\" rel=\"noopener\"> &nbsp; &nbsp;<span style=\"color: #000000;\">&#8211; ORDEN 5\/2020, de 31 de marzo,<\/span>de la Conselleria de Educaci\u00f3n, Cultura y Deporte, de modificaci\u00f3n de la Orden 7\/2016, de 19 de abril, de la Conselleria de Educaci\u00f3n, Investigaci\u00f3n, Cultura y Deporte, por la que se regula el procedimiento de admisi\u00f3n del alumnado en los centros docentes sostenidos con fondos p\u00fablicos de la Comunitat Valenciana que imparten ense\u00f1anzas de Educaci\u00f3n Infantil, Educaci\u00f3n Primaria, Educaci\u00f3n Secundaria Obligatoria y Bachillerato.<\/a><\/span><\/span><\/p>\n<p style=\"text-align: justify;\"><span style=\"font-family: Arial, sans-serif; color: #000000;\"><span style=\"font-family: Arial, sans-serif; text-align: justify;\">&nbsp; &nbsp; &nbsp;<\/span><a href=\"https:\/\/alzira.es\/wp-content\/uploads\/2009\/04\/Decret_35-2020_de_13_de_marc.pdf\" target=\"_blank\" rel=\"noopener\">&#8211; DECRETO 35\/2020, de 13 de marzo, del Consell, de modificaci\u00f3n del DECRETO 40\/2016, de 15 de abril, del Consell, por el que se regula la admisi\u00f3n en los centros docentes p\u00fablicos y privados concertados que imparten ense\u00f1anzas de Educaci\u00f3n Infantil, Educaci\u00f3n Primaria, Educaci\u00f3n Secundaria Obligatoria y Bachillerato.&nbsp; &nbsp;<\/a><\/span><\/p>\n<p style=\"text-align: justify;\"><span style=\"font-family: Arial, sans-serif; color: #000000;\"><span style=\"font-family: Arial, sans-serif; text-align: justify;\">&nbsp; &nbsp; &nbsp;<\/span><a href=\"https:\/\/alzira.es\/wp-content\/uploads\/2009\/04\/Decreto_Ley_2-2020_de_3_de_abril.pdf\" target=\"_blank\" rel=\"noopener\"><span style=\"color: #000000;\">&#8211; DECRETO LEY 2\/2020, de 3 <\/span>de<span style=\"color: #000000;\"> abril, de medidas urgentes, en el \u00e1mbito de la educaci\u00f3n, de la cultura y del deporte, para paliar los efectos de la emergencia sanitaria provocada por la Covid-19.&nbsp;<\/span><\/a><\/span><\/p>\n<ul>\n<li style=\"text-align: center;\">\n<ul>\n<li style=\"text-align: center;\"><span style=\"color: #000000;\">&nbsp;<\/span><\/li>\n<\/ul>\n<\/li>\n<\/ul>\n<p style=\"text-align: center;\"><img decoding=\"async\" width=\"167\" height=\"48\" class=\"size-full wp-image-2369 lazyload\" data-src=\"https:\/\/alzira.es\/wp-content\/uploads\/2009\/04\/admision_alumnado-Conselleria.jpg\" alt=\"admision alumnado Conselleria\" src=\"data:image\/svg+xml;base64,PHN2ZyB3aWR0aD0iMSIgaGVpZ2h0PSIxIiB4bWxucz0iaHR0cDovL3d3dy53My5vcmcvMjAwMC9zdmciPjwvc3ZnPg==\" style=\"--smush-placeholder-width: 167px; --smush-placeholder-aspect-ratio: 167\/48;\">&nbsp;<\/p>\n<p style=\"text-align: center;\"><a href=\"http:\/\/www.ceice.gva.es\/es\/web\/admision-alumnado\/normativa\" target=\"_blank\" rel=\"noopener\">Enlace a la Conselleria d&#8217;Educaci\u00f3<\/a><\/p>\n<p style=\"text-align: center;\">&nbsp;<\/p>\n<p style=\"text-align: center;\">&nbsp;<\/p>\n<p style=\"text-align: center;\">&nbsp;<\/p>\n<p style=\"text-align: center;\"><span style=\"color: #3366ff;\"><strong><span style=\"font-size: larger;\"><span style=\"font-family: Verdana;\">&nbsp;<\/span><\/span><\/strong><\/span><\/p>\n<p>&nbsp;<\/p>\n<p>&nbsp;<\/p>\n<p style=\"text-align: justify;\"><span style=\"font-family: Verdana;\">&nbsp;<\/span><\/p>\n<p style=\"text-align: justify;\">&nbsp;<\/p>\n","protected":false},"excerpt":{"rendered":"<p>&nbsp; NORMATIVA: La admisi\u00f3n del alumnado en los centros docentes de la Comunidad Valenciana p\u00fablicos y privados concertados, est\u00e1 regulada por: &nbsp; &nbsp; &nbsp;&#8211; DECRETO 40\/2016, de 15 de abril, del Consell, por el que se regula la admisi\u00f3n en los centros docentes p\u00fablicos y privados concertados que imparten ense\u00f1anzas de Educaci\u00f3n Infantil, Educaci\u00f3n Primaria, &hellip; <\/p>\n<p class=\"link-more\"><a href=\"https:\/\/alzira.es\/es\/servicios-municipales\/normativa-escolarizacion\/\" class=\"more-link\">Continuar leyendo<span class=\"screen-reader-text\"> \u00abNormativa Escolarizaci\u00f3n\u00bb<\/span><\/a><\/p>\n","protected":false},"author":20,"featured_media":2369,"parent":60847,"menu_order":13,"comment_status":"closed","ping_status":"closed","template":"","meta":{"_acf_changed":false,"footnotes":""},"class_list":["post-2383","page","type-page","status-publish","has-post-thumbnail","hentry"],"acf":[],"_links":{"self":[{"href":"https:\/\/alzira.es\/es\/wp-json\/wp\/v2\/pages\/2383","targetHints":{"allow":["GET"]}}],"collection":[{"href":"https:\/\/alzira.es\/es\/wp-json\/wp\/v2\/pages"}],"about":[{"href":"https:\/\/alzira.es\/es\/wp-json\/wp\/v2\/types\/page"}],"author":[{"embeddable":true,"href":"https:\/\/alzira.es\/es\/wp-json\/wp\/v2\/users\/20"}],"replies":[{"embeddable":true,"href":"https:\/\/alzira.es\/es\/wp-json\/wp\/v2\/comments?post=2383"}],"version-history":[{"count":1,"href":"https:\/\/alzira.es\/es\/wp-json\/wp\/v2\/pages\/2383\/revisions"}],"predecessor-version":[{"id":88036,"href":"https:\/\/alzira.es\/es\/wp-json\/wp\/v2\/pages\/2383\/revisions\/88036"}],"up":[{"embeddable":true,"href":"https:\/\/alzira.es\/es\/wp-json\/wp\/v2\/pages\/60847"}],"wp:featuredmedia":[{"embeddable":true,"href":"https:\/\/alzira.es\/es\/wp-json\/wp\/v2\/media\/2369"}],"wp:attachment":[{"href":"https:\/\/alzira.es\/es\/wp-json\/wp\/v2\/media?parent=2383"}],"curies":[{"name":"wp","href":"https:\/\/api.w.org\/{rel}","templated":true}]}}